{"id":4898,"date":"2025-11-13T10:05:11","date_gmt":"2025-11-13T02:05:11","guid":{"rendered":"https:\/\/fb.railmk.com\/?page_id=4898"},"modified":"2025-11-13T10:17:38","modified_gmt":"2025-11-13T02:17:38","slug":"cases_15","status":"publish","type":"page","link":"https:\/\/fb.railmk.com\/vi\/projects\/cases_15\/","title":{"rendered":"Tr\u01b0\u1eddng h\u1ee3p c\u1ee5 th\u1ec3_15"},"content":{"rendered":"<div data-elementor-type=\"wp-page\" data-elementor-id=\"4898\" class=\"elementor elementor-4898\" data-elementor-post-type=\"page\">\n\t\t\t\t<div class=\"elementor-element elementor-element-33ebcef e-flex e-con-boxed e-con e-parent\" data-id=\"33ebcef\" data-element_type=\"container\">\n\t\t\t\t\t<div class=\"e-con-inner\">\n\t\t\t\t<div class=\"elementor-element elementor-element-a1adafe elementor-widget elementor-widget-button\" data-id=\"a1adafe\" data-element_type=\"widget\" data-widget_type=\"button.default\">\n\t\t\t\t\t\t\t\t\t\t<a class=\"elementor-button elementor-button-link elementor-size-sm\" href=\"\/vi\/projects\/\">\n\t\t\t\t\t\t<span class=\"elementor-button-content-wrapper\">\n\t\t\t\t\t\t<span class=\"elementor-button-icon\">\n\t\t\t\t<svg aria-hidden=\"true\" class=\"e-font-icon-svg e-fas-arrow-left\" viewbox=\"0 0 448 512\" xmlns=\"http:\/\/www.w3.org\/2000\/svg\"><path d=\"M257.5 445.1l-22.2 22.2c-9.4 9.4-24.6 9.4-33.9 0L7 273c-9.4-9.4-9.4-24.6 0-33.9L201.4 44.7c9.4-9.4 24.6-9.4 33.9 0l22.2 22.2c9.5 9.5 9.3 25-.4 34.3L136.6 216H424c13.3 0 24 10.7 24 24v32c0 13.3-10.7 24-24 24H136.6l120.5 114.8c9.8 9.3 10 24.8.4 34.3z\"><\/path><\/svg>\t\t\t<\/span>\n\t\t\t\t\t\t\t\t\t<span class=\"elementor-button-text\">Tr\u1ea3 l\u1ea1i<\/span>\n\t\t\t\t\t<\/span>\n\t\t\t\t\t<\/a>\n\t\t\t\t\t\t\t\t<\/div>\n\t\t\t\t\t<\/div>\n\t\t\t\t<\/div>\n\t\t<div class=\"elementor-element elementor-element-ac36058 e-flex e-con-boxed e-con e-parent\" data-id=\"ac36058\" data-element_type=\"container\" data-settings=\"{&quot;background_background&quot;:&quot;classic&quot;}\">\n\t\t\t\t\t<div class=\"e-con-inner\">\n\t\t<div class=\"elementor-element elementor-element-58427ae e-con-full e-flex e-con e-child\" data-id=\"58427ae\" data-element_type=\"container\">\n\t\t\t\t<div class=\"elementor-element elementor-element-e0973f9 elementor-widget elementor-widget-heading\" data-id=\"e0973f9\" data-element_type=\"widget\" data-widget_type=\"heading.default\">\n\t\t\t\t\t<h4 class=\"elementor-heading-title elementor-size-default\">Ki\u1ec3m so\u00e1t l\u0169 l\u1ee5t cho c\u00e1c trung t\u00e2m v\u0103n h\u00f3a<\/h4>\t\t\t\t<\/div>\n\t\t\t\t<div class=\"elementor-element elementor-element-e335754 elementor-widget elementor-widget-text-editor\" data-id=\"e335754\" data-element_type=\"widget\" data-widget_type=\"text-editor.default\">\n\t\t\t\t\t\t\t\t\t<div class=\"dad65929\"><div class=\"_4f9bf79 d7dc56a8 _43c05b5\"><div class=\"ds-message _63c77b1\"><div class=\"ds-markdown\"><p class=\"ds-markdown-paragraph\">D\u1ef1 \u00e1n n\u00e0y bao g\u1ed3m vi\u1ec7c tri\u1ec3n khai m\u1ed9t h\u1ec7 th\u1ed1ng r\u00e0o ch\u1eafn l\u0169 \u0111\u01b0\u1ee3c thi\u1ebft k\u1ebf ri\u00eang \u0111\u1ec3 b\u1ea3o v\u1ec7 h\u1ed9i tr\u01b0\u1eddng v\u0103n h\u00f3a, m\u1ed9t \u0111\u1ecba \u0111i\u1ec3m c\u00f3 t\u1ea7m quan tr\u1ecdng \u0111\u1eb7c bi\u1ec7t \u0111\u1ed1i v\u1edbi c\u00f4ng ch\u00fang. Gi\u1ea3i ph\u00e1p \u0111\u01b0\u1ee3c thi\u1ebft k\u1ebf \u0111\u1eb7c bi\u1ec7t \u0111\u1ec3 kh\u1eafc ph\u1ee5c c\u00e1c \u0111\u1eb7c \u0111i\u1ec3m ki\u1ebfn tr\u00fac \u0111\u1ed9c \u0111\u00e1o c\u1ee7a t\u00f2a nh\u00e0, \u0111\u1ed3ng th\u1eddi cung c\u1ea5p kh\u1ea3 n\u0103ng ph\u00f2ng ch\u1ed1ng l\u0169 \u0111\u00e1ng tin c\u1eady.<\/p><p class=\"ds-markdown-paragraph\"><strong>Th\u00f4ng s\u1ed1 k\u1ef9 thu\u1eadt<\/strong><\/p><ul><li><p class=\"ds-markdown-paragraph\"><strong>Chi\u1ec1u cao h\u1ec7 th\u1ed1ng:<\/strong>\u00a01,0 m\u00e9t v\u00e0 0,6 m\u00e9t (c\u1ea5u h\u00ecnh chi\u1ec1u cao k\u00e9p)<\/p><\/li><li><p class=\"ds-markdown-paragraph\"><strong>B\u00e0i vi\u1ebft k\u1ebft th\u00fac:<\/strong>\u00a060\u00d790\u00d73.0 mm<\/p><\/li><li><p class=\"ds-markdown-paragraph\"><strong>T\u1ea5m ch\u1eafn:<\/strong>\u00a0195\u00d740\u00d71,2 mm<\/p><\/li><\/ul><p class=\"ds-markdown-paragraph\"><strong>T\u00ednh n\u0103ng thi\u1ebft k\u1ebf quan tr\u1ecdng<\/strong><\/p><ul><li><p class=\"ds-markdown-paragraph\">M\u1ed9t d\u1ea3i cao su chuy\u00ean d\u1ee5ng r\u1ed9ng 5 cm \u0111\u01b0\u1ee3c t\u00edch h\u1ee3p v\u00e0o t\u1ea5t c\u1ea3 c\u00e1c tr\u1ee5 cu\u1ed1i t\u1ea1i giao di\u1ec7n k\u1ebft n\u1ed1i t\u01b0\u1eddng. Chi ti\u1ebft b\u1ecbt k\u00edn t\u00f9y ch\u1ec9nh n\u00e0y \u0111\u1ea3m b\u1ea3o t\u00ednh to\u00e0n v\u1eb9n ch\u1ed1ng th\u1ea5m n\u01b0\u1edbc ho\u00e0n to\u00e0n gi\u1eefa h\u1ec7 th\u1ed1ng ch\u1eafn l\u0169 v\u00e0 t\u01b0\u1eddng t\u00f2a nh\u00e0, ng\u0103n n\u01b0\u1edbc th\u1ea5m v\u00e0o c\u00e1c m\u1ed1i n\u1ed1i d\u1ec5 b\u1ecb t\u1ed5n th\u01b0\u01a1ng n\u00e0y.<\/p><\/li><\/ul><p class=\"ds-markdown-paragraph\">H\u1ec7 th\u1ed1ng r\u00e0o ch\u1eafn l\u0169 \u0111\u00e3 b\u1ea3o v\u1ec7 th\u00e0nh c\u00f4ng h\u1ed9i tr\u01b0\u1eddng v\u0103n h\u00f3a, b\u1ea3o v\u1ec7 hi\u1ec7u qu\u1ea3 c\u00e1c t\u00e0i s\u1ea3n c\u00f3 gi\u00e1 tr\u1ecb v\u00e0 \u0111\u1ea3m b\u1ea3o ho\u1ea1t \u0111\u1ed9ng li\u00ean t\u1ee5c trong c\u00e1c tr\u01b0\u1eddng h\u1ee3p l\u0169 l\u1ee5t.<\/p><\/div><\/div><\/div><\/div>\t\t\t\t\t\t\t\t<\/div>\n\t\t\t\t<\/div>\n\t\t<div class=\"elementor-element elementor-element-2730825 e-con-full e-flex e-con e-child\" data-id=\"2730825\" data-element_type=\"container\">\n\t\t\t\t<div class=\"elementor-element elementor-element-be6e0b7 elementor-arrows-position-inside elementor-pagination-position-outside elementor-widget elementor-widget-image-carousel\" data-id=\"be6e0b7\" data-element_type=\"widget\" data-settings=\"{&quot;slides_to_show&quot;:&quot;1&quot;,&quot;navigation&quot;:&quot;both&quot;,&quot;autoplay&quot;:&quot;yes&quot;,&quot;pause_on_hover&quot;:&quot;yes&quot;,&quot;pause_on_interaction&quot;:&quot;yes&quot;,&quot;autoplay_speed&quot;:5000,&quot;infinite&quot;:&quot;yes&quot;,&quot;effect&quot;:&quot;slide&quot;,&quot;speed&quot;:500}\" data-widget_type=\"image-carousel.default\">\n\t\t\t\t\t\t\t<div class=\"elementor-image-carousel-wrapper swiper\" role=\"region\" aria-roledescription=\"carousel\" aria-label=\"\u56fe\u50cf\u8f6e\u64ad\" dir=\"ltr\">\n\t\t\t<div class=\"elementor-image-carousel swiper-wrapper\" aria-live=\"off\">\n\t\t\t\t\t\t\t\t<div class=\"swiper-slide\" role=\"group\" aria-roledescription=\"slide\" aria-label=\"1 van 3\" data-no-translation-aria-label=\"\"><figure class=\"swiper-slide-inner\"><img decoding=\"async\" class=\"swiper-slide-image\" src=\"https:\/\/fb.railmk.com\/\/wp-content\/uploads\/photo\/project_15.jpg\" alt=\"project 15\" \/><\/figure><\/div><div class=\"swiper-slide\" role=\"group\" aria-roledescription=\"slide\" aria-label=\"2 van 3\" data-no-translation-aria-label=\"\"><figure class=\"swiper-slide-inner\"><img decoding=\"async\" class=\"swiper-slide-image\" src=\"https:\/\/fb.railmk.com\/\/wp-content\/uploads\/photo\/project_15_1.jpg\" alt=\"project 15 1\" \/><\/figure><\/div><div class=\"swiper-slide\" role=\"group\" aria-roledescription=\"slide\" aria-label=\"3 van 3\" data-no-translation-aria-label=\"\"><figure class=\"swiper-slide-inner\"><img decoding=\"async\" class=\"swiper-slide-image\" src=\"https:\/\/fb.railmk.com\/\/wp-content\/uploads\/photo\/project_15_2.jpg\" alt=\"project 15 2\" \/><\/figure><\/div>\t\t\t<\/div>\n\t\t\t\t\t\t\t\t\t\t\t\t<div class=\"elementor-swiper-button elementor-swiper-button-prev\" role=\"button\" tabindex=\"0\">\n\t\t\t\t\t\t<svg aria-hidden=\"true\" class=\"e-font-icon-svg e-eicon-chevron-left\" viewbox=\"0 0 1000 1000\" xmlns=\"http:\/\/www.w3.org\/2000\/svg\"><path d=\"M646 125C629 125 613 133 604 142L308 442C296 454 292 471 292 487 292 504 296 521 308 533L604 854C617 867 629 875 646 875 663 875 679 871 692 858 704 846 713 829 713 812 713 796 708 779 692 767L438 487 692 225C700 217 708 204 708 187 708 171 704 154 692 142 675 129 663 125 646 125Z\"><\/path><\/svg>\t\t\t\t\t<\/div>\n\t\t\t\t\t<div class=\"elementor-swiper-button elementor-swiper-button-next\" role=\"button\" tabindex=\"0\">\n\t\t\t\t\t\t<svg aria-hidden=\"true\" class=\"e-font-icon-svg e-eicon-chevron-right\" viewbox=\"0 0 1000 1000\" xmlns=\"http:\/\/www.w3.org\/2000\/svg\"><path d=\"M696 533C708 521 713 504 713 487 713 471 708 454 696 446L400 146C388 133 375 125 354 125 338 125 325 129 313 142 300 154 292 171 292 187 292 204 296 221 308 233L563 492 304 771C292 783 288 800 288 817 288 833 296 850 308 863 321 871 338 875 354 875 371 875 388 867 400 854L696 533Z\"><\/path><\/svg>\t\t\t\t\t<\/div>\n\t\t\t\t\n\t\t\t\t\t\t\t\t\t<div class=\"swiper-pagination\"><\/div>\n\t\t\t\t\t\t\t\t\t<\/div>\n\t\t\t\t\t\t<\/div>\n\t\t\t\t<\/div>\n\t\t\t\t\t<\/div>\n\t\t\t\t<\/div>\n\t\t\t\t<\/div>","protected":false},"excerpt":{"rendered":"<p>Ki\u1ec3m so\u00e1t l\u0169 l\u1ee5t cho c\u00e1c Trung t\u00e2m v\u0103n h\u00f3a D\u1ef1 \u00e1n n\u00e0y bao g\u1ed3m vi\u1ec7c tri\u1ec3n khai m\u1ed9t h\u1ec7 th\u1ed1ng r\u00e0o ch\u1eafn l\u0169 t\u00f9y ch\u1ec9nh \u0111\u1ec3 b\u1ea3o v\u1ec7 [\u2026]<\/p>","protected":false},"author":1,"featured_media":0,"parent":4103,"menu_order":0,"comment_status":"closed","ping_status":"closed","template":"","meta":{"site-sidebar-layout":"no-sidebar","site-content-layout":"","ast-site-content-layout":"full-width-container","site-content-style":"default","site-sidebar-style":"default","ast-global-header-display":"","ast-banner-title-visibility":"","ast-main-header-display":"","ast-hfb-above-header-display":"","ast-hfb-below-header-display":"","ast-hfb-mobile-header-display":"","site-post-title":"disabled","ast-breadcrumbs-content":"","ast-featured-img":"disabled","footer-sml-layout":"","theme-transparent-header-meta":"","adv-header-id-meta":"","stick-header-meta":"","header-above-stick-meta":"","header-main-stick-meta":"","header-below-stick-meta":"","astra-migrate-meta-layouts":"default","ast-page-background-enabled":"default","ast-page-background-meta":{"desktop":{"background-color":"var(--ast-global-color-4)","background-image":"","background-repeat":"repeat","background-position":"center center","background-size":"auto","background-attachment":"scroll","background-type":"","background-media":"","overlay-type":"","overlay-color":"","overlay-opacity":"","overlay-gradient":""},"tablet":{"background-color":"","background-image":"","background-repeat":"repeat","background-position":"center center","background-size":"auto","background-attachment":"scroll","background-type":"","background-media":"","overlay-type":"","overlay-color":"","overlay-opacity":"","overlay-gradient":""},"mobile":{"background-color":"","background-image":"","background-repeat":"repeat","background-position":"center center","background-size":"auto","background-attachment":"scroll","background-type":"","background-media":"","overlay-type":"","overlay-color":"","overlay-opacity":"","overlay-gradient":""}},"ast-content-background-meta":{"desktop":{"background-color":"var(--ast-global-color-5)","background-image":"","background-repeat":"repeat","background-position":"center center","background-size":"auto","background-attachment":"scroll","background-type":"","background-media":"","overlay-type":"","overlay-color":"","overlay-opacity":"","overlay-gradient":""},"tablet":{"background-color":"var(--ast-global-color-5)","background-image":"","background-repeat":"repeat","background-position":"center center","background-size":"auto","background-attachment":"scroll","background-type":"","background-media":"","overlay-type":"","overlay-color":"","overlay-opacity":"","overlay-gradient":""},"mobile":{"background-color":"var(--ast-global-color-5)","background-image":"","background-repeat":"repeat","background-position":"center center","background-size":"auto","background-attachment":"scroll","background-type":"","background-media":"","overlay-type":"","overlay-color":"","overlay-opacity":"","overlay-gradient":""}},"footnotes":""},"class_list":["post-4898","page","type-page","status-publish","hentry"],"_links":{"self":[{"href":"https:\/\/fb.railmk.com\/vi\/wp-json\/wp\/v2\/pages\/4898","targetHints":{"allow":["GET"]}}],"collection":[{"href":"https:\/\/fb.railmk.com\/vi\/wp-json\/wp\/v2\/pages"}],"about":[{"href":"https:\/\/fb.railmk.com\/vi\/wp-json\/wp\/v2\/types\/page"}],"author":[{"embeddable":true,"href":"https:\/\/fb.railmk.com\/vi\/wp-json\/wp\/v2\/users\/1"}],"replies":[{"embeddable":true,"href":"https:\/\/fb.railmk.com\/vi\/wp-json\/wp\/v2\/comments?post=4898"}],"version-history":[{"count":7,"href":"https:\/\/fb.railmk.com\/vi\/wp-json\/wp\/v2\/pages\/4898\/revisions"}],"predecessor-version":[{"id":4909,"href":"https:\/\/fb.railmk.com\/vi\/wp-json\/wp\/v2\/pages\/4898\/revisions\/4909"}],"up":[{"embeddable":true,"href":"https:\/\/fb.railmk.com\/vi\/wp-json\/wp\/v2\/pages\/4103"}],"wp:attachment":[{"href":"https:\/\/fb.railmk.com\/vi\/wp-json\/wp\/v2\/media?parent=4898"}],"curies":[{"name":"wp","href":"https:\/\/api.w.org\/{rel}","templated":true}]}}