{"id":4841,"date":"2025-11-13T08:29:55","date_gmt":"2025-11-13T00:29:55","guid":{"rendered":"https:\/\/fb.railmk.com\/?page_id=4841"},"modified":"2025-11-13T08:37:24","modified_gmt":"2025-11-13T00:37:24","slug":"cases_12","status":"publish","type":"page","link":"https:\/\/fb.railmk.com\/vi\/projects\/cases_12\/","title":{"rendered":"Tr\u01b0\u1eddng h\u1ee3p c\u1ee5 th\u1ec3_12"},"content":{"rendered":"<div data-elementor-type=\"wp-page\" data-elementor-id=\"4841\" class=\"elementor elementor-4841\" data-elementor-post-type=\"page\">\n\t\t\t\t<div class=\"elementor-element elementor-element-475f449 e-flex e-con-boxed e-con e-parent\" data-id=\"475f449\" data-element_type=\"container\">\n\t\t\t\t\t<div class=\"e-con-inner\">\n\t\t\t\t<div class=\"elementor-element elementor-element-af1891d elementor-widget elementor-widget-button\" data-id=\"af1891d\" data-element_type=\"widget\" data-widget_type=\"button.default\">\n\t\t\t\t\t\t\t\t\t\t<a class=\"elementor-button elementor-button-link elementor-size-sm\" href=\"\/vi\/projects\/\">\n\t\t\t\t\t\t<span class=\"elementor-button-content-wrapper\">\n\t\t\t\t\t\t<span class=\"elementor-button-icon\">\n\t\t\t\t<svg aria-hidden=\"true\" class=\"e-font-icon-svg e-fas-arrow-left\" viewbox=\"0 0 448 512\" xmlns=\"http:\/\/www.w3.org\/2000\/svg\"><path d=\"M257.5 445.1l-22.2 22.2c-9.4 9.4-24.6 9.4-33.9 0L7 273c-9.4-9.4-9.4-24.6 0-33.9L201.4 44.7c9.4-9.4 24.6-9.4 33.9 0l22.2 22.2c9.5 9.5 9.3 25-.4 34.3L136.6 216H424c13.3 0 24 10.7 24 24v32c0 13.3-10.7 24-24 24H136.6l120.5 114.8c9.8 9.3 10 24.8.4 34.3z\"><\/path><\/svg>\t\t\t<\/span>\n\t\t\t\t\t\t\t\t\t<span class=\"elementor-button-text\">Tr\u1ea3 l\u1ea1i<\/span>\n\t\t\t\t\t<\/span>\n\t\t\t\t\t<\/a>\n\t\t\t\t\t\t\t\t<\/div>\n\t\t\t\t\t<\/div>\n\t\t\t\t<\/div>\n\t\t<div class=\"elementor-element elementor-element-1c07173 e-flex e-con-boxed e-con e-parent\" data-id=\"1c07173\" data-element_type=\"container\" data-settings=\"{&quot;background_background&quot;:&quot;classic&quot;}\">\n\t\t\t\t\t<div class=\"e-con-inner\">\n\t\t<div class=\"elementor-element elementor-element-82aec74 e-con-full e-flex e-con e-child\" data-id=\"82aec74\" data-element_type=\"container\">\n\t\t\t\t<div class=\"elementor-element elementor-element-eee4249 elementor-widget elementor-widget-heading\" data-id=\"eee4249\" data-element_type=\"widget\" data-widget_type=\"heading.default\">\n\t\t\t\t\t<h4 class=\"elementor-heading-title elementor-size-default\">B\u1ea3o v\u1ec7 ch\u1ed1ng l\u0169 l\u1ee5t cho l\u1ed1i v\u00e0o ga t\u00e0u \u0111i\u1ec7n ng\u1ea7m B\u1eafc Kinh<\/h4>\t\t\t\t<\/div>\n\t\t\t\t<div class=\"elementor-element elementor-element-5b26c8f elementor-widget elementor-widget-text-editor\" data-id=\"5b26c8f\" data-element_type=\"widget\" data-widget_type=\"text-editor.default\">\n\t\t\t\t\t\t\t\t\t<p class=\"ds-markdown-paragraph\">D\u1ef1 \u00e1n n\u00e0y bao g\u1ed3m vi\u1ec7c thi\u1ebft k\u1ebf v\u00e0 l\u1eafp \u0111\u1eb7t h\u1ec7 th\u1ed1ng r\u00e0o ch\u1eafn l\u0169 t\u00f9y ch\u1ec9nh cho nhi\u1ec1u l\u1ed1i v\u00e0o ga t\u00e0u \u0111i\u1ec7n ng\u1ea7m \u1edf B\u1eafc Kinh. Gi\u1ea3i ph\u00e1p \u0111\u01b0\u1ee3c thi\u1ebft k\u1ebf \u0111\u1ec3 \u0111\u00e1p \u1ee9ng c\u00e1c ti\u00eau chu\u1ea9n hi\u1ec7u su\u1ea5t nghi\u00eam ng\u1eb7t, \u0111\u1ed3ng th\u1eddi gi\u1ea3i quy\u1ebft c\u00e1c k\u00edch th\u01b0\u1edbc l\u1ed1i v\u00e0o \u0111a d\u1ea1ng.<\/p><p class=\"ds-markdown-paragraph\"><strong>Th\u00f4ng s\u1ed1 k\u1ef9 thu\u1eadt<\/strong><\/p><ul><li><p class=\"ds-markdown-paragraph\"><strong>V\u1eadt li\u1ec7u:<\/strong>\u00a0H\u1ee3p kim nh\u00f4m 6063-T5<\/p><ul><li><p class=\"ds-markdown-paragraph\">\u0110\u1ed9 b\u1ec1n k\u00e9o: \u2265160 MPa<\/p><\/li><li><p class=\"ds-markdown-paragraph\">Gi\u1edbi h\u1ea1n ch\u1ea3y: \u2265110 MPa<\/p><\/li><li><p class=\"ds-markdown-paragraph\">\u0110\u1ed9 c\u1ee9ng: \u22658,5 HW<\/p><\/li><li><p class=\"ds-markdown-paragraph\">\u0110\u1ed9 gi\u00e3n d\u00e0i: \u22658%<\/p><\/li><\/ul><\/li><li><p class=\"ds-markdown-paragraph\"><strong>Quy tr\u00ecnh s\u1ea3n xu\u1ea5t:<\/strong>\u00a0\u0110\u00fac \u0111\u00f9n n\u00f3ng ch\u1ea3y<\/p><\/li><li><p class=\"ds-markdown-paragraph\"><strong>T\u1ea5m ch\u1eafn:<\/strong><\/p><ul><li><p class=\"ds-markdown-paragraph\">\u0110\u1ed9 d\u00e0y: \u226540 mm<\/p><\/li><li><p class=\"ds-markdown-paragraph\">\u0110\u1ed9 d\u00e0y th\u00e0nh: \u22652 mm<\/p><\/li><li><p class=\"ds-markdown-paragraph\">Chi\u1ec1u cao t\u1ea5m \u0111\u01a1n: 20 cm<\/p><\/li><\/ul><\/li><li><p class=\"ds-markdown-paragraph\"><strong>Ni\u00eam phong:<\/strong>\u00a0Gio\u0103ng cao su (Tu\u00e2n th\u1ee7 GB\/T24498-2009)<\/p><\/li><li><p class=\"ds-markdown-paragraph\"><strong>B\u00e0i vi\u1ebft:<\/strong><\/p><ul><li><p class=\"ds-markdown-paragraph\">\u0110\u1ed9 d\u00e0y: \u226590 mm<\/p><\/li><li><p class=\"ds-markdown-paragraph\">Chi\u1ec1u r\u1ed9ng: \u226560 mm<\/p><\/li><li><p class=\"ds-markdown-paragraph\">\u0110\u1ed9 d\u00e0y th\u00e0nh: \u22654 mm<\/p><\/li><\/ul><\/li><li><p class=\"ds-markdown-paragraph\"><strong>K\u00edch th\u01b0\u1edbc m\u1edf \u0111i\u1ec3n h\u00ecnh:<\/strong>\u00a0R\u1ed9ng 2,8 m \u00d7 cao 1,0 m<\/p><\/li><li><p class=\"ds-markdown-paragraph\"><strong>T\u1ed5ng s\u1ed1 l\u01b0\u1ee3ng:<\/strong> 1000 \u0111\u01a1n v\u1ecb<\/p><\/li><\/ul><p class=\"ds-markdown-paragraph\">H\u1ec7 th\u1ed1ng r\u00e0o ch\u1eafn l\u0169 cung c\u1ea5p kh\u1ea3 n\u0103ng b\u1ea3o v\u1ec7 \u0111\u00e1ng tin c\u1eady, ti\u00eau chu\u1ea9n h\u00f3a cho m\u1ea1ng l\u01b0\u1edbi t\u00e0u \u0111i\u1ec7n ng\u1ea7m c\u1ee7a B\u1eafc Kinh, k\u1ebft h\u1ee3p hi\u1ec7u su\u1ea5t v\u1eadt li\u1ec7u nghi\u00eam ng\u1eb7t v\u1edbi thi\u1ebft k\u1ebf c\u1ea5u tr\u00fac th\u00edch \u1ee9ng \u0111\u1ec3 gi\u1ea3i quy\u1ebft nh\u1eefng th\u00e1ch th\u1ee9c \u0111\u1eb7c bi\u1ec7t trong vi\u1ec7c b\u1ea3o v\u1ec7 c\u01a1 s\u1edf h\u1ea1 t\u1ea7ng giao th\u00f4ng c\u00f4ng c\u1ed9ng \u0111\u00f4 th\u1ecb.<\/p>\t\t\t\t\t\t\t\t<\/div>\n\t\t\t\t<\/div>\n\t\t<div class=\"elementor-element elementor-element-f726885 e-con-full e-flex e-con e-child\" data-id=\"f726885\" data-element_type=\"container\">\n\t\t\t\t<div class=\"elementor-element elementor-element-ba305a3 elementor-arrows-position-inside elementor-pagination-position-outside elementor-widget elementor-widget-image-carousel\" data-id=\"ba305a3\" data-element_type=\"widget\" data-settings=\"{&quot;slides_to_show&quot;:&quot;1&quot;,&quot;navigation&quot;:&quot;both&quot;,&quot;autoplay&quot;:&quot;yes&quot;,&quot;pause_on_hover&quot;:&quot;yes&quot;,&quot;pause_on_interaction&quot;:&quot;yes&quot;,&quot;autoplay_speed&quot;:5000,&quot;infinite&quot;:&quot;yes&quot;,&quot;effect&quot;:&quot;slide&quot;,&quot;speed&quot;:500}\" data-widget_type=\"image-carousel.default\">\n\t\t\t\t\t\t\t<div class=\"elementor-image-carousel-wrapper swiper\" role=\"region\" aria-roledescription=\"carousel\" aria-label=\"\u56fe\u50cf\u8f6e\u64ad\" dir=\"ltr\">\n\t\t\t<div class=\"elementor-image-carousel swiper-wrapper\" aria-live=\"off\">\n\t\t\t\t\t\t\t\t<div class=\"swiper-slide\" role=\"group\" aria-roledescription=\"slide\" aria-label=\"1 van 2\" data-no-translation-aria-label=\"\"><figure class=\"swiper-slide-inner\"><img decoding=\"async\" class=\"swiper-slide-image\" src=\"https:\/\/fb.railmk.com\/\/wp-content\/uploads\/photo\/project_12_2.jpg\" alt=\"project 12 2\" \/><\/figure><\/div><div class=\"swiper-slide\" role=\"group\" aria-roledescription=\"slide\" aria-label=\"2 van 2\" data-no-translation-aria-label=\"\"><figure class=\"swiper-slide-inner\"><img decoding=\"async\" class=\"swiper-slide-image\" src=\"https:\/\/fb.railmk.com\/\/wp-content\/uploads\/photo\/project_12_1.jpg\" alt=\"project 12 1\" \/><\/figure><\/div>\t\t\t<\/div>\n\t\t\t\t\t\t\t\t\t\t\t\t<div class=\"elementor-swiper-button elementor-swiper-button-prev\" role=\"button\" tabindex=\"0\">\n\t\t\t\t\t\t<svg aria-hidden=\"true\" class=\"e-font-icon-svg e-eicon-chevron-left\" viewbox=\"0 0 1000 1000\" xmlns=\"http:\/\/www.w3.org\/2000\/svg\"><path d=\"M646 125C629 125 613 133 604 142L308 442C296 454 292 471 292 487 292 504 296 521 308 533L604 854C617 867 629 875 646 875 663 875 679 871 692 858 704 846 713 829 713 812 713 796 708 779 692 767L438 487 692 225C700 217 708 204 708 187 708 171 704 154 692 142 675 129 663 125 646 125Z\"><\/path><\/svg>\t\t\t\t\t<\/div>\n\t\t\t\t\t<div class=\"elementor-swiper-button elementor-swiper-button-next\" role=\"button\" tabindex=\"0\">\n\t\t\t\t\t\t<svg aria-hidden=\"true\" class=\"e-font-icon-svg e-eicon-chevron-right\" viewbox=\"0 0 1000 1000\" xmlns=\"http:\/\/www.w3.org\/2000\/svg\"><path d=\"M696 533C708 521 713 504 713 487 713 471 708 454 696 446L400 146C388 133 375 125 354 125 338 125 325 129 313 142 300 154 292 171 292 187 292 204 296 221 308 233L563 492 304 771C292 783 288 800 288 817 288 833 296 850 308 863 321 871 338 875 354 875 371 875 388 867 400 854L696 533Z\"><\/path><\/svg>\t\t\t\t\t<\/div>\n\t\t\t\t\n\t\t\t\t\t\t\t\t\t<div class=\"swiper-pagination\"><\/div>\n\t\t\t\t\t\t\t\t\t<\/div>\n\t\t\t\t\t\t<\/div>\n\t\t\t\t<\/div>\n\t\t\t\t\t<\/div>\n\t\t\t\t<\/div>\n\t\t\t\t<\/div>","protected":false},"excerpt":{"rendered":"<p>Return Flood Protection for Beijing Subway Station Entrances This project involved the design and installation of customized flood barrier systems [&hellip;]<\/p>","protected":false},"author":1,"featured_media":0,"parent":4103,"menu_order":0,"comment_status":"closed","ping_status":"closed","template":"","meta":{"site-sidebar-layout":"no-sidebar","site-content-layout":"","ast-site-content-layout":"full-width-container","site-content-style":"default","site-sidebar-style":"default","ast-global-header-display":"","ast-banner-title-visibility":"","ast-main-header-display":"","ast-hfb-above-header-display":"","ast-hfb-below-header-display":"","ast-hfb-mobile-header-display":"","site-post-title":"disabled","ast-breadcrumbs-content":"","ast-featured-img":"disabled","footer-sml-layout":"","theme-transparent-header-meta":"","adv-header-id-meta":"","stick-header-meta":"","header-above-stick-meta":"","header-main-stick-meta":"","header-below-stick-meta":"","astra-migrate-meta-layouts":"default","ast-page-background-enabled":"default","ast-page-background-meta":{"desktop":{"background-color":"var(--ast-global-color-4)","background-image":"","background-repeat":"repeat","background-position":"center center","background-size":"auto","background-attachment":"scroll","background-type":"","background-media":"","overlay-type":"","overlay-color":"","overlay-opacity":"","overlay-gradient":""},"tablet":{"background-color":"","background-image":"","background-repeat":"repeat","background-position":"center center","background-size":"auto","background-attachment":"scroll","background-type":"","background-media":"","overlay-type":"","overlay-color":"","overlay-opacity":"","overlay-gradient":""},"mobile":{"background-color":"","background-image":"","background-repeat":"repeat","background-position":"center center","background-size":"auto","background-attachment":"scroll","background-type":"","background-media":"","overlay-type":"","overlay-color":"","overlay-opacity":"","overlay-gradient":""}},"ast-content-background-meta":{"desktop":{"background-color":"var(--ast-global-color-5)","background-image":"","background-repeat":"repeat","background-position":"center center","background-size":"auto","background-attachment":"scroll","background-type":"","background-media":"","overlay-type":"","overlay-color":"","overlay-opacity":"","overlay-gradient":""},"tablet":{"background-color":"var(--ast-global-color-5)","background-image":"","background-repeat":"repeat","background-position":"center center","background-size":"auto","background-attachment":"scroll","background-type":"","background-media":"","overlay-type":"","overlay-color":"","overlay-opacity":"","overlay-gradient":""},"mobile":{"background-color":"var(--ast-global-color-5)","background-image":"","background-repeat":"repeat","background-position":"center center","background-size":"auto","background-attachment":"scroll","background-type":"","background-media":"","overlay-type":"","overlay-color":"","overlay-opacity":"","overlay-gradient":""}},"footnotes":""},"class_list":["post-4841","page","type-page","status-publish","hentry"],"_links":{"self":[{"href":"https:\/\/fb.railmk.com\/vi\/wp-json\/wp\/v2\/pages\/4841","targetHints":{"allow":["GET"]}}],"collection":[{"href":"https:\/\/fb.railmk.com\/vi\/wp-json\/wp\/v2\/pages"}],"about":[{"href":"https:\/\/fb.railmk.com\/vi\/wp-json\/wp\/v2\/types\/page"}],"author":[{"embeddable":true,"href":"https:\/\/fb.railmk.com\/vi\/wp-json\/wp\/v2\/users\/1"}],"replies":[{"embeddable":true,"href":"https:\/\/fb.railmk.com\/vi\/wp-json\/wp\/v2\/comments?post=4841"}],"version-history":[{"count":7,"href":"https:\/\/fb.railmk.com\/vi\/wp-json\/wp\/v2\/pages\/4841\/revisions"}],"predecessor-version":[{"id":4852,"href":"https:\/\/fb.railmk.com\/vi\/wp-json\/wp\/v2\/pages\/4841\/revisions\/4852"}],"up":[{"embeddable":true,"href":"https:\/\/fb.railmk.com\/vi\/wp-json\/wp\/v2\/pages\/4103"}],"wp:attachment":[{"href":"https:\/\/fb.railmk.com\/vi\/wp-json\/wp\/v2\/media?parent=4841"}],"curies":[{"name":"wp","href":"https:\/\/api.w.org\/{rel}","templated":true}]}}