{"id":4798,"date":"2025-11-12T15:52:32","date_gmt":"2025-11-12T07:52:32","guid":{"rendered":"https:\/\/fb.railmk.com\/?page_id=4798"},"modified":"2025-11-12T16:16:15","modified_gmt":"2025-11-12T08:16:15","slug":"cases_10","status":"publish","type":"page","link":"https:\/\/fb.railmk.com\/vi\/projects\/cases_10\/","title":{"rendered":"Tr\u01b0\u1eddng h\u1ee3p c\u1ee5 th\u1ec3_10"},"content":{"rendered":"<div data-elementor-type=\"wp-page\" data-elementor-id=\"4798\" class=\"elementor elementor-4798\" data-elementor-post-type=\"page\">\n\t\t\t\t<div class=\"elementor-element elementor-element-d256ea3 e-flex e-con-boxed e-con e-parent\" data-id=\"d256ea3\" data-element_type=\"container\">\n\t\t\t\t\t<div class=\"e-con-inner\">\n\t\t\t\t<div class=\"elementor-element elementor-element-f91578c elementor-widget elementor-widget-button\" data-id=\"f91578c\" data-element_type=\"widget\" data-widget_type=\"button.default\">\n\t\t\t\t\t\t\t\t\t\t<a class=\"elementor-button elementor-button-link elementor-size-sm\" href=\"\/vi\/projects\/\">\n\t\t\t\t\t\t<span class=\"elementor-button-content-wrapper\">\n\t\t\t\t\t\t<span class=\"elementor-button-icon\">\n\t\t\t\t<svg aria-hidden=\"true\" class=\"e-font-icon-svg e-fas-arrow-left\" viewbox=\"0 0 448 512\" xmlns=\"http:\/\/www.w3.org\/2000\/svg\"><path d=\"M257.5 445.1l-22.2 22.2c-9.4 9.4-24.6 9.4-33.9 0L7 273c-9.4-9.4-9.4-24.6 0-33.9L201.4 44.7c9.4-9.4 24.6-9.4 33.9 0l22.2 22.2c9.5 9.5 9.3 25-.4 34.3L136.6 216H424c13.3 0 24 10.7 24 24v32c0 13.3-10.7 24-24 24H136.6l120.5 114.8c9.8 9.3 10 24.8.4 34.3z\"><\/path><\/svg>\t\t\t<\/span>\n\t\t\t\t\t\t\t\t\t<span class=\"elementor-button-text\">Tr\u1ea3 l\u1ea1i<\/span>\n\t\t\t\t\t<\/span>\n\t\t\t\t\t<\/a>\n\t\t\t\t\t\t\t\t<\/div>\n\t\t\t\t\t<\/div>\n\t\t\t\t<\/div>\n\t\t<div class=\"elementor-element elementor-element-1533b59 e-flex e-con-boxed e-con e-parent\" data-id=\"1533b59\" data-element_type=\"container\" data-settings=\"{&quot;background_background&quot;:&quot;classic&quot;}\">\n\t\t\t\t\t<div class=\"e-con-inner\">\n\t\t<div class=\"elementor-element elementor-element-042c225 e-con-full e-flex e-con e-child\" data-id=\"042c225\" data-element_type=\"container\">\n\t\t\t\t<div class=\"elementor-element elementor-element-1a63ae3 elementor-widget elementor-widget-heading\" data-id=\"1a63ae3\" data-element_type=\"widget\" data-widget_type=\"heading.default\">\n\t\t\t\t\t<h4 class=\"elementor-heading-title elementor-size-default\">Ph\u00f2ng ch\u1ed1ng ng\u1eadp l\u1ee5t cho gara ng\u1ea7m trong Khu du l\u1ecbch H\u1ed3 Dongqian<\/h4>\t\t\t\t<\/div>\n\t\t\t\t<div class=\"elementor-element elementor-element-42aaf0a elementor-widget elementor-widget-text-editor\" data-id=\"42aaf0a\" data-element_type=\"widget\" data-widget_type=\"text-editor.default\">\n\t\t\t\t\t\t\t\t\t<div class=\"dad65929\"><div class=\"_4f9bf79 d7dc56a8 _43c05b5\"><div class=\"ds-message _63c77b1\"><div class=\"ds-markdown\"><p class=\"ds-markdown-paragraph\">D\u1ef1 \u00e1n n\u00e0y bao g\u1ed3m vi\u1ec7c tri\u1ec3n khai h\u1ec7 th\u1ed1ng r\u00e0o ch\u1eafn l\u0169 th\u1ea5p t\u00f9y ch\u1ec9nh \u0111\u1ec3 b\u1ea3o v\u1ec7 b\u00e3i \u0111\u1eadu xe ng\u1ea7m t\u1ea1i Khu th\u1eafng c\u1ea3nh H\u1ed3 \u0110\u00f4ng Ti\u1ec1n. Gi\u1ea3i ph\u00e1p n\u00e0y \u0111\u01b0\u1ee3c thi\u1ebft k\u1ebf \u0111\u1eb7c bi\u1ec7t \u0111\u1ec3 cung c\u1ea5p kh\u1ea3 n\u0103ng ph\u00f2ng ch\u1ed1ng l\u0169 hi\u1ec7u qu\u1ea3 trong khi v\u1eabn duy tr\u00ec di\u1ec7n t\u00edch kh\u00f4ng gian t\u1ed1i thi\u1ec3u.<\/p><p class=\"ds-markdown-paragraph\"><strong>Th\u00f4ng s\u1ed1 k\u1ef9 thu\u1eadt<\/strong><\/p><ul><li><p class=\"ds-markdown-paragraph\"><strong>Chi\u1ec1u cao h\u1ec7 th\u1ed1ng:<\/strong>\u00a060 cm<\/p><\/li><li><p class=\"ds-markdown-paragraph\"><strong>\u0110\u1ed9 d\u00e0y t\u1ed5ng th\u1ec3:<\/strong>\u00a05 cm<\/p><\/li><li><p class=\"ds-markdown-paragraph\"><strong>\u0110\u1ed9 d\u00e0y th\u00e0nh:<\/strong>\u00a02,0 mm<\/p><\/li><li><p class=\"ds-markdown-paragraph\"><strong>H\u1ec7 th\u1ed1ng ho\u00e0n ch\u1ec9nh:<\/strong> Bao g\u1ed3m c\u00e1c b\u00e0i \u0111\u0103ng trung gian v\u00e0 c\u00e1c th\u00e0nh ph\u1ea7n nh\u00fang<\/p><\/li><\/ul><p class=\"ds-markdown-paragraph\">H\u1ec7 th\u1ed1ng r\u00e0o ch\u1eafn l\u0169 cung c\u1ea5p kh\u1ea3 n\u0103ng b\u1ea3o v\u1ec7 \u0111\u00e1ng tin c\u1eady cho b\u00e3i \u0111\u1eadu xe ng\u1ea7m kh\u1ecfi s\u1ef1 x\u00e2m nh\u1eadp c\u1ee7a n\u01b0\u1edbc, b\u1ea3o v\u1ec7 hi\u1ec7u qu\u1ea3 c\u00e1c ph\u01b0\u01a1ng ti\u1ec7n v\u00e0 c\u01a1 s\u1edf h\u1ea1 t\u1ea7ng \u0111\u1ed3ng th\u1eddi \u0111\u1ea3m b\u1ea3o kh\u1ea3 n\u0103ng ti\u1ebfp c\u1eadn kh\u00f4ng b\u1ecb gi\u00e1n \u0111o\u1ea1n v\u00e0 ho\u1ea1t \u0111\u1ed9ng li\u00ean t\u1ee5c trong c\u00e1c tr\u01b0\u1eddng h\u1ee3p m\u01b0a l\u1edbn.\u00a0<\/p><\/div><\/div><\/div><\/div>\t\t\t\t\t\t\t\t<\/div>\n\t\t\t\t<\/div>\n\t\t<div class=\"elementor-element elementor-element-f75591b e-con-full e-flex e-con e-child\" data-id=\"f75591b\" data-element_type=\"container\">\n\t\t\t\t<div class=\"elementor-element elementor-element-863f3f8 elementor-arrows-position-inside elementor-pagination-position-outside elementor-widget elementor-widget-image-carousel\" data-id=\"863f3f8\" data-element_type=\"widget\" data-settings=\"{&quot;slides_to_show&quot;:&quot;1&quot;,&quot;navigation&quot;:&quot;both&quot;,&quot;autoplay&quot;:&quot;yes&quot;,&quot;pause_on_hover&quot;:&quot;yes&quot;,&quot;pause_on_interaction&quot;:&quot;yes&quot;,&quot;autoplay_speed&quot;:5000,&quot;infinite&quot;:&quot;yes&quot;,&quot;effect&quot;:&quot;slide&quot;,&quot;speed&quot;:500}\" data-widget_type=\"image-carousel.default\">\n\t\t\t\t\t\t\t<div class=\"elementor-image-carousel-wrapper swiper\" role=\"region\" aria-roledescription=\"carousel\" aria-label=\"\u56fe\u50cf\u8f6e\u64ad\" dir=\"ltr\">\n\t\t\t<div class=\"elementor-image-carousel swiper-wrapper\" aria-live=\"off\">\n\t\t\t\t\t\t\t\t<div class=\"swiper-slide\" role=\"group\" aria-roledescription=\"slide\" aria-label=\"1 van 2\" data-no-translation-aria-label=\"\"><figure class=\"swiper-slide-inner\"><img decoding=\"async\" class=\"swiper-slide-image\" src=\"https:\/\/fb.railmk.com\/\/wp-content\/uploads\/photo\/project_10_1.jpg\" alt=\"project 10 1\" \/><\/figure><\/div><div class=\"swiper-slide\" role=\"group\" aria-roledescription=\"slide\" aria-label=\"2 van 2\" data-no-translation-aria-label=\"\"><figure class=\"swiper-slide-inner\"><img decoding=\"async\" class=\"swiper-slide-image\" src=\"https:\/\/fb.railmk.com\/\/wp-content\/uploads\/photo\/project_10_2.jpg\" alt=\"project 10 2\" \/><\/figure><\/div>\t\t\t<\/div>\n\t\t\t\t\t\t\t\t\t\t\t\t<div class=\"elementor-swiper-button elementor-swiper-button-prev\" role=\"button\" tabindex=\"0\">\n\t\t\t\t\t\t<svg aria-hidden=\"true\" class=\"e-font-icon-svg e-eicon-chevron-left\" viewbox=\"0 0 1000 1000\" xmlns=\"http:\/\/www.w3.org\/2000\/svg\"><path d=\"M646 125C629 125 613 133 604 142L308 442C296 454 292 471 292 487 292 504 296 521 308 533L604 854C617 867 629 875 646 875 663 875 679 871 692 858 704 846 713 829 713 812 713 796 708 779 692 767L438 487 692 225C700 217 708 204 708 187 708 171 704 154 692 142 675 129 663 125 646 125Z\"><\/path><\/svg>\t\t\t\t\t<\/div>\n\t\t\t\t\t<div class=\"elementor-swiper-button elementor-swiper-button-next\" role=\"button\" tabindex=\"0\">\n\t\t\t\t\t\t<svg aria-hidden=\"true\" class=\"e-font-icon-svg e-eicon-chevron-right\" viewbox=\"0 0 1000 1000\" xmlns=\"http:\/\/www.w3.org\/2000\/svg\"><path d=\"M696 533C708 521 713 504 713 487 713 471 708 454 696 446L400 146C388 133 375 125 354 125 338 125 325 129 313 142 300 154 292 171 292 187 292 204 296 221 308 233L563 492 304 771C292 783 288 800 288 817 288 833 296 850 308 863 321 871 338 875 354 875 371 875 388 867 400 854L696 533Z\"><\/path><\/svg>\t\t\t\t\t<\/div>\n\t\t\t\t\n\t\t\t\t\t\t\t\t\t<div class=\"swiper-pagination\"><\/div>\n\t\t\t\t\t\t\t\t\t<\/div>\n\t\t\t\t\t\t<\/div>\n\t\t\t\t<\/div>\n\t\t\t\t\t<\/div>\n\t\t\t\t<\/div>\n\t\t\t\t<\/div>","protected":false},"excerpt":{"rendered":"<p>Return Flood prevention of underground garage in Dongqian Lake Scenic Area This project involved the implementation of a customized low-profile [&hellip;]<\/p>","protected":false},"author":1,"featured_media":0,"parent":4103,"menu_order":0,"comment_status":"closed","ping_status":"closed","template":"","meta":{"site-sidebar-layout":"no-sidebar","site-content-layout":"","ast-site-content-layout":"full-width-container","site-content-style":"default","site-sidebar-style":"default","ast-global-header-display":"","ast-banner-title-visibility":"","ast-main-header-display":"","ast-hfb-above-header-display":"","ast-hfb-below-header-display":"","ast-hfb-mobile-header-display":"","site-post-title":"disabled","ast-breadcrumbs-content":"","ast-featured-img":"disabled","footer-sml-layout":"","theme-transparent-header-meta":"","adv-header-id-meta":"","stick-header-meta":"","header-above-stick-meta":"","header-main-stick-meta":"","header-below-stick-meta":"","astra-migrate-meta-layouts":"default","ast-page-background-enabled":"default","ast-page-background-meta":{"desktop":{"background-color":"var(--ast-global-color-4)","background-image":"","background-repeat":"repeat","background-position":"center center","background-size":"auto","background-attachment":"scroll","background-type":"","background-media":"","overlay-type":"","overlay-color":"","overlay-opacity":"","overlay-gradient":""},"tablet":{"background-color":"","background-image":"","background-repeat":"repeat","background-position":"center center","background-size":"auto","background-attachment":"scroll","background-type":"","background-media":"","overlay-type":"","overlay-color":"","overlay-opacity":"","overlay-gradient":""},"mobile":{"background-color":"","background-image":"","background-repeat":"repeat","background-position":"center center","background-size":"auto","background-attachment":"scroll","background-type":"","background-media":"","overlay-type":"","overlay-color":"","overlay-opacity":"","overlay-gradient":""}},"ast-content-background-meta":{"desktop":{"background-color":"var(--ast-global-color-5)","background-image":"","background-repeat":"repeat","background-position":"center center","background-size":"auto","background-attachment":"scroll","background-type":"","background-media":"","overlay-type":"","overlay-color":"","overlay-opacity":"","overlay-gradient":""},"tablet":{"background-color":"var(--ast-global-color-5)","background-image":"","background-repeat":"repeat","background-position":"center center","background-size":"auto","background-attachment":"scroll","background-type":"","background-media":"","overlay-type":"","overlay-color":"","overlay-opacity":"","overlay-gradient":""},"mobile":{"background-color":"var(--ast-global-color-5)","background-image":"","background-repeat":"repeat","background-position":"center center","background-size":"auto","background-attachment":"scroll","background-type":"","background-media":"","overlay-type":"","overlay-color":"","overlay-opacity":"","overlay-gradient":""}},"footnotes":""},"class_list":["post-4798","page","type-page","status-publish","hentry"],"_links":{"self":[{"href":"https:\/\/fb.railmk.com\/vi\/wp-json\/wp\/v2\/pages\/4798","targetHints":{"allow":["GET"]}}],"collection":[{"href":"https:\/\/fb.railmk.com\/vi\/wp-json\/wp\/v2\/pages"}],"about":[{"href":"https:\/\/fb.railmk.com\/vi\/wp-json\/wp\/v2\/types\/page"}],"author":[{"embeddable":true,"href":"https:\/\/fb.railmk.com\/vi\/wp-json\/wp\/v2\/users\/1"}],"replies":[{"embeddable":true,"href":"https:\/\/fb.railmk.com\/vi\/wp-json\/wp\/v2\/comments?post=4798"}],"version-history":[{"count":7,"href":"https:\/\/fb.railmk.com\/vi\/wp-json\/wp\/v2\/pages\/4798\/revisions"}],"predecessor-version":[{"id":4808,"href":"https:\/\/fb.railmk.com\/vi\/wp-json\/wp\/v2\/pages\/4798\/revisions\/4808"}],"up":[{"embeddable":true,"href":"https:\/\/fb.railmk.com\/vi\/wp-json\/wp\/v2\/pages\/4103"}],"wp:attachment":[{"href":"https:\/\/fb.railmk.com\/vi\/wp-json\/wp\/v2\/media?parent=4798"}],"curies":[{"name":"wp","href":"https:\/\/api.w.org\/{rel}","templated":true}]}}