{"id":4745,"date":"2025-11-10T15:47:54","date_gmt":"2025-11-10T07:47:54","guid":{"rendered":"https:\/\/fb.railmk.com\/?page_id=4745"},"modified":"2025-11-10T17:07:03","modified_gmt":"2025-11-10T09:07:03","slug":"cases_7","status":"publish","type":"page","link":"https:\/\/fb.railmk.com\/vi\/projects\/cases_7\/","title":{"rendered":"Tr\u01b0\u1eddng h\u1ee3p c\u1ee5 th\u1ec3_7"},"content":{"rendered":"<div data-elementor-type=\"wp-page\" data-elementor-id=\"4745\" class=\"elementor elementor-4745\" data-elementor-post-type=\"page\">\n\t\t\t\t<div class=\"elementor-element elementor-element-f7bf8b6 e-flex e-con-boxed e-con e-parent\" data-id=\"f7bf8b6\" data-element_type=\"container\">\n\t\t\t\t\t<div class=\"e-con-inner\">\n\t\t\t\t<div class=\"elementor-element elementor-element-85cdc57 elementor-widget elementor-widget-button\" data-id=\"85cdc57\" data-element_type=\"widget\" data-widget_type=\"button.default\">\n\t\t\t\t\t\t\t\t\t\t<a class=\"elementor-button elementor-button-link elementor-size-sm\" href=\"\/vi\/projects\/\">\n\t\t\t\t\t\t<span class=\"elementor-button-content-wrapper\">\n\t\t\t\t\t\t<span class=\"elementor-button-icon\">\n\t\t\t\t<svg aria-hidden=\"true\" class=\"e-font-icon-svg e-fas-arrow-left\" viewbox=\"0 0 448 512\" xmlns=\"http:\/\/www.w3.org\/2000\/svg\"><path d=\"M257.5 445.1l-22.2 22.2c-9.4 9.4-24.6 9.4-33.9 0L7 273c-9.4-9.4-9.4-24.6 0-33.9L201.4 44.7c9.4-9.4 24.6-9.4 33.9 0l22.2 22.2c9.5 9.5 9.3 25-.4 34.3L136.6 216H424c13.3 0 24 10.7 24 24v32c0 13.3-10.7 24-24 24H136.6l120.5 114.8c9.8 9.3 10 24.8.4 34.3z\"><\/path><\/svg>\t\t\t<\/span>\n\t\t\t\t\t\t\t\t\t<span class=\"elementor-button-text\">Tr\u1ea3 l\u1ea1i<\/span>\n\t\t\t\t\t<\/span>\n\t\t\t\t\t<\/a>\n\t\t\t\t\t\t\t\t<\/div>\n\t\t\t\t\t<\/div>\n\t\t\t\t<\/div>\n\t\t<div class=\"elementor-element elementor-element-f1ff084 e-flex e-con-boxed e-con e-parent\" data-id=\"f1ff084\" data-element_type=\"container\" data-settings=\"{&quot;background_background&quot;:&quot;classic&quot;}\">\n\t\t\t\t\t<div class=\"e-con-inner\">\n\t\t<div class=\"elementor-element elementor-element-edcfcb2 e-con-full e-flex e-con e-child\" data-id=\"edcfcb2\" data-element_type=\"container\">\n\t\t\t\t<div class=\"elementor-element elementor-element-30a9bc7 elementor-widget elementor-widget-heading\" data-id=\"30a9bc7\" data-element_type=\"widget\" data-widget_type=\"heading.default\">\n\t\t\t\t\t<h4 class=\"elementor-heading-title elementor-size-default\">D\u1ef1 \u00e1n ch\u1ed1ng l\u0169 cho s\u00e2n v\u1eadn \u0111\u1ed9ng d\u1ecdc s\u00f4ng Ho\u00e0ng Ph\u1ed1<\/h4>\t\t\t\t<\/div>\n\t\t\t\t<div class=\"elementor-element elementor-element-06a3eaf elementor-widget elementor-widget-text-editor\" data-id=\"06a3eaf\" data-element_type=\"widget\" data-widget_type=\"text-editor.default\">\n\t\t\t\t\t\t\t\t\t<p class=\"ds-markdown-paragraph\">D\u1ef1 \u00e1n n\u00e0y bao g\u1ed3m vi\u1ec7c thi\u1ebft k\u1ebf v\u00e0 l\u1eafp \u0111\u1eb7t h\u1ec7 th\u1ed1ng r\u00e0o ch\u1eafn l\u0169 hi\u1ec7u su\u1ea5t cao \u0111\u1ec3 b\u1ea3o v\u1ec7 m\u1ed9t s\u00e2n v\u1eadn \u0111\u1ed9ng n\u1eb1m d\u1ecdc s\u00f4ng Ho\u00e0ng Ph\u1ed1 \u1edf Th\u01b0\u1ee3ng H\u1ea3i. Gi\u1ea3i ph\u00e1p k\u1ef9 thu\u1eadt k\u1ebft h\u1ee3p kh\u1ea3 n\u0103ng ph\u1ee5c h\u1ed3i k\u1ebft c\u1ea5u v\u1edbi c\u00e1c th\u00f4ng s\u1ed1 k\u1ef9 thu\u1eadt ch\u00ednh x\u00e1c \u0111\u1ec3 \u0111\u1ea3m b\u1ea3o kh\u1ea3 n\u0103ng ph\u00f2ng ch\u1ed1ng l\u0169 \u0111\u00e1ng tin c\u1eady cho c\u01a1 s\u1edf h\u1ea1 t\u1ea7ng c\u00f4ng c\u1ed9ng n\u00e0y.<\/p><p class=\"ds-markdown-paragraph\"><strong>Th\u00f4ng s\u1ed1 k\u1ef9 thu\u1eadt<\/strong><\/p><ul><li><p class=\"ds-markdown-paragraph\"><strong>Chi\u1ec1u cao h\u1ec7 th\u1ed1ng:<\/strong>\u00a01,6 m\u00e9t<\/p><\/li><li><p class=\"ds-markdown-paragraph\"><strong>Kho\u1ea3ng c\u00e1ch b\u00e0i \u0111\u0103ng:<\/strong>\u00a03 m\u00e9t<\/p><\/li><li><p class=\"ds-markdown-paragraph\"><strong>K\u00edch th\u01b0\u1edbc t\u1ea5m ch\u1eafn:<\/strong>\u00a0200\u00d770\u00d74.0 mm<\/p><\/li><li><p class=\"ds-markdown-paragraph\"><strong>B\u00e0i vi\u1ebft trung gian:<\/strong>\u00a0143\u00d7120\u00d720 mm<\/p><\/li><li><p class=\"ds-markdown-paragraph\"><strong>T\u1ed5ng s\u1ed1 l\u01b0\u1ee3ng v\u00e1ch ng\u0103n:<\/strong>\u00a0266 \u0111\u01a1n v\u1ecb<\/p><\/li><li><p class=\"ds-markdown-paragraph\"><strong>T\u1ed5ng chi\u1ec1u d\u00e0i:<\/strong>\u00a0157,62 m\u00e9t (t\u1ea1m th\u1eddi)<\/p><\/li><\/ul><p class=\"ds-markdown-paragraph\"><strong>C\u00e1c th\u00e0nh ph\u1ea7n c\u1ee7a h\u1ec7 th\u1ed1ng h\u1ed7 tr\u1ee3<\/strong><\/p><ul><li><p class=\"ds-markdown-paragraph\"><strong>T\u1ea5m \u0111\u1ebf tr\u1ee5:<\/strong>\u00a0280\u00d7160 mm<\/p><\/li><li><p class=\"ds-markdown-paragraph\"><strong>T\u1ea5m \u0111\u1ebf \u0111\u1ee1:<\/strong>\u00a0120\u00d760 mm<\/p><\/li><li><p class=\"ds-markdown-paragraph\"><strong>Thanh gi\u1eb1ng ch\u00e9o:<\/strong>\u00a050\u00d750\u00d72000 mm<\/p><\/li><\/ul><p class=\"ds-markdown-paragraph\"><strong>K\u1ebft qu\u1ea3<\/strong><br \/>H\u1ec7 th\u1ed1ng r\u00e0o ch\u1eafn l\u0169 mang l\u1ea1i s\u1ef1 b\u1ea3o v\u1ec7 ch\u1eafc ch\u1eafn cho c\u01a1 s\u1edf h\u1ea1 t\u1ea7ng s\u00e2n v\u1eadn \u0111\u1ed9ng, k\u1ebft h\u1ee3p gi\u1eefa \u0111\u1ed9 ch\u00ednh x\u00e1c k\u1ef9 thu\u1eadt v\u1edbi t\u00ednh n\u0103ng th\u1ef1c t\u1ebf. H\u1ec7 th\u1ed1ng h\u1ed7 tr\u1ee3 to\u00e0n di\u1ec7n \u0111\u1ea3m b\u1ea3o hi\u1ec7u su\u1ea5t \u0111\u00e1ng tin c\u1eady trong c\u00e1c tr\u01b0\u1eddng h\u1ee3p l\u0169 l\u1ee5t, b\u1ea3o v\u1ec7 t\u00e0i s\u1ea3n c\u00f4ng c\u1ed9ng v\u00e0 duy tr\u00ec t\u00ednh li\u00ean t\u1ee5c c\u1ee7a ho\u1ea1t \u0111\u1ed9ng.<\/p>\t\t\t\t\t\t\t\t<\/div>\n\t\t\t\t<\/div>\n\t\t<div class=\"elementor-element elementor-element-e29933d e-con-full e-flex e-con e-child\" data-id=\"e29933d\" data-element_type=\"container\">\n\t\t\t\t<div class=\"elementor-element elementor-element-3734dff elementor-arrows-position-inside elementor-pagination-position-outside elementor-widget elementor-widget-image-carousel\" data-id=\"3734dff\" data-element_type=\"widget\" data-settings=\"{&quot;slides_to_show&quot;:&quot;1&quot;,&quot;navigation&quot;:&quot;both&quot;,&quot;autoplay&quot;:&quot;yes&quot;,&quot;pause_on_hover&quot;:&quot;yes&quot;,&quot;pause_on_interaction&quot;:&quot;yes&quot;,&quot;autoplay_speed&quot;:5000,&quot;infinite&quot;:&quot;yes&quot;,&quot;effect&quot;:&quot;slide&quot;,&quot;speed&quot;:500}\" data-widget_type=\"image-carousel.default\">\n\t\t\t\t\t\t\t<div class=\"elementor-image-carousel-wrapper swiper\" role=\"region\" aria-roledescription=\"carousel\" aria-label=\"\u56fe\u50cf\u8f6e\u64ad\" dir=\"ltr\">\n\t\t\t<div class=\"elementor-image-carousel swiper-wrapper\" aria-live=\"off\">\n\t\t\t\t\t\t\t\t<div class=\"swiper-slide\" role=\"group\" aria-roledescription=\"slide\" aria-label=\"1 van 3\" data-no-translation-aria-label=\"\"><figure class=\"swiper-slide-inner\"><img decoding=\"async\" class=\"swiper-slide-image\" src=\"https:\/\/fb.railmk.com\/\/wp-content\/uploads\/photo\/project_7_1.jpg\" alt=\"project 7 1\" \/><\/figure><\/div><div class=\"swiper-slide\" role=\"group\" aria-roledescription=\"slide\" aria-label=\"2 van 3\" data-no-translation-aria-label=\"\"><figure class=\"swiper-slide-inner\"><img decoding=\"async\" class=\"swiper-slide-image\" src=\"https:\/\/fb.railmk.com\/\/wp-content\/uploads\/photo\/project_7_2.jpg\" alt=\"project 7 2\" \/><\/figure><\/div><div class=\"swiper-slide\" role=\"group\" aria-roledescription=\"slide\" aria-label=\"3 van 3\" data-no-translation-aria-label=\"\"><figure class=\"swiper-slide-inner\"><img decoding=\"async\" class=\"swiper-slide-image\" src=\"https:\/\/fb.railmk.com\/\/wp-content\/uploads\/photo\/project_7_3.jpg\" alt=\"project 7 3\" \/><\/figure><\/div>\t\t\t<\/div>\n\t\t\t\t\t\t\t\t\t\t\t\t<div class=\"elementor-swiper-button elementor-swiper-button-prev\" role=\"button\" tabindex=\"0\">\n\t\t\t\t\t\t<svg aria-hidden=\"true\" class=\"e-font-icon-svg e-eicon-chevron-left\" viewbox=\"0 0 1000 1000\" xmlns=\"http:\/\/www.w3.org\/2000\/svg\"><path d=\"M646 125C629 125 613 133 604 142L308 442C296 454 292 471 292 487 292 504 296 521 308 533L604 854C617 867 629 875 646 875 663 875 679 871 692 858 704 846 713 829 713 812 713 796 708 779 692 767L438 487 692 225C700 217 708 204 708 187 708 171 704 154 692 142 675 129 663 125 646 125Z\"><\/path><\/svg>\t\t\t\t\t<\/div>\n\t\t\t\t\t<div class=\"elementor-swiper-button elementor-swiper-button-next\" role=\"button\" tabindex=\"0\">\n\t\t\t\t\t\t<svg aria-hidden=\"true\" class=\"e-font-icon-svg e-eicon-chevron-right\" viewbox=\"0 0 1000 1000\" xmlns=\"http:\/\/www.w3.org\/2000\/svg\"><path d=\"M696 533C708 521 713 504 713 487 713 471 708 454 696 446L400 146C388 133 375 125 354 125 338 125 325 129 313 142 300 154 292 171 292 187 292 204 296 221 308 233L563 492 304 771C292 783 288 800 288 817 288 833 296 850 308 863 321 871 338 875 354 875 371 875 388 867 400 854L696 533Z\"><\/path><\/svg>\t\t\t\t\t<\/div>\n\t\t\t\t\n\t\t\t\t\t\t\t\t\t<div class=\"swiper-pagination\"><\/div>\n\t\t\t\t\t\t\t\t\t<\/div>\n\t\t\t\t\t\t<\/div>\n\t\t\t\t<\/div>\n\t\t\t\t\t<\/div>\n\t\t\t\t<\/div>\n\t\t\t\t<\/div>","protected":false},"excerpt":{"rendered":"<p>Return Flood Protection Project for Stadium along Huangpu River This project involved the design and installation of a high-performance flood [&hellip;]<\/p>","protected":false},"author":1,"featured_media":0,"parent":4103,"menu_order":0,"comment_status":"closed","ping_status":"closed","template":"","meta":{"site-sidebar-layout":"no-sidebar","site-content-layout":"","ast-site-content-layout":"full-width-container","site-content-style":"default","site-sidebar-style":"default","ast-global-header-display":"","ast-banner-title-visibility":"","ast-main-header-display":"","ast-hfb-above-header-display":"","ast-hfb-below-header-display":"","ast-hfb-mobile-header-display":"","site-post-title":"disabled","ast-breadcrumbs-content":"","ast-featured-img":"disabled","footer-sml-layout":"","theme-transparent-header-meta":"","adv-header-id-meta":"","stick-header-meta":"","header-above-stick-meta":"","header-main-stick-meta":"","header-below-stick-meta":"","astra-migrate-meta-layouts":"default","ast-page-background-enabled":"default","ast-page-background-meta":{"desktop":{"background-color":"var(--ast-global-color-4)","background-image":"","background-repeat":"repeat","background-position":"center center","background-size":"auto","background-attachment":"scroll","background-type":"","background-media":"","overlay-type":"","overlay-color":"","overlay-opacity":"","overlay-gradient":""},"tablet":{"background-color":"","background-image":"","background-repeat":"repeat","background-position":"center center","background-size":"auto","background-attachment":"scroll","background-type":"","background-media":"","overlay-type":"","overlay-color":"","overlay-opacity":"","overlay-gradient":""},"mobile":{"background-color":"","background-image":"","background-repeat":"repeat","background-position":"center center","background-size":"auto","background-attachment":"scroll","background-type":"","background-media":"","overlay-type":"","overlay-color":"","overlay-opacity":"","overlay-gradient":""}},"ast-content-background-meta":{"desktop":{"background-color":"var(--ast-global-color-5)","background-image":"","background-repeat":"repeat","background-position":"center center","background-size":"auto","background-attachment":"scroll","background-type":"","background-media":"","overlay-type":"","overlay-color":"","overlay-opacity":"","overlay-gradient":""},"tablet":{"background-color":"var(--ast-global-color-5)","background-image":"","background-repeat":"repeat","background-position":"center center","background-size":"auto","background-attachment":"scroll","background-type":"","background-media":"","overlay-type":"","overlay-color":"","overlay-opacity":"","overlay-gradient":""},"mobile":{"background-color":"var(--ast-global-color-5)","background-image":"","background-repeat":"repeat","background-position":"center center","background-size":"auto","background-attachment":"scroll","background-type":"","background-media":"","overlay-type":"","overlay-color":"","overlay-opacity":"","overlay-gradient":""}},"footnotes":""},"class_list":["post-4745","page","type-page","status-publish","hentry"],"_links":{"self":[{"href":"https:\/\/fb.railmk.com\/vi\/wp-json\/wp\/v2\/pages\/4745","targetHints":{"allow":["GET"]}}],"collection":[{"href":"https:\/\/fb.railmk.com\/vi\/wp-json\/wp\/v2\/pages"}],"about":[{"href":"https:\/\/fb.railmk.com\/vi\/wp-json\/wp\/v2\/types\/page"}],"author":[{"embeddable":true,"href":"https:\/\/fb.railmk.com\/vi\/wp-json\/wp\/v2\/users\/1"}],"replies":[{"embeddable":true,"href":"https:\/\/fb.railmk.com\/vi\/wp-json\/wp\/v2\/comments?post=4745"}],"version-history":[{"count":4,"href":"https:\/\/fb.railmk.com\/vi\/wp-json\/wp\/v2\/pages\/4745\/revisions"}],"predecessor-version":[{"id":4753,"href":"https:\/\/fb.railmk.com\/vi\/wp-json\/wp\/v2\/pages\/4745\/revisions\/4753"}],"up":[{"embeddable":true,"href":"https:\/\/fb.railmk.com\/vi\/wp-json\/wp\/v2\/pages\/4103"}],"wp:attachment":[{"href":"https:\/\/fb.railmk.com\/vi\/wp-json\/wp\/v2\/media?parent=4745"}],"curies":[{"name":"wp","href":"https:\/\/api.w.org\/{rel}","templated":true}]}}