{"id":4714,"date":"2025-11-10T09:08:51","date_gmt":"2025-11-10T01:08:51","guid":{"rendered":"https:\/\/fb.railmk.com\/?page_id=4714"},"modified":"2025-11-10T09:56:48","modified_gmt":"2025-11-10T01:56:48","slug":"cases_23","status":"publish","type":"page","link":"https:\/\/fb.railmk.com\/vi\/projects\/cases_23\/","title":{"rendered":"Specific Cases_23"},"content":{"rendered":"<div data-elementor-type=\"wp-page\" data-elementor-id=\"4714\" class=\"elementor elementor-4714\" data-elementor-post-type=\"page\">\n\t\t\t\t<div class=\"elementor-element elementor-element-abc5f58 e-flex e-con-boxed e-con e-parent\" data-id=\"abc5f58\" data-element_type=\"container\">\n\t\t\t\t\t<div class=\"e-con-inner\">\n\t\t\t\t<div class=\"elementor-element elementor-element-e509202 elementor-widget elementor-widget-button\" data-id=\"e509202\" data-element_type=\"widget\" data-widget_type=\"button.default\">\n\t\t\t\t\t\t\t\t\t\t<a class=\"elementor-button elementor-button-link elementor-size-sm\" href=\"\/vi\/projects\/\">\n\t\t\t\t\t\t<span class=\"elementor-button-content-wrapper\">\n\t\t\t\t\t\t<span class=\"elementor-button-icon\">\n\t\t\t\t<svg aria-hidden=\"true\" class=\"e-font-icon-svg e-fas-arrow-left\" viewbox=\"0 0 448 512\" xmlns=\"http:\/\/www.w3.org\/2000\/svg\"><path d=\"M257.5 445.1l-22.2 22.2c-9.4 9.4-24.6 9.4-33.9 0L7 273c-9.4-9.4-9.4-24.6 0-33.9L201.4 44.7c9.4-9.4 24.6-9.4 33.9 0l22.2 22.2c9.5 9.5 9.3 25-.4 34.3L136.6 216H424c13.3 0 24 10.7 24 24v32c0 13.3-10.7 24-24 24H136.6l120.5 114.8c9.8 9.3 10 24.8.4 34.3z\"><\/path><\/svg>\t\t\t<\/span>\n\t\t\t\t\t\t\t\t\t<span class=\"elementor-button-text\">Tr\u1ea3 l\u1ea1i<\/span>\n\t\t\t\t\t<\/span>\n\t\t\t\t\t<\/a>\n\t\t\t\t\t\t\t\t<\/div>\n\t\t\t\t\t<\/div>\n\t\t\t\t<\/div>\n\t\t<div class=\"elementor-element elementor-element-96fcd5e e-flex e-con-boxed e-con e-parent\" data-id=\"96fcd5e\" data-element_type=\"container\">\n\t\t\t\t\t<div class=\"e-con-inner\">\n\t\t<div class=\"elementor-element elementor-element-852aba5 e-con-full e-flex e-con e-child\" data-id=\"852aba5\" data-element_type=\"container\">\n\t\t\t\t<div class=\"elementor-element elementor-element-6b137b1 elementor-widget elementor-widget-heading\" data-id=\"6b137b1\" data-element_type=\"widget\" data-widget_type=\"heading.default\">\n\t\t\t\t\t<h4 class=\"elementor-heading-title elementor-size-default\">Ki\u1ec3m so\u00e1t l\u0169 l\u1ee5t t\u1ea1i c\u1ea7u Qingfeng, qu\u1eadn Jiangbei, th\u00e0nh ph\u1ed1 Ningbo<\/h4>\t\t\t\t<\/div>\n\t\t\t\t<div class=\"elementor-element elementor-element-cf517df elementor-widget elementor-widget-text-editor\" data-id=\"cf517df\" data-element_type=\"widget\" data-widget_type=\"text-editor.default\">\n\t\t\t\t\t\t\t\t\t<div data-slate-node=\"element\"><span data-slate-node=\"text\">\u0110\u1ec3 t\u0103ng c\u01b0\u1eddng kh\u1ea3 n\u0103ng ph\u1ee5c h\u1ed3i \u0111\u00f4 th\u1ecb v\u00e0 b\u1ea3o v\u1ec7 c\u01a1 s\u1edf h\u1ea1 t\u1ea7ng quan tr\u1ecdng t\u1ea1i Qu\u1eadn Giang B\u1eafc, Ninh Ba, m\u1ed9t h\u1ec7 th\u1ed1ng r\u00e0o ch\u1eafn l\u0169 t\u00f9y ch\u1ec9nh \u0111\u00e3 \u0111\u01b0\u1ee3c tri\u1ec3n khai d\u1ecdc theo C\u1ea7u Thanh Phong.<\/span><span data-slate-node=\"text\"><span class=\"\" data-slate-leaf=\"true\" data-sent-id=\"e3DnqKbQEV\" data-para-id=\"0\"> D\u1ef1 \u00e1n n\u00e0y ch\u1ee9ng minh gi\u1ea3i ph\u00e1p hi\u1ec7u qu\u1ea3 \u0111\u1ec3 b\u1ea3o v\u1ec7 c\u00e1c tuy\u1ebfn giao th\u00f4ng quan tr\u1ecdng kh\u1ecfi nguy c\u01a1 l\u0169 l\u1ee5t theo m\u00f9a.<\/span><\/span><\/div><div data-slate-node=\"element\"><span data-slate-node=\"text\"><span class=\"\" data-slate-leaf=\"true\" data-sent-id=\"VOwv3qORjV\" data-para-id=\"1\">Th\u00f4ng s\u1ed1 k\u1ef9 thu\u1eadt<\/span><\/span><\/div><div data-slate-node=\"element\"><span data-slate-node=\"text\"><span class=\"\" data-slate-leaf=\"true\" data-sent-id=\"eqrOk3GEWV\" data-para-id=\"2\">Chi\u1ec1u cao b\u1ea3o v\u1ec7: 1,2 m\u00e9t<\/span><\/span><\/div><div data-slate-node=\"element\"><span data-slate-node=\"text\"><span class=\"\" data-slate-leaf=\"true\" data-sent-id=\"Bw2Ow30q6z\" data-para-id=\"3\">T\u1ed5ng chi\u1ec1u d\u00e0i: 90 m\u00e9t<\/span><\/span><\/div><div data-slate-node=\"element\"><span data-slate-node=\"text\"><span class=\"\" data-slate-leaf=\"true\" data-sent-id=\"z9a7kZ15Ez\" data-para-id=\"4\">\u0110\u1ecba \u0111i\u1ec3m: \u0110\u01b0\u1eddng v\u00e0o c\u1ea7u Thanh Phong v\u00e0 c\u00e1c khu v\u1ef1c l\u00e2n c\u1eadn<\/span><\/span><\/div><div data-slate-node=\"element\" data-slate-fragment=\"JTVCJTdCJTIydHlwZSUyMiUzQSUyMnBhcmFncmFwaCUyMiUyQyUyMmNoaWxkcmVuJTIyJTNBJTVCJTdCJTIyaWQlMjIlM0ElMjJleDJPOTNHRWF6JTIyJTJDJTIycGFyYUlkeCUyMiUzQTAlMkMlMjJzcmMlMjIlM0ElMjJUbyUyMGVuaGFuY2UlMjB1cmJhbiUyMHJlc2lsaWVuY2UlMjBhbmQlMjBwcm90ZWN0JTIwY3JpdGljYWwlMjBpbmZyYXN0cnVjdHVyZSUyMGluJTIwTmluZ2JvJ3MlMjBKaWFuZ2JlaSUyMERpc3RyaWN0JTJDJTIwYSUyMGN1c3RvbWl6ZWQlMjBmbG9vZCUyMGJhcnJpZXIlMjBzeXN0ZW0lMjB3YXMlMjBkZXBsb3llZCUyMGFsb25nJTIwdGhlJTIwUWluZ2ZlbmclMjBCcmlkZ2UuJTIyJTJDJTIyZHN0JTIyJTNBJTIyJUU0JUI4JUJBJUU0JUJBJTg2JUU1JUEyJTlFJUU1JUJDJUJBJUU1JTlGJThFJUU1JUI4JTgyJUU5JTlGJUE3JUU2JTgwJUE3JUVGJUJDJThDJUU0JUJGJTlEJUU2JThBJUE0JUU1JUFFJTgxJUU2JUIzJUEyJUU2JUIxJTlGJUU1JThDJTk3JUU1JThDJUJBJUU3JTlBJTg0JUU1JTg1JUIzJUU5JTk0JUFFJUU1JTlGJUJBJUU3JUExJTgwJUU4JUFFJUJFJUU2JTk2JUJEJUVGJUJDJThDJUU1JTlDJUE4JUU1JUJBJTg2JUU0JUI4JUIwJUU1JUE0JUE3JUU2JUExJUE1JUU2JUIyJUJGJUU3JUJBJUJGJUU5JTgzJUE4JUU3JUJEJUIyJUU0JUJBJTg2JUU1JUFFJTlBJUU1JTg4JUI2JUU3JTlBJTg0JUU5JTk4JUIyJUU2JUI0JUFBJUU1JUIxJThGJUU5JTlBJTlDJUU3JUIzJUJCJUU3JUJCJTlGJUUzJTgwJTgyJTIyJTJDJTIybWV0YWRhdGElMjIlM0ElMjIlMjIlMkMlMjJtYXRjaGVzJTIyJTNBbnVsbCUyQyUyMnRyYW5zbGF0ZWRCeSUyMiUzQW51bGwlMkMlMjJtZXRhRGF0YSUyMiUzQSU1QiU1RCUyQyUyMnRleHQlMjIlM0ElMjJUbyUyMGVuaGFuY2UlMjB1cmJhbiUyMHJlc2lsaWVuY2UlMjBhbmQlMjBwcm90ZWN0JTIwY3JpdGljYWwlMjBpbmZyYXN0cnVjdHVyZSUyMGluJTIwTmluZ2JvJ3MlMjBKaWFuZ2JlaSUyMERpc3RyaWN0JTJDJTIwYSUyMGN1c3RvbWl6ZWQlMjBmbG9vZCUyMGJhcnJpZXIlMjBzeXN0ZW0lMjB3YXMlMjBkZXBsb3llZCUyMGFsb25nJTIwdGhlJTIwUWluZ2ZlbmclMjBCcmlkZ2UuJTIyJTdEJTJDJTdCJTIyaWQlMjIlM0ElMjJlM0RucUtiUUVWJTIyJTJDJTIycGFyYUlkeCUyMiUzQTAlMkMlMjJzcmMlMjIlM0ElMjIlMjBUaGlzJTIwcHJvamVjdCUyMGRlbW9uc3RyYXRlcyUyMGFuJTIwZWZmZWN0aXZlJTIwc29sdXRpb24lMjBmb3IlMjBzYWZlZ3VhcmRpbmclMjBrZXklMjB0cmFuc3BvcnRhdGlvbiUyMGxpbmtzJTIwYWdhaW5zdCUyMHNlYXNvbmFsJTIwZmxvb2QlMjByaXNrcy4lMjIlMkMlMjJkc3QlMjIlM0ElMjIlRTglQUYlQTUlRTklQTElQjklRTclOUIlQUUlRTUlQjElOTUlRTclQTQlQkElRTQlQkElODYlRTQlQjglODAlRTclQTclOEQlRTYlOUMlODklRTYlOTUlODglRTclOUElODQlRTglQTclQTMlRTUlODYlQjMlRTYlOTYlQjklRTYlQTElODglRUYlQkMlOEMlRTUlOEYlQUYlRTQlQkIlQTUlRTQlQkYlOUQlRTYlOEElQTQlRTUlODUlQjMlRTklOTQlQUUlRTQlQkElQTQlRTklODAlOUElRTclOEUlQUYlRTglOEElODIlRTUlODUlOEQlRTUlOEYlOTclRTUlQUQlQTMlRTglOEElODIlRTYlODAlQTclRTYlQjQlQUElRTYlQjAlQjQlRTklQTMlOEUlRTklOTklQTklRTMlODAlODIlMjIlMkMlMjJtZXRhZGF0YSUyMiUzQSUyMiUyMiUyQyUyMm1hdGNoZXMlMjIlM0FudWxsJTJDJTIydHJhbnNsYXRlZEJ5JTIyJTNBbnVsbCUyQyUyMm1ldGFEYXRhJTIyJTNBJTVCJTVEJTJDJTIydGV4dCUyMiUzQSUyMiUyMFRoaXMlMjBwcm9qZWN0JTIwZGVtb25zdHJhdGVzJTIwYW4lMjBlZmZlY3RpdmUlMjBzb2x1dGlvbiUyMGZvciUyMHNhZmVndWFyZGluZyUyMGtleSUyMHRyYW5zcG9ydGF0aW9uJTIwbGlua3MlMjBhZ2FpbnN0JTIwc2Vhc29uYWwlMjBmbG9vZCUyMHJpc2tzLiUyMiU3RCU1RCU3RCUyQyU3QiUyMnR5cGUlMjIlM0ElMjJwYXJhZ3JhcGglMjIlMkMlMjJjaGlsZHJlbiUyMiUzQSU1QiU3QiUyMmlkJTIyJTNBJTIyVk93djNxT1JqViUyMiUyQyUyMnBhcmFJZHglMjIlM0ExJTJDJTIyc3JjJTIyJTNBJTIyVGVjaG5pY2FsJTIwU3BlY2lmaWNhdGlvbnMlMjIlMkMlMjJkc3QlMjIlM0ElMjIlRTYlOEElODAlRTYlOUMlQUYlRTglQTclODQlRTYlQTAlQkMlMjIlMkMlMjJtZXRhZGF0YSUyMiUzQSUyMiUyMiUyQyUyMm1hdGNoZXMlMjIlM0FudWxsJTJDJTIydHJhbnNsYXRlZEJ5JTIyJTNBbnVsbCUyQyUyMm1ldGFEYXRhJTIyJTNBJTVCJTVEJTJDJTIydGV4dCUyMiUzQSUyMlRlY2huaWNhbCUyMFNwZWNpZmljYXRpb25zJTIyJTdEJTVEJTdEJTJDJTdCJTIydHlwZSUyMiUzQSUyMnBhcmFncmFwaCUyMiUyQyUyMmNoaWxkcmVuJTIyJTNBJTVCJTdCJTIyaWQlMjIlM0ElMjJlcXJPazNHRVdWJTIyJTJDJTIycGFyYUlkeCUyMiUzQTIlMkMlMjJzcmMlMjIlM0ElMjJQcm90ZWN0aW9uJTIwSGVpZ2h0JTNBJTIwMS4yJTIwbWV0ZXJzJTIyJTJDJTIyZHN0JTIyJTNBJTIyJUU5JTk4JUIyJUU2JThBJUE0JUU5JUFCJTk4JUU1JUJBJUE2JUVGJUJDJTlBMS4yJUU3JUIxJUIzJTIyJTJDJTIybWV0YWRhdGElMjIlM0ElMjIlMjIlMkMlMjJtYXRjaGVzJTIyJTNBbnVsbCUyQyUyMnRyYW5zbGF0ZWRCeSUyMiUzQW51bGwlMkMlMjJtZXRhRGF0YSUyMiUzQSU1QiU1RCUyQyUyMnRleHQlMjIlM0ElMjJQcm90ZWN0aW9uJTIwSGVpZ2h0JTNBJTIwMS4yJTIwbWV0ZXJzJTIyJTdEJTVEJTdEJTJDJTdCJTIydHlwZSUyMiUzQSUyMnBhcmFncmFwaCUyMiUyQyUyMmNoaWxkcmVuJTIyJTNBJTVCJTdCJTIyaWQlMjIlM0ElMjJCdzJPdzMwcTZ6JTIyJTJDJTIycGFyYUlkeCUyMiUzQTMlMkMlMjJzcmMlMjIlM0ElMjJUb3RhbCUyMExlbmd0aCUzQSUyMDkwJTIwbWV0ZXJzJTIyJTJDJTIyZHN0JTIyJTNBJTIyJUU2JTgwJUJCJUU5JTk1JUJGJUU1JUJBJUE2JUVGJUJDJTlBOTAlRTclQjElQjMlMjIlMkMlMjJtZXRhZGF0YSUyMiUzQSUyMiUyMiUyQyUyMm1hdGNoZXMlMjIlM0FudWxsJTJDJTIydHJhbnNsYXRlZEJ5JTIyJTNBbnVsbCUyQyUyMm1ldGFEYXRhJTIyJTNBJTVCJTVEJTJDJTIydGV4dCUyMiUzQSUyMlRvdGFsJTIwTGVuZ3RoJTNBJTIwOTAlMjBtZXRlcnMlMjIlN0QlNUQlN0QlMkMlN0IlMjJ0eXBlJTIyJTNBJTIycGFyYWdyYXBoJTIyJTJDJTIyY2hpbGRyZW4lMjIlM0ElNUIlN0IlMjJpZCUyMiUzQSUyMno5YTdrWjE1RXolMjIlMkMlMjJwYXJhSWR4JTIyJTNBNCUyQyUyMnNyYyUyMiUzQSUyMkxvY2F0aW9uJTNBJTIwUWluZ2ZlbmclMjBCcmlkZ2UlMjBhcHByb2FjaCUyMGFuZCUyMGFkamFjZW50JTIwYXJlYXMlMjIlMkMlMjJkc3QlMjIlM0ElMjIlRTQlQkQlOEQlRTclQkQlQUUlRUYlQkMlOUElRTUlQkElODYlRTQlQjglQjAlRTUlQTQlQTclRTYlQTElQTUlRTUlQkMlOTUlRTYlQTElQTUlRTUlOEYlOEElRTklODIlQkIlRTglQkYlOTElRTUlOUMlQjAlRTUlOEMlQkElMjIlMkMlMjJtZXRhZGF0YSUyMiUzQSUyMiUyMiUyQyUyMm1hdGNoZXMlMjIlM0FudWxsJTJDJTIydHJhbnNsYXRlZEJ5JTIyJTNBbnVsbCUyQyUyMm1ldGFEYXRhJTIyJTNBJTVCJTVEJTJDJTIydGV4dCUyMiUzQSUyMkxvY2F0aW9uJTNBJTIwUWluZ2ZlbmclMjBCcmlkZ2UlMjBhcHByb2FjaCUyMGFuZCUyMGFkamFjZW50JTIwYXJlYXMlMjIlN0QlNUQlN0QlMkMlN0IlMjJ0eXBlJTIyJTNBJTIycGFyYWdyYXBoJTIyJTJDJTIyY2hpbGRyZW4lMjIlM0ElNUIlN0IlMjJpZCUyMiUzQSUyMkJheE9sR1FwcnolMjIlMkMlMjJwYXJhSWR4JTIyJTNBNSUyQyUyMnNyYyUyMiUzQSUyMlRoZSUyMGluc3RhbGxhdGlvbiUyMHByb3ZpZGVzJTIwcmVsaWFibGUlMjBmbG9vZCUyMGRlZmVuc2UlMjBmb3IlMjB0aGlzJTIwdml0YWwlMjB0cmFuc3BvcnRhdGlvbiUyMGNvcnJpZG9yJTJDJTIwZW5zdXJpbmclMjB1bmludGVycnVwdGVkJTIwdHJhZmZpYyUyMGZsb3clMjBkdXJpbmclMjBoZWF2eSUyMHJhaW5mYWxsJTIwZXZlbnRzJTIwYW5kJTIwcHJvdGVjdGluZyUyMHN1cnJvdW5kaW5nJTIwdXJiYW4lMjBhcmVhcyUyMGZyb20lMjB3YXRlciUyMGluZ3Jlc3MuJTIwJTIyJTJDJTIyZHN0JTIyJTNBJTIyJUU4JUFGJUE1JUU4JUFFJUJFJUU2JTk2JUJEJUU0JUI4JUJBJUU4JUJGJTk5JUU2JTlEJUExJUU5JTg3JThEJUU4JUE2JTgxJUU3JTlBJTg0JUU0JUJBJUE0JUU5JTgwJTlBJUU4JUI1JUIwJUU1JUJCJThBJUU2JThGJTkwJUU0JUJFJTlCJUU0JUJBJTg2JUU1JThGJUFGJUU5JTlEJUEwJUU3JTlBJTg0JUU5JTk4JUIyJUU2JUI0JUFBJUU2JThFJUFBJUU2JTk2JUJEJUVGJUJDJThDJUU3JUExJUFFJUU0JUJGJTlEJUU1JTlDJUE4JUU2JTlBJUI0JUU5JTlCJUE4JUU2JTlDJTlGJUU5JTk3JUI0JUU0JUJBJUE0JUU5JTgwJTlBJUU2JUI1JTgxJUU5JTg3JThGJUU0JUI4JThEJUU5JTk3JUI0JUU2JTk2JUFEJUVGJUJDJThDJUU1JUI5JUI2JUU0JUJGJTlEJUU2JThBJUE0JUU1JTkxJUE4JUU1JTlCJUI0JUU3JTlBJTg0JUU1JTlGJThFJUU1JUI4JTgyJUU1JTlDJUIwJUU1JThDJUJBJUU1JTg1JThEJUU1JThGJTk3JUU4JUJGJTlCJUU2JUIwJUI0JUUzJTgwJTgyJTIyJTJDJTIybWV0YWRhdGElMjIlM0ElMjIlMjIlMkMlMjJtYXRjaGVzJTIyJTNBbnVsbCUyQyUyMnRyYW5zbGF0ZWRCeSUyMiUzQW51bGwlMkMlMjJtZXRhRGF0YSUyMiUzQSU1QiU1RCUyQyUyMnRleHQlMjIlM0ElMjJUaGUlMjBpbnN0YWxsYXRpb24lMjBwcm92aWRlcyUyMHJlbGlhYmxlJTIwZmxvb2QlMjBkZWZlbnNlJTIwZm9yJTIwdGhpcyUyMHZpdGFsJTIwdHJhbnNwb3J0YXRpb24lMjBjb3JyaWRvciUyQyUyMGVuc3VyaW5nJTIwdW5pbnRlcnJ1cHRlZCUyMHRyYWZmaWMlMjBmbG93JTIwZHVyaW5nJTIwaGVhdnklMjByYWluZmFsbCUyMGV2ZW50cyUyMGFuZCUyMHByb3RlY3RpbmclMjBzdXJyb3VuZGluZyUyMHVyYmFuJTIwYXJlYXMlMjBmcm9tJTIwd2F0ZXIlMjBpbmdyZXNzLiUyMCUyMiU3RCU1RCU3RCU1RA==\"><span data-slate-node=\"text\">H\u1ec7 th\u1ed1ng n\u00e0y cung c\u1ea5p kh\u1ea3 n\u0103ng ph\u00f2ng ch\u1ed1ng l\u0169 l\u1ee5t \u0111\u00e1ng tin c\u1eady cho h\u00e0nh lang giao th\u00f4ng quan tr\u1ecdng n\u00e0y, \u0111\u1ea3m b\u1ea3o l\u01b0u th\u00f4ng kh\u00f4ng b\u1ecb gi\u00e1n \u0111o\u1ea1n trong c\u00e1c tr\u01b0\u1eddng h\u1ee3p m\u01b0a l\u1edbn v\u00e0 b\u1ea3o v\u1ec7 c\u00e1c khu v\u1ef1c \u0111\u00f4 th\u1ecb xung quanh kh\u1ecfi s\u1ef1 x\u00e2m nh\u1eadp c\u1ee7a n\u01b0\u1edbc. <\/span><\/div>\t\t\t\t\t\t\t\t<\/div>\n\t\t\t\t<\/div>\n\t\t<div class=\"elementor-element elementor-element-34d0504 e-con-full e-flex e-con e-child\" data-id=\"34d0504\" data-element_type=\"container\">\n\t\t\t\t<div class=\"elementor-element elementor-element-27da0fa elementor-arrows-position-inside elementor-pagination-position-outside elementor-widget elementor-widget-image-carousel\" data-id=\"27da0fa\" data-element_type=\"widget\" data-settings=\"{&quot;slides_to_show&quot;:&quot;1&quot;,&quot;navigation&quot;:&quot;both&quot;,&quot;autoplay&quot;:&quot;yes&quot;,&quot;pause_on_hover&quot;:&quot;yes&quot;,&quot;pause_on_interaction&quot;:&quot;yes&quot;,&quot;autoplay_speed&quot;:5000,&quot;infinite&quot;:&quot;yes&quot;,&quot;effect&quot;:&quot;slide&quot;,&quot;speed&quot;:500}\" data-widget_type=\"image-carousel.default\">\n\t\t\t\t\t\t\t<div class=\"elementor-image-carousel-wrapper swiper\" role=\"region\" aria-roledescription=\"carousel\" aria-label=\"\u56fe\u50cf\u8f6e\u64ad\" dir=\"ltr\">\n\t\t\t<div class=\"elementor-image-carousel swiper-wrapper\" aria-live=\"off\">\n\t\t\t\t\t\t\t\t<div class=\"swiper-slide\" role=\"group\" aria-roledescription=\"slide\" aria-label=\"1 van 3\" data-no-translation-aria-label=\"\"><figure class=\"swiper-slide-inner\"><img decoding=\"async\" class=\"swiper-slide-image\" src=\"https:\/\/fb.railmk.com\/\/wp-content\/uploads\/photo\/project_23_1.jpg\" alt=\"project 23 1\" \/><\/figure><\/div><div class=\"swiper-slide\" role=\"group\" aria-roledescription=\"slide\" aria-label=\"2 van 3\" data-no-translation-aria-label=\"\"><figure class=\"swiper-slide-inner\"><img decoding=\"async\" class=\"swiper-slide-image\" src=\"https:\/\/fb.railmk.com\/\/wp-content\/uploads\/photo\/project_23_2.png\" alt=\"project 23 2\" \/><\/figure><\/div><div class=\"swiper-slide\" role=\"group\" aria-roledescription=\"slide\" aria-label=\"3 van 3\" data-no-translation-aria-label=\"\"><figure class=\"swiper-slide-inner\"><img decoding=\"async\" class=\"swiper-slide-image\" src=\"https:\/\/fb.railmk.com\/\/wp-content\/uploads\/photo\/project_23_3.jpg\" alt=\"project 23 3\" \/><\/figure><\/div>\t\t\t<\/div>\n\t\t\t\t\t\t\t\t\t\t\t\t<div class=\"elementor-swiper-button elementor-swiper-button-prev\" role=\"button\" tabindex=\"0\">\n\t\t\t\t\t\t<svg aria-hidden=\"true\" class=\"e-font-icon-svg e-eicon-chevron-left\" viewbox=\"0 0 1000 1000\" xmlns=\"http:\/\/www.w3.org\/2000\/svg\"><path d=\"M646 125C629 125 613 133 604 142L308 442C296 454 292 471 292 487 292 504 296 521 308 533L604 854C617 867 629 875 646 875 663 875 679 871 692 858 704 846 713 829 713 812 713 796 708 779 692 767L438 487 692 225C700 217 708 204 708 187 708 171 704 154 692 142 675 129 663 125 646 125Z\"><\/path><\/svg>\t\t\t\t\t<\/div>\n\t\t\t\t\t<div class=\"elementor-swiper-button elementor-swiper-button-next\" role=\"button\" tabindex=\"0\">\n\t\t\t\t\t\t<svg aria-hidden=\"true\" class=\"e-font-icon-svg e-eicon-chevron-right\" viewbox=\"0 0 1000 1000\" xmlns=\"http:\/\/www.w3.org\/2000\/svg\"><path d=\"M696 533C708 521 713 504 713 487 713 471 708 454 696 446L400 146C388 133 375 125 354 125 338 125 325 129 313 142 300 154 292 171 292 187 292 204 296 221 308 233L563 492 304 771C292 783 288 800 288 817 288 833 296 850 308 863 321 871 338 875 354 875 371 875 388 867 400 854L696 533Z\"><\/path><\/svg>\t\t\t\t\t<\/div>\n\t\t\t\t\n\t\t\t\t\t\t\t\t\t<div class=\"swiper-pagination\"><\/div>\n\t\t\t\t\t\t\t\t\t<\/div>\n\t\t\t\t\t\t<\/div>\n\t\t\t\t<\/div>\n\t\t\t\t\t<\/div>\n\t\t\t\t<\/div>\n\t\t\t\t<\/div>","protected":false},"excerpt":{"rendered":"<p>Return Flood Control at Qingfeng Bridge, Jiangbei District, Ningbo City To enhance urban resilience and protect critical infrastructure in Ningbo&#8217;s [&hellip;]<\/p>","protected":false},"author":1,"featured_media":0,"parent":4103,"menu_order":0,"comment_status":"closed","ping_status":"closed","template":"","meta":{"site-sidebar-layout":"no-sidebar","site-content-layout":"","ast-site-content-layout":"full-width-container","site-content-style":"default","site-sidebar-style":"default","ast-global-header-display":"","ast-banner-title-visibility":"","ast-main-header-display":"","ast-hfb-above-header-display":"","ast-hfb-below-header-display":"","ast-hfb-mobile-header-display":"","site-post-title":"disabled","ast-breadcrumbs-content":"","ast-featured-img":"disabled","footer-sml-layout":"","theme-transparent-header-meta":"","adv-header-id-meta":"","stick-header-meta":"","header-above-stick-meta":"","header-main-stick-meta":"","header-below-stick-meta":"","astra-migrate-meta-layouts":"default","ast-page-background-enabled":"default","ast-page-background-meta":{"desktop":{"background-color":"var(--ast-global-color-4)","background-image":"","background-repeat":"repeat","background-position":"center center","background-size":"auto","background-attachment":"scroll","background-type":"","background-media":"","overlay-type":"","overlay-color":"","overlay-opacity":"","overlay-gradient":""},"tablet":{"background-color":"","background-image":"","background-repeat":"repeat","background-position":"center center","background-size":"auto","background-attachment":"scroll","background-type":"","background-media":"","overlay-type":"","overlay-color":"","overlay-opacity":"","overlay-gradient":""},"mobile":{"background-color":"","background-image":"","background-repeat":"repeat","background-position":"center center","background-size":"auto","background-attachment":"scroll","background-type":"","background-media":"","overlay-type":"","overlay-color":"","overlay-opacity":"","overlay-gradient":""}},"ast-content-background-meta":{"desktop":{"background-color":"var(--ast-global-color-5)","background-image":"","background-repeat":"repeat","background-position":"center center","background-size":"auto","background-attachment":"scroll","background-type":"","background-media":"","overlay-type":"","overlay-color":"","overlay-opacity":"","overlay-gradient":""},"tablet":{"background-color":"var(--ast-global-color-5)","background-image":"","background-repeat":"repeat","background-position":"center center","background-size":"auto","background-attachment":"scroll","background-type":"","background-media":"","overlay-type":"","overlay-color":"","overlay-opacity":"","overlay-gradient":""},"mobile":{"background-color":"var(--ast-global-color-5)","background-image":"","background-repeat":"repeat","background-position":"center center","background-size":"auto","background-attachment":"scroll","background-type":"","background-media":"","overlay-type":"","overlay-color":"","overlay-opacity":"","overlay-gradient":""}},"footnotes":""},"class_list":["post-4714","page","type-page","status-publish","hentry"],"_links":{"self":[{"href":"https:\/\/fb.railmk.com\/vi\/wp-json\/wp\/v2\/pages\/4714","targetHints":{"allow":["GET"]}}],"collection":[{"href":"https:\/\/fb.railmk.com\/vi\/wp-json\/wp\/v2\/pages"}],"about":[{"href":"https:\/\/fb.railmk.com\/vi\/wp-json\/wp\/v2\/types\/page"}],"author":[{"embeddable":true,"href":"https:\/\/fb.railmk.com\/vi\/wp-json\/wp\/v2\/users\/1"}],"replies":[{"embeddable":true,"href":"https:\/\/fb.railmk.com\/vi\/wp-json\/wp\/v2\/comments?post=4714"}],"version-history":[{"count":4,"href":"https:\/\/fb.railmk.com\/vi\/wp-json\/wp\/v2\/pages\/4714\/revisions"}],"predecessor-version":[{"id":4722,"href":"https:\/\/fb.railmk.com\/vi\/wp-json\/wp\/v2\/pages\/4714\/revisions\/4722"}],"up":[{"embeddable":true,"href":"https:\/\/fb.railmk.com\/vi\/wp-json\/wp\/v2\/pages\/4103"}],"wp:attachment":[{"href":"https:\/\/fb.railmk.com\/vi\/wp-json\/wp\/v2\/media?parent=4714"}],"curies":[{"name":"wp","href":"https:\/\/api.w.org\/{rel}","templated":true}]}}