{"id":4695,"date":"2025-11-10T08:36:47","date_gmt":"2025-11-10T00:36:47","guid":{"rendered":"https:\/\/fb.railmk.com\/?page_id=4695"},"modified":"2025-11-10T08:47:48","modified_gmt":"2025-11-10T00:47:48","slug":"cases_22","status":"publish","type":"page","link":"https:\/\/fb.railmk.com\/vi\/projects\/cases_22\/","title":{"rendered":"Specific Cases_22"},"content":{"rendered":"<div data-elementor-type=\"wp-page\" data-elementor-id=\"4695\" class=\"elementor elementor-4695\" data-elementor-post-type=\"page\">\n\t\t\t\t<div class=\"elementor-element elementor-element-cb8287e e-flex e-con-boxed e-con e-parent\" data-id=\"cb8287e\" data-element_type=\"container\">\n\t\t\t\t\t<div class=\"e-con-inner\">\n\t\t\t\t<div class=\"elementor-element elementor-element-94721a5 elementor-widget elementor-widget-button\" data-id=\"94721a5\" data-element_type=\"widget\" data-widget_type=\"button.default\">\n\t\t\t\t\t\t\t\t\t\t<a class=\"elementor-button elementor-button-link elementor-size-sm\" href=\"\/vi\/projects\/\">\n\t\t\t\t\t\t<span class=\"elementor-button-content-wrapper\">\n\t\t\t\t\t\t<span class=\"elementor-button-icon\">\n\t\t\t\t<svg aria-hidden=\"true\" class=\"e-font-icon-svg e-fas-arrow-left\" viewbox=\"0 0 448 512\" xmlns=\"http:\/\/www.w3.org\/2000\/svg\"><path d=\"M257.5 445.1l-22.2 22.2c-9.4 9.4-24.6 9.4-33.9 0L7 273c-9.4-9.4-9.4-24.6 0-33.9L201.4 44.7c9.4-9.4 24.6-9.4 33.9 0l22.2 22.2c9.5 9.5 9.3 25-.4 34.3L136.6 216H424c13.3 0 24 10.7 24 24v32c0 13.3-10.7 24-24 24H136.6l120.5 114.8c9.8 9.3 10 24.8.4 34.3z\"><\/path><\/svg>\t\t\t<\/span>\n\t\t\t\t\t\t\t\t\t<span class=\"elementor-button-text\">Tr\u1ea3 l\u1ea1i<\/span>\n\t\t\t\t\t<\/span>\n\t\t\t\t\t<\/a>\n\t\t\t\t\t\t\t\t<\/div>\n\t\t\t\t\t<\/div>\n\t\t\t\t<\/div>\n\t\t<div class=\"elementor-element elementor-element-95fea67 e-flex e-con-boxed e-con e-parent\" data-id=\"95fea67\" data-element_type=\"container\" data-settings=\"{&quot;background_background&quot;:&quot;classic&quot;}\">\n\t\t\t\t\t<div class=\"e-con-inner\">\n\t\t<div class=\"elementor-element elementor-element-80fcba6 e-con-full e-flex e-con e-child\" data-id=\"80fcba6\" data-element_type=\"container\">\n\t\t\t\t<div class=\"elementor-element elementor-element-6b1e49d elementor-widget elementor-widget-heading\" data-id=\"6b1e49d\" data-element_type=\"widget\" data-widget_type=\"heading.default\">\n\t\t\t\t\t<h4 class=\"elementor-heading-title elementor-size-default\">Ki\u1ec3m so\u00e1t l\u0169 l\u1ee5t cho \u0111\u01b0\u1eddng t\u1ea1i h\u1ed3 ch\u1ee9a Longwangmiao \u1edf Changji, T\u00e2n C\u01b0\u01a1ng<\/h4>\t\t\t\t<\/div>\n\t\t\t\t<div class=\"elementor-element elementor-element-506687b elementor-widget elementor-widget-text-editor\" data-id=\"506687b\" data-element_type=\"widget\" data-widget_type=\"text-editor.default\">\n\t\t\t\t\t\t\t\t\t<p class=\"ds-markdown-paragraph\">D\u1ef1 \u00e1n n\u00e0y \u0111\u01b0\u1ee3c kh\u1edfi x\u01b0\u1edbng nh\u1eb1m b\u1ea3o v\u1ec7 tuy\u1ebfn \u0111\u01b0\u1eddng ti\u1ebfp c\u1eadn H\u1ed3 ch\u1ee9a Longwangmiao tr\u01b0\u1edbc nguy c\u01a1 m\u1ef1c n\u01b0\u1edbc d\u00e2ng cao. M\u1ed9t h\u1ec7 th\u1ed1ng r\u00e0o ch\u1eafn l\u0169 \u0111\u01b0\u1ee3c thi\u1ebft k\u1ebf ri\u00eang \u0111\u00e3 \u0111\u01b0\u1ee3c tri\u1ec3n khai, mang l\u1ea1i s\u1ef1 b\u1ea3o v\u1ec7 \u0111\u00e1ng tin c\u1eady v\u00e0 ch\u1eafc ch\u1eafn cho c\u01a1 s\u1edf h\u1ea1 t\u1ea7ng quan tr\u1ecdng n\u00e0y.<\/p><p class=\"ds-markdown-paragraph\"><strong>Chi ti\u1ebft tri\u1ec3n khai ch\u00ednh:<\/strong><\/p><ul><li><p class=\"ds-markdown-paragraph\"><strong>T\u1ed5ng chi\u1ec1u d\u00e0i b\u1ea3o v\u1ec7:<\/strong>\u00a042,8 m\u00e9t<\/p><\/li><li><p class=\"ds-markdown-paragraph\"><strong>H\u1ed7 tr\u1ee3 ch\u00ednh:<\/strong>\u00a0C\u1ed9t d\u1ecdc c\u00f3 k\u00edch th\u01b0\u1edbc 200*80*2.0 mm, m\u1ed7i c\u1ed9t d\u00e0i 2,8 m\u00e9t.<\/p><\/li><li><p class=\"ds-markdown-paragraph\"><strong>Y\u00eau c\u1ea7u th\u1ef1c hi\u1ec7n quan tr\u1ecdng:<\/strong><\/p><ul><li><p class=\"ds-markdown-paragraph\">T\u1ea5t c\u1ea3 c\u00e1c \u0111\u1ea7u t\u1ea5m \u0111\u1ec1u \u0111\u01b0\u1ee3c b\u1ecbt k\u00edn ho\u00e0n to\u00e0n \u0111\u1ec3 \u0111\u1ea3m b\u1ea3o l\u1edbp ch\u1eafn ho\u00e0n to\u00e0n v\u00e0 kh\u00f4ng th\u1ea5m n\u01b0\u1edbc.<\/p><\/li><li><p class=\"ds-markdown-paragraph\">\u0110\u00e3 cung c\u1ea5p v\u00e0 l\u1eafp \u0111\u1eb7t \u0111\u1ea7y \u0111\u1ee7 c\u00e1c m\u00e3 g\u00f3c \u0111\u1ec3 \u0111\u1ea3m b\u1ea3o t\u00ednh \u1ed5n \u0111\u1ecbnh c\u1ee7a k\u1ebft c\u1ea5u v\u00e0 c\u1ed1 \u0111\u1ecbnh ch\u1eafc ch\u1eafn.<\/p><\/li><\/ul><\/li><\/ul><p class=\"ds-markdown-paragraph\">D\u1ef1 \u00e1n \u0111\u00e3 th\u00e0nh c\u00f4ng trong vi\u1ec7c cung c\u1ea5p m\u1ed9t h\u1ec7 th\u1ed1ng ph\u00f2ng th\u1ee7 ki\u00ean c\u1ed1, n\u00e2ng cao t\u00ednh an to\u00e0n v\u00e0 t\u00ednh li\u00ean t\u1ee5c ho\u1ea1t \u0111\u1ed9ng c\u1ee7a \u0111\u01b0\u1eddng h\u1ed3 ch\u1ee9a.<\/p>\t\t\t\t\t\t\t\t<\/div>\n\t\t\t\t<\/div>\n\t\t<div class=\"elementor-element elementor-element-44acdae e-con-full e-flex e-con e-child\" data-id=\"44acdae\" data-element_type=\"container\">\n\t\t\t\t<div class=\"elementor-element elementor-element-fa35531 elementor-arrows-position-inside elementor-pagination-position-outside elementor-widget elementor-widget-image-carousel\" data-id=\"fa35531\" data-element_type=\"widget\" data-settings=\"{&quot;slides_to_show&quot;:&quot;1&quot;,&quot;navigation&quot;:&quot;both&quot;,&quot;autoplay&quot;:&quot;yes&quot;,&quot;pause_on_hover&quot;:&quot;yes&quot;,&quot;pause_on_interaction&quot;:&quot;yes&quot;,&quot;autoplay_speed&quot;:5000,&quot;infinite&quot;:&quot;yes&quot;,&quot;effect&quot;:&quot;slide&quot;,&quot;speed&quot;:500}\" data-widget_type=\"image-carousel.default\">\n\t\t\t\t\t\t\t<div class=\"elementor-image-carousel-wrapper swiper\" role=\"region\" aria-roledescription=\"carousel\" aria-label=\"\u56fe\u50cf\u8f6e\u64ad\" dir=\"ltr\">\n\t\t\t<div class=\"elementor-image-carousel swiper-wrapper\" aria-live=\"off\">\n\t\t\t\t\t\t\t\t<div class=\"swiper-slide\" role=\"group\" aria-roledescription=\"slide\" aria-label=\"1 van 2\" data-no-translation-aria-label=\"\"><figure class=\"swiper-slide-inner\"><img decoding=\"async\" class=\"swiper-slide-image\" src=\"https:\/\/fb.railmk.com\/\/wp-content\/uploads\/photo\/project_22_1.jpg\" alt=\"project 22 1\" \/><\/figure><\/div><div class=\"swiper-slide\" role=\"group\" aria-roledescription=\"slide\" aria-label=\"2 van 2\" data-no-translation-aria-label=\"\"><figure class=\"swiper-slide-inner\"><img decoding=\"async\" class=\"swiper-slide-image\" src=\"https:\/\/fb.railmk.com\/\/wp-content\/uploads\/photo\/project_22_2.png\" alt=\"project 22 2\" \/><\/figure><\/div>\t\t\t<\/div>\n\t\t\t\t\t\t\t\t\t\t\t\t<div class=\"elementor-swiper-button elementor-swiper-button-prev\" role=\"button\" tabindex=\"0\">\n\t\t\t\t\t\t<svg aria-hidden=\"true\" class=\"e-font-icon-svg e-eicon-chevron-left\" viewbox=\"0 0 1000 1000\" xmlns=\"http:\/\/www.w3.org\/2000\/svg\"><path d=\"M646 125C629 125 613 133 604 142L308 442C296 454 292 471 292 487 292 504 296 521 308 533L604 854C617 867 629 875 646 875 663 875 679 871 692 858 704 846 713 829 713 812 713 796 708 779 692 767L438 487 692 225C700 217 708 204 708 187 708 171 704 154 692 142 675 129 663 125 646 125Z\"><\/path><\/svg>\t\t\t\t\t<\/div>\n\t\t\t\t\t<div class=\"elementor-swiper-button elementor-swiper-button-next\" role=\"button\" tabindex=\"0\">\n\t\t\t\t\t\t<svg aria-hidden=\"true\" class=\"e-font-icon-svg e-eicon-chevron-right\" viewbox=\"0 0 1000 1000\" xmlns=\"http:\/\/www.w3.org\/2000\/svg\"><path d=\"M696 533C708 521 713 504 713 487 713 471 708 454 696 446L400 146C388 133 375 125 354 125 338 125 325 129 313 142 300 154 292 171 292 187 292 204 296 221 308 233L563 492 304 771C292 783 288 800 288 817 288 833 296 850 308 863 321 871 338 875 354 875 371 875 388 867 400 854L696 533Z\"><\/path><\/svg>\t\t\t\t\t<\/div>\n\t\t\t\t\n\t\t\t\t\t\t\t\t\t<div class=\"swiper-pagination\"><\/div>\n\t\t\t\t\t\t\t\t\t<\/div>\n\t\t\t\t\t\t<\/div>\n\t\t\t\t<\/div>\n\t\t\t\t\t<\/div>\n\t\t\t\t<\/div>\n\t\t\t\t<\/div>","protected":false},"excerpt":{"rendered":"<p>Return Flood Control for the Road at Longwangmiao Reservoir in Changji, Xinjiang This project was initiated to secure the access [&hellip;]<\/p>","protected":false},"author":1,"featured_media":0,"parent":4103,"menu_order":0,"comment_status":"closed","ping_status":"closed","template":"","meta":{"site-sidebar-layout":"no-sidebar","site-content-layout":"","ast-site-content-layout":"full-width-container","site-content-style":"default","site-sidebar-style":"default","ast-global-header-display":"","ast-banner-title-visibility":"","ast-main-header-display":"","ast-hfb-above-header-display":"","ast-hfb-below-header-display":"","ast-hfb-mobile-header-display":"","site-post-title":"disabled","ast-breadcrumbs-content":"","ast-featured-img":"disabled","footer-sml-layout":"","theme-transparent-header-meta":"","adv-header-id-meta":"","stick-header-meta":"","header-above-stick-meta":"","header-main-stick-meta":"","header-below-stick-meta":"","astra-migrate-meta-layouts":"default","ast-page-background-enabled":"default","ast-page-background-meta":{"desktop":{"background-color":"var(--ast-global-color-4)","background-image":"","background-repeat":"repeat","background-position":"center center","background-size":"auto","background-attachment":"scroll","background-type":"","background-media":"","overlay-type":"","overlay-color":"","overlay-opacity":"","overlay-gradient":""},"tablet":{"background-color":"","background-image":"","background-repeat":"repeat","background-position":"center center","background-size":"auto","background-attachment":"scroll","background-type":"","background-media":"","overlay-type":"","overlay-color":"","overlay-opacity":"","overlay-gradient":""},"mobile":{"background-color":"","background-image":"","background-repeat":"repeat","background-position":"center center","background-size":"auto","background-attachment":"scroll","background-type":"","background-media":"","overlay-type":"","overlay-color":"","overlay-opacity":"","overlay-gradient":""}},"ast-content-background-meta":{"desktop":{"background-color":"var(--ast-global-color-5)","background-image":"","background-repeat":"repeat","background-position":"center center","background-size":"auto","background-attachment":"scroll","background-type":"","background-media":"","overlay-type":"","overlay-color":"","overlay-opacity":"","overlay-gradient":""},"tablet":{"background-color":"var(--ast-global-color-5)","background-image":"","background-repeat":"repeat","background-position":"center center","background-size":"auto","background-attachment":"scroll","background-type":"","background-media":"","overlay-type":"","overlay-color":"","overlay-opacity":"","overlay-gradient":""},"mobile":{"background-color":"var(--ast-global-color-5)","background-image":"","background-repeat":"repeat","background-position":"center center","background-size":"auto","background-attachment":"scroll","background-type":"","background-media":"","overlay-type":"","overlay-color":"","overlay-opacity":"","overlay-gradient":""}},"footnotes":""},"class_list":["post-4695","page","type-page","status-publish","hentry"],"_links":{"self":[{"href":"https:\/\/fb.railmk.com\/vi\/wp-json\/wp\/v2\/pages\/4695","targetHints":{"allow":["GET"]}}],"collection":[{"href":"https:\/\/fb.railmk.com\/vi\/wp-json\/wp\/v2\/pages"}],"about":[{"href":"https:\/\/fb.railmk.com\/vi\/wp-json\/wp\/v2\/types\/page"}],"author":[{"embeddable":true,"href":"https:\/\/fb.railmk.com\/vi\/wp-json\/wp\/v2\/users\/1"}],"replies":[{"embeddable":true,"href":"https:\/\/fb.railmk.com\/vi\/wp-json\/wp\/v2\/comments?post=4695"}],"version-history":[{"count":7,"href":"https:\/\/fb.railmk.com\/vi\/wp-json\/wp\/v2\/pages\/4695\/revisions"}],"predecessor-version":[{"id":4706,"href":"https:\/\/fb.railmk.com\/vi\/wp-json\/wp\/v2\/pages\/4695\/revisions\/4706"}],"up":[{"embeddable":true,"href":"https:\/\/fb.railmk.com\/vi\/wp-json\/wp\/v2\/pages\/4103"}],"wp:attachment":[{"href":"https:\/\/fb.railmk.com\/vi\/wp-json\/wp\/v2\/media?parent=4695"}],"curies":[{"name":"wp","href":"https:\/\/api.w.org\/{rel}","templated":true}]}}