{"id":4621,"date":"2025-11-08T14:31:17","date_gmt":"2025-11-08T06:31:17","guid":{"rendered":"https:\/\/fb.railmk.com\/?page_id=4621"},"modified":"2025-11-08T14:46:04","modified_gmt":"2025-11-08T06:46:04","slug":"cases_19","status":"publish","type":"page","link":"https:\/\/fb.railmk.com\/vi\/projects\/cases_19\/","title":{"rendered":"Specific Cases_19"},"content":{"rendered":"<div data-elementor-type=\"wp-page\" data-elementor-id=\"4621\" class=\"elementor elementor-4621\" data-elementor-post-type=\"page\">\n\t\t\t\t<div class=\"elementor-element elementor-element-d4f23f6 e-flex e-con-boxed e-con e-parent\" data-id=\"d4f23f6\" data-element_type=\"container\">\n\t\t\t\t\t<div class=\"e-con-inner\">\n\t\t\t\t<div class=\"elementor-element elementor-element-e952c88 elementor-widget elementor-widget-button\" data-id=\"e952c88\" data-element_type=\"widget\" data-widget_type=\"button.default\">\n\t\t\t\t\t\t\t\t\t\t<a class=\"elementor-button elementor-button-link elementor-size-sm\" href=\"\/vi\/projects\/\">\n\t\t\t\t\t\t<span class=\"elementor-button-content-wrapper\">\n\t\t\t\t\t\t<span class=\"elementor-button-icon\">\n\t\t\t\t<svg aria-hidden=\"true\" class=\"e-font-icon-svg e-fas-arrow-left\" viewbox=\"0 0 448 512\" xmlns=\"http:\/\/www.w3.org\/2000\/svg\"><path d=\"M257.5 445.1l-22.2 22.2c-9.4 9.4-24.6 9.4-33.9 0L7 273c-9.4-9.4-9.4-24.6 0-33.9L201.4 44.7c9.4-9.4 24.6-9.4 33.9 0l22.2 22.2c9.5 9.5 9.3 25-.4 34.3L136.6 216H424c13.3 0 24 10.7 24 24v32c0 13.3-10.7 24-24 24H136.6l120.5 114.8c9.8 9.3 10 24.8.4 34.3z\"><\/path><\/svg>\t\t\t<\/span>\n\t\t\t\t\t\t\t\t\t<span class=\"elementor-button-text\">Tr\u1ea3 l\u1ea1i<\/span>\n\t\t\t\t\t<\/span>\n\t\t\t\t\t<\/a>\n\t\t\t\t\t\t\t\t<\/div>\n\t\t\t\t\t<\/div>\n\t\t\t\t<\/div>\n\t\t<div class=\"elementor-element elementor-element-08e5f8e e-flex e-con-boxed e-con e-parent\" data-id=\"08e5f8e\" data-element_type=\"container\">\n\t\t\t\t\t<div class=\"e-con-inner\">\n\t\t<div class=\"elementor-element elementor-element-47adf27 e-con-full e-flex e-con e-child\" data-id=\"47adf27\" data-element_type=\"container\">\n\t\t\t\t<div class=\"elementor-element elementor-element-41a14d9 elementor-widget elementor-widget-heading\" data-id=\"41a14d9\" data-element_type=\"widget\" data-widget_type=\"heading.default\">\n\t\t\t\t\t<h4 class=\"elementor-heading-title elementor-size-default\">D\u1ef1 \u00e1n ki\u1ec3m so\u00e1t l\u0169 l\u1ee5t c\u1ee7a \u0111o\u1ea1n c\u1ea7u Hushi tr\u00ean b\u1edd ph\u1ea3i s\u00f4ng Huxi<\/h4>\t\t\t\t<\/div>\n\t\t\t\t<div class=\"elementor-element elementor-element-cb740be elementor-widget elementor-widget-text-editor\" data-id=\"cb740be\" data-element_type=\"widget\" data-widget_type=\"text-editor.default\">\n\t\t\t\t\t\t\t\t\t<p class=\"ds-markdown-paragraph\">D\u1ef1 \u00e1n n\u00e0y bao g\u1ed3m vi\u1ec7c tri\u1ec3n khai m\u1ed9t h\u1ec7 th\u1ed1ng r\u00e0o ch\u1eafn l\u0169 quy m\u00f4 l\u1edbn \u0111\u01b0\u1ee3c thi\u1ebft k\u1ebf ri\u00eang\u00a0<strong>807,2 m\u00e9t<\/strong>\u00a0d\u1ecdc theo s\u00f4ng Fuqing. Gi\u1ea3i ph\u00e1p \u0111\u01b0\u1ee3c thi\u1ebft k\u1ebf t\u1ec9 m\u1ec9 d\u1ef1a tr\u00ean c\u00e1c th\u00f4ng s\u1ed1 k\u1ef9 thu\u1eadt thi\u1ebft k\u1ebf chi ti\u1ebft \u0111\u1ec3 \u0111\u1ea3m b\u1ea3o hi\u1ec7u su\u1ea5t t\u1ed1i \u01b0u v\u00e0 t\u00ednh th\u1ea9m m\u1ef9.<\/p><p class=\"ds-markdown-paragraph\"><strong>Th\u00f4ng s\u1ed1 k\u1ef9 thu\u1eadt ch\u00ednh v\u00e0 chi ti\u1ebft t\u00f9y ch\u1ec9nh:<\/strong><\/p><ul><li><p class=\"ds-markdown-paragraph\"><strong>Khung c\u1ea5u tr\u00fac:<\/strong>\u00a0S\u1eed d\u1ee5ng c\u00e1c tr\u1ee5 trung gian (154*186*20) v\u00e0 tr\u1ee5 cu\u1ed1i (93*154*20). T\u1ea5t c\u1ea3 c\u00e1c tr\u1ee5 ch\u00ednh \u0111\u1ec1u \u0111\u01b0\u1ee3c s\u1ea3n xu\u1ea5t theo b\u1ea3n v\u1ebd CAD s\u1ea3n xu\u1ea5t, v\u1edbi kho\u1ea3ng c\u00e1ch t\u00e2m ti\u00eau chu\u1ea9n l\u00e0 3,0 m\u00e9t. H\u1ec7 th\u1ed1ng \u0111\u01b0\u1ee3c thi\u1ebft k\u1ebf kh\u00f4ng c\u00f3 gi\u1eb1ng ch\u00e9o \u0111\u1ec3 \u0111\u1ea3m b\u1ea3o m\u1eb7t c\u1eaft l\u1eafp \u0111\u1eb7t g\u1ecdn g\u00e0ng.<\/p><\/li><li><p class=\"ds-markdown-paragraph\"><strong>T\u1ea5m ch\u1eafn:<\/strong>\u00a0K\u1ebft h\u1ee3p c\u00e1c t\u1ea5m r\u1ed9ng 10 cm, v\u1edbi s\u1ed1 l\u01b0\u1ee3ng \u0111\u01b0\u1ee3c chia \u0111\u1ec1u gi\u1eefa \u0111\u1ed9 d\u00e0y th\u00e0nh 2,0 mm v\u00e0 2,5 mm theo danh s\u00e1ch v\u1ebd tay. Y\u00eau c\u1ea7u quan tr\u1ecdng l\u00e0 ph\u1ea3i b\u1ecbt k\u00edn ho\u00e0n to\u00e0n t\u1ea5t c\u1ea3 c\u00e1c \u0111\u1ea7u t\u1ea5m \u0111\u1ec3 che \u0111i \u0111\u1ed9 d\u00e0y, \u0111\u1ea3m b\u1ea3o h\u00ecnh th\u1ee9c \u0111\u1ed3ng nh\u1ea5t.<\/p><\/li><li><p class=\"ds-markdown-paragraph\"><strong>C\u00e1c th\u00e0nh ph\u1ea7n nh\u00fang:<\/strong>\u00a0T\u1ea5t c\u1ea3 c\u00e1c b\u1ed9 ph\u1eadn nh\u00fang \u0111\u1ec1u \u0111\u01b0\u1ee3c s\u1ea3n xu\u1ea5t theo b\u1ea3n v\u1ebd CAD s\u1ea3n xu\u1ea5t. Bao g\u1ed3m c\u00e1c t\u1ea5m \u0111\u1ecbnh v\u1ecb ti\u00eau chu\u1ea9n d\u00e0y 5 mm, \u0111\u01b0\u1ee3c b\u1ed5 sung th\u00eam 20 t\u1ea5m \u0111\u1ecbnh v\u1ecb d\u00e0y 20 mm \u0111\u01b0\u1ee3c ch\u1ebf t\u1ea1o \u0111\u1eb7c bi\u1ec7t \u0111\u1ec3 t\u1ea1o \u0111i\u1ec1u ki\u1ec7n thu\u1eadn l\u1ee3i v\u00e0 ch\u1ecbu \u0111\u01b0\u1ee3c c\u00e1c quy tr\u00ecnh ki\u1ec3m tra.<\/p><\/li><li><p class=\"ds-markdown-paragraph\"><strong>C\u1ea5u h\u00ecnh:<\/strong>\u00a0Chi\u1ec1u cao r\u00e0o ch\u1eafn v\u00e0 s\u1ed1 l\u01b0\u1ee3ng c\u1ee5 th\u1ec3 cho t\u1eebng c\u1ea5u h\u00ecnh \u0111\u01b0\u1ee3c x\u00e1c \u0111\u1ecbnh ch\u00ednh x\u00e1c b\u1eb1ng c\u00e1ch tham chi\u1ebfu ch\u00e9o gi\u1eefa b\u1ed1 c\u1ee5c PDF \u0111\u01b0\u1ee3c cung c\u1ea5p v\u00e0 danh s\u00e1ch v\u1ebd tay.<\/p><\/li><\/ul>\t\t\t\t\t\t\t\t<\/div>\n\t\t\t\t<\/div>\n\t\t<div class=\"elementor-element elementor-element-fcd54c9 e-con-full e-flex e-con e-child\" data-id=\"fcd54c9\" data-element_type=\"container\">\n\t\t\t\t<div class=\"elementor-element elementor-element-0d68d86 elementor-arrows-position-inside elementor-pagination-position-outside elementor-widget elementor-widget-image-carousel\" data-id=\"0d68d86\" data-element_type=\"widget\" data-settings=\"{&quot;slides_to_show&quot;:&quot;1&quot;,&quot;navigation&quot;:&quot;both&quot;,&quot;autoplay&quot;:&quot;yes&quot;,&quot;pause_on_hover&quot;:&quot;yes&quot;,&quot;pause_on_interaction&quot;:&quot;yes&quot;,&quot;autoplay_speed&quot;:5000,&quot;infinite&quot;:&quot;yes&quot;,&quot;effect&quot;:&quot;slide&quot;,&quot;speed&quot;:500}\" data-widget_type=\"image-carousel.default\">\n\t\t\t\t\t\t\t<div class=\"elementor-image-carousel-wrapper swiper\" role=\"region\" aria-roledescription=\"carousel\" aria-label=\"\u56fe\u50cf\u8f6e\u64ad\" dir=\"ltr\">\n\t\t\t<div class=\"elementor-image-carousel swiper-wrapper\" aria-live=\"off\">\n\t\t\t\t\t\t\t\t<div class=\"swiper-slide\" role=\"group\" aria-roledescription=\"slide\" aria-label=\"1 van 4\" data-no-translation-aria-label=\"\"><figure class=\"swiper-slide-inner\"><img decoding=\"async\" class=\"swiper-slide-image\" src=\"https:\/\/fb.railmk.com\/\/wp-content\/uploads\/photo\/project_19_1-1.jpg\" alt=\"project 19 1\" \/><\/figure><\/div><div class=\"swiper-slide\" role=\"group\" aria-roledescription=\"slide\" aria-label=\"2 van 4\" data-no-translation-aria-label=\"\"><figure class=\"swiper-slide-inner\"><img decoding=\"async\" class=\"swiper-slide-image\" src=\"https:\/\/fb.railmk.com\/\/wp-content\/uploads\/photo\/project_19_2.jpg\" alt=\"project 19 2\" \/><\/figure><\/div><div class=\"swiper-slide\" role=\"group\" aria-roledescription=\"slide\" aria-label=\"3 van 4\" data-no-translation-aria-label=\"\"><figure class=\"swiper-slide-inner\"><img decoding=\"async\" class=\"swiper-slide-image\" src=\"https:\/\/fb.railmk.com\/\/wp-content\/uploads\/photo\/project_19_3.jpg\" alt=\"project 19 3\" \/><\/figure><\/div><div class=\"swiper-slide\" role=\"group\" aria-roledescription=\"slide\" aria-label=\"4 van 4\" data-no-translation-aria-label=\"\"><figure class=\"swiper-slide-inner\"><img decoding=\"async\" class=\"swiper-slide-image\" src=\"https:\/\/fb.railmk.com\/\/wp-content\/uploads\/photo\/project_19_4.png\" alt=\"project 19 4\" \/><\/figure><\/div>\t\t\t<\/div>\n\t\t\t\t\t\t\t\t\t\t\t\t<div class=\"elementor-swiper-button elementor-swiper-button-prev\" role=\"button\" tabindex=\"0\">\n\t\t\t\t\t\t<svg aria-hidden=\"true\" class=\"e-font-icon-svg e-eicon-chevron-left\" viewbox=\"0 0 1000 1000\" xmlns=\"http:\/\/www.w3.org\/2000\/svg\"><path d=\"M646 125C629 125 613 133 604 142L308 442C296 454 292 471 292 487 292 504 296 521 308 533L604 854C617 867 629 875 646 875 663 875 679 871 692 858 704 846 713 829 713 812 713 796 708 779 692 767L438 487 692 225C700 217 708 204 708 187 708 171 704 154 692 142 675 129 663 125 646 125Z\"><\/path><\/svg>\t\t\t\t\t<\/div>\n\t\t\t\t\t<div class=\"elementor-swiper-button elementor-swiper-button-next\" role=\"button\" tabindex=\"0\">\n\t\t\t\t\t\t<svg aria-hidden=\"true\" class=\"e-font-icon-svg e-eicon-chevron-right\" viewbox=\"0 0 1000 1000\" xmlns=\"http:\/\/www.w3.org\/2000\/svg\"><path d=\"M696 533C708 521 713 504 713 487 713 471 708 454 696 446L400 146C388 133 375 125 354 125 338 125 325 129 313 142 300 154 292 171 292 187 292 204 296 221 308 233L563 492 304 771C292 783 288 800 288 817 288 833 296 850 308 863 321 871 338 875 354 875 371 875 388 867 400 854L696 533Z\"><\/path><\/svg>\t\t\t\t\t<\/div>\n\t\t\t\t\n\t\t\t\t\t\t\t\t\t<div class=\"swiper-pagination\"><\/div>\n\t\t\t\t\t\t\t\t\t<\/div>\n\t\t\t\t\t\t<\/div>\n\t\t\t\t<\/div>\n\t\t\t\t\t<\/div>\n\t\t\t\t<\/div>\n\t\t\t\t<\/div>","protected":false},"excerpt":{"rendered":"<p>Return Flood control project of Hushi Bridge section on the right bank of Huxi River This project involved the deployment [&hellip;]<\/p>","protected":false},"author":1,"featured_media":0,"parent":4103,"menu_order":0,"comment_status":"closed","ping_status":"closed","template":"","meta":{"site-sidebar-layout":"no-sidebar","site-content-layout":"","ast-site-content-layout":"full-width-container","site-content-style":"default","site-sidebar-style":"default","ast-global-header-display":"","ast-banner-title-visibility":"","ast-main-header-display":"","ast-hfb-above-header-display":"","ast-hfb-below-header-display":"","ast-hfb-mobile-header-display":"","site-post-title":"disabled","ast-breadcrumbs-content":"","ast-featured-img":"disabled","footer-sml-layout":"","theme-transparent-header-meta":"","adv-header-id-meta":"","stick-header-meta":"","header-above-stick-meta":"","header-main-stick-meta":"","header-below-stick-meta":"","astra-migrate-meta-layouts":"default","ast-page-background-enabled":"default","ast-page-background-meta":{"desktop":{"background-color":"var(--ast-global-color-4)","background-image":"","background-repeat":"repeat","background-position":"center center","background-size":"auto","background-attachment":"scroll","background-type":"","background-media":"","overlay-type":"","overlay-color":"","overlay-opacity":"","overlay-gradient":""},"tablet":{"background-color":"","background-image":"","background-repeat":"repeat","background-position":"center center","background-size":"auto","background-attachment":"scroll","background-type":"","background-media":"","overlay-type":"","overlay-color":"","overlay-opacity":"","overlay-gradient":""},"mobile":{"background-color":"","background-image":"","background-repeat":"repeat","background-position":"center center","background-size":"auto","background-attachment":"scroll","background-type":"","background-media":"","overlay-type":"","overlay-color":"","overlay-opacity":"","overlay-gradient":""}},"ast-content-background-meta":{"desktop":{"background-color":"var(--ast-global-color-5)","background-image":"","background-repeat":"repeat","background-position":"center center","background-size":"auto","background-attachment":"scroll","background-type":"","background-media":"","overlay-type":"","overlay-color":"","overlay-opacity":"","overlay-gradient":""},"tablet":{"background-color":"var(--ast-global-color-5)","background-image":"","background-repeat":"repeat","background-position":"center center","background-size":"auto","background-attachment":"scroll","background-type":"","background-media":"","overlay-type":"","overlay-color":"","overlay-opacity":"","overlay-gradient":""},"mobile":{"background-color":"var(--ast-global-color-5)","background-image":"","background-repeat":"repeat","background-position":"center center","background-size":"auto","background-attachment":"scroll","background-type":"","background-media":"","overlay-type":"","overlay-color":"","overlay-opacity":"","overlay-gradient":""}},"footnotes":""},"class_list":["post-4621","page","type-page","status-publish","hentry"],"_links":{"self":[{"href":"https:\/\/fb.railmk.com\/vi\/wp-json\/wp\/v2\/pages\/4621","targetHints":{"allow":["GET"]}}],"collection":[{"href":"https:\/\/fb.railmk.com\/vi\/wp-json\/wp\/v2\/pages"}],"about":[{"href":"https:\/\/fb.railmk.com\/vi\/wp-json\/wp\/v2\/types\/page"}],"author":[{"embeddable":true,"href":"https:\/\/fb.railmk.com\/vi\/wp-json\/wp\/v2\/users\/1"}],"replies":[{"embeddable":true,"href":"https:\/\/fb.railmk.com\/vi\/wp-json\/wp\/v2\/comments?post=4621"}],"version-history":[{"count":10,"href":"https:\/\/fb.railmk.com\/vi\/wp-json\/wp\/v2\/pages\/4621\/revisions"}],"predecessor-version":[{"id":4633,"href":"https:\/\/fb.railmk.com\/vi\/wp-json\/wp\/v2\/pages\/4621\/revisions\/4633"}],"up":[{"embeddable":true,"href":"https:\/\/fb.railmk.com\/vi\/wp-json\/wp\/v2\/pages\/4103"}],"wp:attachment":[{"href":"https:\/\/fb.railmk.com\/vi\/wp-json\/wp\/v2\/media?parent=4621"}],"curies":[{"name":"wp","href":"https:\/\/api.w.org\/{rel}","templated":true}]}}