{"id":4546,"date":"2025-11-08T12:43:40","date_gmt":"2025-11-08T04:43:40","guid":{"rendered":"https:\/\/fb.railmk.com\/?page_id=4546"},"modified":"2025-11-08T13:13:42","modified_gmt":"2025-11-08T05:13:42","slug":"cases_5","status":"publish","type":"page","link":"https:\/\/fb.railmk.com\/vi\/projects\/cases_5\/","title":{"rendered":"Specific Cases_5"},"content":{"rendered":"<div data-elementor-type=\"wp-page\" data-elementor-id=\"4546\" class=\"elementor elementor-4546\" data-elementor-post-type=\"page\">\n\t\t\t\t<div class=\"elementor-element elementor-element-f0a6d3f e-flex e-con-boxed e-con e-parent\" data-id=\"f0a6d3f\" data-element_type=\"container\">\n\t\t\t\t\t<div class=\"e-con-inner\">\n\t\t\t\t<div class=\"elementor-element elementor-element-5e6131a elementor-widget elementor-widget-button\" data-id=\"5e6131a\" data-element_type=\"widget\" data-widget_type=\"button.default\">\n\t\t\t\t\t\t\t\t\t\t<a class=\"elementor-button elementor-button-link elementor-size-sm\" href=\"\/vi\/projects\/\">\n\t\t\t\t\t\t<span class=\"elementor-button-content-wrapper\">\n\t\t\t\t\t\t<span class=\"elementor-button-icon\">\n\t\t\t\t<svg aria-hidden=\"true\" class=\"e-font-icon-svg e-fas-arrow-left\" viewbox=\"0 0 448 512\" xmlns=\"http:\/\/www.w3.org\/2000\/svg\"><path d=\"M257.5 445.1l-22.2 22.2c-9.4 9.4-24.6 9.4-33.9 0L7 273c-9.4-9.4-9.4-24.6 0-33.9L201.4 44.7c9.4-9.4 24.6-9.4 33.9 0l22.2 22.2c9.5 9.5 9.3 25-.4 34.3L136.6 216H424c13.3 0 24 10.7 24 24v32c0 13.3-10.7 24-24 24H136.6l120.5 114.8c9.8 9.3 10 24.8.4 34.3z\"><\/path><\/svg>\t\t\t<\/span>\n\t\t\t\t\t\t\t\t\t<span class=\"elementor-button-text\">Tr\u1ea3 l\u1ea1i<\/span>\n\t\t\t\t\t<\/span>\n\t\t\t\t\t<\/a>\n\t\t\t\t\t\t\t\t<\/div>\n\t\t\t\t\t<\/div>\n\t\t\t\t<\/div>\n\t\t<div class=\"elementor-element elementor-element-250098e e-flex e-con-boxed e-con e-parent\" data-id=\"250098e\" data-element_type=\"container\">\n\t\t\t\t\t<div class=\"e-con-inner\">\n\t\t<div class=\"elementor-element elementor-element-2d55af0 e-con-full e-flex e-con e-child\" data-id=\"2d55af0\" data-element_type=\"container\">\n\t\t\t\t<div class=\"elementor-element elementor-element-89fb71d elementor-widget elementor-widget-heading\" data-id=\"89fb71d\" data-element_type=\"widget\" data-widget_type=\"heading.default\">\n\t\t\t\t\t<h3 class=\"elementor-heading-title elementor-size-default\">C\u00f4ng ty Shanan<\/h3>\t\t\t\t<\/div>\n\t\t\t\t<div class=\"elementor-element elementor-element-8d86f54 elementor-widget elementor-widget-text-editor\" data-id=\"8d86f54\" data-element_type=\"widget\" data-widget_type=\"text-editor.default\">\n\t\t\t\t\t\t\t\t\t<div data-slate-node=\"element\"><span data-slate-node=\"text\"><span class=\"click-sent\" data-slate-leaf=\"true\" data-sent-id=\"eKnpoW80kB\" data-para-id=\"0\">\u0110\u1ec3 gi\u1ea3i quy\u1ebft nhu c\u1ea7u c\u1ee5 th\u1ec3 c\u1ee7a Shanan Inc. v\u1ec1 bi\u1ec7n ph\u00e1p b\u1ea3o v\u1ec7 ch\u1ed1ng l\u0169 \u0111\u00e1ng tin c\u1eady v\u00e0 b\u1ec1n b\u1ec9, ch\u00fang t\u00f4i \u0111\u00e3 thi\u1ebft k\u1ebf m\u1ed9t gi\u1ea3i ph\u00e1p r\u00e0o ch\u1eafn l\u0169 t\u00f9y ch\u1ec9nh s\u1eed d\u1ee5ng h\u1ee3p kim nh\u00f4m 6063.<\/span><\/span><\/div><div data-slate-node=\"element\">\u00a0<\/div><div data-slate-node=\"element\"><span data-slate-node=\"text\"><span class=\"\" data-slate-leaf=\"true\" data-sent-id=\"B4MYKGRQRe\" data-para-id=\"2\">N\u00f3 \u0111\u01b0\u1ee3c bi\u1ebft \u0111\u1ebfn v\u1edbi t\u00ednh to\u00e0n v\u1eb9n v\u1ec1 c\u1ea5u tr\u00fac v\u00e0 kh\u1ea3 n\u0103ng ch\u1ed1ng \u0103n m\u00f2n tuy\u1ec7t v\u1eddi.<\/span><\/span><span data-slate-node=\"text\"><span class=\"\" data-slate-leaf=\"true\" data-sent-id=\"VAJgErZ81z\" data-para-id=\"2\"> Th\u00e0nh ph\u1ea7n c\u1ed1t l\u00f5i c\u00f3 k\u00edch th\u01b0\u1edbc 40x2mm, thi\u1ebft k\u1ebf ch\u1eafc ch\u1eafn \u0111\u1ea3m b\u1ea3o t\u1ef7 l\u1ec7 \u0111\u1ed9 b\u1ec1n tr\u00ean tr\u1ecdng l\u01b0\u1ee3ng t\u1ed1i \u01b0u \u0111\u1ec3 gi\u1eef n\u01b0\u1edbc hi\u1ec7u qu\u1ea3 v\u00e0 tri\u1ec3n khai l\u00e2u d\u00e0i.<\/span><\/span><\/div><div data-slate-node=\"element\">\u00a0<\/div><div data-slate-node=\"element\" data-slate-fragment=\"JTVCJTdCJTIydHlwZSUyMiUzQSUyMnBhcmFncmFwaCUyMiUyQyUyMmNoaWxkcmVuJTIyJTNBJTVCJTdCJTIyaWQlMjIlM0ElMjJlS25wb1c4MGtCJTIyJTJDJTIycGFyYUlkeCUyMiUzQTAlMkMlMjJzcmMlMjIlM0ElMjJUbyUyMGFkZHJlc3MlMjBTaGFuYW4lMjBJbmMuJ3MlMjBzcGVjaWZpYyUyMG5lZWQlMjBmb3IlMjByZWxpYWJsZSUyMGFuZCUyMGR1cmFibGUlMjBmbG9vZCUyMHByb3RlY3Rpb24lMkMlMjB3ZSUyMGVuZ2luZWVyZWQlMjBhJTIwY3VzdG9taXplZCUyMGZsb29kJTIwYmFycmllciUyMHNvbHV0aW9uJTIwdXRpbGl6aW5nJTIwNjA2MyUyMGFsdW1pbnVtJTIwYWxsb3kuJTIyJTJDJTIyZHN0JTIyJTNBJTIyJUU0JUI4JUJBJUU0JUJBJTg2JUU2JUJCJUExJUU4JUI2JUIzU2hhbmFuJUU4JTgyJUExJUU0JUJCJUJEJUU2JTlDJTg5JUU5JTk5JTkwJUU1JTg1JUFDJUU1JThGJUI4JUU1JUFGJUI5JUU1JThGJUFGJUU5JTlEJUEwJUU1JTkyJThDJUU4JTgwJTkwJUU3JTk0JUE4JUU5JTk4JUIyJUU2JUI0JUFBJUU3JTlBJTg0JUU3JTg5JUI5JUU2JUFFJThBJUU5JTlDJTgwJUU2JUIxJTgyJUVGJUJDJThDJUU2JTg4JTkxJUU0JUJCJUFDJUU4JUFFJUJFJUU4JUFFJUExJUU0JUJBJTg2JUU0JUI4JTgwJUU3JUE3JThEJUU0JUJEJUJGJUU3JTk0JUE4NjA2MyVFOSU5MyU5RCVFNSU5MCU4OCVFOSU4NyU5MSVFNyU5QSU4NCVFNSVBRSU5QSVFNSU4OCVCNiVFOSU5OCVCMiVFNiVCNCVBQSVFNSVCMSU4RiVFOSU5QSU5QyVFOCVBNyVBMyVFNSU4NiVCMyVFNiU5NiVCOSVFNiVBMSU4OCVFMyU4MCU4MiUyMiUyQyUyMm1ldGFkYXRhJTIyJTNBJTIyJTIyJTJDJTIybWF0Y2hlcyUyMiUzQW51bGwlMkMlMjJ0cmFuc2xhdGVkQnklMjIlM0FudWxsJTJDJTIybWV0YURhdGElMjIlM0ElNUIlNUQlMkMlMjJ0ZXh0JTIyJTNBJTIyVG8lMjBhZGRyZXNzJTIwU2hhbmFuJTIwSW5jLidzJTIwc3BlY2lmaWMlMjBuZWVkJTIwZm9yJTIwcmVsaWFibGUlMjBhbmQlMjBkdXJhYmxlJTIwZmxvb2QlMjBwcm90ZWN0aW9uJTJDJTIwd2UlMjBlbmdpbmVlcmVkJTIwYSUyMGN1c3RvbWl6ZWQlMjBmbG9vZCUyMGJhcnJpZXIlMjBzb2x1dGlvbiUyMHV0aWxpemluZyUyMDYwNjMlMjBhbHVtaW51bSUyMGFsbG95LiUyMiU3RCU1RCU3RCUyQyU3QiUyMnR5cGUlMjIlM0ElMjJwYXJhZ3JhcGglMjIlMkMlMjJjaGlsZHJlbiUyMiUzQSU1QiU3QiUyMmlkJTIyJTNBJTIyVjd3cU41MjQ1ViUyMiUyQyUyMnBhcmFJZHglMjIlM0ExJTJDJTIyc3JjJTIyJTNBJTIyJTIyJTJDJTIyZHN0JTIyJTNBJTIyJTIyJTJDJTIybWV0YWRhdGElMjIlM0ElMjIlMjIlMkMlMjJtYXRjaGVzJTIyJTNBbnVsbCUyQyUyMnRyYW5zbGF0ZWRCeSUyMiUzQW51bGwlMkMlMjJtZXRhRGF0YSUyMiUzQSU1QiU1RCUyQyUyMnRleHQlMjIlM0ElMjIlMjIlN0QlNUQlN0QlMkMlN0IlMjJ0eXBlJTIyJTNBJTIycGFyYWdyYXBoJTIyJTJDJTIyY2hpbGRyZW4lMjIlM0ElNUIlN0IlMjJpZCUyMiUzQSUyMkI0TVlLR1JRUmUlMjIlMkMlMjJwYXJhSWR4JTIyJTNBMiUyQyUyMnNyYyUyMiUzQSUyMlRoYXQlMjB3YXMlMjBrbm93biUyMGZvciUyMGl0cyUyMGV4Y2VsbGVudCUyMHN0cnVjdHVyYWwlMjBpbnRlZ3JpdHklMjBhbmQlMjBjb3Jyb3Npb24lMjByZXNpc3RhbmNlLiUyMiUyQyUyMmRzdCUyMiUzQSUyMiVFNSVBRSU4MyVFNCVCQiVBNSVFNSU4NSVCNiVFNSU4NyVCQSVFOCU4OSVCMiVFNyU5QSU4NCVFNyVCQiU5MyVFNiU5RSU4NCVFNSVBRSU4QyVFNiU5NSVCNCVFNiU4MCVBNyVFNSU5MiU4QyVFOCU4MCU5MCVFOCU4NSU5MCVFOCU5QSU4MCVFNiU4MCVBNyVFOCU4MCU4QyVFOSU5NyVCQiVFNSU5MCU4RCVFMyU4MCU4MiUyMiUyQyUyMm1ldGFkYXRhJTIyJTNBJTIyJTIyJTJDJTIybWF0Y2hlcyUyMiUzQW51bGwlMkMlMjJ0cmFuc2xhdGVkQnklMjIlM0FudWxsJTJDJTIybWV0YURhdGElMjIlM0ElNUIlNUQlMkMlMjJ0ZXh0JTIyJTNBJTIyVGhhdCUyMHdhcyUyMGtub3duJTIwZm9yJTIwaXRzJTIwZXhjZWxsZW50JTIwc3RydWN0dXJhbCUyMGludGVncml0eSUyMGFuZCUyMGNvcnJvc2lvbiUyMHJlc2lzdGFuY2UuJTIyJTdEJTJDJTdCJTIyaWQlMjIlM0ElMjJWQUpnRXJaODF6JTIyJTJDJTIycGFyYUlkeCUyMiUzQTIlMkMlMjJzcmMlMjIlM0ElMjIlMjBUaGUlMjBjb3JlJTIwY29tcG9uZW50JTIwZmVhdHVyZXMlMjBhJTIwNDB4Mm1tJTIwcHJvZmlsZSUyQyUyMGElMjByb2J1c3QlMjBkZXNpZ24lMjB0aGF0JTIwZW5zdXJlcyUyMG9wdGltYWwlMjBzdHJlbmd0aC10by13ZWlnaHQlMjByYXRpbyUyMGZvciUyMGVmZmVjdGl2ZSUyMHdhdGVyJTIwcmV0ZW50aW9uJTIwYW5kJTIwbG9uZy10ZXJtJTIwZGVwbG95bWVudC4lMjIlMkMlMjJkc3QlMjIlM0ElMjIlRTYlQTAlQjglRTUlQkYlODMlRTklODMlQTglRTQlQkIlQjYlRTUlODUlQjclRTYlOUMlODk0MHgybW0lRTclOUElODQlRTglQkQlQUUlRTUlQkIlOTMlRUYlQkMlOEMlRTUlOUQlOUElRTUlOUIlQkElRTclOUElODQlRTglQUUlQkUlRTglQUUlQTElRTUlOEYlQUYlRTclQTElQUUlRTQlQkYlOUQlRTYlOUMlODAlRTQlQkQlQjMlRTclOUElODQlRTUlQkMlQkElRTUlQkElQTYlRTklODclOEQlRTklODclOEYlRTYlQUYlOTQlRUYlQkMlOEMlRTQlQkIlQTUlRTUlQUUlOUUlRTclOEUlQjAlRTYlOUMlODklRTYlOTUlODglRTclOUElODQlRTQlQkYlOUQlRTYlQjAlQjQlRTUlOTIlOEMlRTklOTUlQkYlRTYlOUMlOUYlRTklODMlQTglRTclQkQlQjIlRTMlODAlODIlMjIlMkMlMjJtZXRhZGF0YSUyMiUzQSUyMiUyMiUyQyUyMm1hdGNoZXMlMjIlM0FudWxsJTJDJTIydHJhbnNsYXRlZEJ5JTIyJTNBbnVsbCUyQyUyMm1ldGFEYXRhJTIyJTNBJTVCJTVEJTJDJTIydGV4dCUyMiUzQSUyMiUyMFRoZSUyMGNvcmUlMjBjb21wb25lbnQlMjBmZWF0dXJlcyUyMGElMjA0MHgybW0lMjBwcm9maWxlJTJDJTIwYSUyMHJvYnVzdCUyMGRlc2lnbiUyMHRoYXQlMjBlbnN1cmVzJTIwb3B0aW1hbCUyMHN0cmVuZ3RoLXRvLXdlaWdodCUyMHJhdGlvJTIwZm9yJTIwZWZmZWN0aXZlJTIwd2F0ZXIlMjByZXRlbnRpb24lMjBhbmQlMjBsb25nLXRlcm0lMjBkZXBsb3ltZW50LiUyMiU3RCU1RCU3RCUyQyU3QiUyMnR5cGUlMjIlM0ElMjJwYXJhZ3JhcGglMjIlMkMlMjJjaGlsZHJlbiUyMiUzQSU1QiU3QiUyMmlkJTIyJTNBJTIyZUdKZEViUDFMQiUyMiUyQyUyMnBhcmFJZHglMjIlM0EzJTJDJTIyc3JjJTIyJTNBJTIyJTIyJTJDJTIyZHN0JTIyJTNBJTIyJTIyJTJDJTIybWV0YWRhdGElMjIlM0ElMjIlMjIlMkMlMjJtYXRjaGVzJTIyJTNBbnVsbCUyQyUyMnRyYW5zbGF0ZWRCeSUyMiUzQW51bGwlMkMlMjJtZXRhRGF0YSUyMiUzQSU1QiU1RCUyQyUyMnRleHQlMjIlM0ElMjIlMjIlN0QlNUQlN0QlMkMlN0IlMjJ0eXBlJTIyJTNBJTIycGFyYWdyYXBoJTIyJTJDJTIyY2hpbGRyZW4lMjIlM0ElNUIlN0IlMjJpZCUyMiUzQSUyMmU2Ym1BUnlsZ2UlMjIlMkMlMjJwYXJhSWR4JTIyJTNBNCUyQyUyMnNyYyUyMiUzQSUyMlRoaXMlMjB0YWlsb3JlZCUyMHNvbHV0aW9uJTIwcHJvdmlkZWQlMjBTaGFuYW4lMjBJbmMuJTIwd2l0aCUyMGElMjByZWxpYWJsZSUyMGZsb29kJTIwcGFuZWwlMjBraXQlMjBzeXN0ZW0lMkMlMjB3aXRoJTIwdGhlJTIwc3VwZXJpb3IlMjBxdWFsaXR5JTIwb2YlMjBvdXIlMjBwcm9kdWN0cyUyMGVhcm5pbmclMjBmdWxsJTIwcmVjb2duaXRpb24lMjBmcm9tJTIwdGhlJTIwY2xpZW50LiUyMiUyQyUyMmRzdCUyMiUzQSUyMiVFOCVCRiU5OSVFNCVCOCU4MCVFOSU4NyU4RiVFOCVCQSVBQiVFNSVBRSU5QSVFNSU4OCVCNiVFNyU5QSU4NCVFOCVBNyVBMyVFNSU4NiVCMyVFNiU5NiVCOSVFNiVBMSU4OCVFNCVCOCVCQVNoYW5hbiVFOCU4MiVBMSVFNCVCQiVCRCVFNiU5QyU4OSVFOSU5OSU5MCVFNSU4NSVBQyVFNSU4RiVCOCVFNiU4RiU5MCVFNCVCRSU5QiVFNCVCQSU4NiVFNSU4RiVBRiVFOSU5RCVBMCVFNyU5QSU4NCVFOSU5OCVCMiVFNiVCNyVCOSVFOSU5RCVBMiVFNiU5RCVCRiVFNSVBNSU5NyVFNCVCQiVCNiVFNyVCMyVCQiVFNyVCQiU5RiVFRiVCQyU4QyVFNiU4OCU5MSVFNCVCQiVBQyVFNSU4RCU5MyVFOCVCNiU4QSVFNyU5QSU4NCVFNCVCQSVBNyVFNSU5MyU4MSVFOCVCNCVBOCVFOSU4NyU4RiVFOCVCNSVBMiVFNSVCRSU5NyVFNCVCQSU4NiVFNSVBRSVBMiVFNiU4OCVCNyVFNyU5QSU4NCVFNSU4NSU4NSVFNSU4OCU4NiVFOCVBRSVBNCVFNSU4RiVBRiVFMyU4MCU4MiUyMiUyQyUyMm1ldGFkYXRhJTIyJTNBJTIyJTIyJTJDJTIybWF0Y2hlcyUyMiUzQW51bGwlMkMlMjJ0cmFuc2xhdGVkQnklMjIlM0FudWxsJTJDJTIybWV0YURhdGElMjIlM0ElNUIlNUQlMkMlMjJ0ZXh0JTIyJTNBJTIyVGhpcyUyMHRhaWxvcmVkJTIwc29sdXRpb24lMjBwcm92aWRlZCUyMFNoYW5hbiUyMEluYy4lMjB3aXRoJTIwYSUyMHJlbGlhYmxlJTIwZmxvb2QlMjBwYW5lbCUyMGtpdCUyMHN5c3RlbSUyQyUyMHdpdGglMjB0aGUlMjBzdXBlcmlvciUyMHF1YWxpdHklMjBvZiUyMG91ciUyMHByb2R1Y3RzJTIwZWFybmluZyUyMGZ1bGwlMjByZWNvZ25pdGlvbiUyMGZyb20lMjB0aGUlMjBjbGllbnQuJTIyJTdEJTVEJTdEJTVE\"><span data-slate-node=\"text\"><span class=\"\" data-slate-leaf=\"true\" data-sent-id=\"e6bmARylge\" data-para-id=\"4\">Gi\u1ea3i ph\u00e1p ph\u00f9 h\u1ee3p n\u00e0y cung c\u1ea5p cho Shanan Inc. m\u1ed9t h\u1ec7 th\u1ed1ng b\u1ed9 t\u1ea5m ch\u1ed1ng l\u0169 \u0111\u00e1ng tin c\u1eady, v\u1edbi ch\u1ea5t l\u01b0\u1ee3ng v\u01b0\u1ee3t tr\u1ed9i c\u1ee7a s\u1ea3n ph\u1ea9m \u0111\u01b0\u1ee3c kh\u00e1ch h\u00e0ng c\u00f4ng nh\u1eadn ho\u00e0n to\u00e0n.<\/span><\/span><\/div>\t\t\t\t\t\t\t\t<\/div>\n\t\t\t\t<\/div>\n\t\t<div class=\"elementor-element elementor-element-f59711a e-con-full e-flex e-con e-child\" data-id=\"f59711a\" data-element_type=\"container\">\n\t\t\t\t<div class=\"elementor-element elementor-element-e788d69 elementor-arrows-position-inside elementor-pagination-position-outside elementor-widget elementor-widget-image-carousel\" data-id=\"e788d69\" data-element_type=\"widget\" data-settings=\"{&quot;slides_to_show&quot;:&quot;1&quot;,&quot;navigation&quot;:&quot;both&quot;,&quot;autoplay&quot;:&quot;yes&quot;,&quot;pause_on_hover&quot;:&quot;yes&quot;,&quot;pause_on_interaction&quot;:&quot;yes&quot;,&quot;autoplay_speed&quot;:5000,&quot;infinite&quot;:&quot;yes&quot;,&quot;effect&quot;:&quot;slide&quot;,&quot;speed&quot;:500}\" data-widget_type=\"image-carousel.default\">\n\t\t\t\t\t\t\t<div class=\"elementor-image-carousel-wrapper swiper\" role=\"region\" aria-roledescription=\"carousel\" aria-label=\"\u56fe\u50cf\u8f6e\u64ad\" dir=\"ltr\">\n\t\t\t<div class=\"elementor-image-carousel swiper-wrapper\" aria-live=\"off\">\n\t\t\t\t\t\t\t\t<div class=\"swiper-slide\" role=\"group\" aria-roledescription=\"slide\" aria-label=\"1 van 2\" data-no-translation-aria-label=\"\"><figure class=\"swiper-slide-inner\"><img decoding=\"async\" class=\"swiper-slide-image\" src=\"https:\/\/fb.railmk.com\/\/wp-content\/uploads\/photo\/project_5_1.jpg\" alt=\"project 5 1\" \/><\/figure><\/div><div class=\"swiper-slide\" role=\"group\" aria-roledescription=\"slide\" aria-label=\"2 van 2\" data-no-translation-aria-label=\"\"><figure class=\"swiper-slide-inner\"><img decoding=\"async\" class=\"swiper-slide-image\" src=\"http:\/\/fb.railmk.com\/\/wp-content\/uploads\/photo\/project_5_2-1.jpg\" alt=\"\" \/><\/figure><\/div>\t\t\t<\/div>\n\t\t\t\t\t\t\t\t\t\t\t\t<div class=\"elementor-swiper-button elementor-swiper-button-prev\" role=\"button\" tabindex=\"0\">\n\t\t\t\t\t\t<svg aria-hidden=\"true\" class=\"e-font-icon-svg e-eicon-chevron-left\" viewbox=\"0 0 1000 1000\" xmlns=\"http:\/\/www.w3.org\/2000\/svg\"><path d=\"M646 125C629 125 613 133 604 142L308 442C296 454 292 471 292 487 292 504 296 521 308 533L604 854C617 867 629 875 646 875 663 875 679 871 692 858 704 846 713 829 713 812 713 796 708 779 692 767L438 487 692 225C700 217 708 204 708 187 708 171 704 154 692 142 675 129 663 125 646 125Z\"><\/path><\/svg>\t\t\t\t\t<\/div>\n\t\t\t\t\t<div class=\"elementor-swiper-button elementor-swiper-button-next\" role=\"button\" tabindex=\"0\">\n\t\t\t\t\t\t<svg aria-hidden=\"true\" class=\"e-font-icon-svg e-eicon-chevron-right\" viewbox=\"0 0 1000 1000\" xmlns=\"http:\/\/www.w3.org\/2000\/svg\"><path d=\"M696 533C708 521 713 504 713 487 713 471 708 454 696 446L400 146C388 133 375 125 354 125 338 125 325 129 313 142 300 154 292 171 292 187 292 204 296 221 308 233L563 492 304 771C292 783 288 800 288 817 288 833 296 850 308 863 321 871 338 875 354 875 371 875 388 867 400 854L696 533Z\"><\/path><\/svg>\t\t\t\t\t<\/div>\n\t\t\t\t\n\t\t\t\t\t\t\t\t\t<div class=\"swiper-pagination\"><\/div>\n\t\t\t\t\t\t\t\t\t<\/div>\n\t\t\t\t\t\t<\/div>\n\t\t\t\t<\/div>\n\t\t\t\t\t<\/div>\n\t\t\t\t<\/div>\n\t\t\t\t<\/div>","protected":false},"excerpt":{"rendered":"<p>Return Shanan Inc. To address Shanan Inc.&#8217;s specific need for reliable and durable flood protection, we engineered a customized flood [&hellip;]<\/p>","protected":false},"author":1,"featured_media":0,"parent":4103,"menu_order":0,"comment_status":"closed","ping_status":"closed","template":"","meta":{"site-sidebar-layout":"no-sidebar","site-content-layout":"","ast-site-content-layout":"full-width-container","site-content-style":"default","site-sidebar-style":"default","ast-global-header-display":"","ast-banner-title-visibility":"","ast-main-header-display":"","ast-hfb-above-header-display":"","ast-hfb-below-header-display":"","ast-hfb-mobile-header-display":"","site-post-title":"disabled","ast-breadcrumbs-content":"","ast-featured-img":"disabled","footer-sml-layout":"","theme-transparent-header-meta":"","adv-header-id-meta":"","stick-header-meta":"","header-above-stick-meta":"","header-main-stick-meta":"","header-below-stick-meta":"","astra-migrate-meta-layouts":"default","ast-page-background-enabled":"default","ast-page-background-meta":{"desktop":{"background-color":"var(--ast-global-color-4)","background-image":"","background-repeat":"repeat","background-position":"center center","background-size":"auto","background-attachment":"scroll","background-type":"","background-media":"","overlay-type":"","overlay-color":"","overlay-opacity":"","overlay-gradient":""},"tablet":{"background-color":"","background-image":"","background-repeat":"repeat","background-position":"center center","background-size":"auto","background-attachment":"scroll","background-type":"","background-media":"","overlay-type":"","overlay-color":"","overlay-opacity":"","overlay-gradient":""},"mobile":{"background-color":"","background-image":"","background-repeat":"repeat","background-position":"center center","background-size":"auto","background-attachment":"scroll","background-type":"","background-media":"","overlay-type":"","overlay-color":"","overlay-opacity":"","overlay-gradient":""}},"ast-content-background-meta":{"desktop":{"background-color":"var(--ast-global-color-5)","background-image":"","background-repeat":"repeat","background-position":"center center","background-size":"auto","background-attachment":"scroll","background-type":"","background-media":"","overlay-type":"","overlay-color":"","overlay-opacity":"","overlay-gradient":""},"tablet":{"background-color":"var(--ast-global-color-5)","background-image":"","background-repeat":"repeat","background-position":"center center","background-size":"auto","background-attachment":"scroll","background-type":"","background-media":"","overlay-type":"","overlay-color":"","overlay-opacity":"","overlay-gradient":""},"mobile":{"background-color":"var(--ast-global-color-5)","background-image":"","background-repeat":"repeat","background-position":"center center","background-size":"auto","background-attachment":"scroll","background-type":"","background-media":"","overlay-type":"","overlay-color":"","overlay-opacity":"","overlay-gradient":""}},"footnotes":""},"class_list":["post-4546","page","type-page","status-publish","hentry"],"_links":{"self":[{"href":"https:\/\/fb.railmk.com\/vi\/wp-json\/wp\/v2\/pages\/4546","targetHints":{"allow":["GET"]}}],"collection":[{"href":"https:\/\/fb.railmk.com\/vi\/wp-json\/wp\/v2\/pages"}],"about":[{"href":"https:\/\/fb.railmk.com\/vi\/wp-json\/wp\/v2\/types\/page"}],"author":[{"embeddable":true,"href":"https:\/\/fb.railmk.com\/vi\/wp-json\/wp\/v2\/users\/1"}],"replies":[{"embeddable":true,"href":"https:\/\/fb.railmk.com\/vi\/wp-json\/wp\/v2\/comments?post=4546"}],"version-history":[{"count":10,"href":"https:\/\/fb.railmk.com\/vi\/wp-json\/wp\/v2\/pages\/4546\/revisions"}],"predecessor-version":[{"id":4560,"href":"https:\/\/fb.railmk.com\/vi\/wp-json\/wp\/v2\/pages\/4546\/revisions\/4560"}],"up":[{"embeddable":true,"href":"https:\/\/fb.railmk.com\/vi\/wp-json\/wp\/v2\/pages\/4103"}],"wp:attachment":[{"href":"https:\/\/fb.railmk.com\/vi\/wp-json\/wp\/v2\/media?parent=4546"}],"curies":[{"name":"wp","href":"https:\/\/api.w.org\/{rel}","templated":true}]}}