{"id":4435,"date":"2025-11-07T15:54:41","date_gmt":"2025-11-07T07:54:41","guid":{"rendered":"https:\/\/fb.railmk.com\/?page_id=4435"},"modified":"2025-11-08T10:56:16","modified_gmt":"2025-11-08T02:56:16","slug":"cases_2","status":"publish","type":"page","link":"https:\/\/fb.railmk.com\/vi\/projects\/cases_2\/","title":{"rendered":"Specific Cases_2"},"content":{"rendered":"<div data-elementor-type=\"wp-page\" data-elementor-id=\"4435\" class=\"elementor elementor-4435\" data-elementor-post-type=\"page\">\n\t\t\t\t<div class=\"elementor-element elementor-element-55bfb15 e-flex e-con-boxed e-con e-parent\" data-id=\"55bfb15\" data-element_type=\"container\">\n\t\t\t\t\t<div class=\"e-con-inner\">\n\t\t\t\t<div class=\"elementor-element elementor-element-f326c10 elementor-widget elementor-widget-button\" data-id=\"f326c10\" data-element_type=\"widget\" data-widget_type=\"button.default\">\n\t\t\t\t\t\t\t\t\t\t<a class=\"elementor-button elementor-button-link elementor-size-sm\" href=\"\/vi\/projects\/\">\n\t\t\t\t\t\t<span class=\"elementor-button-content-wrapper\">\n\t\t\t\t\t\t<span class=\"elementor-button-icon\">\n\t\t\t\t<svg aria-hidden=\"true\" class=\"e-font-icon-svg e-fas-arrow-left\" viewbox=\"0 0 448 512\" xmlns=\"http:\/\/www.w3.org\/2000\/svg\"><path d=\"M257.5 445.1l-22.2 22.2c-9.4 9.4-24.6 9.4-33.9 0L7 273c-9.4-9.4-9.4-24.6 0-33.9L201.4 44.7c9.4-9.4 24.6-9.4 33.9 0l22.2 22.2c9.5 9.5 9.3 25-.4 34.3L136.6 216H424c13.3 0 24 10.7 24 24v32c0 13.3-10.7 24-24 24H136.6l120.5 114.8c9.8 9.3 10 24.8.4 34.3z\"><\/path><\/svg>\t\t\t<\/span>\n\t\t\t\t\t\t\t\t\t<span class=\"elementor-button-text\">Tr\u1ea3 l\u1ea1i<\/span>\n\t\t\t\t\t<\/span>\n\t\t\t\t\t<\/a>\n\t\t\t\t\t\t\t\t<\/div>\n\t\t\t\t\t<\/div>\n\t\t\t\t<\/div>\n\t\t<div class=\"elementor-element elementor-element-f4149ed e-flex e-con-boxed e-con e-parent\" data-id=\"f4149ed\" data-element_type=\"container\">\n\t\t\t\t\t<div class=\"e-con-inner\">\n\t\t<div class=\"elementor-element elementor-element-6c3f387 e-con-full e-flex e-con e-child\" data-id=\"6c3f387\" data-element_type=\"container\">\n\t\t\t\t<div class=\"elementor-element elementor-element-ec4a129 elementor-widget elementor-widget-heading\" data-id=\"ec4a129\" data-element_type=\"widget\" data-widget_type=\"heading.default\">\n\t\t\t\t\t<h2 class=\"elementor-heading-title elementor-size-default\">C\u00f4ng ty Th\u1ee7y \u0111i\u1ec7n Huaneng T\u1ee9 Xuy\u00ean<\/h2>\t\t\t\t<\/div>\n\t\t\t\t<div class=\"elementor-element elementor-element-efb9ca9 elementor-widget elementor-widget-text-editor\" data-id=\"efb9ca9\" data-element_type=\"widget\" data-widget_type=\"text-editor.default\">\n\t\t\t\t\t\t\t\t\t<p class=\"ds-markdown-paragraph\">Danh m\u1ee5c \u0111\u1ea7u t\u01b0 n\u00e0y n\u00eau b\u1eadt c\u00e1c gi\u1ea3i ph\u00e1p b\u1ea3o v\u1ec7 ch\u1ed1ng l\u0169 l\u1ee5t ph\u00f9 h\u1ee3p c\u1ee7a ch\u00fang t\u00f4i d\u00e0nh cho hai c\u01a1 s\u1edf th\u1ee7y \u0111i\u1ec7n quan tr\u1ecdng thu\u1ed9c T\u1ee9 Xuy\u00ean Huaneng.<\/p><ul><li><p class=\"ds-markdown-paragraph\"><strong>D\u1ef1 \u00e1n 1: Nh\u00e0 m\u00e1y th\u1ee7y \u0111i\u1ec7n T\u1ee9 Xuy\u00ean Huaneng Fujiang<\/strong><br \/>M\u1ed9t s\u1ef1 m\u1ea1nh m\u1ebd\u00a0<strong>R\u00e0o ch\u1eafn l\u0169 cao 2,6 m\u00e9t<\/strong>\u00a0\u0111\u00e3 \u0111\u01b0\u1ee3c l\u1eafp \u0111\u1eb7t, bao ph\u1ee7 to\u00e0n b\u1ed9 khu v\u1ef1c \u0111\u01b0\u1ee3c b\u1ea3o v\u1ec7\u00a0<strong>184 m\u00e9t vu\u00f4ng<\/strong>H\u1ec7 th\u1ed1ng n\u00e0y \u0111\u01b0\u1ee3c thi\u1ebft k\u1ebf \u0111\u1ec3 b\u1ea3o v\u1ec7 c\u01a1 s\u1edf h\u1ea1 t\u1ea7ng quan tr\u1ecdng c\u1ee7a nh\u00e0 m\u00e1y kh\u1ecfi d\u00f2ng n\u01b0\u1edbc ch\u1ea3y xi\u1ebft, \u0111\u1ea3m b\u1ea3o an to\u00e0n v\u00e0 ho\u1ea1t \u0111\u1ed9ng li\u00ean t\u1ee5c c\u1ee7a c\u01a1 s\u1edf trong c\u00e1c tr\u01b0\u1eddng h\u1ee3p l\u0169 l\u1ee5t nghi\u00eam tr\u1ecdng.<\/p><\/li><li><p class=\"ds-markdown-paragraph\"><strong>D\u1ef1 \u00e1n 2: Nh\u00e0 m\u00e1y th\u1ee7y \u0111i\u1ec7n s\u00f4ng Baoxing, T\u1ee9 Xuy\u00ean<\/strong><br \/>\u0110\u1ed1i v\u1edbi v\u1ecb tr\u00ed n\u00e0y, ch\u00fang t\u00f4i \u0111\u00e3 th\u1ef1c hi\u1ec7n m\u1ed9t\u00a0<strong>R\u00e0o ch\u1eafn l\u0169 cao 1,8 m\u00e9t<\/strong>, c\u0169ng bao g\u1ed3m\u00a0<strong>184 m\u00e9t vu\u00f4ng<\/strong>Gi\u1ea3i ph\u00e1p n\u00e0y cung c\u1ea5p kh\u1ea3 n\u0103ng ph\u00f2ng th\u1ee7 nhanh ch\u00f3ng, c\u01b0\u1eddng \u0111\u1ed9 cao, gi\u1ea3m thi\u1ec3u hi\u1ec7u qu\u1ea3 r\u1ee7i ro l\u0169 l\u1ee5t cho c\u00e1c thi\u1ebft b\u1ecb v\u00e0 \u0111i\u1ec3m truy c\u1eadp thi\u1ebft y\u1ebfu, do \u0111\u00f3 \u0111\u1ea3m b\u1ea3o kh\u1ea3 n\u0103ng ph\u1ee5c h\u1ed3i ho\u1ea1t \u0111\u1ed9ng.<\/p><\/li><\/ul><p class=\"ds-markdown-paragraph\">Trong c\u1ea3 hai d\u1ef1 \u00e1n, c\u00e1c t\u1ea5m h\u1ee3p kim nh\u00f4m \u0111\u01b0\u1ee3c thi\u1ebft k\u1ebf ri\u00eang c\u1ee7a ch\u00fang t\u00f4i mang l\u1ea1i s\u1ef1 k\u1ebft h\u1ee3p gi\u1eefa \u0111\u1ed9 b\u1ec1n v\u01b0\u1ee3t tr\u1ed9i, tri\u1ec3n khai nhanh ch\u00f3ng v\u00e0 kh\u1ea3 n\u0103ng b\u1ecbt k\u00edn \u0111\u00e1ng tin c\u1eady, mang \u0111\u1ebfn cho kh\u00e1ch h\u00e0ng kho\u1ea3n \u0111\u1ea7u t\u01b0 \u0111\u00e1ng tin c\u1eady v\u00e0 l\u00e2u d\u00e0i v\u00e0o c\u00f4ng t\u00e1c ph\u00f2ng ch\u1ed1ng thi\u00ean tai.<\/p>\t\t\t\t\t\t\t\t<\/div>\n\t\t\t\t<\/div>\n\t\t<div class=\"elementor-element elementor-element-7cd568c e-con-full e-flex e-con e-child\" data-id=\"7cd568c\" data-element_type=\"container\">\n\t\t\t\t<div class=\"elementor-element elementor-element-0edfd27 elementor-arrows-position-inside elementor-pagination-position-outside elementor-widget elementor-widget-image-carousel\" data-id=\"0edfd27\" data-element_type=\"widget\" data-settings=\"{&quot;slides_to_show&quot;:&quot;1&quot;,&quot;navigation&quot;:&quot;both&quot;,&quot;autoplay&quot;:&quot;yes&quot;,&quot;pause_on_hover&quot;:&quot;yes&quot;,&quot;pause_on_interaction&quot;:&quot;yes&quot;,&quot;autoplay_speed&quot;:5000,&quot;infinite&quot;:&quot;yes&quot;,&quot;effect&quot;:&quot;slide&quot;,&quot;speed&quot;:500}\" data-widget_type=\"image-carousel.default\">\n\t\t\t\t\t\t\t<div class=\"elementor-image-carousel-wrapper swiper\" role=\"region\" aria-roledescription=\"carousel\" aria-label=\"\u56fe\u50cf\u8f6e\u64ad\" dir=\"ltr\">\n\t\t\t<div class=\"elementor-image-carousel swiper-wrapper\" aria-live=\"off\">\n\t\t\t\t\t\t\t\t<div class=\"swiper-slide\" role=\"group\" aria-roledescription=\"slide\" aria-label=\"1 van 3\" data-no-translation-aria-label=\"\"><figure class=\"swiper-slide-inner\"><img decoding=\"async\" class=\"swiper-slide-image\" src=\"https:\/\/fb.railmk.com\/\/wp-content\/uploads\/photo\/project_2.jpg\" alt=\"project 2\" \/><\/figure><\/div><div class=\"swiper-slide\" role=\"group\" aria-roledescription=\"slide\" aria-label=\"2 van 3\" data-no-translation-aria-label=\"\"><figure class=\"swiper-slide-inner\"><img decoding=\"async\" class=\"swiper-slide-image\" src=\"https:\/\/fb.railmk.com\/\/wp-content\/uploads\/photo\/project_2_3.png\" alt=\"project 2 3\" \/><\/figure><\/div><div class=\"swiper-slide\" role=\"group\" aria-roledescription=\"slide\" aria-label=\"3 van 3\" data-no-translation-aria-label=\"\"><figure class=\"swiper-slide-inner\"><img decoding=\"async\" class=\"swiper-slide-image\" src=\"https:\/\/fb.railmk.com\/\/wp-content\/uploads\/photo\/project_2_2.png\" alt=\"project 2 2\" \/><\/figure><\/div>\t\t\t<\/div>\n\t\t\t\t\t\t\t\t\t\t\t\t<div class=\"elementor-swiper-button elementor-swiper-button-prev\" role=\"button\" tabindex=\"0\">\n\t\t\t\t\t\t<svg aria-hidden=\"true\" class=\"e-font-icon-svg e-eicon-chevron-left\" viewbox=\"0 0 1000 1000\" xmlns=\"http:\/\/www.w3.org\/2000\/svg\"><path d=\"M646 125C629 125 613 133 604 142L308 442C296 454 292 471 292 487 292 504 296 521 308 533L604 854C617 867 629 875 646 875 663 875 679 871 692 858 704 846 713 829 713 812 713 796 708 779 692 767L438 487 692 225C700 217 708 204 708 187 708 171 704 154 692 142 675 129 663 125 646 125Z\"><\/path><\/svg>\t\t\t\t\t<\/div>\n\t\t\t\t\t<div class=\"elementor-swiper-button elementor-swiper-button-next\" role=\"button\" tabindex=\"0\">\n\t\t\t\t\t\t<svg aria-hidden=\"true\" class=\"e-font-icon-svg e-eicon-chevron-right\" viewbox=\"0 0 1000 1000\" xmlns=\"http:\/\/www.w3.org\/2000\/svg\"><path d=\"M696 533C708 521 713 504 713 487 713 471 708 454 696 446L400 146C388 133 375 125 354 125 338 125 325 129 313 142 300 154 292 171 292 187 292 204 296 221 308 233L563 492 304 771C292 783 288 800 288 817 288 833 296 850 308 863 321 871 338 875 354 875 371 875 388 867 400 854L696 533Z\"><\/path><\/svg>\t\t\t\t\t<\/div>\n\t\t\t\t\n\t\t\t\t\t\t\t\t\t<div class=\"swiper-pagination\"><\/div>\n\t\t\t\t\t\t\t\t\t<\/div>\n\t\t\t\t\t\t<\/div>\n\t\t\t\t<\/div>\n\t\t\t\t\t<\/div>\n\t\t\t\t<\/div>\n\t\t\t\t<\/div>","protected":false},"excerpt":{"rendered":"<p>Return Huaneng Sichuan Hydropower Company This portfolio highlights our tailored flood protection solutions for two critical hydropower facilities under Sichuan [&hellip;]<\/p>","protected":false},"author":1,"featured_media":0,"parent":4103,"menu_order":0,"comment_status":"closed","ping_status":"closed","template":"","meta":{"site-sidebar-layout":"no-sidebar","site-content-layout":"","ast-site-content-layout":"full-width-container","site-content-style":"default","site-sidebar-style":"default","ast-global-header-display":"","ast-banner-title-visibility":"","ast-main-header-display":"","ast-hfb-above-header-display":"","ast-hfb-below-header-display":"","ast-hfb-mobile-header-display":"","site-post-title":"disabled","ast-breadcrumbs-content":"","ast-featured-img":"disabled","footer-sml-layout":"","theme-transparent-header-meta":"","adv-header-id-meta":"","stick-header-meta":"","header-above-stick-meta":"","header-main-stick-meta":"","header-below-stick-meta":"","astra-migrate-meta-layouts":"default","ast-page-background-enabled":"default","ast-page-background-meta":{"desktop":{"background-color":"var(--ast-global-color-4)","background-image":"","background-repeat":"repeat","background-position":"center center","background-size":"auto","background-attachment":"scroll","background-type":"","background-media":"","overlay-type":"","overlay-color":"","overlay-opacity":"","overlay-gradient":""},"tablet":{"background-color":"","background-image":"","background-repeat":"repeat","background-position":"center center","background-size":"auto","background-attachment":"scroll","background-type":"","background-media":"","overlay-type":"","overlay-color":"","overlay-opacity":"","overlay-gradient":""},"mobile":{"background-color":"","background-image":"","background-repeat":"repeat","background-position":"center center","background-size":"auto","background-attachment":"scroll","background-type":"","background-media":"","overlay-type":"","overlay-color":"","overlay-opacity":"","overlay-gradient":""}},"ast-content-background-meta":{"desktop":{"background-color":"var(--ast-global-color-5)","background-image":"","background-repeat":"repeat","background-position":"center center","background-size":"auto","background-attachment":"scroll","background-type":"","background-media":"","overlay-type":"","overlay-color":"","overlay-opacity":"","overlay-gradient":""},"tablet":{"background-color":"var(--ast-global-color-5)","background-image":"","background-repeat":"repeat","background-position":"center center","background-size":"auto","background-attachment":"scroll","background-type":"","background-media":"","overlay-type":"","overlay-color":"","overlay-opacity":"","overlay-gradient":""},"mobile":{"background-color":"var(--ast-global-color-5)","background-image":"","background-repeat":"repeat","background-position":"center center","background-size":"auto","background-attachment":"scroll","background-type":"","background-media":"","overlay-type":"","overlay-color":"","overlay-opacity":"","overlay-gradient":""}},"footnotes":""},"class_list":["post-4435","page","type-page","status-publish","hentry"],"_links":{"self":[{"href":"https:\/\/fb.railmk.com\/vi\/wp-json\/wp\/v2\/pages\/4435","targetHints":{"allow":["GET"]}}],"collection":[{"href":"https:\/\/fb.railmk.com\/vi\/wp-json\/wp\/v2\/pages"}],"about":[{"href":"https:\/\/fb.railmk.com\/vi\/wp-json\/wp\/v2\/types\/page"}],"author":[{"embeddable":true,"href":"https:\/\/fb.railmk.com\/vi\/wp-json\/wp\/v2\/users\/1"}],"replies":[{"embeddable":true,"href":"https:\/\/fb.railmk.com\/vi\/wp-json\/wp\/v2\/comments?post=4435"}],"version-history":[{"count":28,"href":"https:\/\/fb.railmk.com\/vi\/wp-json\/wp\/v2\/pages\/4435\/revisions"}],"predecessor-version":[{"id":4514,"href":"https:\/\/fb.railmk.com\/vi\/wp-json\/wp\/v2\/pages\/4435\/revisions\/4514"}],"up":[{"embeddable":true,"href":"https:\/\/fb.railmk.com\/vi\/wp-json\/wp\/v2\/pages\/4103"}],"wp:attachment":[{"href":"https:\/\/fb.railmk.com\/vi\/wp-json\/wp\/v2\/media?parent=4435"}],"curies":[{"name":"wp","href":"https:\/\/api.w.org\/{rel}","templated":true}]}}