{"id":16,"date":"2025-09-18T11:33:28","date_gmt":"2025-09-18T03:33:28","guid":{"rendered":"http:\/\/fb.railmk.com\/contact\/"},"modified":"2025-10-29T16:50:49","modified_gmt":"2025-10-29T08:50:49","slug":"contact","status":"publish","type":"page","link":"https:\/\/fb.railmk.com\/vi\/contact\/","title":{"rendered":"Li\u00ean h\u1ec7"},"content":{"rendered":"<div data-elementor-type=\"wp-page\" data-elementor-id=\"16\" class=\"elementor elementor-16\" data-elementor-post-type=\"page\">\n\t\t\t\t<div class=\"elementor-element elementor-element-4ba90d4 e-flex e-con-boxed e-con e-parent\" data-id=\"4ba90d4\" data-element_type=\"container\" data-settings=\"{&quot;shape_divider_bottom&quot;:&quot;waves&quot;}\">\n\t\t\t\t\t<div class=\"e-con-inner\">\n\t\t\t\t<div class=\"elementor-shape elementor-shape-bottom\" aria-hidden=\"true\" data-negative=\"false\">\n\t\t\t<svg xmlns=\"http:\/\/www.w3.org\/2000\/svg\" viewbox=\"0 0 1000 100\" preserveaspectratio=\"none\">\n\t<path class=\"elementor-shape-fill\" d=\"M421.9,6.5c22.6-2.5,51.5,0.4,75.5,5.3c23.6,4.9,70.9,23.5,100.5,35.7c75.8,32.2,133.7,44.5,192.6,49.7\tc23.6,2.1,48.7,3.5,103.4-2.5c54.7-6,106.2-25.6,106.2-25.6V0H0v30.3c0,0,72,32.6,158.4,30.5c39.2-0.7,92.8-6.7,134-22.4\tc21.2-8.1,52.2-18.2,79.7-24.2C399.3,7.9,411.6,7.5,421.9,6.5z\"\/>\n<\/svg>\t\t<\/div>\n\t\t<div class=\"elementor-element elementor-element-8a24dfa e-con-full e-flex e-con e-child\" data-id=\"8a24dfa\" data-element_type=\"container\">\n\t\t\t\t<div class=\"elementor-element elementor-element-fb9b4aa elementor-widget elementor-widget-heading\" data-id=\"fb9b4aa\" data-element_type=\"widget\" data-widget_type=\"heading.default\">\n\t\t\t\t\t<h2 class=\"elementor-heading-title elementor-size-default\">B\u1ea5t k\u1ec3 b\u1ea1n c\u00f3 \u00fd t\u01b0\u1edfng g\u00ec, ch\u00fang t\u00f4i \u0111\u1ec1u c\u00f3 th\u1ec3 h\u1ed7 tr\u1ee3 \u0111\u1ec3 bi\u1ebfn n\u00f3 th\u00e0nh hi\u1ec7n th\u1ef1c.<\/h2>\t\t\t\t<\/div>\n\t\t\t\t<div class=\"elementor-element elementor-element-48ee133 elementor-widget elementor-widget-text-editor\" data-id=\"48ee133\" data-element_type=\"widget\" data-widget_type=\"text-editor.default\">\n\t\t\t\t\t\t\t\t\t<p>N\u1ebfu b\u1ea1n c\u00f3 th\u1eafc m\u1eafc, c\u1ea7n b\u00e1o gi\u00e1, mu\u1ed1n \u0111\u1eb7t l\u1ecbch t\u01b0 v\u1ea5n, ho\u1eb7c th\u1eadm ch\u00ed c\u00f3 \u00fd t\u01b0\u1edfng n\u00e0o \u0111\u00f3, ch\u1ec9 c\u1ea7n m\u1ed9t cu\u1ed9c g\u1ecdi ho\u1eb7c tin nh\u1eafn l\u00e0 b\u1ea1n c\u00f3 th\u1ec3 li\u00ean h\u1ec7 v\u1edbi ch\u00fang t\u00f4i. Ch\u00fang t\u00f4i s\u1ebd thi\u1ebft k\u1ebf d\u1ef1a tr\u00ean \u00fd t\u01b0\u1edfng c\u1ee7a b\u1ea1n, \u0111\u01b0a ra c\u00e1c l\u1ef1a ch\u1ecdn cho \u0111\u1ebfn khi b\u1ea1n ho\u00e0n to\u00e0n h\u00e0i l\u00f2ng.<\/p>\t\t\t\t\t\t\t\t<\/div>\n\t\t\t\t<\/div>\n\t\t<div class=\"elementor-element elementor-element-3b13edb e-con-full e-flex e-con e-child\" data-id=\"3b13edb\" data-element_type=\"container\">\n\t\t\t\t<div class=\"elementor-element elementor-element-b908d1d elementor-widget elementor-widget-image\" data-id=\"b908d1d\" data-element_type=\"widget\" data-widget_type=\"image.default\">\n\t\t\t\t\t\t\t\t\t\t\t\t\t\t\t<img decoding=\"async\" src=\"https:\/\/fb.railmk.com\/wp-content\/uploads\/photo\/cont1.jpg\" title=\"\" alt=\"\" loading=\"lazy\" \/>\t\t\t\t\t\t\t\t\t\t\t\t\t\t\t<\/div>\n\t\t\t\t<\/div>\n\t\t\t\t\t<\/div>\n\t\t\t\t<\/div>\n\t\t<div class=\"elementor-element elementor-element-310f7aa e-flex e-con-boxed e-con e-parent\" data-id=\"310f7aa\" data-element_type=\"container\" data-settings=\"{&quot;background_background&quot;:&quot;classic&quot;}\">\n\t\t\t\t\t<div class=\"e-con-inner\">\n\t\t<div class=\"elementor-element elementor-element-6e36b26 e-con-full e-flex e-con e-child\" data-id=\"6e36b26\" data-element_type=\"container\" id=\"from-1\" data-settings=\"{&quot;background_background&quot;:&quot;classic&quot;}\">\n\t\t\t\t<div class=\"elementor-element elementor-element-0af44a6 elementor-widget elementor-widget-wpforms\" data-id=\"0af44a6\" data-element_type=\"widget\" data-widget_type=\"wpforms.default\">\n\t\t\t\t<div class=\"elementor-widget-container\">\n\t\t\t\t\t<div class=\"wpforms-container wpforms-container-full wpforms-render-modern\" id=\"wpforms-3169\"><form id=\"wpforms-form-3169\" class=\"wpforms-validate wpforms-form wpforms-ajax-form\" data-formid=\"3169\" method=\"post\" enctype=\"multipart\/form-data\" action=\"\/vi\/wp-json\/wp\/v2\/pages\/16\" data-token=\"a3305f470858fe4d8006176ac9c1187d\" data-token-time=\"1776770666\" data-trp-original-action=\"\/vi\/wp-json\/wp\/v2\/pages\/16\"><noscript class=\"wpforms-error-noscript\">Vui l\u00f2ng b\u1eadt JavaScript trong tr\u00ecnh duy\u1ec7t c\u1ee7a b\u1ea1n \u0111\u1ec3 ho\u00e0n th\u00e0nh Form n\u00e0y.<\/noscript><div id=\"wpforms-error-noscript\" style=\"display: none;\">Vui l\u00f2ng b\u1eadt JavaScript trong tr\u00ecnh duy\u1ec7t c\u1ee7a b\u1ea1n \u0111\u1ec3 ho\u00e0n th\u00e0nh Form n\u00e0y.<\/div><div class=\"wpforms-field-container\"><div id=\"wpforms-3169-field_1-container\" class=\"wpforms-field wpforms-field-text\" data-field-id=\"1\"><label class=\"wpforms-field-label\" for=\"wpforms-3169-field_1\">T\u00ean c\u1ee7a b\u1ea1n <span class=\"wpforms-required-label\" aria-hidden=\"true\">*<\/span><\/label><input type=\"text\" id=\"wpforms-3169-field_1\" class=\"wpforms-field-medium wpforms-field-required\" name=\"wpforms[fields][1]\" aria-errormessage=\"wpforms-3169-field_1-error\" required><\/div><div id=\"wpforms-3169-field_3-container\" class=\"wpforms-field wpforms-field-email\" data-field-id=\"3\"><label class=\"wpforms-field-label\" for=\"wpforms-3169-field_3\">Email c\u1ee7a b\u1ea1n <span class=\"wpforms-required-label\" aria-hidden=\"true\">*<\/span><\/label><input type=\"email\" id=\"wpforms-3169-field_3\" class=\"wpforms-field-medium wpforms-field-required\" name=\"wpforms[fields][3]\" spellcheck=\"false\" aria-errormessage=\"wpforms-3169-field_3-error\" aria-describedby=\"wpforms-3169-field_3-description\" required><div id=\"wpforms-3169-field_3-description\" class=\"wpforms-field-description\">Vui l\u00f2ng ki\u1ec3m tra email c\u1ee7a b\u1ea1n \u2014 ch\u00fang t\u00f4i kh\u00f4ng mu\u1ed1n b\u1ecf l\u1ee1 c\u01a1 h\u1ed9i gi\u1eef li\u00ean l\u1ea1c v\u1edbi b\u1ea1n.<\/div><\/div>\t\t<div id=\"wpforms-3169-field_4-container\"\n\t\t\tclass=\"wpforms-field wpforms-field-text\"\n\t\t\tdata-field-type=\"text\"\n\t\t\tdata-field-id=\"4\"\n\t\t\t>\n\t\t\t<label class=\"wpforms-field-label\" for=\"wpforms-3169-field_4\" >Email c\u1ee7a b\u1ea1n<\/label>\n\t\t\t<input type=\"text\" id=\"wpforms-3169-field_4\" class=\"wpforms-field-medium\" name=\"wpforms[fields][4]\" >\n\t\t<\/div>\n\t\t<div id=\"wpforms-3169-field_2-container\" class=\"wpforms-field wpforms-field-textarea\" data-field-id=\"2\"><label class=\"wpforms-field-label\" for=\"wpforms-3169-field_2\">Tin nh\u1eafn c\u1ee7a b\u1ea1n<\/label><textarea id=\"wpforms-3169-field_2\" class=\"wpforms-field-medium\" name=\"wpforms[fields][2]\" aria-errormessage=\"wpforms-3169-field_2-error\" aria-describedby=\"wpforms-3169-field_2-description\" ><\/textarea><div id=\"wpforms-3169-field_2-description\" class=\"wpforms-field-description\">B\u1ea1n c\u00f3 th\u1ec3 th\u00f4ng b\u00e1o cho ch\u00fang t\u00f4i t\u1ea1i \u0111\u00e2y v\u1ec1 c\u00e1c t\u00ecnh hu\u1ed1ng c\u1ee5 th\u1ec3 m\u00e0 b\u1ea1n mu\u1ed1n s\u1eed d\u1ee5ng d\u1ecbch v\u1ee5 c\u1ee7a ch\u00fang t\u00f4i ho\u1eb7c cho ch\u00fang t\u00f4i bi\u1ebft th\u00f4ng tin b\u1ed5 sung n\u00e0o v\u1ec1 ch\u00fang t\u00f4i m\u00e0 b\u1ea1n mu\u1ed1n t\u00ecm hi\u1ec3u.<\/div><\/div><script>\n\t\t\t\t( function() {\n\t\t\t\t\tconst style = document.createElement( 'style' );\n\t\t\t\t\tstyle.appendChild( document.createTextNode( '#wpforms-3169-field_4-container { position: absolute !important; overflow: hidden !important; display: inline !important; height: 1px !important; width: 1px !important; z-index: -1000 !important; padding: 0 !important; } #wpforms-3169-field_4-container input { visibility: hidden; } #wpforms-conversational-form-page #wpforms-3169-field_4-container label { counter-increment: none; }' ) );\n\t\t\t\t\tdocument.head.appendChild( style );\n\t\t\t\t\tdocument.currentScript?.remove();\n\t\t\t\t} )();\n\t\t\t<\/script><\/div><!-- .wpforms-field-container --><input type=\"hidden\" name=\"php_start_time\" value=\"1776770665.673\" \/><input type=\"hidden\" name=\"js_end_time\" class=\"js_end_time\" value=\"\" \/><input type=\"hidden\" name=\"js_start_time\" class=\"js_start_time\" value=\"\" \/><div class=\"wpforms-recaptcha-container wpforms-is-turnstile\" ><div class=\"g-recaptcha\" data-sitekey=\"0x4AAAAAAB9CX_yXK1xuupry\" data-action=\"FormID-3169\"><\/div><input type=\"text\" name=\"g-recaptcha-hidden\" class=\"wpforms-recaptcha-hidden\" style=\"position:absolute!important;clip:rect(0,0,0,0)!important;height:1px!important;width:1px!important;border:0!important;overflow:hidden!important;padding:0!important;margin:0!important;\" data-rule-turnstile=\"1\"><\/div><div class=\"wpforms-submit-container\" ><input type=\"hidden\" name=\"wpforms[id]\" value=\"3169\"><input type=\"hidden\" name=\"page_title\" value=\"\"><input type=\"hidden\" name=\"page_url\" value=\"https:\/\/fb.railmk.com\/vi\/wp-json\/wp\/v2\/pages\/16\"><input type=\"hidden\" name=\"url_referer\" value=\"\"><button type=\"submit\" name=\"wpforms[submit]\" id=\"wpforms-submit-3169\" class=\"wpforms-submit\" data-alt-text=\"\u53d1\u9001\u4e2d\u2026\" data-submit-text=\"Submit\" aria-live=\"assertive\" value=\"wpforms-submit\">N\u1ed9p<\/button><img decoding=\"async\" src=\"https:\/\/fb.railmk.com\/wp-content\/plugins\/wpforms\/assets\/images\/submit-spin.svg\" class=\"wpforms-submit-spinner\" style=\"display: none;\" width=\"26\" height=\"26\" alt=\"\u0110ang t\u1ea3i\"><\/div><input type=\"hidden\" name=\"trp-form-language\" value=\"vi\"\/><\/form><\/div>  <!-- .wpforms-container -->\t\t\t\t<\/div>\n\t\t\t\t<\/div>\n\t\t\t\t<\/div>\n\t\t<div class=\"elementor-element elementor-element-af3e663 e-con-full e-flex e-con e-child\" data-id=\"af3e663\" data-element_type=\"container\">\n\t\t\t\t<div class=\"elementor-element elementor-element-6a3ddf2 elementor-widget elementor-widget-heading\" data-id=\"6a3ddf2\" data-element_type=\"widget\" data-widget_type=\"heading.default\">\n\t\t\t\t\t<h3 class=\"elementor-heading-title elementor-size-default\">Mong nh\u1eadn \u0111\u01b0\u1ee3c ph\u1ea3n h\u1ed3i t\u1eeb \u0111\u1ea1i di\u1ec7n c\u1ee7a ch\u00fang t\u00f4i trong v\u00f2ng 1-2 ng\u00e0y l\u00e0m vi\u1ec7c!<\/h3>\t\t\t\t<\/div>\n\t\t\t\t<div class=\"elementor-element elementor-element-6031aa8 elementor-widget elementor-widget-image\" data-id=\"6031aa8\" data-element_type=\"widget\" data-widget_type=\"image.default\">\n\t\t\t\t\t\t\t\t\t\t\t\t\t\t\t<img decoding=\"async\" src=\"https:\/\/fb.railmk.com\/wp-content\/uploads\/photo\/WhatsApp1.jpg\" title=\"\" alt=\"\" loading=\"lazy\" \/>\t\t\t\t\t\t\t\t\t\t\t\t\t\t\t<\/div>\n\t\t\t\t<div class=\"elementor-element elementor-element-27e56b9 elementor-widget elementor-widget-text-editor\" data-id=\"27e56b9\" data-element_type=\"widget\" data-widget_type=\"text-editor.default\">\n\t\t\t\t\t\t\t\t\t<p>N\u1ebfu b\u1ea1n kh\u00f4ng th\u1ec3 li\u00ean h\u1ec7 v\u1edbi ch\u00fang t\u00f4i qua email, b\u1ea1n c\u00f3 th\u1ec3 c\u00e2n nh\u1eafc li\u00ean h\u1ec7 v\u1edbi b\u1ed9 ph\u1eadn ch\u0103m s\u00f3c kh\u00e1ch h\u00e0ng c\u1ee7a ch\u00fang t\u00f4i qua WhatsApp \u0111\u1ec3 h\u1ecfi l\u00fd do. \u2014<a href=\"https:\/\/api.whatsapp.com\/send\/?phone=8617367286921\" target=\"_blank\" rel=\"noopener\"><span style=\"text-decoration: underline;\"><em>B\u1ea1n c\u00f3 th\u1ec3 nh\u1ea5p chu\u1ed9t.<\/em><\/span><\/a> &#8212;<a href=\"https:\/\/wa.me\/message\/PGHTXK2V5WE7H1\" target=\"_blank\" rel=\"noopener\"><span style=\"text-decoration: underline;\"><em>Ho\u1eb7c b\u1ea1n c\u00f3 th\u1ec3 nh\u1ea5p v\u00e0o \u0111\u00e2y.<\/em><\/span><\/a><\/p>\t\t\t\t\t\t\t\t<\/div>\n\t\t\t\t<\/div>\n\t\t\t\t\t<\/div>\n\t\t\t\t<\/div>\n\t\t<div class=\"elementor-element elementor-element-68473c1 e-flex e-con-boxed e-con e-parent\" data-id=\"68473c1\" data-element_type=\"container\">\n\t\t\t\t\t<div class=\"e-con-inner\">\n\t\t\t\t<div class=\"elementor-element elementor-element-b7c0400 elementor-widget elementor-widget-heading\" data-id=\"b7c0400\" data-element_type=\"widget\" data-widget_type=\"heading.default\">\n\t\t\t\t\t<h2 class=\"elementor-heading-title elementor-size-default\">Li\u00ean h\u1ec7 v\u1edbi ch\u00fang t\u00f4i<\/h2>\t\t\t\t<\/div>\n\t\t<div class=\"elementor-element elementor-element-13146aa e-con-full e-flex e-con e-child\" data-id=\"13146aa\" data-element_type=\"container\">\n\t\t<div class=\"elementor-element elementor-element-019a505 e-con-full e-flex e-con e-child\" data-id=\"019a505\" data-element_type=\"container\">\n\t\t\t\t<div class=\"elementor-element elementor-element-f05115e elementor-view-stacked elementor-position-left elementor-tablet-position-top elementor-shape-circle elementor-mobile-position-top elementor-widget elementor-widget-icon-box\" data-id=\"f05115e\" data-element_type=\"widget\" data-widget_type=\"icon-box.default\">\n\t\t\t\t\t\t\t<div class=\"elementor-icon-box-wrapper\">\n\n\t\t\t\t\t\t<div class=\"elementor-icon-box-icon\">\n\t\t\t\t<span  class=\"elementor-icon\">\n\t\t\t\t<svg aria-hidden=\"true\" class=\"e-font-icon-svg e-fas-map-marker-alt\" viewbox=\"0 0 384 512\" xmlns=\"http:\/\/www.w3.org\/2000\/svg\"><path d=\"M172.268 501.67C26.97 291.031 0 269.413 0 192 0 85.961 85.961 0 192 0s192 85.961 192 192c0 77.413-26.97 99.031-172.268 309.67-9.535 13.774-29.93 13.773-39.464 0zM192 272c44.183 0 80-35.817 80-80s-35.817-80-80-80-80 35.817-80 80 35.817 80 80 80z\"><\/path><\/svg>\t\t\t\t<\/span>\n\t\t\t<\/div>\n\t\t\t\n\t\t\t\t\t\t<div class=\"elementor-icon-box-content\">\n\n\t\t\t\t\t\t\t\t\t<h5 class=\"elementor-icon-box-title\">\n\t\t\t\t\t\t<span  >\n\t\t\t\t\t\t\tV\u1ecb tr\u00ed\t\t\t\t\t\t<\/span>\n\t\t\t\t\t<\/h5>\n\t\t\t\t\n\t\t\t\t\t\t\t\t\t<p class=\"elementor-icon-box-description\">\n\t\t\t\t\t\tS\u1ed1 577 \u0111\u01b0\u1eddng Fuqiang, huy\u1ec7n \u00c2m Ch\u00e2u, th\u00e0nh ph\u1ed1 Ninh Ba, t\u1ec9nh Chi\u1ebft Giang, Trung Qu\u1ed1c.\t\t\t\t\t<\/p>\n\t\t\t\t\n\t\t\t<\/div>\n\t\t\t\n\t\t<\/div>\n\t\t\t\t\t\t<\/div>\n\t\t\t\t<\/div>\n\t\t<div class=\"elementor-element elementor-element-1e9b33e e-con-full e-flex e-con e-child\" data-id=\"1e9b33e\" data-element_type=\"container\">\n\t\t\t\t<div class=\"elementor-element elementor-element-46999e2 elementor-view-stacked elementor-position-left elementor-tablet-position-top elementor-shape-circle elementor-mobile-position-top elementor-widget elementor-widget-icon-box\" data-id=\"46999e2\" data-element_type=\"widget\" data-widget_type=\"icon-box.default\">\n\t\t\t\t\t\t\t<div class=\"elementor-icon-box-wrapper\">\n\n\t\t\t\t\t\t<div class=\"elementor-icon-box-icon\">\n\t\t\t\t<span  class=\"elementor-icon\">\n\t\t\t\t<svg aria-hidden=\"true\" class=\"e-font-icon-svg e-fas-envelope\" viewbox=\"0 0 512 512\" xmlns=\"http:\/\/www.w3.org\/2000\/svg\"><path d=\"M502.3 190.8c3.9-3.1 9.7-.2 9.7 4.7V400c0 26.5-21.5 48-48 48H48c-26.5 0-48-21.5-48-48V195.6c0-5 5.7-7.8 9.7-4.7 22.4 17.4 52.1 39.5 154.1 113.6 21.1 15.4 56.7 47.8 92.2 47.6 35.7.3 72-32.8 92.3-47.6 102-74.1 131.6-96.3 154-113.7zM256 320c23.2.4 56.6-29.2 73.4-41.4 132.7-96.3 142.8-104.7 173.4-128.7 5.8-4.5 9.2-11.5 9.2-18.9v-19c0-26.5-21.5-48-48-48H48C21.5 64 0 85.5 0 112v19c0 7.4 3.4 14.3 9.2 18.9 30.6 23.9 40.7 32.4 173.4 128.7 16.8 12.2 50.2 41.8 73.4 41.4z\"><\/path><\/svg>\t\t\t\t<\/span>\n\t\t\t<\/div>\n\t\t\t\n\t\t\t\t\t\t<div class=\"elementor-icon-box-content\">\n\n\t\t\t\t\t\t\t\t\t<h5 class=\"elementor-icon-box-title\">\n\t\t\t\t\t\t<span  >\n\t\t\t\t\t\t\tE-mail\t\t\t\t\t\t<\/span>\n\t\t\t\t\t<\/h5>\n\t\t\t\t\n\t\t\t\t\t\t\t\t\t<p class=\"elementor-icon-box-description\">\n\t\t\t\t\t\tinfo@zxjtgc.com\t\t\t\t\t<\/p>\n\t\t\t\t\n\t\t\t<\/div>\n\t\t\t\n\t\t<\/div>\n\t\t\t\t\t\t<\/div>\n\t\t\t\t<\/div>\n\t\t<div class=\"elementor-element elementor-element-4447901 e-con-full e-flex e-con e-child\" data-id=\"4447901\" data-element_type=\"container\">\n\t\t\t\t<div class=\"elementor-element elementor-element-586df24 elementor-view-stacked elementor-position-left elementor-tablet-position-top elementor-shape-circle elementor-mobile-position-top elementor-widget elementor-widget-icon-box\" data-id=\"586df24\" data-element_type=\"widget\" data-widget_type=\"icon-box.default\">\n\t\t\t\t\t\t\t<div class=\"elementor-icon-box-wrapper\">\n\n\t\t\t\t\t\t<div class=\"elementor-icon-box-icon\">\n\t\t\t\t<span  class=\"elementor-icon\">\n\t\t\t\t<svg aria-hidden=\"true\" class=\"e-font-icon-svg e-fas-phone-alt\" viewbox=\"0 0 512 512\" xmlns=\"http:\/\/www.w3.org\/2000\/svg\"><path d=\"M497.39 361.8l-112-48a24 24 0 0 0-28 6.9l-49.6 60.6A370.66 370.66 0 0 1 130.6 204.11l60.6-49.6a23.94 23.94 0 0 0 6.9-28l-48-112A24.16 24.16 0 0 0 122.6.61l-104 24A24 24 0 0 0 0 48c0 256.5 207.9 464 464 464a24 24 0 0 0 23.4-18.6l24-104a24.29 24.29 0 0 0-14.01-27.6z\"><\/path><\/svg>\t\t\t\t<\/span>\n\t\t\t<\/div>\n\t\t\t\n\t\t\t\t\t\t<div class=\"elementor-icon-box-content\">\n\n\t\t\t\t\t\t\t\t\t<h5 class=\"elementor-icon-box-title\">\n\t\t\t\t\t\t<span  >\n\t\t\t\t\t\t\tLi\u00ean h\u1ec7\t\t\t\t\t\t<\/span>\n\t\t\t\t\t<\/h5>\n\t\t\t\t\n\t\t\t\t\t\t\t\t\t<p class=\"elementor-icon-box-description\">\n\t\t\t\t\t\t+86 17367286921\t\t\t\t\t<\/p>\n\t\t\t\t\n\t\t\t<\/div>\n\t\t\t\n\t\t<\/div>\n\t\t\t\t\t\t<\/div>\n\t\t\t\t<\/div>\n\t\t\t\t<\/div>\n\t\t\t\t\t<\/div>\n\t\t\t\t<\/div>\n\t\t<div class=\"elementor-element elementor-element-da38838 e-flex e-con-boxed e-con e-parent\" data-id=\"da38838\" data-element_type=\"container\" data-settings=\"{&quot;background_background&quot;:&quot;classic&quot;,&quot;shape_divider_top&quot;:&quot;waves&quot;}\">\n\t\t\t\t\t<div class=\"e-con-inner\">\n\t\t\t\t<div class=\"elementor-shape elementor-shape-top\" aria-hidden=\"true\" data-negative=\"false\">\n\t\t\t<svg xmlns=\"http:\/\/www.w3.org\/2000\/svg\" viewbox=\"0 0 1000 100\" preserveaspectratio=\"none\">\n\t<path class=\"elementor-shape-fill\" d=\"M421.9,6.5c22.6-2.5,51.5,0.4,75.5,5.3c23.6,4.9,70.9,23.5,100.5,35.7c75.8,32.2,133.7,44.5,192.6,49.7\tc23.6,2.1,48.7,3.5,103.4-2.5c54.7-6,106.2-25.6,106.2-25.6V0H0v30.3c0,0,72,32.6,158.4,30.5c39.2-0.7,92.8-6.7,134-22.4\tc21.2-8.1,52.2-18.2,79.7-24.2C399.3,7.9,411.6,7.5,421.9,6.5z\"\/>\n<\/svg>\t\t<\/div>\n\t\t\t\t<div class=\"elementor-element elementor-element-5ecb32b elementor-view-framed elementor-shape-circle elementor-position-top elementor-mobile-position-top elementor-widget elementor-widget-icon-box\" data-id=\"5ecb32b\" data-element_type=\"widget\" data-widget_type=\"icon-box.default\">\n\t\t\t\t\t\t\t<div class=\"elementor-icon-box-wrapper\">\n\n\t\t\t\t\t\t<div class=\"elementor-icon-box-icon\">\n\t\t\t\t<span  class=\"elementor-icon\">\n\t\t\t\t<svg aria-hidden=\"true\" class=\"e-font-icon-svg e-fas-handshake\" viewbox=\"0 0 640 512\" xmlns=\"http:\/\/www.w3.org\/2000\/svg\"><path d=\"M434.7 64h-85.9c-8 0-15.7 3-21.6 8.4l-98.3 90c-.1.1-.2.3-.3.4-16.6 15.6-16.3 40.5-2.1 56 12.7 13.9 39.4 17.6 56.1 2.7.1-.1.3-.1.4-.2l79.9-73.2c6.5-5.9 16.7-5.5 22.6 1 6 6.5 5.5 16.6-1 22.6l-26.1 23.9L504 313.8c2.9 2.4 5.5 5 7.9 7.7V128l-54.6-54.6c-5.9-6-14.1-9.4-22.6-9.4zM544 128.2v223.9c0 17.7 14.3 32 32 32h64V128.2h-96zm48 223.9c-8.8 0-16-7.2-16-16s7.2-16 16-16 16 7.2 16 16-7.2 16-16 16zM0 384h64c17.7 0 32-14.3 32-32V128.2H0V384zm48-63.9c8.8 0 16 7.2 16 16s-7.2 16-16 16-16-7.2-16-16c0-8.9 7.2-16 16-16zm435.9 18.6L334.6 217.5l-30 27.5c-29.7 27.1-75.2 24.5-101.7-4.4-26.9-29.4-24.8-74.9 4.4-101.7L289.1 64h-83.8c-8.5 0-16.6 3.4-22.6 9.4L128 128v223.9h18.3l90.5 81.9c27.4 22.3 67.7 18.1 90-9.3l.2-.2 17.9 15.5c15.9 13 39.4 10.5 52.3-5.4l31.4-38.6 5.4 4.4c13.7 11.1 33.9 9.1 45-4.7l9.5-11.7c11.2-13.8 9.1-33.9-4.6-45.1z\"><\/path><\/svg>\t\t\t\t<\/span>\n\t\t\t<\/div>\n\t\t\t\n\t\t\t\t\t\t<div class=\"elementor-icon-box-content\">\n\n\t\t\t\t\t\t\t\t\t<h2 class=\"elementor-icon-box-title\">\n\t\t\t\t\t\t<span  >\n\t\t\t\t\t\t\tCh\u00fang ta c\u00f3 n\u00ean t\u00ecm hi\u1ec3u m\u1ed9t k\u1ebf ho\u1ea1ch ph\u00f2ng ch\u1ed1ng l\u0169 l\u1ee5t ph\u00f9 h\u1ee3p cho b\u1ea1n kh\u00f4ng?\t\t\t\t\t\t<\/span>\n\t\t\t\t\t<\/h2>\n\t\t\t\t\n\t\t\t\t\n\t\t\t<\/div>\n\t\t\t\n\t\t<\/div>\n\t\t\t\t\t\t<\/div>\n\t\t\t\t<div class=\"elementor-element elementor-element-3140b9f elementor-align-center elementor-widget elementor-widget-button\" data-id=\"3140b9f\" data-element_type=\"widget\" data-widget_type=\"button.default\">\n\t\t\t\t\t\t\t\t\t\t<a class=\"elementor-button elementor-button-link elementor-size-sm\" href=\"#from-1\">\n\t\t\t\t\t\t<span class=\"elementor-button-content-wrapper\">\n\t\t\t\t\t\t<span class=\"elementor-button-icon\">\n\t\t\t\t<svg aria-hidden=\"true\" class=\"e-font-icon-svg e-fas-chevron-circle-right\" viewbox=\"0 0 512 512\" xmlns=\"http:\/\/www.w3.org\/2000\/svg\"><path d=\"M256 8c137 0 248 111 248 248S393 504 256 504 8 393 8 256 119 8 256 8zm113.9 231L234.4 103.5c-9.4-9.4-24.6-9.4-33.9 0l-17 17c-9.4 9.4-9.4 24.6 0 33.9L285.1 256 183.5 357.6c-9.4 9.4-9.4 24.6 0 33.9l17 17c9.4 9.4 24.6 9.4 33.9 0L369.9 273c9.4-9.4 9.4-24.6 0-34z\"><\/path><\/svg>\t\t\t<\/span>\n\t\t\t\t\t\t\t\t\t<span class=\"elementor-button-text\">Nh\u1eadn b\u00e1o gi\u00e1 mi\u1ec5n ph\u00ed<\/span>\n\t\t\t\t\t<\/span>\n\t\t\t\t\t<\/a>\n\t\t\t\t\t\t\t\t<\/div>\n\t\t\t\t\t<\/div>\n\t\t\t\t<\/div>\n\t\t\t\t<\/div>","protected":false},"excerpt":{"rendered":"<p>No matter what idea you have, we can offer our assistance to turn it into reality. Should you have inquiries, [&hellip;]<\/p>","protected":false},"author":1,"featured_media":0,"parent":0,"menu_order":0,"comment_status":"closed","ping_status":"closed","template":"","meta":{"site-sidebar-layout":"no-sidebar","site-content-layout":"","ast-site-content-layout":"full-width-container","site-content-style":"unboxed","site-sidebar-style":"unboxed","ast-global-header-display":"","ast-banner-title-visibility":"","ast-main-header-display":"","ast-hfb-above-header-display":"","ast-hfb-below-header-display":"","ast-hfb-mobile-header-display":"","site-post-title":"disabled","ast-breadcrumbs-content":"","ast-featured-img":"disabled","footer-sml-layout":"","theme-transparent-header-meta":"","adv-header-id-meta":"","stick-header-meta":"","header-above-stick-meta":"","header-main-stick-meta":"","header-below-stick-meta":"","astra-migrate-meta-layouts":"default","ast-page-background-enabled":"default","ast-page-background-meta":{"desktop":{"background-color":"var(--ast-global-color-4)","background-image":"","background-repeat":"repeat","background-position":"center center","background-size":"auto","background-attachment":"scroll","background-type":"","background-media":"","overlay-type":"","overlay-color":"","overlay-opacity":"","overlay-gradient":""},"tablet":{"background-color":"","background-image":"","background-repeat":"repeat","background-position":"center center","background-size":"auto","background-attachment":"scroll","background-type":"","background-media":"","overlay-type":"","overlay-color":"","overlay-opacity":"","overlay-gradient":""},"mobile":{"background-color":"","background-image":"","background-repeat":"repeat","background-position":"center center","background-size":"auto","background-attachment":"scroll","background-type":"","background-media":"","overlay-type":"","overlay-color":"","overlay-opacity":"","overlay-gradient":""}},"ast-content-background-meta":{"desktop":{"background-color":"var(--ast-global-color-5)","background-image":"","background-repeat":"repeat","background-position":"center center","background-size":"auto","background-attachment":"scroll","background-type":"","background-media":"","overlay-type":"","overlay-color":"","overlay-opacity":"","overlay-gradient":""},"tablet":{"background-color":"var(--ast-global-color-5)","background-image":"","background-repeat":"repeat","background-position":"center center","background-size":"auto","background-attachment":"scroll","background-type":"","background-media":"","overlay-type":"","overlay-color":"","overlay-opacity":"","overlay-gradient":""},"mobile":{"background-color":"var(--ast-global-color-5)","background-image":"","background-repeat":"repeat","background-position":"center center","background-size":"auto","background-attachment":"scroll","background-type":"","background-media":"","overlay-type":"","overlay-color":"","overlay-opacity":"","overlay-gradient":""}},"footnotes":""},"class_list":["post-16","page","type-page","status-publish","hentry"],"_links":{"self":[{"href":"https:\/\/fb.railmk.com\/vi\/wp-json\/wp\/v2\/pages\/16","targetHints":{"allow":["GET"]}}],"collection":[{"href":"https:\/\/fb.railmk.com\/vi\/wp-json\/wp\/v2\/pages"}],"about":[{"href":"https:\/\/fb.railmk.com\/vi\/wp-json\/wp\/v2\/types\/page"}],"author":[{"embeddable":true,"href":"https:\/\/fb.railmk.com\/vi\/wp-json\/wp\/v2\/users\/1"}],"replies":[{"embeddable":true,"href":"https:\/\/fb.railmk.com\/vi\/wp-json\/wp\/v2\/comments?post=16"}],"version-history":[{"count":111,"href":"https:\/\/fb.railmk.com\/vi\/wp-json\/wp\/v2\/pages\/16\/revisions"}],"predecessor-version":[{"id":4356,"href":"https:\/\/fb.railmk.com\/vi\/wp-json\/wp\/v2\/pages\/16\/revisions\/4356"}],"wp:attachment":[{"href":"https:\/\/fb.railmk.com\/vi\/wp-json\/wp\/v2\/media?parent=16"}],"curies":[{"name":"wp","href":"https:\/\/api.w.org\/{rel}","templated":true}]}}