{"id":3,"date":"2025-09-17T08:41:51","date_gmt":"2025-09-17T00:41:51","guid":{"rendered":"http:\/\/fb.railmk.com\/?page_id=3"},"modified":"2025-10-15T08:53:31","modified_gmt":"2025-10-15T00:53:31","slug":"privacy-policy","status":"publish","type":"page","link":"https:\/\/fb.railmk.com\/pt\/privacy-policy\/","title":{"rendered":"pol\u00edtica de Privacidade"},"content":{"rendered":"<div data-elementor-type=\"wp-page\" data-elementor-id=\"3\" class=\"elementor elementor-3\" data-elementor-post-type=\"page\">\n\t\t\t\t<div class=\"elementor-element elementor-element-c11741c e-flex e-con-boxed e-con e-parent\" data-id=\"c11741c\" data-element_type=\"container\" data-settings=\"{&quot;background_background&quot;:&quot;classic&quot;}\">\n\t\t\t\t\t<div class=\"e-con-inner\">\n\t\t\t\t<div class=\"elementor-element elementor-element-0a97757 elementor-widget elementor-widget-heading\" data-id=\"0a97757\" data-element_type=\"widget\" data-widget_type=\"heading.default\">\n\t\t\t\t\t<h2 class=\"elementor-heading-title elementor-size-default\">pol\u00edtica de Privacidade<\/h2>\t\t\t\t<\/div>\n\t\t\t\t<div class=\"elementor-element elementor-element-94e27a9 elementor-widget elementor-widget-text-editor\" data-id=\"94e27a9\" data-element_type=\"widget\" data-widget_type=\"text-editor.default\">\n\t\t\t\t\t\t\t\t\t<p><strong>\u3010<a href=\"https:\/\/fb.railmk.com\/pt\/\">fb.railmk.com<\/a>\u3011 Pol\u00edtica de Privacidade<\/strong><\/p>\t\t\t\t\t\t\t\t<\/div>\n\t\t\t\t<div class=\"elementor-element elementor-element-8a65eaa elementor-widget elementor-widget-text-editor\" data-id=\"8a65eaa\" data-element_type=\"widget\" data-widget_type=\"text-editor.default\">\n\t\t\t\t\t\t\t\t\t<p><strong>\u00daltima atualiza\u00e7\u00e3o: \u301014 de outubro de 2025\u3011<\/strong><\/p>\t\t\t\t\t\t\t\t<\/div>\n\t\t\t\t<div class=\"elementor-element elementor-element-1ee81ca elementor-widget elementor-widget-text-editor\" data-id=\"1ee81ca\" data-element_type=\"widget\" data-widget_type=\"text-editor.default\">\n\t\t\t\t\t\t\t\t\t<p>Bem-vindo ao \u3010<a href=\"https:\/\/fb.railmk.com\/pt\/\">https:\/\/fb.railmk.com\/<\/a>\u3011 (doravante denominado &quot;este Site&quot;). Nosso foco \u00e9 fornecer produtos de barreira contra enchentes personalizados de alta qualidade. Compreendemos a import\u00e2ncia da privacidade e estamos comprometidos em tratar e proteger suas informa\u00e7\u00f5es pessoais de forma transparente. Esta pol\u00edtica tem como objetivo explicar como coletamos, usamos, divulgamos e protegemos suas informa\u00e7\u00f5es quando voc\u00ea visita nosso site, utiliza nossos servi\u00e7os ou entra em contato conosco.<\/p>\t\t\t\t\t\t\t\t<\/div>\n\t\t\t\t\t<\/div>\n\t\t\t\t<\/div>\n\t\t<div class=\"elementor-element elementor-element-aee0740 e-flex e-con-boxed e-con e-parent\" data-id=\"aee0740\" data-element_type=\"container\" data-settings=\"{&quot;background_background&quot;:&quot;classic&quot;}\">\n\t\t\t\t\t<div class=\"e-con-inner\">\n\t\t<div class=\"elementor-element elementor-element-64a14bb e-con-full e-flex e-con e-child\" data-id=\"64a14bb\" data-element_type=\"container\">\n\t\t\t\t<div class=\"elementor-element elementor-element-5829800 elementor-widget elementor-widget-heading\" data-id=\"5829800\" data-element_type=\"widget\" data-widget_type=\"heading.default\">\n\t\t\t\t\t<h3 class=\"elementor-heading-title elementor-size-default\">1. Informa\u00e7\u00f5es que coletamos\n<\/h3>\t\t\t\t<\/div>\n\t\t\t\t<div class=\"elementor-element elementor-element-28fff94 elementor-widget elementor-widget-text-editor\" data-id=\"28fff94\" data-element_type=\"widget\" data-widget_type=\"text-editor.default\">\n\t\t\t\t\t\t\t\t\t<p>As informa\u00e7\u00f5es que coletamos t\u00eam como objetivo fornecer melhores produtos e servi\u00e7os a voc\u00ea e incluem principalmente:<\/p>\n<ul>\n<li style=\"list-style-type: none;\">\n<ul>\n<li class=\"ds-markdown-paragraph\"><strong>Informa\u00e7\u00f5es que voc\u00ea fornece diretamente:<\/strong>\n<ul>\n<li>\n<p class=\"ds-markdown-paragraph\"><strong>Informa\u00e7\u00f5es de contato:<\/strong>\u00a0Como seu nome, nome da empresa, endere\u00e7o de e-mail, n\u00famero de telefone, pa\u00eds\/regi\u00e3o.<\/p>\n<\/li>\n<li>\n<p class=\"ds-markdown-paragraph\"><strong>Informa\u00e7\u00f5es comerciais e de projetos:<\/strong>\u00a0Como os requisitos do seu projeto, as dimens\u00f5es necess\u00e1rias da barreira contra inunda\u00e7\u00f5es, as prefer\u00eancias de materiais, o or\u00e7amento, o endere\u00e7o do projeto, etc., usados para fornecer solu\u00e7\u00f5es e or\u00e7amentos personalizados.<\/p>\n<\/li>\n<li>\n<p class=\"ds-markdown-paragraph\"><strong>Informa\u00e7\u00f5es do pedido:<\/strong>\u00a0Como endere\u00e7o de cobran\u00e7a e endere\u00e7o de entrega. Observe que as informa\u00e7\u00f5es de pagamento (por exemplo, n\u00fameros de cart\u00e3o de cr\u00e9dito) s\u00e3o processadas diretamente por processadores de pagamento terceirizados (como PayPal, Stripe) e n\u00e3o armazenamos essas informa\u00e7\u00f5es confidenciais.<\/p>\n<\/li>\n<\/ul>\n<\/li>\n<li>\n<p class=\"ds-markdown-paragraph\"><strong>Informa\u00e7\u00f5es coletadas automaticamente:<\/strong><\/p>\n<ul>\n<li>\n<p class=\"ds-markdown-paragraph\">Quando voc\u00ea navega no site, coletamos automaticamente informa\u00e7\u00f5es por meio de cookies e tecnologias semelhantes, como seu endere\u00e7o IP, tipo de navegador, sistema operacional, hor\u00e1rios de acesso, p\u00e1ginas visualizadas e endere\u00e7os de sites de refer\u00eancia.<\/p>\n<\/li>\n<\/ul>\n<\/li>\n<li>\n<p class=\"ds-markdown-paragraph\"><strong>Informa\u00e7\u00f5es de Terceiros:<\/strong><\/p>\n<ul>\n<li>\n<p class=\"ds-markdown-paragraph\">Obtemos dados an\u00f4nimos de uso do site por meio de ferramentas de an\u00e1lise como o Google Analytics para nos ajudar a melhorar o site.<\/p>\n<\/li>\n<li>\n<p class=\"ds-markdown-paragraph\">Obtemos dados an\u00f4nimos de desempenho de campanhas publicit\u00e1rias de plataformas de publicidade como o Google Ads.<\/p>\n<\/li>\n<\/ul>\n<\/li>\n<\/ul>\n<\/li>\n<\/ul>\t\t\t\t\t\t\t\t<\/div>\n\t\t\t\t<\/div>\n\t\t<div class=\"elementor-element elementor-element-d98a8dd e-con-full e-flex e-con e-child\" data-id=\"d98a8dd\" data-element_type=\"container\">\n\t\t\t\t<div class=\"elementor-element elementor-element-24cfc1c elementor-widget elementor-widget-heading\" data-id=\"24cfc1c\" data-element_type=\"widget\" data-widget_type=\"heading.default\">\n\t\t\t\t\t<h3 class=\"elementor-heading-title elementor-size-default\">2. Como usamos suas informa\u00e7\u00f5es<\/h3>\t\t\t\t<\/div>\n\t\t\t\t<div class=\"elementor-element elementor-element-137aa8a elementor-widget elementor-widget-text-editor\" data-id=\"137aa8a\" data-element_type=\"widget\" data-widget_type=\"text-editor.default\">\n\t\t\t\t\t\t\t\t\t<p>Utilizamos suas informa\u00e7\u00f5es para os seguintes prop\u00f3sitos:<\/p>\n<ul>\n<li>\n<p class=\"ds-markdown-paragraph\">Para processar suas d\u00favidas e solicita\u00e7\u00f5es e responder \u00e0s suas perguntas sobre produtos, personaliza\u00e7\u00e3o e pre\u00e7os.<\/p>\n<\/li>\n<li>\n<p class=\"ds-markdown-paragraph\">Para fornecer e personalizar servi\u00e7os para voc\u00ea, preparar solu\u00e7\u00f5es t\u00e9cnicas, desenhos e or\u00e7amentos.<\/p>\n<\/li>\n<li>\n<p class=\"ds-markdown-paragraph\">Para processar seus pedidos, organizar a produ\u00e7\u00e3o, a log\u00edstica e a entrega.<\/p>\n<\/li>\n<li>\n<p class=\"ds-markdown-paragraph\">Para melhorar e otimizar nosso site, analisando o comportamento do usu\u00e1rio para melhorar sua experi\u00eancia.<\/p>\n<\/li>\n<li>\n<p class=\"ds-markdown-paragraph\">Para atividades de marketing e publicidade, incluindo mostrar an\u00fancios relevantes em plataformas como o Google Ads (remarketing) e enviar informa\u00e7\u00f5es sobre produtos nos quais voc\u00ea possa estar interessado (sujeito ao seu consentimento).<\/p>\n<\/li>\n<li>\n<p class=\"ds-markdown-paragraph\">Para cumprir obriga\u00e7\u00f5es legais e garantir a seguran\u00e7a, cumprindo as leis e regulamenta\u00e7\u00f5es aplic\u00e1veis e protegendo nosso site e neg\u00f3cios contra fraudes.<\/p>\n<\/li>\n<\/ul>\t\t\t\t\t\t\t\t<\/div>\n\t\t\t\t<\/div>\n\t\t<div class=\"elementor-element elementor-element-321d4eb e-con-full e-flex e-con e-child\" data-id=\"321d4eb\" data-element_type=\"container\">\n\t\t\t\t<div class=\"elementor-element elementor-element-31f6797 elementor-widget elementor-widget-heading\" data-id=\"31f6797\" data-element_type=\"widget\" data-widget_type=\"heading.default\">\n\t\t\t\t\t<h3 class=\"elementor-heading-title elementor-size-default\">3. Cookies e tecnologias de rastreamento<\/h3>\t\t\t\t<\/div>\n\t\t\t\t<div class=\"elementor-element elementor-element-8841091 elementor-widget elementor-widget-text-editor\" data-id=\"8841091\" data-element_type=\"widget\" data-widget_type=\"text-editor.default\">\n\t\t\t\t\t\t\t\t\t<p class=\"ds-markdown-paragraph\">Nosso site usa cookies (pequenos arquivos de texto) para melhorar sua experi\u00eancia de navega\u00e7\u00e3o.<\/p>\n<ul>\n<li>\n<p class=\"ds-markdown-paragraph\"><strong>Cookies essenciais:<\/strong>\u00a0Necess\u00e1rio para as fun\u00e7\u00f5es b\u00e1sicas do site.<\/p>\n<\/li>\n<li>\n<p class=\"ds-markdown-paragraph\"><strong>Cookies de desempenho:<\/strong>\u00a0Como os cookies do Google Analytics, nos ajudam a entender como os visitantes usam o site.<\/p>\n<\/li>\n<li>\n<p class=\"ds-markdown-paragraph\"><strong>Cookies de publicidade:<\/strong>\u00a0Definido por servi\u00e7os como o Google Ads, usado para rastrear cliques em an\u00fancios e para remarketing.<\/p>\n<\/li>\n<\/ul>\n<p class=\"ds-markdown-paragraph\">Voc\u00ea pode gerenciar ou recusar cookies nas configura\u00e7\u00f5es do seu navegador. Na sua primeira visita, solicitaremos seu consentimento para cookies n\u00e3o essenciais por meio de um pop-up. A desativa\u00e7\u00e3o de determinados cookies pode afetar a funcionalidade completa do site.<\/p>\t\t\t\t\t\t\t\t<\/div>\n\t\t\t\t<\/div>\n\t\t<div class=\"elementor-element elementor-element-60e7437 e-con-full e-flex e-con e-child\" data-id=\"60e7437\" data-element_type=\"container\">\n\t\t\t\t<div class=\"elementor-element elementor-element-d7a4c1d elementor-widget elementor-widget-heading\" data-id=\"d7a4c1d\" data-element_type=\"widget\" data-widget_type=\"heading.default\">\n\t\t\t\t\t<h3 class=\"elementor-heading-title elementor-size-default\">4. Como compartilhamos suas informa\u00e7\u00f5es<\/h3>\t\t\t\t<\/div>\n\t\t\t\t<div class=\"elementor-element elementor-element-c04682e elementor-widget elementor-widget-text-editor\" data-id=\"c04682e\" data-element_type=\"widget\" data-widget_type=\"text-editor.default\">\n\t\t\t\t\t\t\t\t\t<p class=\"ds-markdown-paragraph\">Nunca venderemos suas informa\u00e7\u00f5es pessoais. Somente compartilhamos informa\u00e7\u00f5es com terceiros nas seguintes circunst\u00e2ncias:<\/p>\n<ul>\n<li>\n<p class=\"ds-markdown-paragraph\"><strong>Prestadores de servi\u00e7os:<\/strong>\u00a0Com terceiros confi\u00e1veis que nos prestam servi\u00e7os, como hospedagem de sites, servi\u00e7os de e-mail, servi\u00e7os de an\u00e1lise de dados, processadores de pagamento e empresas de log\u00edstica. Esses terceiros s\u00f3 podem processar dados de acordo com nossas instru\u00e7\u00f5es.<\/p>\n<\/li>\n<li>\n<p class=\"ds-markdown-paragraph\"><strong>Requisitos legais:<\/strong>\u00a0Para cumprir obriga\u00e7\u00f5es legais, regulamenta\u00e7\u00f5es ou responder a processos legais v\u00e1lidos.<\/p>\n<\/li>\n<li>\n<p class=\"ds-markdown-paragraph\"><strong>Transfer\u00eancias de Neg\u00f3cios:<\/strong>\u00a0No caso de fus\u00e3o, aquisi\u00e7\u00e3o ou venda de ativos, suas informa\u00e7\u00f5es podem ser transferidas como parte da transa\u00e7\u00e3o.<\/p>\n<\/li>\n<\/ul>\t\t\t\t\t\t\t\t<\/div>\n\t\t\t\t<\/div>\n\t\t<div class=\"elementor-element elementor-element-584d724 e-con-full e-flex e-con e-child\" data-id=\"584d724\" data-element_type=\"container\">\n\t\t\t\t<div class=\"elementor-element elementor-element-1cbe40f elementor-widget elementor-widget-heading\" data-id=\"1cbe40f\" data-element_type=\"widget\" data-widget_type=\"heading.default\">\n\t\t\t\t\t<h3 class=\"elementor-heading-title elementor-size-default\">5. Transfer\u00eancias internacionais de dados<\/h3>\t\t\t\t<\/div>\n\t\t\t\t<div class=\"elementor-element elementor-element-2f0b0ed elementor-widget elementor-widget-text-editor\" data-id=\"2f0b0ed\" data-element_type=\"widget\" data-widget_type=\"text-editor.default\">\n\t\t\t\t\t\t\t\t\t<p>Nossa empresa est\u00e1 localizada na China. Isso significa que suas informa\u00e7\u00f5es podem ser processadas fora do seu pa\u00eds\/regi\u00e3o. Tomaremos todas as medidas razo\u00e1veis para garantir que seus dados sejam tratados com seguran\u00e7a durante a transfer\u00eancia e de acordo com os requisitos desta pol\u00edtica.<\/p>\t\t\t\t\t\t\t\t<\/div>\n\t\t\t\t<\/div>\n\t\t<div class=\"elementor-element elementor-element-c78e566 e-con-full e-flex e-con e-child\" data-id=\"c78e566\" data-element_type=\"container\">\n\t\t\t\t<div class=\"elementor-element elementor-element-220dd13 elementor-widget elementor-widget-heading\" data-id=\"220dd13\" data-element_type=\"widget\" data-widget_type=\"heading.default\">\n\t\t\t\t\t<h3 class=\"elementor-heading-title elementor-size-default\">6. Reten\u00e7\u00e3o de dados<\/h3>\t\t\t\t<\/div>\n\t\t\t\t<div class=\"elementor-element elementor-element-f1a4d02 elementor-widget elementor-widget-text-editor\" data-id=\"f1a4d02\" data-element_type=\"widget\" data-widget_type=\"text-editor.default\">\n\t\t\t\t\t\t\t\t\t<p>Reteremos suas informa\u00e7\u00f5es pessoais apenas pelo tempo necess\u00e1rio para cumprir as finalidades descritas nesta pol\u00edtica, ou por per\u00edodos mais longos, se exigido por lei (por exemplo, para fins fiscais ou cont\u00e1beis). Por exemplo, informa\u00e7\u00f5es sobre consultas podem ser retidas por v\u00e1rios anos para acompanhamento comercial, enquanto informa\u00e7\u00f5es sobre pedidos ser\u00e3o retidas pelo per\u00edodo exigido por lei.<\/p>\t\t\t\t\t\t\t\t<\/div>\n\t\t\t\t<\/div>\n\t\t<div class=\"elementor-element elementor-element-c49f714 e-con-full e-flex e-con e-child\" data-id=\"c49f714\" data-element_type=\"container\">\n\t\t\t\t<div class=\"elementor-element elementor-element-9565948 elementor-widget elementor-widget-heading\" data-id=\"9565948\" data-element_type=\"widget\" data-widget_type=\"heading.default\">\n\t\t\t\t\t<h3 class=\"elementor-heading-title elementor-size-default\">7. Seus direitos<\/h3>\t\t\t\t<\/div>\n\t\t\t\t<div class=\"elementor-element elementor-element-8b5b9bb elementor-widget elementor-widget-text-editor\" data-id=\"8b5b9bb\" data-element_type=\"widget\" data-widget_type=\"text-editor.default\">\n\t\t\t\t\t\t\t\t\t<p class=\"ds-markdown-paragraph\">Dependendo das leis da sua localiza\u00e7\u00e3o (como o GDPR na UE ou o CCPA na Calif\u00f3rnia), voc\u00ea pode ter os seguintes direitos:<\/p>\n<ul>\n<li>\n<p class=\"ds-markdown-paragraph\"><strong>Acesso e Corre\u00e7\u00e3o:<\/strong>\u00a0Solicite acesso \u00e0s informa\u00e7\u00f5es pessoais que temos sobre voc\u00ea e corrija quaisquer imprecis\u00f5es.<\/p>\n<\/li>\n<li>\n<p class=\"ds-markdown-paragraph\"><strong>Elimina\u00e7\u00e3o:<\/strong>\u00a0Solicite a exclus\u00e3o de suas informa\u00e7\u00f5es pessoais.<\/p>\n<\/li>\n<li>\n<p class=\"ds-markdown-paragraph\"><strong>Restri\u00e7\u00e3o de processamento:<\/strong>\u00a0Solicite que restrinjamos o processamento de suas informa\u00e7\u00f5es.<\/p>\n<\/li>\n<li>\n<p class=\"ds-markdown-paragraph\"><strong>Portabilidade de dados:<\/strong>\u00a0Receba as informa\u00e7\u00f5es fornecidas em um formato estruturado e de uso comum.<\/p>\n<\/li>\n<li>\n<p class=\"ds-markdown-paragraph\"><strong>Obje\u00e7\u00e3o ao Marketing:<\/strong>\u00a0Oponha-se ao uso de suas informa\u00e7\u00f5es para fins de marketing direto a qualquer momento.<\/p>\n<\/li>\n<li>\n<p class=\"ds-markdown-paragraph\"><strong>Retirar Consentimento:<\/strong>\u00a0Retire qualquer consentimento que voc\u00ea tenha dado anteriormente para o processamento de suas informa\u00e7\u00f5es pessoais.<\/p>\n<\/li>\n<\/ul>\n<p class=\"ds-markdown-paragraph\">Para exercer qualquer um desses direitos, entre em contato conosco usando os detalhes fornecidos na Se\u00e7\u00e3o 9.<\/p>\t\t\t\t\t\t\t\t<\/div>\n\t\t\t\t<\/div>\n\t\t<div class=\"elementor-element elementor-element-5a9aa41 e-con-full e-flex e-con e-child\" data-id=\"5a9aa41\" data-element_type=\"container\">\n\t\t\t\t<div class=\"elementor-element elementor-element-7592e78 elementor-widget elementor-widget-heading\" data-id=\"7592e78\" data-element_type=\"widget\" data-widget_type=\"heading.default\">\n\t\t\t\t\t<h3 class=\"elementor-heading-title elementor-size-default\">8. Privacidade das crian\u00e7as<\/h3>\t\t\t\t<\/div>\n\t\t\t\t<div class=\"elementor-element elementor-element-7de496a elementor-widget elementor-widget-text-editor\" data-id=\"7de496a\" data-element_type=\"widget\" data-widget_type=\"text-editor.default\">\n\t\t\t\t\t\t\t\t\t<p>Nosso site n\u00e3o \u00e9 direcionado a crian\u00e7as menores de 13 anos. N\u00e3o coletamos intencionalmente informa\u00e7\u00f5es pessoais de crian\u00e7as.<\/p>\t\t\t\t\t\t\t\t<\/div>\n\t\t\t\t<\/div>\n\t\t<div class=\"elementor-element elementor-element-056393d e-con-full e-flex e-con e-child\" data-id=\"056393d\" data-element_type=\"container\">\n\t\t\t\t<div class=\"elementor-element elementor-element-7feb628 elementor-widget elementor-widget-heading\" data-id=\"7feb628\" data-element_type=\"widget\" data-widget_type=\"heading.default\">\n\t\t\t\t\t<h3 class=\"elementor-heading-title elementor-size-default\">9. Contate-nos<\/h3>\t\t\t\t<\/div>\n\t\t\t\t<div class=\"elementor-element elementor-element-eee8e92 elementor-widget elementor-widget-text-editor\" data-id=\"eee8e92\" data-element_type=\"widget\" data-widget_type=\"text-editor.default\">\n\t\t\t\t\t\t\t\t\t<p class=\"ds-markdown-paragraph\">Caso tenha alguma d\u00favida, coment\u00e1rio ou solicita\u00e7\u00e3o sobre esta Pol\u00edtica de Privacidade, suas informa\u00e7\u00f5es pessoais ou seus direitos, sinta-se \u00e0 vontade para entrar em contato conosco:<\/p><ul><li><p class=\"ds-markdown-paragraph\"><strong>E-mail:<\/strong>\u00a0\u3010info@zxjtgc.com\u3011<\/p><\/li><li><p class=\"ds-markdown-paragraph\"><strong>Telefone:<\/strong>\u00a0\u3010+86 17367286921\u3011<\/p><\/li><li class=\"ds-markdown-paragraph\"><strong>Endere\u00e7o para correspond\u00eancia:\u00a0 \u00a0 <\/strong><ul><li>A\/C: Sr. Ming<\/li><li>Zhenxuan Industrial Co., Ltda.<\/li><li>Estrada Fuqiang n\u00ba 577, distrito de Yinzhou<\/li><li>Ningbo, Zhejiang 315000<\/li><li>\u00a0China<\/li><\/ul><\/li><\/ul>\t\t\t\t\t\t\t\t<\/div>\n\t\t\t\t<\/div>\n\t\t<div class=\"elementor-element elementor-element-ce04a48 e-con-full e-flex e-con e-child\" data-id=\"ce04a48\" data-element_type=\"container\">\n\t\t\t\t<div class=\"elementor-element elementor-element-4e6de6e elementor-widget elementor-widget-heading\" data-id=\"4e6de6e\" data-element_type=\"widget\" data-widget_type=\"heading.default\">\n\t\t\t\t\t<h3 class=\"elementor-heading-title elementor-size-default\">10. Atualiza\u00e7\u00f5es de pol\u00edticas<\/h3>\t\t\t\t<\/div>\n\t\t\t\t<div class=\"elementor-element elementor-element-1c345d3 elementor-widget elementor-widget-text-editor\" data-id=\"1c345d3\" data-element_type=\"widget\" data-widget_type=\"text-editor.default\">\n\t\t\t\t\t\t\t\t\t<p>Podemos atualizar esta Pol\u00edtica de Privacidade periodicamente. Quaisquer altera\u00e7\u00f5es ser\u00e3o publicadas nesta p\u00e1gina com a vers\u00e3o atualizada e a data de &quot;\u00daltima Atualiza\u00e7\u00e3o&quot; no topo ser\u00e1 revisada. Consulte esta p\u00e1gina periodicamente para saber como estamos protegendo suas informa\u00e7\u00f5es.<\/p>\t\t\t\t\t\t\t\t<\/div>\n\t\t\t\t<\/div>\n\t\t\t\t\t<\/div>\n\t\t\t\t<\/div>\n\t\t\t\t<\/div>","protected":false},"excerpt":{"rendered":"<p>Privacy Policy \u3010fb.railmk.com\u3011\u00a0Privacy Policy Last Updated: \u3010October 14, 2025\u3011 Welcome to \u3010https:\/\/fb.railmk.com\/\u3011 (hereinafter referred to as &#8220;this Website&#8221;). We focus [&hellip;]<\/p>","protected":false},"author":1,"featured_media":0,"parent":0,"menu_order":0,"comment_status":"closed","ping_status":"open","template":"","meta":{"site-sidebar-layout":"default","site-content-layout":"","ast-site-content-layout":"default","site-content-style":"default","site-sidebar-style":"default","ast-global-header-display":"","ast-banner-title-visibility":"","ast-main-header-display":"","ast-hfb-above-header-display":"","ast-hfb-below-header-display":"","ast-hfb-mobile-header-display":"","site-post-title":"disabled","ast-breadcrumbs-content":"","ast-featured-img":"","footer-sml-layout":"","theme-transparent-header-meta":"","adv-header-id-meta":"","stick-header-meta":"","header-above-stick-meta":"","header-main-stick-meta":"","header-below-stick-meta":"","astra-migrate-meta-layouts":"default","ast-page-background-enabled":"default","ast-page-background-meta":{"desktop":{"background-color":"var(--ast-global-color-4)","background-image":"","background-repeat":"repeat","background-position":"center center","background-size":"auto","background-attachment":"scroll","background-type":"","background-media":"","overlay-type":"","overlay-color":"","overlay-opacity":"","overlay-gradient":""},"tablet":{"background-color":"","background-image":"","background-repeat":"repeat","background-position":"center center","background-size":"auto","background-attachment":"scroll","background-type":"","background-media":"","overlay-type":"","overlay-color":"","overlay-opacity":"","overlay-gradient":""},"mobile":{"background-color":"","background-image":"","background-repeat":"repeat","background-position":"center center","background-size":"auto","background-attachment":"scroll","background-type":"","background-media":"","overlay-type":"","overlay-color":"","overlay-opacity":"","overlay-gradient":""}},"ast-content-background-meta":{"desktop":{"background-color":"var(--ast-global-color-5)","background-image":"","background-repeat":"repeat","background-position":"center center","background-size":"auto","background-attachment":"scroll","background-type":"","background-media":"","overlay-type":"","overlay-color":"","overlay-opacity":"","overlay-gradient":""},"tablet":{"background-color":"var(--ast-global-color-5)","background-image":"","background-repeat":"repeat","background-position":"center center","background-size":"auto","background-attachment":"scroll","background-type":"","background-media":"","overlay-type":"","overlay-color":"","overlay-opacity":"","overlay-gradient":""},"mobile":{"background-color":"var(--ast-global-color-5)","background-image":"","background-repeat":"repeat","background-position":"center center","background-size":"auto","background-attachment":"scroll","background-type":"","background-media":"","overlay-type":"","overlay-color":"","overlay-opacity":"","overlay-gradient":""}},"footnotes":""},"class_list":["post-3","page","type-page","status-publish","hentry"],"_links":{"self":[{"href":"https:\/\/fb.railmk.com\/pt\/wp-json\/wp\/v2\/pages\/3","targetHints":{"allow":["GET"]}}],"collection":[{"href":"https:\/\/fb.railmk.com\/pt\/wp-json\/wp\/v2\/pages"}],"about":[{"href":"https:\/\/fb.railmk.com\/pt\/wp-json\/wp\/v2\/types\/page"}],"author":[{"embeddable":true,"href":"https:\/\/fb.railmk.com\/pt\/wp-json\/wp\/v2\/users\/1"}],"replies":[{"embeddable":true,"href":"https:\/\/fb.railmk.com\/pt\/wp-json\/wp\/v2\/comments?post=3"}],"version-history":[{"count":19,"href":"https:\/\/fb.railmk.com\/pt\/wp-json\/wp\/v2\/pages\/3\/revisions"}],"predecessor-version":[{"id":4097,"href":"https:\/\/fb.railmk.com\/pt\/wp-json\/wp\/v2\/pages\/3\/revisions\/4097"}],"wp:attachment":[{"href":"https:\/\/fb.railmk.com\/pt\/wp-json\/wp\/v2\/media?parent=3"}],"curies":[{"name":"wp","href":"https:\/\/api.w.org\/{rel}","templated":true}]}}