{"id":3,"date":"2025-09-17T08:41:51","date_gmt":"2025-09-17T00:41:51","guid":{"rendered":"http:\/\/fb.railmk.com\/?page_id=3"},"modified":"2025-10-15T08:53:31","modified_gmt":"2025-10-15T00:53:31","slug":"privacy-policy","status":"publish","type":"page","link":"https:\/\/fb.railmk.com\/it\/privacy-policy\/","title":{"rendered":"politica sulla riservatezza"},"content":{"rendered":"<div data-elementor-type=\"wp-page\" data-elementor-id=\"3\" class=\"elementor elementor-3\" data-elementor-post-type=\"page\">\n\t\t\t\t<div class=\"elementor-element elementor-element-c11741c e-flex e-con-boxed e-con e-parent\" data-id=\"c11741c\" data-element_type=\"container\" data-settings=\"{&quot;background_background&quot;:&quot;classic&quot;}\">\n\t\t\t\t\t<div class=\"e-con-inner\">\n\t\t\t\t<div class=\"elementor-element elementor-element-0a97757 elementor-widget elementor-widget-heading\" data-id=\"0a97757\" data-element_type=\"widget\" data-widget_type=\"heading.default\">\n\t\t\t\t\t<h2 class=\"elementor-heading-title elementor-size-default\">politica sulla riservatezza<\/h2>\t\t\t\t<\/div>\n\t\t\t\t<div class=\"elementor-element elementor-element-94e27a9 elementor-widget elementor-widget-text-editor\" data-id=\"94e27a9\" data-element_type=\"widget\" data-widget_type=\"text-editor.default\">\n\t\t\t\t\t\t\t\t\t<p><strong>\u3010<a href=\"https:\/\/fb.railmk.com\/it\/\">fb.railmk.com<\/a>\u3011 Politica sulla riservatezza<\/strong><\/p>\t\t\t\t\t\t\t\t<\/div>\n\t\t\t\t<div class=\"elementor-element elementor-element-8a65eaa elementor-widget elementor-widget-text-editor\" data-id=\"8a65eaa\" data-element_type=\"widget\" data-widget_type=\"text-editor.default\">\n\t\t\t\t\t\t\t\t\t<p><strong>Ultimo aggiornamento: \u301014 ottobre 2025\u3011<\/strong><\/p>\t\t\t\t\t\t\t\t<\/div>\n\t\t\t\t<div class=\"elementor-element elementor-element-1ee81ca elementor-widget elementor-widget-text-editor\" data-id=\"1ee81ca\" data-element_type=\"widget\" data-widget_type=\"text-editor.default\">\n\t\t\t\t\t\t\t\t\t<p>Benvenuti a \u3010<a href=\"https:\/\/fb.railmk.com\/it\/\">https:\/\/fb.railmk.com\/<\/a>\u3011 (di seguito denominato &quot;questo sito web&quot;). Ci impegniamo a fornire prodotti di barriera anti-inondazione personalizzati di alta qualit\u00e0. Comprendiamo l&#039;importanza della privacy e ci impegniamo a gestire e proteggere i tuoi dati personali in modo trasparente. La presente informativa ha lo scopo di spiegare come raccogliamo, utilizziamo, divulghiamo e proteggiamo i tuoi dati quando visiti il nostro sito web, utilizzi i nostri servizi o ci contatti.<\/p>\t\t\t\t\t\t\t\t<\/div>\n\t\t\t\t\t<\/div>\n\t\t\t\t<\/div>\n\t\t<div class=\"elementor-element elementor-element-aee0740 e-flex e-con-boxed e-con e-parent\" data-id=\"aee0740\" data-element_type=\"container\" data-settings=\"{&quot;background_background&quot;:&quot;classic&quot;}\">\n\t\t\t\t\t<div class=\"e-con-inner\">\n\t\t<div class=\"elementor-element elementor-element-64a14bb e-con-full e-flex e-con e-child\" data-id=\"64a14bb\" data-element_type=\"container\">\n\t\t\t\t<div class=\"elementor-element elementor-element-5829800 elementor-widget elementor-widget-heading\" data-id=\"5829800\" data-element_type=\"widget\" data-widget_type=\"heading.default\">\n\t\t\t\t\t<h3 class=\"elementor-heading-title elementor-size-default\">1. Informazioni che raccogliamo\n<\/h3>\t\t\t\t<\/div>\n\t\t\t\t<div class=\"elementor-element elementor-element-28fff94 elementor-widget elementor-widget-text-editor\" data-id=\"28fff94\" data-element_type=\"widget\" data-widget_type=\"text-editor.default\">\n\t\t\t\t\t\t\t\t\t<p>Le informazioni che raccogliamo hanno lo scopo di fornirti prodotti e servizi migliori e includono principalmente:<\/p>\n<ul>\n<li style=\"list-style-type: none;\">\n<ul>\n<li class=\"ds-markdown-paragraph\"><strong>Informazioni fornite direttamente dall&#039;utente:<\/strong>\n<ul>\n<li>\n<p class=\"ds-markdown-paragraph\"><strong>Informazioni sui contatti:<\/strong>\u00a0Ad esempio, nome, nome dell&#039;azienda, indirizzo email, numero di telefono, paese\/regione.<\/p>\n<\/li>\n<li>\n<p class=\"ds-markdown-paragraph\"><strong>Informazioni aziendali e di progetto:<\/strong>\u00a0Ad esempio, i requisiti del progetto, le dimensioni richieste della barriera anti-inondazione, le preferenze sui materiali, il budget, l&#039;indirizzo del progetto, ecc. vengono utilizzati per fornire soluzioni e preventivi personalizzati.<\/p>\n<\/li>\n<li>\n<p class=\"ds-markdown-paragraph\"><strong>Informazioni sull&#039;ordine:<\/strong>\u00a0Come l&#039;indirizzo di fatturazione e l&#039;indirizzo di spedizione. Si prega di notare che le informazioni di pagamento (ad esempio, i numeri di carta di credito) vengono elaborate direttamente da processori di pagamento terzi (come PayPal e Stripe) e non memorizziamo tali informazioni sensibili.<\/p>\n<\/li>\n<\/ul>\n<\/li>\n<li>\n<p class=\"ds-markdown-paragraph\"><strong>Informazioni raccolte automaticamente:<\/strong><\/p>\n<ul>\n<li>\n<p class=\"ds-markdown-paragraph\">Quando navighi sul sito web, raccogliamo automaticamente informazioni tramite cookie e tecnologie simili, come il tuo indirizzo IP, il tipo di browser, il sistema operativo, gli orari di accesso, le pagine visualizzate e gli indirizzi dei siti web di riferimento.<\/p>\n<\/li>\n<\/ul>\n<\/li>\n<li>\n<p class=\"ds-markdown-paragraph\"><strong>Informazioni da terze parti:<\/strong><\/p>\n<ul>\n<li>\n<p class=\"ds-markdown-paragraph\">Otteniamo dati anonimi sull&#039;utilizzo del sito web da strumenti di analisi come Google Analytics per aiutarci a migliorare il sito web.<\/p>\n<\/li>\n<li>\n<p class=\"ds-markdown-paragraph\">Otteniamo dati anonimi sulle prestazioni delle campagne pubblicitarie da piattaforme pubblicitarie come Google Ads.<\/p>\n<\/li>\n<\/ul>\n<\/li>\n<\/ul>\n<\/li>\n<\/ul>\t\t\t\t\t\t\t\t<\/div>\n\t\t\t\t<\/div>\n\t\t<div class=\"elementor-element elementor-element-d98a8dd e-con-full e-flex e-con e-child\" data-id=\"d98a8dd\" data-element_type=\"container\">\n\t\t\t\t<div class=\"elementor-element elementor-element-24cfc1c elementor-widget elementor-widget-heading\" data-id=\"24cfc1c\" data-element_type=\"widget\" data-widget_type=\"heading.default\">\n\t\t\t\t\t<h3 class=\"elementor-heading-title elementor-size-default\">2. Come utilizziamo le tue informazioni<\/h3>\t\t\t\t<\/div>\n\t\t\t\t<div class=\"elementor-element elementor-element-137aa8a elementor-widget elementor-widget-text-editor\" data-id=\"137aa8a\" data-element_type=\"widget\" data-widget_type=\"text-editor.default\">\n\t\t\t\t\t\t\t\t\t<p>Utilizziamo le tue informazioni per i seguenti scopi:<\/p>\n<ul>\n<li>\n<p class=\"ds-markdown-paragraph\">Per elaborare le tue richieste e richieste e rispondere alle tue domande su prodotti, personalizzazione e prezzi.<\/p>\n<\/li>\n<li>\n<p class=\"ds-markdown-paragraph\">Per fornirti e personalizzare i servizi, preparare soluzioni tecniche, disegni e preventivi.<\/p>\n<\/li>\n<li>\n<p class=\"ds-markdown-paragraph\">Per elaborare i tuoi ordini, organizzare la produzione, la logistica e la consegna.<\/p>\n<\/li>\n<li>\n<p class=\"ds-markdown-paragraph\">Per migliorare e ottimizzare il nostro sito web, analizzando il comportamento degli utenti per migliorarne l&#039;esperienza.<\/p>\n<\/li>\n<li>\n<p class=\"ds-markdown-paragraph\">Per attivit\u00e0 di marketing e pubblicit\u00e0, tra cui la visualizzazione di annunci pertinenti su piattaforme come Google Ads (remarketing) e l&#039;invio di informazioni su prodotti che potrebbero interessarti (previo tuo consenso).<\/p>\n<\/li>\n<li>\n<p class=\"ds-markdown-paragraph\">Per adempiere agli obblighi di legge e garantire la sicurezza, rispettando le leggi e i regolamenti applicabili e proteggendo il nostro sito web e la nostra attivit\u00e0 dalle frodi.<\/p>\n<\/li>\n<\/ul>\t\t\t\t\t\t\t\t<\/div>\n\t\t\t\t<\/div>\n\t\t<div class=\"elementor-element elementor-element-321d4eb e-con-full e-flex e-con e-child\" data-id=\"321d4eb\" data-element_type=\"container\">\n\t\t\t\t<div class=\"elementor-element elementor-element-31f6797 elementor-widget elementor-widget-heading\" data-id=\"31f6797\" data-element_type=\"widget\" data-widget_type=\"heading.default\">\n\t\t\t\t\t<h3 class=\"elementor-heading-title elementor-size-default\">3. Cookie e tecnologie di tracciamento<\/h3>\t\t\t\t<\/div>\n\t\t\t\t<div class=\"elementor-element elementor-element-8841091 elementor-widget elementor-widget-text-editor\" data-id=\"8841091\" data-element_type=\"widget\" data-widget_type=\"text-editor.default\">\n\t\t\t\t\t\t\t\t\t<p class=\"ds-markdown-paragraph\">Il nostro sito web utilizza i cookie (piccoli file di testo) per migliorare la tua esperienza di navigazione.<\/p>\n<ul>\n<li>\n<p class=\"ds-markdown-paragraph\"><strong>Cookie essenziali:<\/strong>\u00a0Necessario per le funzioni di base del sito web.<\/p>\n<\/li>\n<li>\n<p class=\"ds-markdown-paragraph\"><strong>Cookie di prestazione:<\/strong>\u00a0Ad esempio, i cookie di Google Analytics ci aiutano a capire come i visitatori utilizzano il sito web.<\/p>\n<\/li>\n<li>\n<p class=\"ds-markdown-paragraph\"><strong>Cookie pubblicitari:<\/strong>\u00a0Impostato da servizi come Google Ads, utilizzato per monitorare i clic sugli annunci e per il remarketing.<\/p>\n<\/li>\n<\/ul>\n<p class=\"ds-markdown-paragraph\">Puoi gestire o rifiutare i cookie tramite le impostazioni del tuo browser. Alla tua prima visita, ti chiederemo il consenso per i cookie non essenziali tramite un pop-up. La disabilitazione di alcuni cookie potrebbe compromettere la piena funzionalit\u00e0 del sito web.<\/p>\t\t\t\t\t\t\t\t<\/div>\n\t\t\t\t<\/div>\n\t\t<div class=\"elementor-element elementor-element-60e7437 e-con-full e-flex e-con e-child\" data-id=\"60e7437\" data-element_type=\"container\">\n\t\t\t\t<div class=\"elementor-element elementor-element-d7a4c1d elementor-widget elementor-widget-heading\" data-id=\"d7a4c1d\" data-element_type=\"widget\" data-widget_type=\"heading.default\">\n\t\t\t\t\t<h3 class=\"elementor-heading-title elementor-size-default\">4. Come condividiamo le tue informazioni<\/h3>\t\t\t\t<\/div>\n\t\t\t\t<div class=\"elementor-element elementor-element-c04682e elementor-widget elementor-widget-text-editor\" data-id=\"c04682e\" data-element_type=\"widget\" data-widget_type=\"text-editor.default\">\n\t\t\t\t\t\t\t\t\t<p class=\"ds-markdown-paragraph\">Non venderemo mai i tuoi dati personali. Condividiamo informazioni con terze parti solo nelle seguenti circostanze:<\/p>\n<ul>\n<li>\n<p class=\"ds-markdown-paragraph\"><strong>Fornitori di servizi:<\/strong>\u00a0Con terze parti di fiducia che ci forniscono servizi, come hosting di siti web, servizi di posta elettronica, servizi di analisi dei dati, elaboratori di pagamenti e societ\u00e0 di logistica. Queste terze parti possono elaborare i dati solo secondo le nostre istruzioni.<\/p>\n<\/li>\n<li>\n<p class=\"ds-markdown-paragraph\"><strong>Requisiti legali:<\/strong>\u00a0Per ottemperare agli obblighi di legge, alle normative o rispondere a validi procedimenti legali.<\/p>\n<\/li>\n<li>\n<p class=\"ds-markdown-paragraph\"><strong>Trasferimenti aziendali:<\/strong>\u00a0In caso di fusione, acquisizione o vendita di asset, le tue informazioni potrebbero essere trasferite come parte della transazione.<\/p>\n<\/li>\n<\/ul>\t\t\t\t\t\t\t\t<\/div>\n\t\t\t\t<\/div>\n\t\t<div class=\"elementor-element elementor-element-584d724 e-con-full e-flex e-con e-child\" data-id=\"584d724\" data-element_type=\"container\">\n\t\t\t\t<div class=\"elementor-element elementor-element-1cbe40f elementor-widget elementor-widget-heading\" data-id=\"1cbe40f\" data-element_type=\"widget\" data-widget_type=\"heading.default\">\n\t\t\t\t\t<h3 class=\"elementor-heading-title elementor-size-default\">5. Trasferimenti internazionali di dati<\/h3>\t\t\t\t<\/div>\n\t\t\t\t<div class=\"elementor-element elementor-element-2f0b0ed elementor-widget elementor-widget-text-editor\" data-id=\"2f0b0ed\" data-element_type=\"widget\" data-widget_type=\"text-editor.default\">\n\t\t\t\t\t\t\t\t\t<p>La nostra azienda ha sede in Cina. Ci\u00f2 significa che le tue informazioni potrebbero essere trattate al di fuori del tuo Paese\/regione. Adotteremo tutte le misure ragionevoli per garantire che i tuoi dati siano gestiti in modo sicuro durante il trasferimento e in conformit\u00e0 con i requisiti della presente informativa.<\/p>\t\t\t\t\t\t\t\t<\/div>\n\t\t\t\t<\/div>\n\t\t<div class=\"elementor-element elementor-element-c78e566 e-con-full e-flex e-con e-child\" data-id=\"c78e566\" data-element_type=\"container\">\n\t\t\t\t<div class=\"elementor-element elementor-element-220dd13 elementor-widget elementor-widget-heading\" data-id=\"220dd13\" data-element_type=\"widget\" data-widget_type=\"heading.default\">\n\t\t\t\t\t<h3 class=\"elementor-heading-title elementor-size-default\">6. Conservazione dei dati<\/h3>\t\t\t\t<\/div>\n\t\t\t\t<div class=\"elementor-element elementor-element-f1a4d02 elementor-widget elementor-widget-text-editor\" data-id=\"f1a4d02\" data-element_type=\"widget\" data-widget_type=\"text-editor.default\">\n\t\t\t\t\t\t\t\t\t<p>Conserviamo i tuoi dati personali solo per il tempo necessario a soddisfare le finalit\u00e0 descritte nella presente informativa, o per periodi pi\u00f9 lunghi se richiesto dalla legge (ad esempio, per finalit\u00e0 fiscali o contabili). Ad esempio, le informazioni relative alle richieste di informazioni potrebbero essere conservate per diversi anni per il follow-up aziendale, mentre le informazioni relative agli ordini saranno conservate per il periodo richiesto dalla legge.<\/p>\t\t\t\t\t\t\t\t<\/div>\n\t\t\t\t<\/div>\n\t\t<div class=\"elementor-element elementor-element-c49f714 e-con-full e-flex e-con e-child\" data-id=\"c49f714\" data-element_type=\"container\">\n\t\t\t\t<div class=\"elementor-element elementor-element-9565948 elementor-widget elementor-widget-heading\" data-id=\"9565948\" data-element_type=\"widget\" data-widget_type=\"heading.default\">\n\t\t\t\t\t<h3 class=\"elementor-heading-title elementor-size-default\">7. I tuoi diritti<\/h3>\t\t\t\t<\/div>\n\t\t\t\t<div class=\"elementor-element elementor-element-8b5b9bb elementor-widget elementor-widget-text-editor\" data-id=\"8b5b9bb\" data-element_type=\"widget\" data-widget_type=\"text-editor.default\">\n\t\t\t\t\t\t\t\t\t<p class=\"ds-markdown-paragraph\">A seconda delle leggi vigenti nella tua zona (ad esempio il GDPR nell&#039;UE o il CCPA in California), potresti avere i seguenti diritti:<\/p>\n<ul>\n<li>\n<p class=\"ds-markdown-paragraph\"><strong>Accesso e correzione:<\/strong>\u00a0Richiedi l&#039;accesso alle tue informazioni personali in nostro possesso e correggi eventuali inesattezze.<\/p>\n<\/li>\n<li>\n<p class=\"ds-markdown-paragraph\"><strong>Cancellazione:<\/strong>\u00a0Richiedi la cancellazione dei tuoi dati personali.<\/p>\n<\/li>\n<li>\n<p class=\"ds-markdown-paragraph\"><strong>Limitazione del trattamento:<\/strong>\u00a0Richiedere che venga limitato il trattamento delle tue informazioni.<\/p>\n<\/li>\n<li>\n<p class=\"ds-markdown-paragraph\"><strong>Portabilit\u00e0 dei dati:<\/strong>\u00a0Ricevi le informazioni fornite in un formato strutturato e di uso comune.<\/p>\n<\/li>\n<li>\n<p class=\"ds-markdown-paragraph\"><strong>Oggetto del marketing:<\/strong>\u00a0Puoi opporti in qualsiasi momento all&#039;utilizzo delle tue informazioni per scopi di marketing diretto.<\/p>\n<\/li>\n<li>\n<p class=\"ds-markdown-paragraph\"><strong>Ritirare il consenso:<\/strong>\u00a0Revoca qualsiasi consenso precedentemente fornito per il trattamento dei tuoi dati personali.<\/p>\n<\/li>\n<\/ul>\n<p class=\"ds-markdown-paragraph\">Per esercitare uno qualsiasi di questi diritti, ti preghiamo di contattarci utilizzando i dettagli forniti nella Sezione 9.<\/p>\t\t\t\t\t\t\t\t<\/div>\n\t\t\t\t<\/div>\n\t\t<div class=\"elementor-element elementor-element-5a9aa41 e-con-full e-flex e-con e-child\" data-id=\"5a9aa41\" data-element_type=\"container\">\n\t\t\t\t<div class=\"elementor-element elementor-element-7592e78 elementor-widget elementor-widget-heading\" data-id=\"7592e78\" data-element_type=\"widget\" data-widget_type=\"heading.default\">\n\t\t\t\t\t<h3 class=\"elementor-heading-title elementor-size-default\">8. Privacy dei bambini<\/h3>\t\t\t\t<\/div>\n\t\t\t\t<div class=\"elementor-element elementor-element-7de496a elementor-widget elementor-widget-text-editor\" data-id=\"7de496a\" data-element_type=\"widget\" data-widget_type=\"text-editor.default\">\n\t\t\t\t\t\t\t\t\t<p>Il nostro sito web non \u00e8 rivolto a bambini di et\u00e0 inferiore ai 13 anni. Non raccogliamo consapevolmente informazioni personali da bambini.<\/p>\t\t\t\t\t\t\t\t<\/div>\n\t\t\t\t<\/div>\n\t\t<div class=\"elementor-element elementor-element-056393d e-con-full e-flex e-con e-child\" data-id=\"056393d\" data-element_type=\"container\">\n\t\t\t\t<div class=\"elementor-element elementor-element-7feb628 elementor-widget elementor-widget-heading\" data-id=\"7feb628\" data-element_type=\"widget\" data-widget_type=\"heading.default\">\n\t\t\t\t\t<h3 class=\"elementor-heading-title elementor-size-default\">9. Contattaci<\/h3>\t\t\t\t<\/div>\n\t\t\t\t<div class=\"elementor-element elementor-element-eee8e92 elementor-widget elementor-widget-text-editor\" data-id=\"eee8e92\" data-element_type=\"widget\" data-widget_type=\"text-editor.default\">\n\t\t\t\t\t\t\t\t\t<p class=\"ds-markdown-paragraph\">Per qualsiasi domanda, commento o richiesta riguardante la presente Informativa sulla privacy, le tue informazioni personali o i tuoi diritti, non esitare a contattarci:<\/p><ul><li><p class=\"ds-markdown-paragraph\"><strong>E-mail:<\/strong>\u00a0\u3010info@zxjtgc.com\u3011<\/p><\/li><li><p class=\"ds-markdown-paragraph\"><strong>Telefono:<\/strong>\u00a0\u3010+86 17367286921\u3011<\/p><\/li><li class=\"ds-markdown-paragraph\"><strong>Indirizzo postale:\u00a0 \u00a0 <\/strong><ul><li>All&#039;attenzione del Sig. Ming<\/li><li>Zhenxuan Industrial Co., Ltd.<\/li><li>N. 577 Fuqiang Road, distretto di Yinzhou<\/li><li>Ningbo, Zhejiang 315000<\/li><li>\u00a0Cina<\/li><\/ul><\/li><\/ul>\t\t\t\t\t\t\t\t<\/div>\n\t\t\t\t<\/div>\n\t\t<div class=\"elementor-element elementor-element-ce04a48 e-con-full e-flex e-con e-child\" data-id=\"ce04a48\" data-element_type=\"container\">\n\t\t\t\t<div class=\"elementor-element elementor-element-4e6de6e elementor-widget elementor-widget-heading\" data-id=\"4e6de6e\" data-element_type=\"widget\" data-widget_type=\"heading.default\">\n\t\t\t\t\t<h3 class=\"elementor-heading-title elementor-size-default\">10. Aggiornamenti delle politiche<\/h3>\t\t\t\t<\/div>\n\t\t\t\t<div class=\"elementor-element elementor-element-1c345d3 elementor-widget elementor-widget-text-editor\" data-id=\"1c345d3\" data-element_type=\"widget\" data-widget_type=\"text-editor.default\">\n\t\t\t\t\t\t\t\t\t<p>Potremmo aggiornare periodicamente la presente Informativa sulla privacy. Eventuali modifiche saranno pubblicate su questa pagina con la versione aggiornata e la data di &quot;Ultimo aggiornamento&quot; in alto sar\u00e0 modificata. Ti invitiamo a consultare periodicamente questa pagina per scoprire come proteggiamo le tue informazioni.<\/p>\t\t\t\t\t\t\t\t<\/div>\n\t\t\t\t<\/div>\n\t\t\t\t\t<\/div>\n\t\t\t\t<\/div>\n\t\t\t\t<\/div>","protected":false},"excerpt":{"rendered":"<p>Privacy Policy \u3010fb.railmk.com\u3011\u00a0Privacy Policy Last Updated: \u3010October 14, 2025\u3011 Welcome to \u3010https:\/\/fb.railmk.com\/\u3011 (hereinafter referred to as &#8220;this Website&#8221;). We focus [&hellip;]<\/p>","protected":false},"author":1,"featured_media":0,"parent":0,"menu_order":0,"comment_status":"closed","ping_status":"open","template":"","meta":{"site-sidebar-layout":"default","site-content-layout":"","ast-site-content-layout":"default","site-content-style":"default","site-sidebar-style":"default","ast-global-header-display":"","ast-banner-title-visibility":"","ast-main-header-display":"","ast-hfb-above-header-display":"","ast-hfb-below-header-display":"","ast-hfb-mobile-header-display":"","site-post-title":"disabled","ast-breadcrumbs-content":"","ast-featured-img":"","footer-sml-layout":"","theme-transparent-header-meta":"","adv-header-id-meta":"","stick-header-meta":"","header-above-stick-meta":"","header-main-stick-meta":"","header-below-stick-meta":"","astra-migrate-meta-layouts":"default","ast-page-background-enabled":"default","ast-page-background-meta":{"desktop":{"background-color":"var(--ast-global-color-4)","background-image":"","background-repeat":"repeat","background-position":"center center","background-size":"auto","background-attachment":"scroll","background-type":"","background-media":"","overlay-type":"","overlay-color":"","overlay-opacity":"","overlay-gradient":""},"tablet":{"background-color":"","background-image":"","background-repeat":"repeat","background-position":"center center","background-size":"auto","background-attachment":"scroll","background-type":"","background-media":"","overlay-type":"","overlay-color":"","overlay-opacity":"","overlay-gradient":""},"mobile":{"background-color":"","background-image":"","background-repeat":"repeat","background-position":"center center","background-size":"auto","background-attachment":"scroll","background-type":"","background-media":"","overlay-type":"","overlay-color":"","overlay-opacity":"","overlay-gradient":""}},"ast-content-background-meta":{"desktop":{"background-color":"var(--ast-global-color-5)","background-image":"","background-repeat":"repeat","background-position":"center center","background-size":"auto","background-attachment":"scroll","background-type":"","background-media":"","overlay-type":"","overlay-color":"","overlay-opacity":"","overlay-gradient":""},"tablet":{"background-color":"var(--ast-global-color-5)","background-image":"","background-repeat":"repeat","background-position":"center center","background-size":"auto","background-attachment":"scroll","background-type":"","background-media":"","overlay-type":"","overlay-color":"","overlay-opacity":"","overlay-gradient":""},"mobile":{"background-color":"var(--ast-global-color-5)","background-image":"","background-repeat":"repeat","background-position":"center center","background-size":"auto","background-attachment":"scroll","background-type":"","background-media":"","overlay-type":"","overlay-color":"","overlay-opacity":"","overlay-gradient":""}},"footnotes":""},"class_list":["post-3","page","type-page","status-publish","hentry"],"_links":{"self":[{"href":"https:\/\/fb.railmk.com\/it\/wp-json\/wp\/v2\/pages\/3","targetHints":{"allow":["GET"]}}],"collection":[{"href":"https:\/\/fb.railmk.com\/it\/wp-json\/wp\/v2\/pages"}],"about":[{"href":"https:\/\/fb.railmk.com\/it\/wp-json\/wp\/v2\/types\/page"}],"author":[{"embeddable":true,"href":"https:\/\/fb.railmk.com\/it\/wp-json\/wp\/v2\/users\/1"}],"replies":[{"embeddable":true,"href":"https:\/\/fb.railmk.com\/it\/wp-json\/wp\/v2\/comments?post=3"}],"version-history":[{"count":19,"href":"https:\/\/fb.railmk.com\/it\/wp-json\/wp\/v2\/pages\/3\/revisions"}],"predecessor-version":[{"id":4097,"href":"https:\/\/fb.railmk.com\/it\/wp-json\/wp\/v2\/pages\/3\/revisions\/4097"}],"wp:attachment":[{"href":"https:\/\/fb.railmk.com\/it\/wp-json\/wp\/v2\/media?parent=3"}],"curies":[{"name":"wp","href":"https:\/\/api.w.org\/{rel}","templated":true}]}}