{"id":4621,"date":"2025-11-08T14:31:17","date_gmt":"2025-11-08T06:31:17","guid":{"rendered":"https:\/\/fb.railmk.com\/?page_id=4621"},"modified":"2025-11-08T14:46:04","modified_gmt":"2025-11-08T06:46:04","slug":"cases_19","status":"publish","type":"page","link":"https:\/\/fb.railmk.com\/fr\/projects\/cases_19\/","title":{"rendered":"Specific Cases_19"},"content":{"rendered":"<div data-elementor-type=\"wp-page\" data-elementor-id=\"4621\" class=\"elementor elementor-4621\" data-elementor-post-type=\"page\">\n\t\t\t\t<div class=\"elementor-element elementor-element-d4f23f6 e-flex e-con-boxed e-con e-parent\" data-id=\"d4f23f6\" data-element_type=\"container\">\n\t\t\t\t\t<div class=\"e-con-inner\">\n\t\t\t\t<div class=\"elementor-element elementor-element-e952c88 elementor-widget elementor-widget-button\" data-id=\"e952c88\" data-element_type=\"widget\" data-widget_type=\"button.default\">\n\t\t\t\t\t\t\t\t\t\t<a class=\"elementor-button elementor-button-link elementor-size-sm\" href=\"\/fr\/projects\/\">\n\t\t\t\t\t\t<span class=\"elementor-button-content-wrapper\">\n\t\t\t\t\t\t<span class=\"elementor-button-icon\">\n\t\t\t\t<svg aria-hidden=\"true\" class=\"e-font-icon-svg e-fas-arrow-left\" viewbox=\"0 0 448 512\" xmlns=\"http:\/\/www.w3.org\/2000\/svg\"><path d=\"M257.5 445.1l-22.2 22.2c-9.4 9.4-24.6 9.4-33.9 0L7 273c-9.4-9.4-9.4-24.6 0-33.9L201.4 44.7c9.4-9.4 24.6-9.4 33.9 0l22.2 22.2c9.5 9.5 9.3 25-.4 34.3L136.6 216H424c13.3 0 24 10.7 24 24v32c0 13.3-10.7 24-24 24H136.6l120.5 114.8c9.8 9.3 10 24.8.4 34.3z\"><\/path><\/svg>\t\t\t<\/span>\n\t\t\t\t\t\t\t\t\t<span class=\"elementor-button-text\">Retour<\/span>\n\t\t\t\t\t<\/span>\n\t\t\t\t\t<\/a>\n\t\t\t\t\t\t\t\t<\/div>\n\t\t\t\t\t<\/div>\n\t\t\t\t<\/div>\n\t\t<div class=\"elementor-element elementor-element-08e5f8e e-flex e-con-boxed e-con e-parent\" data-id=\"08e5f8e\" data-element_type=\"container\">\n\t\t\t\t\t<div class=\"e-con-inner\">\n\t\t<div class=\"elementor-element elementor-element-47adf27 e-con-full e-flex e-con e-child\" data-id=\"47adf27\" data-element_type=\"container\">\n\t\t\t\t<div class=\"elementor-element elementor-element-41a14d9 elementor-widget elementor-widget-heading\" data-id=\"41a14d9\" data-element_type=\"widget\" data-widget_type=\"heading.default\">\n\t\t\t\t\t<h4 class=\"elementor-heading-title elementor-size-default\">Projet de lutte contre les inondations de la section du pont Hushi sur la rive droite de la rivi\u00e8re Huxi<\/h4>\t\t\t\t<\/div>\n\t\t\t\t<div class=\"elementor-element elementor-element-cb740be elementor-widget elementor-widget-text-editor\" data-id=\"cb740be\" data-element_type=\"widget\" data-widget_type=\"text-editor.default\">\n\t\t\t\t\t\t\t\t\t<p class=\"ds-markdown-paragraph\">Ce projet a n\u00e9cessit\u00e9 le d\u00e9ploiement d&#039;un syst\u00e8me de barri\u00e8res anti-inondations \u00e0 grande \u00e9chelle et con\u00e7u sur mesure.\u00a0<strong>807,2 m\u00e8tres<\/strong>\u00a0le long de la rivi\u00e8re Fuqing. La solution a \u00e9t\u00e9 con\u00e7ue sur mesure avec pr\u00e9cision, en fonction d&#039;un cahier des charges d\u00e9taill\u00e9, afin de garantir des performances optimales et une int\u00e9gration esth\u00e9tique r\u00e9ussie.<\/p><p class=\"ds-markdown-paragraph\"><strong>Sp\u00e9cifications cl\u00e9s et d\u00e9tails de personnalisation\u00a0:<\/strong><\/p><ul><li><p class=\"ds-markdown-paragraph\"><strong>Cadre structurel :<\/strong>\u00a0Des poteaux interm\u00e9diaires (154 x 186 x 20 mm) et des poteaux d&#039;extr\u00e9mit\u00e9 (93 x 154 x 20 mm) ont \u00e9t\u00e9 utilis\u00e9s. Tous les poteaux principaux ont \u00e9t\u00e9 fabriqu\u00e9s conform\u00e9ment aux plans de CAO de production, avec un entraxe standard de 3,0 m\u00e8tres. Le syst\u00e8me a \u00e9t\u00e9 con\u00e7u sans contreventement diagonal pour une installation \u00e9pur\u00e9e.<\/p><\/li><li><p class=\"ds-markdown-paragraph\"><strong>Panneaux barri\u00e8res :<\/strong>\u00a0Des panneaux de 10 cm de large ont \u00e9t\u00e9 utilis\u00e9s, r\u00e9partis uniform\u00e9ment entre des \u00e9paisseurs de paroi de 2,0 mm et 2,5 mm, conform\u00e9ment \u00e0 la liste \u00e9tablie \u00e0 la main. Il \u00e9tait imp\u00e9ratif d&#039;assurer une \u00e9tanch\u00e9it\u00e9 compl\u00e8te de toutes les extr\u00e9mit\u00e9s des panneaux afin de masquer l&#039;\u00e9paisseur et garantir un aspect visuel uniforme.<\/p><\/li><li><p class=\"ds-markdown-paragraph\"><strong>Composants int\u00e9gr\u00e9s\u00a0:<\/strong>\u00a0Toutes les pi\u00e8ces encastr\u00e9es ont \u00e9t\u00e9 fabriqu\u00e9es conform\u00e9ment aux plans CAO de production. Cela comprenait des plaques de positionnement standard de 5 mm d&#039;\u00e9paisseur, compl\u00e9t\u00e9es par 20 unit\u00e9s de plaques de positionnement de 20 mm d&#039;\u00e9paisseur sp\u00e9cialement con\u00e7ues pour faciliter et r\u00e9sister aux protocoles d&#039;inspection.<\/p><\/li><li><p class=\"ds-markdown-paragraph\"><strong>Configurations :<\/strong>\u00a0La hauteur de la barri\u00e8re et les quantit\u00e9s sp\u00e9cifiques pour chaque profil ont \u00e9t\u00e9 d\u00e9termin\u00e9es avec pr\u00e9cision en croisant les sch\u00e9mas PDF fournis et la liste dessin\u00e9e \u00e0 la main.<\/p><\/li><\/ul>\t\t\t\t\t\t\t\t<\/div>\n\t\t\t\t<\/div>\n\t\t<div class=\"elementor-element elementor-element-fcd54c9 e-con-full e-flex e-con e-child\" data-id=\"fcd54c9\" data-element_type=\"container\">\n\t\t\t\t<div class=\"elementor-element elementor-element-0d68d86 elementor-arrows-position-inside elementor-pagination-position-outside elementor-widget elementor-widget-image-carousel\" data-id=\"0d68d86\" data-element_type=\"widget\" data-settings=\"{&quot;slides_to_show&quot;:&quot;1&quot;,&quot;navigation&quot;:&quot;both&quot;,&quot;autoplay&quot;:&quot;yes&quot;,&quot;pause_on_hover&quot;:&quot;yes&quot;,&quot;pause_on_interaction&quot;:&quot;yes&quot;,&quot;autoplay_speed&quot;:5000,&quot;infinite&quot;:&quot;yes&quot;,&quot;effect&quot;:&quot;slide&quot;,&quot;speed&quot;:500}\" data-widget_type=\"image-carousel.default\">\n\t\t\t\t\t\t\t<div class=\"elementor-image-carousel-wrapper swiper\" role=\"region\" aria-roledescription=\"carousel\" aria-label=\"\u56fe\u50cf\u8f6e\u64ad\" dir=\"ltr\">\n\t\t\t<div class=\"elementor-image-carousel swiper-wrapper\" aria-live=\"off\">\n\t\t\t\t\t\t\t\t<div class=\"swiper-slide\" role=\"group\" aria-roledescription=\"slide\" aria-label=\"1 van 4\" data-no-translation-aria-label=\"\"><figure class=\"swiper-slide-inner\"><img decoding=\"async\" class=\"swiper-slide-image\" src=\"https:\/\/fb.railmk.com\/\/wp-content\/uploads\/photo\/project_19_1-1.jpg\" alt=\"project 19 1\" \/><\/figure><\/div><div class=\"swiper-slide\" role=\"group\" aria-roledescription=\"slide\" aria-label=\"2 van 4\" data-no-translation-aria-label=\"\"><figure class=\"swiper-slide-inner\"><img decoding=\"async\" class=\"swiper-slide-image\" src=\"https:\/\/fb.railmk.com\/\/wp-content\/uploads\/photo\/project_19_2.jpg\" alt=\"project 19 2\" \/><\/figure><\/div><div class=\"swiper-slide\" role=\"group\" aria-roledescription=\"slide\" aria-label=\"3 van 4\" data-no-translation-aria-label=\"\"><figure class=\"swiper-slide-inner\"><img decoding=\"async\" class=\"swiper-slide-image\" src=\"https:\/\/fb.railmk.com\/\/wp-content\/uploads\/photo\/project_19_3.jpg\" alt=\"project 19 3\" \/><\/figure><\/div><div class=\"swiper-slide\" role=\"group\" aria-roledescription=\"slide\" aria-label=\"4 van 4\" data-no-translation-aria-label=\"\"><figure class=\"swiper-slide-inner\"><img decoding=\"async\" class=\"swiper-slide-image\" src=\"https:\/\/fb.railmk.com\/\/wp-content\/uploads\/photo\/project_19_4.png\" alt=\"project 19 4\" \/><\/figure><\/div>\t\t\t<\/div>\n\t\t\t\t\t\t\t\t\t\t\t\t<div class=\"elementor-swiper-button elementor-swiper-button-prev\" role=\"button\" tabindex=\"0\">\n\t\t\t\t\t\t<svg aria-hidden=\"true\" class=\"e-font-icon-svg e-eicon-chevron-left\" viewbox=\"0 0 1000 1000\" xmlns=\"http:\/\/www.w3.org\/2000\/svg\"><path d=\"M646 125C629 125 613 133 604 142L308 442C296 454 292 471 292 487 292 504 296 521 308 533L604 854C617 867 629 875 646 875 663 875 679 871 692 858 704 846 713 829 713 812 713 796 708 779 692 767L438 487 692 225C700 217 708 204 708 187 708 171 704 154 692 142 675 129 663 125 646 125Z\"><\/path><\/svg>\t\t\t\t\t<\/div>\n\t\t\t\t\t<div class=\"elementor-swiper-button elementor-swiper-button-next\" role=\"button\" tabindex=\"0\">\n\t\t\t\t\t\t<svg aria-hidden=\"true\" class=\"e-font-icon-svg e-eicon-chevron-right\" viewbox=\"0 0 1000 1000\" xmlns=\"http:\/\/www.w3.org\/2000\/svg\"><path d=\"M696 533C708 521 713 504 713 487 713 471 708 454 696 446L400 146C388 133 375 125 354 125 338 125 325 129 313 142 300 154 292 171 292 187 292 204 296 221 308 233L563 492 304 771C292 783 288 800 288 817 288 833 296 850 308 863 321 871 338 875 354 875 371 875 388 867 400 854L696 533Z\"><\/path><\/svg>\t\t\t\t\t<\/div>\n\t\t\t\t\n\t\t\t\t\t\t\t\t\t<div class=\"swiper-pagination\"><\/div>\n\t\t\t\t\t\t\t\t\t<\/div>\n\t\t\t\t\t\t<\/div>\n\t\t\t\t<\/div>\n\t\t\t\t\t<\/div>\n\t\t\t\t<\/div>\n\t\t\t\t<\/div>","protected":false},"excerpt":{"rendered":"<p>Return Flood control project of Hushi Bridge section on the right bank of Huxi River This project involved the deployment [&hellip;]<\/p>","protected":false},"author":1,"featured_media":0,"parent":4103,"menu_order":0,"comment_status":"closed","ping_status":"closed","template":"","meta":{"site-sidebar-layout":"no-sidebar","site-content-layout":"","ast-site-content-layout":"full-width-container","site-content-style":"default","site-sidebar-style":"default","ast-global-header-display":"","ast-banner-title-visibility":"","ast-main-header-display":"","ast-hfb-above-header-display":"","ast-hfb-below-header-display":"","ast-hfb-mobile-header-display":"","site-post-title":"disabled","ast-breadcrumbs-content":"","ast-featured-img":"disabled","footer-sml-layout":"","theme-transparent-header-meta":"","adv-header-id-meta":"","stick-header-meta":"","header-above-stick-meta":"","header-main-stick-meta":"","header-below-stick-meta":"","astra-migrate-meta-layouts":"default","ast-page-background-enabled":"default","ast-page-background-meta":{"desktop":{"background-color":"var(--ast-global-color-4)","background-image":"","background-repeat":"repeat","background-position":"center center","background-size":"auto","background-attachment":"scroll","background-type":"","background-media":"","overlay-type":"","overlay-color":"","overlay-opacity":"","overlay-gradient":""},"tablet":{"background-color":"","background-image":"","background-repeat":"repeat","background-position":"center center","background-size":"auto","background-attachment":"scroll","background-type":"","background-media":"","overlay-type":"","overlay-color":"","overlay-opacity":"","overlay-gradient":""},"mobile":{"background-color":"","background-image":"","background-repeat":"repeat","background-position":"center center","background-size":"auto","background-attachment":"scroll","background-type":"","background-media":"","overlay-type":"","overlay-color":"","overlay-opacity":"","overlay-gradient":""}},"ast-content-background-meta":{"desktop":{"background-color":"var(--ast-global-color-5)","background-image":"","background-repeat":"repeat","background-position":"center center","background-size":"auto","background-attachment":"scroll","background-type":"","background-media":"","overlay-type":"","overlay-color":"","overlay-opacity":"","overlay-gradient":""},"tablet":{"background-color":"var(--ast-global-color-5)","background-image":"","background-repeat":"repeat","background-position":"center center","background-size":"auto","background-attachment":"scroll","background-type":"","background-media":"","overlay-type":"","overlay-color":"","overlay-opacity":"","overlay-gradient":""},"mobile":{"background-color":"var(--ast-global-color-5)","background-image":"","background-repeat":"repeat","background-position":"center center","background-size":"auto","background-attachment":"scroll","background-type":"","background-media":"","overlay-type":"","overlay-color":"","overlay-opacity":"","overlay-gradient":""}},"footnotes":""},"class_list":["post-4621","page","type-page","status-publish","hentry"],"_links":{"self":[{"href":"https:\/\/fb.railmk.com\/fr\/wp-json\/wp\/v2\/pages\/4621","targetHints":{"allow":["GET"]}}],"collection":[{"href":"https:\/\/fb.railmk.com\/fr\/wp-json\/wp\/v2\/pages"}],"about":[{"href":"https:\/\/fb.railmk.com\/fr\/wp-json\/wp\/v2\/types\/page"}],"author":[{"embeddable":true,"href":"https:\/\/fb.railmk.com\/fr\/wp-json\/wp\/v2\/users\/1"}],"replies":[{"embeddable":true,"href":"https:\/\/fb.railmk.com\/fr\/wp-json\/wp\/v2\/comments?post=4621"}],"version-history":[{"count":10,"href":"https:\/\/fb.railmk.com\/fr\/wp-json\/wp\/v2\/pages\/4621\/revisions"}],"predecessor-version":[{"id":4633,"href":"https:\/\/fb.railmk.com\/fr\/wp-json\/wp\/v2\/pages\/4621\/revisions\/4633"}],"up":[{"embeddable":true,"href":"https:\/\/fb.railmk.com\/fr\/wp-json\/wp\/v2\/pages\/4103"}],"wp:attachment":[{"href":"https:\/\/fb.railmk.com\/fr\/wp-json\/wp\/v2\/media?parent=4621"}],"curies":[{"name":"wp","href":"https:\/\/api.w.org\/{rel}","templated":true}]}}