{"id":3,"date":"2025-09-17T08:41:51","date_gmt":"2025-09-17T00:41:51","guid":{"rendered":"http:\/\/fb.railmk.com\/?page_id=3"},"modified":"2025-10-15T08:53:31","modified_gmt":"2025-10-15T00:53:31","slug":"privacy-policy","status":"publish","type":"page","link":"https:\/\/fb.railmk.com\/fr\/privacy-policy\/","title":{"rendered":"politique de confidentialit\u00e9"},"content":{"rendered":"<div data-elementor-type=\"wp-page\" data-elementor-id=\"3\" class=\"elementor elementor-3\" data-elementor-post-type=\"page\">\n\t\t\t\t<div class=\"elementor-element elementor-element-c11741c e-flex e-con-boxed e-con e-parent\" data-id=\"c11741c\" data-element_type=\"container\" data-settings=\"{&quot;background_background&quot;:&quot;classic&quot;}\">\n\t\t\t\t\t<div class=\"e-con-inner\">\n\t\t\t\t<div class=\"elementor-element elementor-element-0a97757 elementor-widget elementor-widget-heading\" data-id=\"0a97757\" data-element_type=\"widget\" data-widget_type=\"heading.default\">\n\t\t\t\t\t<h2 class=\"elementor-heading-title elementor-size-default\">politique de confidentialit\u00e9<\/h2>\t\t\t\t<\/div>\n\t\t\t\t<div class=\"elementor-element elementor-element-94e27a9 elementor-widget elementor-widget-text-editor\" data-id=\"94e27a9\" data-element_type=\"widget\" data-widget_type=\"text-editor.default\">\n\t\t\t\t\t\t\t\t\t<p><strong>\u3010<a href=\"https:\/\/fb.railmk.com\/fr\/\">fb.railmk.com<\/a>\u3011 Politique de confidentialit\u00e9<\/strong><\/p>\t\t\t\t\t\t\t\t<\/div>\n\t\t\t\t<div class=\"elementor-element elementor-element-8a65eaa elementor-widget elementor-widget-text-editor\" data-id=\"8a65eaa\" data-element_type=\"widget\" data-widget_type=\"text-editor.default\">\n\t\t\t\t\t\t\t\t\t<p><strong>Derni\u00e8re mise \u00e0 jour\u00a0: \u301014 octobre 2025\u3011<\/strong><\/p>\t\t\t\t\t\t\t\t<\/div>\n\t\t\t\t<div class=\"elementor-element elementor-element-1ee81ca elementor-widget elementor-widget-text-editor\" data-id=\"1ee81ca\" data-element_type=\"widget\" data-widget_type=\"text-editor.default\">\n\t\t\t\t\t\t\t\t\t<p>Bienvenue \u00e0 \u3010<a href=\"https:\/\/fb.railmk.com\/fr\/\">https:\/\/fb.railmk.com\/<\/a>\u3011 (ci-apr\u00e8s d\u00e9nomm\u00e9 \u00ab\u00a0ce site web\u00a0\u00bb). Nous nous concentrons sur la fourniture de produits anti-inondation sur mesure de haute qualit\u00e9. Nous comprenons l&#039;importance de la confidentialit\u00e9 et nous engageons \u00e0 traiter et \u00e0 prot\u00e9ger vos informations personnelles en toute transparence. Cette politique vise \u00e0 expliquer comment nous collectons, utilisons, divulguons et prot\u00e9geons vos informations lorsque vous visitez notre site web, utilisez nos services ou nous contactez.<\/p>\t\t\t\t\t\t\t\t<\/div>\n\t\t\t\t\t<\/div>\n\t\t\t\t<\/div>\n\t\t<div class=\"elementor-element elementor-element-aee0740 e-flex e-con-boxed e-con e-parent\" data-id=\"aee0740\" data-element_type=\"container\" data-settings=\"{&quot;background_background&quot;:&quot;classic&quot;}\">\n\t\t\t\t\t<div class=\"e-con-inner\">\n\t\t<div class=\"elementor-element elementor-element-64a14bb e-con-full e-flex e-con e-child\" data-id=\"64a14bb\" data-element_type=\"container\">\n\t\t\t\t<div class=\"elementor-element elementor-element-5829800 elementor-widget elementor-widget-heading\" data-id=\"5829800\" data-element_type=\"widget\" data-widget_type=\"heading.default\">\n\t\t\t\t\t<h3 class=\"elementor-heading-title elementor-size-default\">1. Informations que nous collectons\n<\/h3>\t\t\t\t<\/div>\n\t\t\t\t<div class=\"elementor-element elementor-element-28fff94 elementor-widget elementor-widget-text-editor\" data-id=\"28fff94\" data-element_type=\"widget\" data-widget_type=\"text-editor.default\">\n\t\t\t\t\t\t\t\t\t<p>Les informations que nous collectons sont destin\u00e9es \u00e0 mieux vous fournir des produits et services, et comprennent principalement :<\/p>\n<ul>\n<li style=\"list-style-type: none;\">\n<ul>\n<li class=\"ds-markdown-paragraph\"><strong>Informations que vous fournissez directement :<\/strong>\n<ul>\n<li>\n<p class=\"ds-markdown-paragraph\"><strong>Coordonn\u00e9es:<\/strong>\u00a0Comme votre nom, le nom de votre entreprise, votre adresse e-mail, votre num\u00e9ro de t\u00e9l\u00e9phone, votre pays\/r\u00e9gion.<\/p>\n<\/li>\n<li>\n<p class=\"ds-markdown-paragraph\"><strong>Informations sur l&#039;entreprise et le projet :<\/strong>\u00a0Tels que les exigences de votre projet, les dimensions requises de la barri\u00e8re anti-inondation, les pr\u00e9f\u00e9rences mat\u00e9rielles, le budget, l&#039;adresse du projet, etc., utilis\u00e9s pour fournir des solutions et des devis personnalis\u00e9s.<\/p>\n<\/li>\n<li>\n<p class=\"ds-markdown-paragraph\"><strong>Informations sur la commande :<\/strong>\u00a0Par exemple, l&#039;adresse de facturation et l&#039;adresse de livraison. Veuillez noter que les informations de paiement (par exemple, les num\u00e9ros de carte de cr\u00e9dit) sont trait\u00e9es directement par des prestataires de services de paiement tiers (tels que PayPal et Stripe) et que nous ne conservons pas ces informations sensibles.<\/p>\n<\/li>\n<\/ul>\n<\/li>\n<li>\n<p class=\"ds-markdown-paragraph\"><strong>Informations collect\u00e9es automatiquement :<\/strong><\/p>\n<ul>\n<li>\n<p class=\"ds-markdown-paragraph\">Lorsque vous naviguez sur le site Web, nous collectons automatiquement des informations via des cookies et des technologies similaires, telles que votre adresse IP, le type de navigateur, le syst\u00e8me d&#039;exploitation, les heures d&#039;acc\u00e8s, les pages consult\u00e9es et les adresses des sites Web de r\u00e9f\u00e9rence.<\/p>\n<\/li>\n<\/ul>\n<\/li>\n<li>\n<p class=\"ds-markdown-paragraph\"><strong>Informations provenant de tiers :<\/strong><\/p>\n<ul>\n<li>\n<p class=\"ds-markdown-paragraph\">Nous obtenons des donn\u00e9es d&#039;utilisation de sites Web anonymes \u00e0 partir d&#039;outils d&#039;analyse tels que Google Analytics pour nous aider \u00e0 am\u00e9liorer le site Web.<\/p>\n<\/li>\n<li>\n<p class=\"ds-markdown-paragraph\">Nous obtenons des donn\u00e9es de performance de campagnes publicitaires anonymes \u00e0 partir de plateformes publicitaires telles que Google Ads.<\/p>\n<\/li>\n<\/ul>\n<\/li>\n<\/ul>\n<\/li>\n<\/ul>\t\t\t\t\t\t\t\t<\/div>\n\t\t\t\t<\/div>\n\t\t<div class=\"elementor-element elementor-element-d98a8dd e-con-full e-flex e-con e-child\" data-id=\"d98a8dd\" data-element_type=\"container\">\n\t\t\t\t<div class=\"elementor-element elementor-element-24cfc1c elementor-widget elementor-widget-heading\" data-id=\"24cfc1c\" data-element_type=\"widget\" data-widget_type=\"heading.default\">\n\t\t\t\t\t<h3 class=\"elementor-heading-title elementor-size-default\">2. Comment nous utilisons vos informations<\/h3>\t\t\t\t<\/div>\n\t\t\t\t<div class=\"elementor-element elementor-element-137aa8a elementor-widget elementor-widget-text-editor\" data-id=\"137aa8a\" data-element_type=\"widget\" data-widget_type=\"text-editor.default\">\n\t\t\t\t\t\t\t\t\t<p>Nous utilisons vos informations aux fins suivantes :<\/p>\n<ul>\n<li>\n<p class=\"ds-markdown-paragraph\">Pour traiter vos demandes et requ\u00eates, et r\u00e9pondre \u00e0 vos questions sur les produits, la personnalisation et les prix.<\/p>\n<\/li>\n<li>\n<p class=\"ds-markdown-paragraph\">Pour vous fournir et personnaliser des services, pr\u00e9parer des solutions techniques, des dessins et des devis.<\/p>\n<\/li>\n<li>\n<p class=\"ds-markdown-paragraph\">Pour traiter vos commandes, organiser la production, la logistique et la livraison.<\/p>\n<\/li>\n<li>\n<p class=\"ds-markdown-paragraph\">Pour am\u00e9liorer et optimiser notre site Web, en analysant le comportement des utilisateurs pour am\u00e9liorer l&#039;exp\u00e9rience utilisateur.<\/p>\n<\/li>\n<li>\n<p class=\"ds-markdown-paragraph\">Pour les activit\u00e9s de marketing et de publicit\u00e9, notamment pour vous montrer des publicit\u00e9s pertinentes sur des plateformes telles que Google Ads (remarketing) et vous envoyer des informations sur les produits susceptibles de vous int\u00e9resser (sous r\u00e9serve de votre consentement).<\/p>\n<\/li>\n<li>\n<p class=\"ds-markdown-paragraph\">Pour remplir les obligations l\u00e9gales et assurer la s\u00e9curit\u00e9, en respectant les lois et r\u00e9glementations applicables et en prot\u00e9geant notre site Web et notre entreprise contre la fraude.<\/p>\n<\/li>\n<\/ul>\t\t\t\t\t\t\t\t<\/div>\n\t\t\t\t<\/div>\n\t\t<div class=\"elementor-element elementor-element-321d4eb e-con-full e-flex e-con e-child\" data-id=\"321d4eb\" data-element_type=\"container\">\n\t\t\t\t<div class=\"elementor-element elementor-element-31f6797 elementor-widget elementor-widget-heading\" data-id=\"31f6797\" data-element_type=\"widget\" data-widget_type=\"heading.default\">\n\t\t\t\t\t<h3 class=\"elementor-heading-title elementor-size-default\">3. Cookies et technologies de suivi<\/h3>\t\t\t\t<\/div>\n\t\t\t\t<div class=\"elementor-element elementor-element-8841091 elementor-widget elementor-widget-text-editor\" data-id=\"8841091\" data-element_type=\"widget\" data-widget_type=\"text-editor.default\">\n\t\t\t\t\t\t\t\t\t<p class=\"ds-markdown-paragraph\">Notre site Web utilise des cookies (petits fichiers texte) pour am\u00e9liorer votre exp\u00e9rience de navigation.<\/p>\n<ul>\n<li>\n<p class=\"ds-markdown-paragraph\"><strong>Cookies essentiels:<\/strong>\u00a0N\u00e9cessaire aux fonctions de base du site Web.<\/p>\n<\/li>\n<li>\n<p class=\"ds-markdown-paragraph\"><strong>Cookies de performance :<\/strong>\u00a0Tels que les cookies de Google Analytics, ils nous aident \u00e0 comprendre comment les visiteurs utilisent le site Web.<\/p>\n<\/li>\n<li>\n<p class=\"ds-markdown-paragraph\"><strong>Cookies publicitaires :<\/strong>\u00a0D\u00e9fini par des services tels que Google Ads, utilis\u00e9 pour suivre les clics sur les annonces et pour le remarketing.<\/p>\n<\/li>\n<\/ul>\n<p class=\"ds-markdown-paragraph\">Vous pouvez g\u00e9rer ou refuser les cookies via les param\u00e8tres de votre navigateur. Lors de votre premi\u00e8re visite, nous vous demanderons votre consentement pour les cookies non essentiels via une fen\u00eatre contextuelle. La d\u00e9sactivation de certains cookies peut affecter toutes les fonctionnalit\u00e9s du site web.<\/p>\t\t\t\t\t\t\t\t<\/div>\n\t\t\t\t<\/div>\n\t\t<div class=\"elementor-element elementor-element-60e7437 e-con-full e-flex e-con e-child\" data-id=\"60e7437\" data-element_type=\"container\">\n\t\t\t\t<div class=\"elementor-element elementor-element-d7a4c1d elementor-widget elementor-widget-heading\" data-id=\"d7a4c1d\" data-element_type=\"widget\" data-widget_type=\"heading.default\">\n\t\t\t\t\t<h3 class=\"elementor-heading-title elementor-size-default\">4. Comment nous partageons vos informations<\/h3>\t\t\t\t<\/div>\n\t\t\t\t<div class=\"elementor-element elementor-element-c04682e elementor-widget elementor-widget-text-editor\" data-id=\"c04682e\" data-element_type=\"widget\" data-widget_type=\"text-editor.default\">\n\t\t\t\t\t\t\t\t\t<p class=\"ds-markdown-paragraph\">Nous ne vendrons jamais vos informations personnelles. Nous ne les partageons avec des tiers que dans les cas suivants\u00a0:<\/p>\n<ul>\n<li>\n<p class=\"ds-markdown-paragraph\"><strong>Fournisseurs de services:<\/strong>\u00a0Avec des tiers de confiance qui nous fournissent des services, tels que des h\u00e9bergeurs de sites web, des services de messagerie, des services d&#039;analyse de donn\u00e9es, des processeurs de paiement et des entreprises de logistique. Ces tiers ne peuvent traiter les donn\u00e9es que conform\u00e9ment \u00e0 nos instructions.<\/p>\n<\/li>\n<li>\n<p class=\"ds-markdown-paragraph\"><strong>Exigences l\u00e9gales :<\/strong>\u00a0Pour se conformer aux obligations l\u00e9gales, aux r\u00e9glementations ou pour r\u00e9pondre \u00e0 des processus juridiques valides.<\/p>\n<\/li>\n<li>\n<p class=\"ds-markdown-paragraph\"><strong>Cessions d&#039;entreprises :<\/strong>\u00a0En cas de fusion, d\u2019acquisition ou de vente d\u2019actifs, vos informations peuvent \u00eatre transf\u00e9r\u00e9es dans le cadre de la transaction.<\/p>\n<\/li>\n<\/ul>\t\t\t\t\t\t\t\t<\/div>\n\t\t\t\t<\/div>\n\t\t<div class=\"elementor-element elementor-element-584d724 e-con-full e-flex e-con e-child\" data-id=\"584d724\" data-element_type=\"container\">\n\t\t\t\t<div class=\"elementor-element elementor-element-1cbe40f elementor-widget elementor-widget-heading\" data-id=\"1cbe40f\" data-element_type=\"widget\" data-widget_type=\"heading.default\">\n\t\t\t\t\t<h3 class=\"elementor-heading-title elementor-size-default\">5. Transferts internationaux de donn\u00e9es<\/h3>\t\t\t\t<\/div>\n\t\t\t\t<div class=\"elementor-element elementor-element-2f0b0ed elementor-widget elementor-widget-text-editor\" data-id=\"2f0b0ed\" data-element_type=\"widget\" data-widget_type=\"text-editor.default\">\n\t\t\t\t\t\t\t\t\t<p>Notre entreprise est situ\u00e9e en Chine. Vos informations peuvent donc \u00eatre trait\u00e9es hors de votre pays\/r\u00e9gion. Nous prendrons toutes les mesures raisonnables pour garantir la s\u00e9curit\u00e9 de vos donn\u00e9es lors de leur transfert, conform\u00e9ment aux exigences de la pr\u00e9sente politique.<\/p>\t\t\t\t\t\t\t\t<\/div>\n\t\t\t\t<\/div>\n\t\t<div class=\"elementor-element elementor-element-c78e566 e-con-full e-flex e-con e-child\" data-id=\"c78e566\" data-element_type=\"container\">\n\t\t\t\t<div class=\"elementor-element elementor-element-220dd13 elementor-widget elementor-widget-heading\" data-id=\"220dd13\" data-element_type=\"widget\" data-widget_type=\"heading.default\">\n\t\t\t\t\t<h3 class=\"elementor-heading-title elementor-size-default\">6. Conservation des donn\u00e9es<\/h3>\t\t\t\t<\/div>\n\t\t\t\t<div class=\"elementor-element elementor-element-f1a4d02 elementor-widget elementor-widget-text-editor\" data-id=\"f1a4d02\" data-element_type=\"widget\" data-widget_type=\"text-editor.default\">\n\t\t\t\t\t\t\t\t\t<p>Nous conservons vos informations personnelles uniquement aussi longtemps que n\u00e9cessaire \u00e0 la r\u00e9alisation des finalit\u00e9s d\u00e9crites dans la pr\u00e9sente politique, ou plus longtemps si la loi l&#039;exige (par exemple, \u00e0 des fins fiscales ou comptables). Par exemple, les informations relatives aux demandes de renseignements peuvent \u00eatre conserv\u00e9es plusieurs ann\u00e9es \u00e0 des fins de suivi commercial, tandis que les informations relatives aux commandes seront conserv\u00e9es pendant la p\u00e9riode requise par la loi.<\/p>\t\t\t\t\t\t\t\t<\/div>\n\t\t\t\t<\/div>\n\t\t<div class=\"elementor-element elementor-element-c49f714 e-con-full e-flex e-con e-child\" data-id=\"c49f714\" data-element_type=\"container\">\n\t\t\t\t<div class=\"elementor-element elementor-element-9565948 elementor-widget elementor-widget-heading\" data-id=\"9565948\" data-element_type=\"widget\" data-widget_type=\"heading.default\">\n\t\t\t\t\t<h3 class=\"elementor-heading-title elementor-size-default\">7. Vos droits<\/h3>\t\t\t\t<\/div>\n\t\t\t\t<div class=\"elementor-element elementor-element-8b5b9bb elementor-widget elementor-widget-text-editor\" data-id=\"8b5b9bb\" data-element_type=\"widget\" data-widget_type=\"text-editor.default\">\n\t\t\t\t\t\t\t\t\t<p class=\"ds-markdown-paragraph\">Selon les lois de votre r\u00e9gion (comme le RGPD dans l&#039;UE ou le CCPA en Californie), vous pouvez disposer des droits suivants\u00a0:<\/p>\n<ul>\n<li>\n<p class=\"ds-markdown-paragraph\"><strong>Acc\u00e8s et rectification :<\/strong>\u00a0Demandez l\u2019acc\u00e8s aux informations personnelles que nous d\u00e9tenons \u00e0 votre sujet et corrigez toute inexactitude.<\/p>\n<\/li>\n<li>\n<p class=\"ds-markdown-paragraph\"><strong>Effacement:<\/strong>\u00a0Demandez la suppression de vos informations personnelles.<\/p>\n<\/li>\n<li>\n<p class=\"ds-markdown-paragraph\"><strong>Restriction du traitement :<\/strong>\u00a0Demandez que nous limitions le traitement de vos informations.<\/p>\n<\/li>\n<li>\n<p class=\"ds-markdown-paragraph\"><strong>Portabilit\u00e9 des donn\u00e9es :<\/strong>\u00a0Recevez les informations que vous avez fournies dans un format structur\u00e9 et couramment utilis\u00e9.<\/p>\n<\/li>\n<li>\n<p class=\"ds-markdown-paragraph\"><strong>Objet de marketing :<\/strong>\u00a0Vous pouvez vous opposer \u00e0 tout moment \u00e0 l\u2019utilisation de vos informations \u00e0 des fins de marketing direct.<\/p>\n<\/li>\n<li>\n<p class=\"ds-markdown-paragraph\"><strong>Retirer le consentement :<\/strong>\u00a0Retirez tout consentement que vous avez pr\u00e9c\u00e9demment donn\u00e9 pour le traitement de vos informations personnelles.<\/p>\n<\/li>\n<\/ul>\n<p class=\"ds-markdown-paragraph\">Pour exercer l\u2019un de ces droits, veuillez nous contacter en utilisant les coordonn\u00e9es fournies dans la section 9.<\/p>\t\t\t\t\t\t\t\t<\/div>\n\t\t\t\t<\/div>\n\t\t<div class=\"elementor-element elementor-element-5a9aa41 e-con-full e-flex e-con e-child\" data-id=\"5a9aa41\" data-element_type=\"container\">\n\t\t\t\t<div class=\"elementor-element elementor-element-7592e78 elementor-widget elementor-widget-heading\" data-id=\"7592e78\" data-element_type=\"widget\" data-widget_type=\"heading.default\">\n\t\t\t\t\t<h3 class=\"elementor-heading-title elementor-size-default\">8. Vie priv\u00e9e des enfants<\/h3>\t\t\t\t<\/div>\n\t\t\t\t<div class=\"elementor-element elementor-element-7de496a elementor-widget elementor-widget-text-editor\" data-id=\"7de496a\" data-element_type=\"widget\" data-widget_type=\"text-editor.default\">\n\t\t\t\t\t\t\t\t\t<p>Notre site Web n&#039;est pas destin\u00e9 aux enfants de moins de 13 ans. Nous ne collectons pas sciemment d&#039;informations personnelles aupr\u00e8s des enfants.<\/p>\t\t\t\t\t\t\t\t<\/div>\n\t\t\t\t<\/div>\n\t\t<div class=\"elementor-element elementor-element-056393d e-con-full e-flex e-con e-child\" data-id=\"056393d\" data-element_type=\"container\">\n\t\t\t\t<div class=\"elementor-element elementor-element-7feb628 elementor-widget elementor-widget-heading\" data-id=\"7feb628\" data-element_type=\"widget\" data-widget_type=\"heading.default\">\n\t\t\t\t\t<h3 class=\"elementor-heading-title elementor-size-default\">9. Contactez-nous<\/h3>\t\t\t\t<\/div>\n\t\t\t\t<div class=\"elementor-element elementor-element-eee8e92 elementor-widget elementor-widget-text-editor\" data-id=\"eee8e92\" data-element_type=\"widget\" data-widget_type=\"text-editor.default\">\n\t\t\t\t\t\t\t\t\t<p class=\"ds-markdown-paragraph\">Si vous avez des questions, des commentaires ou des demandes concernant cette politique de confidentialit\u00e9, vos informations personnelles ou vos droits, n&#039;h\u00e9sitez pas \u00e0 nous contacter :<\/p><ul><li><p class=\"ds-markdown-paragraph\"><strong>E-mail:<\/strong>\u00a0\u3010info@zxjtgc.com\u3011<\/p><\/li><li><p class=\"ds-markdown-paragraph\"><strong>T\u00e9l\u00e9phone:<\/strong>\u00a0\u3010+86 17367286921\u3011<\/p><\/li><li class=\"ds-markdown-paragraph\"><strong>Adresse postale:\u00a0 \u00a0 <\/strong><ul><li>\u00c0 l&#039;attention de M. Ming<\/li><li>Zhenxuan Industrial Co., Ltd.<\/li><li>N\u00b0 577, route Fuqiang, district de Yinzhou<\/li><li>Ningbo, Zhejiang 315000<\/li><li>\u00a0Chine<\/li><\/ul><\/li><\/ul>\t\t\t\t\t\t\t\t<\/div>\n\t\t\t\t<\/div>\n\t\t<div class=\"elementor-element elementor-element-ce04a48 e-con-full e-flex e-con e-child\" data-id=\"ce04a48\" data-element_type=\"container\">\n\t\t\t\t<div class=\"elementor-element elementor-element-4e6de6e elementor-widget elementor-widget-heading\" data-id=\"4e6de6e\" data-element_type=\"widget\" data-widget_type=\"heading.default\">\n\t\t\t\t\t<h3 class=\"elementor-heading-title elementor-size-default\">10. Mises \u00e0 jour des politiques<\/h3>\t\t\t\t<\/div>\n\t\t\t\t<div class=\"elementor-element elementor-element-1c345d3 elementor-widget elementor-widget-text-editor\" data-id=\"1c345d3\" data-element_type=\"widget\" data-widget_type=\"text-editor.default\">\n\t\t\t\t\t\t\t\t\t<p>Nous sommes susceptibles de mettre \u00e0 jour cette Politique de confidentialit\u00e9 de temps \u00e0 autre. Toute modification sera publi\u00e9e sur cette page avec la version mise \u00e0 jour et la date de \u00ab\u00a0Derni\u00e8re mise \u00e0 jour\u00a0\u00bb en haut de la page sera r\u00e9vis\u00e9e. Veuillez consulter r\u00e9guli\u00e8rement cette page pour savoir comment nous prot\u00e9geons vos informations.<\/p>\t\t\t\t\t\t\t\t<\/div>\n\t\t\t\t<\/div>\n\t\t\t\t\t<\/div>\n\t\t\t\t<\/div>\n\t\t\t\t<\/div>","protected":false},"excerpt":{"rendered":"<p>Privacy Policy \u3010fb.railmk.com\u3011\u00a0Privacy Policy Last Updated: \u3010October 14, 2025\u3011 Welcome to \u3010https:\/\/fb.railmk.com\/\u3011 (hereinafter referred to as &#8220;this Website&#8221;). We focus [&hellip;]<\/p>","protected":false},"author":1,"featured_media":0,"parent":0,"menu_order":0,"comment_status":"closed","ping_status":"open","template":"","meta":{"site-sidebar-layout":"default","site-content-layout":"","ast-site-content-layout":"default","site-content-style":"default","site-sidebar-style":"default","ast-global-header-display":"","ast-banner-title-visibility":"","ast-main-header-display":"","ast-hfb-above-header-display":"","ast-hfb-below-header-display":"","ast-hfb-mobile-header-display":"","site-post-title":"disabled","ast-breadcrumbs-content":"","ast-featured-img":"","footer-sml-layout":"","theme-transparent-header-meta":"","adv-header-id-meta":"","stick-header-meta":"","header-above-stick-meta":"","header-main-stick-meta":"","header-below-stick-meta":"","astra-migrate-meta-layouts":"default","ast-page-background-enabled":"default","ast-page-background-meta":{"desktop":{"background-color":"var(--ast-global-color-4)","background-image":"","background-repeat":"repeat","background-position":"center center","background-size":"auto","background-attachment":"scroll","background-type":"","background-media":"","overlay-type":"","overlay-color":"","overlay-opacity":"","overlay-gradient":""},"tablet":{"background-color":"","background-image":"","background-repeat":"repeat","background-position":"center center","background-size":"auto","background-attachment":"scroll","background-type":"","background-media":"","overlay-type":"","overlay-color":"","overlay-opacity":"","overlay-gradient":""},"mobile":{"background-color":"","background-image":"","background-repeat":"repeat","background-position":"center center","background-size":"auto","background-attachment":"scroll","background-type":"","background-media":"","overlay-type":"","overlay-color":"","overlay-opacity":"","overlay-gradient":""}},"ast-content-background-meta":{"desktop":{"background-color":"var(--ast-global-color-5)","background-image":"","background-repeat":"repeat","background-position":"center center","background-size":"auto","background-attachment":"scroll","background-type":"","background-media":"","overlay-type":"","overlay-color":"","overlay-opacity":"","overlay-gradient":""},"tablet":{"background-color":"var(--ast-global-color-5)","background-image":"","background-repeat":"repeat","background-position":"center center","background-size":"auto","background-attachment":"scroll","background-type":"","background-media":"","overlay-type":"","overlay-color":"","overlay-opacity":"","overlay-gradient":""},"mobile":{"background-color":"var(--ast-global-color-5)","background-image":"","background-repeat":"repeat","background-position":"center center","background-size":"auto","background-attachment":"scroll","background-type":"","background-media":"","overlay-type":"","overlay-color":"","overlay-opacity":"","overlay-gradient":""}},"footnotes":""},"class_list":["post-3","page","type-page","status-publish","hentry"],"_links":{"self":[{"href":"https:\/\/fb.railmk.com\/fr\/wp-json\/wp\/v2\/pages\/3","targetHints":{"allow":["GET"]}}],"collection":[{"href":"https:\/\/fb.railmk.com\/fr\/wp-json\/wp\/v2\/pages"}],"about":[{"href":"https:\/\/fb.railmk.com\/fr\/wp-json\/wp\/v2\/types\/page"}],"author":[{"embeddable":true,"href":"https:\/\/fb.railmk.com\/fr\/wp-json\/wp\/v2\/users\/1"}],"replies":[{"embeddable":true,"href":"https:\/\/fb.railmk.com\/fr\/wp-json\/wp\/v2\/comments?post=3"}],"version-history":[{"count":19,"href":"https:\/\/fb.railmk.com\/fr\/wp-json\/wp\/v2\/pages\/3\/revisions"}],"predecessor-version":[{"id":4097,"href":"https:\/\/fb.railmk.com\/fr\/wp-json\/wp\/v2\/pages\/3\/revisions\/4097"}],"wp:attachment":[{"href":"https:\/\/fb.railmk.com\/fr\/wp-json\/wp\/v2\/media?parent=3"}],"curies":[{"name":"wp","href":"https:\/\/api.w.org\/{rel}","templated":true}]}}