{"id":4898,"date":"2025-11-13T10:05:11","date_gmt":"2025-11-13T02:05:11","guid":{"rendered":"https:\/\/fb.railmk.com\/?page_id=4898"},"modified":"2025-11-13T10:17:38","modified_gmt":"2025-11-13T02:17:38","slug":"cases_15","status":"publish","type":"page","link":"https:\/\/fb.railmk.com\/es\/projects\/cases_15\/","title":{"rendered":"Casos espec\u00edficos_15"},"content":{"rendered":"<div data-elementor-type=\"wp-page\" data-elementor-id=\"4898\" class=\"elementor elementor-4898\" data-elementor-post-type=\"page\">\n\t\t\t\t<div class=\"elementor-element elementor-element-33ebcef e-flex e-con-boxed e-con e-parent\" data-id=\"33ebcef\" data-element_type=\"container\">\n\t\t\t\t\t<div class=\"e-con-inner\">\n\t\t\t\t<div class=\"elementor-element elementor-element-a1adafe elementor-widget elementor-widget-button\" data-id=\"a1adafe\" data-element_type=\"widget\" data-widget_type=\"button.default\">\n\t\t\t\t\t\t\t\t\t\t<a class=\"elementor-button elementor-button-link elementor-size-sm\" href=\"\/es\/projects\/\">\n\t\t\t\t\t\t<span class=\"elementor-button-content-wrapper\">\n\t\t\t\t\t\t<span class=\"elementor-button-icon\">\n\t\t\t\t<svg aria-hidden=\"true\" class=\"e-font-icon-svg e-fas-arrow-left\" viewbox=\"0 0 448 512\" xmlns=\"http:\/\/www.w3.org\/2000\/svg\"><path d=\"M257.5 445.1l-22.2 22.2c-9.4 9.4-24.6 9.4-33.9 0L7 273c-9.4-9.4-9.4-24.6 0-33.9L201.4 44.7c9.4-9.4 24.6-9.4 33.9 0l22.2 22.2c9.5 9.5 9.3 25-.4 34.3L136.6 216H424c13.3 0 24 10.7 24 24v32c0 13.3-10.7 24-24 24H136.6l120.5 114.8c9.8 9.3 10 24.8.4 34.3z\"><\/path><\/svg>\t\t\t<\/span>\n\t\t\t\t\t\t\t\t\t<span class=\"elementor-button-text\">Devoluci\u00f3n<\/span>\n\t\t\t\t\t<\/span>\n\t\t\t\t\t<\/a>\n\t\t\t\t\t\t\t\t<\/div>\n\t\t\t\t\t<\/div>\n\t\t\t\t<\/div>\n\t\t<div class=\"elementor-element elementor-element-ac36058 e-flex e-con-boxed e-con e-parent\" data-id=\"ac36058\" data-element_type=\"container\" data-settings=\"{&quot;background_background&quot;:&quot;classic&quot;}\">\n\t\t\t\t\t<div class=\"e-con-inner\">\n\t\t<div class=\"elementor-element elementor-element-58427ae e-con-full e-flex e-con e-child\" data-id=\"58427ae\" data-element_type=\"container\">\n\t\t\t\t<div class=\"elementor-element elementor-element-e0973f9 elementor-widget elementor-widget-heading\" data-id=\"e0973f9\" data-element_type=\"widget\" data-widget_type=\"heading.default\">\n\t\t\t\t\t<h4 class=\"elementor-heading-title elementor-size-default\">Control de inundaciones para centros culturales<\/h4>\t\t\t\t<\/div>\n\t\t\t\t<div class=\"elementor-element elementor-element-e335754 elementor-widget elementor-widget-text-editor\" data-id=\"e335754\" data-element_type=\"widget\" data-widget_type=\"text-editor.default\">\n\t\t\t\t\t\t\t\t\t<div class=\"dad65929\"><div class=\"_4f9bf79 d7dc56a8 _43c05b5\"><div class=\"ds-message _63c77b1\"><div class=\"ds-markdown\"><p class=\"ds-markdown-paragraph\">Este proyecto consisti\u00f3 en la implementaci\u00f3n de un sistema de barrera contra inundaciones a medida para proteger un centro cultural, un espacio de gran importancia p\u00fablica. La soluci\u00f3n se dise\u00f1\u00f3 espec\u00edficamente para abordar las caracter\u00edsticas arquitect\u00f3nicas \u00fanicas del edificio, a la vez que proporcionaba una defensa fiable contra inundaciones.<\/p><p class=\"ds-markdown-paragraph\"><strong>Especificaciones t\u00e9cnicas<\/strong><\/p><ul><li><p class=\"ds-markdown-paragraph\"><strong>Altura del sistema:<\/strong>\u00a01,0 metro y 0,6 metros (configuraci\u00f3n de doble altura)<\/p><\/li><li><p class=\"ds-markdown-paragraph\"><strong>Publicaciones finales:<\/strong>\u00a060\u00d790\u00d73,0 mm<\/p><\/li><li><p class=\"ds-markdown-paragraph\"><strong>Paneles deflectores:<\/strong>\u00a0195\u00d740\u00d71,2 mm<\/p><\/li><\/ul><p class=\"ds-markdown-paragraph\"><strong>Caracter\u00edstica de dise\u00f1o cr\u00edtica<\/strong><\/p><ul><li><p class=\"ds-markdown-paragraph\">Se integr\u00f3 una tira de goma especializada de 5 cm de ancho en todos los postes extremos de la uni\u00f3n con la pared. Este elemento de sellado personalizado garantiza una completa estanqueidad entre el sistema de barrera contra inundaciones y las paredes del edificio, evitando la infiltraci\u00f3n de agua en estas uniones vulnerables.<\/p><\/li><\/ul><p class=\"ds-markdown-paragraph\">El sistema de barreras contra inundaciones proporciona una s\u00f3lida protecci\u00f3n al centro cultural, salvaguardando eficazmente los valiosos bienes y garantizando la continuidad operativa durante las inundaciones.<\/p><\/div><\/div><\/div><\/div>\t\t\t\t\t\t\t\t<\/div>\n\t\t\t\t<\/div>\n\t\t<div class=\"elementor-element elementor-element-2730825 e-con-full e-flex e-con e-child\" data-id=\"2730825\" data-element_type=\"container\">\n\t\t\t\t<div class=\"elementor-element elementor-element-be6e0b7 elementor-arrows-position-inside elementor-pagination-position-outside elementor-widget elementor-widget-image-carousel\" data-id=\"be6e0b7\" data-element_type=\"widget\" data-settings=\"{&quot;slides_to_show&quot;:&quot;1&quot;,&quot;navigation&quot;:&quot;both&quot;,&quot;autoplay&quot;:&quot;yes&quot;,&quot;pause_on_hover&quot;:&quot;yes&quot;,&quot;pause_on_interaction&quot;:&quot;yes&quot;,&quot;autoplay_speed&quot;:5000,&quot;infinite&quot;:&quot;yes&quot;,&quot;effect&quot;:&quot;slide&quot;,&quot;speed&quot;:500}\" data-widget_type=\"image-carousel.default\">\n\t\t\t\t\t\t\t<div class=\"elementor-image-carousel-wrapper swiper\" role=\"region\" aria-roledescription=\"carousel\" aria-label=\"\u56fe\u50cf\u8f6e\u64ad\" dir=\"ltr\">\n\t\t\t<div class=\"elementor-image-carousel swiper-wrapper\" aria-live=\"off\">\n\t\t\t\t\t\t\t\t<div class=\"swiper-slide\" role=\"group\" aria-roledescription=\"slide\" aria-label=\"1 van 3\" data-no-translation-aria-label=\"\"><figure class=\"swiper-slide-inner\"><img decoding=\"async\" class=\"swiper-slide-image\" src=\"https:\/\/fb.railmk.com\/\/wp-content\/uploads\/photo\/project_15.jpg\" alt=\"project 15\" \/><\/figure><\/div><div class=\"swiper-slide\" role=\"group\" aria-roledescription=\"slide\" aria-label=\"2 van 3\" data-no-translation-aria-label=\"\"><figure class=\"swiper-slide-inner\"><img decoding=\"async\" class=\"swiper-slide-image\" src=\"https:\/\/fb.railmk.com\/\/wp-content\/uploads\/photo\/project_15_1.jpg\" alt=\"project 15 1\" \/><\/figure><\/div><div class=\"swiper-slide\" role=\"group\" aria-roledescription=\"slide\" aria-label=\"3 van 3\" data-no-translation-aria-label=\"\"><figure class=\"swiper-slide-inner\"><img decoding=\"async\" class=\"swiper-slide-image\" src=\"https:\/\/fb.railmk.com\/\/wp-content\/uploads\/photo\/project_15_2.jpg\" alt=\"project 15 2\" \/><\/figure><\/div>\t\t\t<\/div>\n\t\t\t\t\t\t\t\t\t\t\t\t<div class=\"elementor-swiper-button elementor-swiper-button-prev\" role=\"button\" tabindex=\"0\">\n\t\t\t\t\t\t<svg aria-hidden=\"true\" class=\"e-font-icon-svg e-eicon-chevron-left\" viewbox=\"0 0 1000 1000\" xmlns=\"http:\/\/www.w3.org\/2000\/svg\"><path d=\"M646 125C629 125 613 133 604 142L308 442C296 454 292 471 292 487 292 504 296 521 308 533L604 854C617 867 629 875 646 875 663 875 679 871 692 858 704 846 713 829 713 812 713 796 708 779 692 767L438 487 692 225C700 217 708 204 708 187 708 171 704 154 692 142 675 129 663 125 646 125Z\"><\/path><\/svg>\t\t\t\t\t<\/div>\n\t\t\t\t\t<div class=\"elementor-swiper-button elementor-swiper-button-next\" role=\"button\" tabindex=\"0\">\n\t\t\t\t\t\t<svg aria-hidden=\"true\" class=\"e-font-icon-svg e-eicon-chevron-right\" viewbox=\"0 0 1000 1000\" xmlns=\"http:\/\/www.w3.org\/2000\/svg\"><path d=\"M696 533C708 521 713 504 713 487 713 471 708 454 696 446L400 146C388 133 375 125 354 125 338 125 325 129 313 142 300 154 292 171 292 187 292 204 296 221 308 233L563 492 304 771C292 783 288 800 288 817 288 833 296 850 308 863 321 871 338 875 354 875 371 875 388 867 400 854L696 533Z\"><\/path><\/svg>\t\t\t\t\t<\/div>\n\t\t\t\t\n\t\t\t\t\t\t\t\t\t<div class=\"swiper-pagination\"><\/div>\n\t\t\t\t\t\t\t\t\t<\/div>\n\t\t\t\t\t\t<\/div>\n\t\t\t\t<\/div>\n\t\t\t\t\t<\/div>\n\t\t\t\t<\/div>\n\t\t\t\t<\/div>","protected":false},"excerpt":{"rendered":"<p>Control de inundaciones para centros culturales. Este proyecto consisti\u00f3 en la implementaci\u00f3n de un sistema de barrera contra inundaciones personalizado para proteger [\u2026]<\/p>","protected":false},"author":1,"featured_media":0,"parent":4103,"menu_order":0,"comment_status":"closed","ping_status":"closed","template":"","meta":{"site-sidebar-layout":"no-sidebar","site-content-layout":"","ast-site-content-layout":"full-width-container","site-content-style":"default","site-sidebar-style":"default","ast-global-header-display":"","ast-banner-title-visibility":"","ast-main-header-display":"","ast-hfb-above-header-display":"","ast-hfb-below-header-display":"","ast-hfb-mobile-header-display":"","site-post-title":"disabled","ast-breadcrumbs-content":"","ast-featured-img":"disabled","footer-sml-layout":"","theme-transparent-header-meta":"","adv-header-id-meta":"","stick-header-meta":"","header-above-stick-meta":"","header-main-stick-meta":"","header-below-stick-meta":"","astra-migrate-meta-layouts":"default","ast-page-background-enabled":"default","ast-page-background-meta":{"desktop":{"background-color":"var(--ast-global-color-4)","background-image":"","background-repeat":"repeat","background-position":"center center","background-size":"auto","background-attachment":"scroll","background-type":"","background-media":"","overlay-type":"","overlay-color":"","overlay-opacity":"","overlay-gradient":""},"tablet":{"background-color":"","background-image":"","background-repeat":"repeat","background-position":"center center","background-size":"auto","background-attachment":"scroll","background-type":"","background-media":"","overlay-type":"","overlay-color":"","overlay-opacity":"","overlay-gradient":""},"mobile":{"background-color":"","background-image":"","background-repeat":"repeat","background-position":"center center","background-size":"auto","background-attachment":"scroll","background-type":"","background-media":"","overlay-type":"","overlay-color":"","overlay-opacity":"","overlay-gradient":""}},"ast-content-background-meta":{"desktop":{"background-color":"var(--ast-global-color-5)","background-image":"","background-repeat":"repeat","background-position":"center center","background-size":"auto","background-attachment":"scroll","background-type":"","background-media":"","overlay-type":"","overlay-color":"","overlay-opacity":"","overlay-gradient":""},"tablet":{"background-color":"var(--ast-global-color-5)","background-image":"","background-repeat":"repeat","background-position":"center center","background-size":"auto","background-attachment":"scroll","background-type":"","background-media":"","overlay-type":"","overlay-color":"","overlay-opacity":"","overlay-gradient":""},"mobile":{"background-color":"var(--ast-global-color-5)","background-image":"","background-repeat":"repeat","background-position":"center center","background-size":"auto","background-attachment":"scroll","background-type":"","background-media":"","overlay-type":"","overlay-color":"","overlay-opacity":"","overlay-gradient":""}},"footnotes":""},"class_list":["post-4898","page","type-page","status-publish","hentry"],"_links":{"self":[{"href":"https:\/\/fb.railmk.com\/es\/wp-json\/wp\/v2\/pages\/4898","targetHints":{"allow":["GET"]}}],"collection":[{"href":"https:\/\/fb.railmk.com\/es\/wp-json\/wp\/v2\/pages"}],"about":[{"href":"https:\/\/fb.railmk.com\/es\/wp-json\/wp\/v2\/types\/page"}],"author":[{"embeddable":true,"href":"https:\/\/fb.railmk.com\/es\/wp-json\/wp\/v2\/users\/1"}],"replies":[{"embeddable":true,"href":"https:\/\/fb.railmk.com\/es\/wp-json\/wp\/v2\/comments?post=4898"}],"version-history":[{"count":7,"href":"https:\/\/fb.railmk.com\/es\/wp-json\/wp\/v2\/pages\/4898\/revisions"}],"predecessor-version":[{"id":4909,"href":"https:\/\/fb.railmk.com\/es\/wp-json\/wp\/v2\/pages\/4898\/revisions\/4909"}],"up":[{"embeddable":true,"href":"https:\/\/fb.railmk.com\/es\/wp-json\/wp\/v2\/pages\/4103"}],"wp:attachment":[{"href":"https:\/\/fb.railmk.com\/es\/wp-json\/wp\/v2\/media?parent=4898"}],"curies":[{"name":"wp","href":"https:\/\/api.w.org\/{rel}","templated":true}]}}