{"id":4759,"date":"2025-11-12T14:53:35","date_gmt":"2025-11-12T06:53:35","guid":{"rendered":"https:\/\/fb.railmk.com\/?page_id=4759"},"modified":"2025-11-12T15:14:23","modified_gmt":"2025-11-12T07:14:23","slug":"cases_8","status":"publish","type":"page","link":"https:\/\/fb.railmk.com\/es\/projects\/cases_8\/","title":{"rendered":"Casos espec\u00edficos_8"},"content":{"rendered":"<div data-elementor-type=\"wp-page\" data-elementor-id=\"4759\" class=\"elementor elementor-4759\" data-elementor-post-type=\"page\">\n\t\t\t\t<div class=\"elementor-element elementor-element-ecbcdb9 e-flex e-con-boxed e-con e-parent\" data-id=\"ecbcdb9\" data-element_type=\"container\">\n\t\t\t\t\t<div class=\"e-con-inner\">\n\t\t\t\t<div class=\"elementor-element elementor-element-6a492d4 elementor-widget elementor-widget-button\" data-id=\"6a492d4\" data-element_type=\"widget\" data-widget_type=\"button.default\">\n\t\t\t\t\t\t\t\t\t\t<a class=\"elementor-button elementor-button-link elementor-size-sm\" href=\"\/es\/projects\/\">\n\t\t\t\t\t\t<span class=\"elementor-button-content-wrapper\">\n\t\t\t\t\t\t<span class=\"elementor-button-icon\">\n\t\t\t\t<svg aria-hidden=\"true\" class=\"e-font-icon-svg e-fas-arrow-left\" viewbox=\"0 0 448 512\" xmlns=\"http:\/\/www.w3.org\/2000\/svg\"><path d=\"M257.5 445.1l-22.2 22.2c-9.4 9.4-24.6 9.4-33.9 0L7 273c-9.4-9.4-9.4-24.6 0-33.9L201.4 44.7c9.4-9.4 24.6-9.4 33.9 0l22.2 22.2c9.5 9.5 9.3 25-.4 34.3L136.6 216H424c13.3 0 24 10.7 24 24v32c0 13.3-10.7 24-24 24H136.6l120.5 114.8c9.8 9.3 10 24.8.4 34.3z\"><\/path><\/svg>\t\t\t<\/span>\n\t\t\t\t\t\t\t\t\t<span class=\"elementor-button-text\">Devoluci\u00f3n<\/span>\n\t\t\t\t\t<\/span>\n\t\t\t\t\t<\/a>\n\t\t\t\t\t\t\t\t<\/div>\n\t\t\t\t\t<\/div>\n\t\t\t\t<\/div>\n\t\t<div class=\"elementor-element elementor-element-6d86f67 e-flex e-con-boxed e-con e-parent\" data-id=\"6d86f67\" data-element_type=\"container\" data-settings=\"{&quot;background_background&quot;:&quot;classic&quot;}\">\n\t\t\t\t\t<div class=\"e-con-inner\">\n\t\t<div class=\"elementor-element elementor-element-8427602 e-con-full e-flex e-con e-child\" data-id=\"8427602\" data-element_type=\"container\">\n\t\t\t\t<div class=\"elementor-element elementor-element-9134dc0 elementor-widget elementor-widget-heading\" data-id=\"9134dc0\" data-element_type=\"widget\" data-widget_type=\"heading.default\">\n\t\t\t\t\t<h3 class=\"elementor-heading-title elementor-size-default\">Parque de humedales del lago Jiuxi del oeste, Hangzhou<\/h3>\t\t\t\t<\/div>\n\t\t\t\t<div class=\"elementor-element elementor-element-ac46d3d elementor-widget elementor-widget-text-editor\" data-id=\"ac46d3d\" data-element_type=\"widget\" data-widget_type=\"text-editor.default\">\n\t\t\t\t\t\t\t\t\t<div data-slate-node=\"element\"><span data-slate-node=\"text\"><span class=\"hover-sent\" data-slate-leaf=\"true\" data-sent-id=\"PlWBw5V9OK\" data-para-id=\"0\">Este proyecto, desplegado en el pintoresco Parque de los Humedales de Jiuxi, redefine la protecci\u00f3n contra inundaciones al combinar la defensa esencial con la elegancia arquitect\u00f3nica.<\/span><\/span><span data-slate-node=\"text\"><span class=\"hover-sent\" data-slate-leaf=\"true\" data-sent-id=\"PlWBw5V9OK\" data-para-id=\"0\"> El n\u00facleo del sistema es una serie de postes verticales dise\u00f1ados con precisi\u00f3n, que proporcionan el marco estructural para los paneles de vidrio de alta resistencia.<\/span><\/span><\/div><div data-slate-node=\"element\" data-slate-fragment=\"JTVCJTdCJTIydHlwZSUyMiUzQSUyMnBhcmFncmFwaCUyMiUyQyUyMmNoaWxkcmVuJTIyJTNBJTVCJTdCJTIyaWQlMjIlM0ElMjJQbFdCdzVWOU9LJTIyJTJDJTIycGFyYUlkeCUyMiUzQTAlMkMlMjJzcmMlMjIlM0ElMjJEZXBsb3llZCUyMGF0JTIwdGhlJTIwc2NlbmljJTIwSml1eGklMjBXZXRsYW5kJTIwUGFyayUyQyUyMHRoaXMlMjBwcm9qZWN0JTIwcmVkZWZpbmVzJTIwZmxvb2QlMjBwcm90ZWN0aW9uJTIwYnklMjBjb21iaW5pbmclMjBlc3NlbnRpYWwlMjBkZWZlbnNlJTIwd2l0aCUyMGFyY2hpdGVjdHVyYWwlMjBlbGVnYW5jZS4lMjIlMkMlMjJkc3QlMjIlM0ElMjIlRTglQUYlQTUlRTUlQjclQTUlRTclQTglOEIlRTUlOUQlOTAlRTglOTAlQkQlRTQlQkElOEUlRTklQTMlOEUlRTYlOTklQUYlRTclQTclODAlRTQlQjglQkQlRTclOUElODQlRTQlQjklOUQlRTYlQkElQUElRTYlQjklQkYlRTUlOUMlQjAlRTUlODUlQUMlRTUlOUIlQUQlRUYlQkMlOEMlRTklODAlOUElRTglQkYlODclRTUlQjAlODYlRTUlQkYlODUlRTglQTYlODElRTklOTglQjIlRTUlQkUlQTElRTUlOEElOUYlRTglODMlQkQlRTQlQjglOEUlRTUlQkIlQkElRTclQUQlOTElRTclQkUlOEUlRTUlQUQlQTYlRTUlQUUlOEMlRTclQkUlOEUlRTclQkIlOTMlRTUlOTAlODglRUYlQkMlOEMlRTklODclOEQlRTYlOTYlQjAlRTUlQUUlOUElRTQlQjklODklRTQlQkElODYlRTklOTglQjIlRTYlQjQlQUElRTclOTAlODYlRTUlQkYlQjUlRTMlODAlODIlMjIlMkMlMjJtZXRhZGF0YSUyMiUzQSUyMiU1QiU3QiU1QyUyMmVudHJ5JTVDJTIyJTNBJTdCJTVDJTIyaWQlNUMlMjIlM0ElNUMlMjI2NjE2OGEzNzY2NDQyMDllZGI1NzFkMmYlNUMlMjIlMkMlNUMlMjJzb3VyY2UlNUMlMjIlM0ElNUMlMjJXZXRsYW5kcyU1QyUyMiUyQyU1QyUyMnRhcmdldCU1QyUyMiUzQSU1QyUyMiVFNiVCOSVCRiVFNSU5QyVCMCU1QyUyMiU3RCUyQyU1QyUyMmFsaWduJTVDJTIyJTNBJTdCJTVDJTIyd2lkdGglNUMlMjIlM0ExNDIlMkMlNUMlMjJoZWlnaHQlNUMlMjIlM0E4JTJDJTVDJTIyYWxpZ251bml0JTVDJTIyJTNBJTVCJTdCJTVDJTIycm93JTVDJTIyJTNBMCUyQyU1QyUyMnJvd19yYW5nZSU1QyUyMiUzQTglMkMlNUMlMjJjb2x1bW4lNUMlMjIlM0EyOSUyQyU1QyUyMmNvbHVtbl9yYW5nZSU1QyUyMiUzQTclN0QlNUQlN0QlMkMlNUMlMjJ0cmFuc19hbGlnbiU1QyUyMiUzQSU3QiU1QyUyMndpZHRoJTVDJTIyJTNBNDclMkMlNUMlMjJoZWlnaHQlNUMlMjIlM0EyJTJDJTVDJTIyYWxpZ251bml0JTVDJTIyJTNBJTVCJTdCJTVDJTIycm93JTVDJTIyJTNBMCUyQyU1QyUyMnJvd19yYW5nZSU1QyUyMiUzQTIlMkMlNUMlMjJjb2x1bW4lNUMlMjIlM0ExMyUyQyU1QyUyMmNvbHVtbl9yYW5nZSU1QyUyMiUzQTIlN0QlNUQlN0QlMkMlNUMlMjJzY29yZSU1QyUyMiUzQTAlN0QlMkMlN0IlNUMlMjJlbnRyeSU1QyUyMiUzQSU3QiU1QyUyMmlkJTVDJTIyJTNBJTVDJTIyNjYzNzExODk0YjkyMTllODRiZTY0ZGQ5JTVDJTIyJTJDJTVDJTIyc291cmNlJTVDJTIyJTNBJTVDJTIyRmxvb2QlMjBwcm90ZWN0aW9uJTVDJTIyJTJDJTVDJTIydGFyZ2V0JTVDJTIyJTNBJTVDJTIyJUU5JTk4JUIyJUU2JUI0JUFBJUU0JUJGJTlEJUU2JThBJUE0JTVDJTIyJTdEJTJDJTVDJTIyYWxpZ24lNUMlMjIlM0ElN0IlNUMlMjJ3aWR0aCU1QyUyMiUzQTE0MiUyQyU1QyUyMmhlaWdodCU1QyUyMiUzQTE2JTJDJTVDJTIyYWxpZ251bml0JTVDJTIyJTNBJTVCJTdCJTVDJTIycm93JTVDJTIyJTNBMCUyQyU1QyUyMnJvd19yYW5nZSU1QyUyMiUzQTE2JTJDJTVDJTIyY29sdW1uJTVDJTIyJTNBNjYlMkMlNUMlMjJjb2x1bW5fcmFuZ2UlNUMlMjIlM0ExNiU3RCU1RCU3RCUyQyU1QyUyMnRyYW5zX2FsaWduJTVDJTIyJTNBJTdCJTVDJTIyd2lkdGglNUMlMjIlM0E0NyUyQyU1QyUyMmhlaWdodCU1QyUyMiUzQTQlMkMlNUMlMjJhbGlnbnVuaXQlNUMlMjIlM0ElNUIlN0IlNUMlMjJyb3clNUMlMjIlM0EtMSUyQyU1QyUyMnJvd19yYW5nZSU1QyUyMiUzQS0xJTJDJTVDJTIyY29sdW1uJTVDJTIyJTNBLTElMkMlNUMlMjJjb2x1bW5fcmFuZ2UlNUMlMjIlM0EtMSU3RCU1RCU3RCUyQyU1QyUyMnNjb3JlJTVDJTIyJTNBMCU3RCUyQyU3QiU1QyUyMmVudHJ5JTVDJTIyJTNBJTdCJTVDJTIyaWQlNUMlMjIlM0ElNUMlMjI2NjM3Mjg3YjExOWFjZWFlZTQ2MmZhOTIlNUMlMjIlMkMlNUMlMjJzb3VyY2UlNUMlMjIlM0ElNUMlMjJFbGVnYW5jZSU1QyUyMiUyQyU1QyUyMnRhcmdldCU1QyUyMiUzQSU1QyUyMiVFNCVCQyU5OCVFOSU5QiU4NSU1QyUyMiU3RCUyQyU1QyUyMmFsaWduJTVDJTIyJTNBJTdCJTVDJTIyd2lkdGglNUMlMjIlM0ExNDIlMkMlNUMlMjJoZWlnaHQlNUMlMjIlM0E4JTJDJTVDJTIyYWxpZ251bml0JTVDJTIyJTNBJTVCJTdCJTVDJTIycm93JTVDJTIyJTNBMCUyQyU1QyUyMnJvd19yYW5nZSU1QyUyMiUzQTglMkMlNUMlMjJjb2x1bW4lNUMlMjIlM0ExMzMlMkMlNUMlMjJjb2x1bW5fcmFuZ2UlNUMlMjIlM0E4JTdEJTVEJTdEJTJDJTVDJTIydHJhbnNfYWxpZ24lNUMlMjIlM0ElN0IlNUMlMjJ3aWR0aCU1QyUyMiUzQTQ3JTJDJTVDJTIyaGVpZ2h0JTVDJTIyJTNBMiUyQyU1QyUyMmFsaWdudW5pdCU1QyUyMiUzQSU1QiU3QiU1QyUyMnJvdyU1QyUyMiUzQS0xJTJDJTVDJTIycm93X3JhbmdlJTVDJTIyJTNBLTElMkMlNUMlMjJjb2x1bW4lNUMlMjIlM0EtMSUyQyU1QyUyMmNvbHVtbl9yYW5nZSU1QyUyMiUzQS0xJTdEJTVEJTdEJTJDJTVDJTIyc2NvcmUlNUMlMjIlM0EwJTdEJTVEJTIyJTJDJTIybWF0Y2hlcyUyMiUzQSU1QiU1RCUyQyUyMnRyYW5zbGF0ZWRCeSUyMiUzQSU3QiUyMnR5cGUlMjIlM0ElMjJ1c2VyX2FpJTIyJTJDJTIyaWQlMjIlM0ElMjJtdWx0aS0yNTAxLWxpdGUtbm90aGluayUyMiUyQyUyMnJlYXNvbiUyMiUzQSUyMiUyMiU3RCUyQyUyMmFkYXB0ZWRNYXRjaGVzJTIyJTNBJTdCJTIydGVybXMlMjIlM0ElNUIlNUQlMkMlMjJtZW1zJTIyJTNBJTVCJTVEJTdEJTJDJTIybWV0YURhdGElMjIlM0ElNUIlNUQlMkMlMjJiS1Rlcm1EYXRhJTIyJTNBJTVCJTVEJTJDJTIydGV4dCUyMiUzQSUyMkRlcGxveWVkJTIwYXQlMjB0aGUlMjBzY2VuaWMlMjBKaXV4aSUyMFdldGxhbmQlMjBQYXJrJTJDJTIwdGhpcyUyMHByb2plY3QlMjByZWRlZmluZXMlMjBmbG9vZCUyMHByb3RlY3Rpb24lMjBieSUyMGNvbWJpbmluZyUyMGVzc2VudGlhbCUyMGRlZmVuc2UlMjB3aXRoJTIwYXJjaGl0ZWN0dXJhbCUyMGVsZWdhbmNlLiUyMiU3RCUyQyU3QiUyMmlkJTIyJTNBJTIyUGxXQnc1VjlPSyUyMiUyQyUyMnBhcmFJZHglMjIlM0EwJTJDJTIyc3JjJTIyJTNBJTIyJTIwVGhlJTIwY29yZSUyMG9mJTIwdGhlJTIwc3lzdGVtJTIwaXMlMjBhJTIwc2VyaWVzJTIwb2YlMjBwcmVjaXNlbHklMjBlbmdpbmVlcmVkJTIwdmVydGljYWwlMjBwb3N0cyUyQyUyMHdoaWNoJTIwcHJvdmlkZSUyMHRoZSUyMHN0cnVjdHVyYWwlMjBmcmFtZXdvcmslMjBmb3IlMjBoaWdoLXN0cmVuZ3RoJTIwZ2xhc3MlMjBwYW5lbHMuJTIyJTJDJTIyZHN0JTIyJTNBJTIyJUU3JUIzJUJCJUU3JUJCJTlGJUU2JUEwJUI4JUU1JUJGJTgzJUU0JUI4JUJBJUU0JUI4JTgwJUU3JUIzJUJCJUU1JTg4JTk3JUU3JUIyJUJFJUU1JUFGJTg2JUU4JUFFJUJFJUU4JUFFJUExJUU3JTlBJTg0JUU1JTlFJTgyJUU3JTlCJUI0JUU3JUFCJThCJUU2JTlGJUIxJUVGJUJDJThDJUU0JUI4JUJBJUU5JUFCJTk4JUU1JUJDJUJBJUU1JUJBJUE2JUU3JThFJUJCJUU3JTkyJTgzJUU2JTlEJUJGJUU2JThGJTkwJUU0JUJFJTlCJUU3JUJCJTkzJUU2JTlFJTg0JUU2JTk0JUFGJUU2JTkyJTkxJUU2JUExJTg2JUU2JTlFJUI2JUUzJTgwJTgyJTIyJTJDJTIybWV0YWRhdGElMjIlM0ElMjIlNUIlNUQlMjIlMkMlMjJtYXRjaGVzJTIyJTNBJTVCJTVEJTJDJTIydHJhbnNsYXRlZEJ5JTIyJTNBJTdCJTIydHlwZSUyMiUzQSUyMnVzZXJfYWklMjIlMkMlMjJpZCUyMiUzQSUyMm11bHRpLTI1MDEtbGl0ZS1ub3RoaW5rJTIyJTJDJTIycmVhc29uJTIyJTNBJTIyJTIyJTdEJTJDJTIyYWRhcHRlZE1hdGNoZXMlMjIlM0ElN0IlMjJ0ZXJtcyUyMiUzQSU1QiU1RCUyQyUyMm1lbXMlMjIlM0ElNUIlNUQlN0QlMkMlMjJtZXRhRGF0YSUyMiUzQSU1QiU1RCUyQyUyMmJLVGVybURhdGElMjIlM0ElNUIlNUQlMkMlMjJ0ZXh0JTIyJTNBJTIyJTIwVGhlJTIwY29yZSUyMG9mJTIwdGhlJTIwc3lzdGVtJTIwaXMlMjBhJTIwc2VyaWVzJTIwb2YlMjBwcmVjaXNlbHklMjBlbmdpbmVlcmVkJTIwdmVydGljYWwlMjBwb3N0cyUyQyUyMHdoaWNoJTIwcHJvdmlkZSUyMHRoZSUyMHN0cnVjdHVyYWwlMjBmcmFtZXdvcmslMjBmb3IlMjBoaWdoLXN0cmVuZ3RoJTIwZ2xhc3MlMjBwYW5lbHMuJTIyJTdEJTVEJTdEJTJDJTdCJTIydHlwZSUyMiUzQSUyMnBhcmFncmFwaCUyMiUyQyUyMmNoaWxkcmVuJTIyJTNBJTVCJTdCJTIyaWQlMjIlM0ElMjJQbFdCdzVWOU9LJTIyJTJDJTIycGFyYUlkeCUyMiUzQTElMkMlMjJzcmMlMjIlM0ElMjIlMjIlMkMlMjJkc3QlMjIlM0ElMjIlMjIlMkMlMjJtZXRhZGF0YSUyMiUzQSUyMiU1QiU1RCUyMiUyQyUyMm1hdGNoZXMlMjIlM0ElNUIlNUQlMkMlMjJ0cmFuc2xhdGVkQnklMjIlM0ElN0IlMjJ0eXBlJTIyJTNBJTIycnVsZSUyMiUyQyUyMmlkJTIyJTNBJTIybm9fY2hhcl90b190cmFuc2xhdGUlMjIlMkMlMjJyZWFzb24lMjIlM0ElMjIlMjIlN0QlMkMlMjJhZGFwdGVkTWF0Y2hlcyUyMiUzQSU3QiUyMnRlcm1zJTIyJTNBJTVCJTVEJTJDJTIybWVtcyUyMiUzQSU1QiU1RCU3RCUyQyUyMm1ldGFEYXRhJTIyJTNBJTVCJTVEJTJDJTIyYktUZXJtRGF0YSUyMiUzQSU1QiU1RCUyQyUyMnRleHQlMjIlM0ElMjIlMjIlN0QlNUQlN0QlMkMlN0IlMjJ0eXBlJTIyJTNBJTIycGFyYWdyYXBoJTIyJTJDJTIyY2hpbGRyZW4lMjIlM0ElNUIlN0IlMjJpZCUyMiUzQSUyMlBsV0J3NVY5T0slMjIlMkMlMjJwYXJhSWR4JTIyJTNBMiUyQyUyMnNyYyUyMiUzQSUyMlRvZ2V0aGVyJTJDJTIwdGhlc2UlMjBjb21wb25lbnRzJTIwZm9ybSUyMGElMjByb2J1c3QlMjBiYXJyaWVyJTIwdGhhdCUyMGVmZmVjdGl2ZWx5JTIwc2hpZWxkcyUyMHRoZSUyMHB1YmxpYyUyMHBhcmslMjBmcm9tJTIwd2F0ZXIlMjB0aHJlYXRzJTIwd2hpbGUlMjBwcmVzZXJ2aW5nJTIwaXRzJTIwbmF0dXJhbCUyMGJlYXV0eSUyMGFuZCUyMHZpc2l0b3IlMjBzaWdodGxpbmVzLiUyMiUyQyUyMmRzdCUyMiUzQSUyMiVFOCVCRiU5OSVFNCVCQSU5QiVFNyVCQiU4NCVFNCVCQiVCNiVFNSU4NSVCMSVFNSU5MCU4QyVFNiU5RSU4NCVFNiU4OCU5MCVFNCVCQSU4NiVFNCVCOCU4MCVFOSU4MSU5MyVFNSU5RCU5QSVFNSU5QiVCQSVFNyU5QSU4NCVFNSVCMSU4RiVFOSU5QSU5QyVFRiVCQyU4QyVFNiU5NyVBMiVFOCU4MyVCRCVFNiU5QyU4OSVFNiU5NSU4OCVFNiU4QSVCNSVFNSVCRSVBMSVFNiVCMCVCNCVFNiU4MiVBMyVFNSVBOCU4MSVFOCU4MyU4MSVFRiVCQyU4QyVFNSU4RiU4OCVFOCU4MyVCRCVFNCVCRiU5RCVFNiU4QyU4MSVFNSU4NSVBQyVFNSU5QiVBRCVFNyU5QSU4NCVFOCU4NyVBQSVFNyU4NCVCNiVFOSVBMyU4RSVFOCVCMiU4QyVFNSU5MiU4QyVFNiVCOCVCOCVFNSVBRSVBMiVFNyU5QSU4NCVFOCVBNyU4MiVFOCVCNSU4RiVFOCVBNyU4NiVFOSU4NyU4RSVFMyU4MCU4MiUyMiUyQyUyMm1ldGFkYXRhJTIyJTNBJTIyJTVCJTVEJTIyJTJDJTIybWF0Y2hlcyUyMiUzQSU1QiU1RCUyQyUyMnRyYW5zbGF0ZWRCeSUyMiUzQSU3QiUyMnR5cGUlMjIlM0ElMjJ1c2VyX2FpJTIyJTJDJTIyaWQlMjIlM0ElMjJtdWx0aS0yNTAxLWxpdGUtbm90aGluayUyMiUyQyUyMnJlYXNvbiUyMiUzQSUyMiUyMiU3RCUyQyUyMmFkYXB0ZWRNYXRjaGVzJTIyJTNBJTdCJTIydGVybXMlMjIlM0ElNUIlNUQlMkMlMjJtZW1zJTIyJTNBJTVCJTVEJTdEJTJDJTIybWV0YURhdGElMjIlM0ElNUIlNUQlMkMlMjJiS1Rlcm1EYXRhJTIyJTNBJTVCJTVEJTJDJTIydGV4dCUyMiUzQSUyMlRvZ2V0aGVyJTJDJTIwdGhlc2UlMjBjb21wb25lbnRzJTIwZm9ybSUyMGElMjByb2J1c3QlMjBiYXJyaWVyJTIwdGhhdCUyMGVmZmVjdGl2ZWx5JTIwc2hpZWxkcyUyMHRoZSUyMHB1YmxpYyUyMHBhcmslMjBmcm9tJTIwd2F0ZXIlMjB0aHJlYXRzJTIwd2hpbGUlMjBwcmVzZXJ2aW5nJTIwaXRzJTIwbmF0dXJhbCUyMGJlYXV0eSUyMGFuZCUyMHZpc2l0b3IlMjBzaWdodGxpbmVzLiUyMiU3RCUyQyU3QiUyMmlkJTIyJTNBJTIyUGxXQnc1VjlPSyUyMiUyQyUyMnBhcmFJZHglMjIlM0EyJTJDJTIyc3JjJTIyJTNBJTIyJTIwVGhpcyUyMGlubm92YXRpdmUlMjBzb2x1dGlvbiUyMGRlbW9uc3RyYXRlcyUyMHRoYXQlMjBjcml0aWNhbCUyMGluZnJhc3RydWN0dXJlJTIwY2FuJTIwZW5oYW5jZSUyQyUyMHJhdGhlciUyMHRoYW4lMjBpbnRydWRlJTIwdXBvbiUyQyUyMGNoZXJpc2hlZCUyMGxhbmRzY2FwZXMlMkMlMjBzZXR0aW5nJTIwYSUyMG5ldyUyMHN0YW5kYXJkJTIwZm9yJTIwcHJvdGVjdGl2ZSUyMGRlc2lnbiUyMGluJTIwZW52aXJvbm1lbnRhbGx5JTIwc2Vuc2l0aXZlJTIwYW5kJTIwcHVibGljJTIwYXJlYXMuJTIyJTJDJTIyZHN0JTIyJTNBJTIyJUU4JUJGJTk5JUU0JUI4JTgwJUU1JTg4JTlCJUU2JTk2JUIwJUU2JTk2JUI5JUU2JUExJTg4JUU4JUFGJTgxJUU2JTk4JThFJUVGJUJDJThDJUU1JTg1JUIzJUU5JTk0JUFFJUU1JTlGJUJBJUU3JUExJTgwJUU4JUFFJUJFJUU2JTk2JUJEJUU4JTgzJUJEJUU1JUE0JTlGJUU0JUI4JUJBJUU3JThGJThEJUU4JUI0JUI1JUU2JTk5JUFGJUU4JUE3JTgyJUU1JUEyJTlFJUU4JTg5JUIyJUU4JTgwJThDJUU5JTlEJTlFJUU3JUEwJUI0JUU1JTlEJThGJUVGJUJDJThDJUU0JUI4JUJBJUU3JTk0JTlGJUU2JTgwJTgxJUU2JTk1JThGJUU2JTg0JTlGJUU1JThDJUJBJUU1JTlGJTlGJUU1JTkyJThDJUU1JTg1JUFDJUU1JTg1JUIxJUU3JUE5JUJBJUU5JTk3JUI0JUU3JTlBJTg0JUU5JTk4JUIyJUU2JThBJUE0JUU4JUFFJUJFJUU4JUFFJUExJUU2JUEwJTkxJUU3JUFCJThCJUU0JUJBJTg2JUU2JTk2JUIwJUU2JUEwJTg3JUU2JTlEJTg2JUUzJTgwJTgyJTIyJTJDJTIybWV0YWRhdGElMjIlM0ElMjIlNUIlN0IlNUMlMjJlbnRyeSU1QyUyMiUzQSU3QiU1QyUyMmlkJTVDJTIyJTNBJTVDJTIyNjYzNzEyMDY0YjkyMTllODRiZTcxNWZkJTVDJTIyJTJDJTVDJTIyc291cmNlJTVDJTIyJTNBJTVDJTIyTmV3JTIwc3RhbmRhcmRzJTVDJTIyJTJDJTVDJTIydGFyZ2V0JTVDJTIyJTNBJTVDJTIyJUU2JTk2JUIwJUU1JTg3JTg2JUU1JTg4JTk5JTVDJTIyJTdEJTJDJTVDJTIyYWxpZ24lNUMlMjIlM0ElN0IlNUMlMjJ3aWR0aCU1QyUyMiUzQTIyMCUyQyU1QyUyMmhlaWdodCU1QyUyMiUzQTEzJTJDJTVDJTIyYWxpZ251bml0JTVDJTIyJTNBJTVCJTdCJTVDJTIycm93JTVDJTIyJTNBMCUyQyU1QyUyMnJvd19yYW5nZSU1QyUyMiUzQTEzJTJDJTVDJTIyY29sdW1uJTVDJTIyJTNBMTM5JTJDJTVDJTIyY29sdW1uX3JhbmdlJTVDJTIyJTNBMTIlN0QlNUQlN0QlMkMlNUMlMjJ0cmFuc19hbGlnbiU1QyUyMiUzQSU3QiU1QyUyMndpZHRoJTVDJTIyJTNBNTMlMkMlNUMlMjJoZWlnaHQlNUMlMjIlM0EzJTJDJTVDJTIyYWxpZ251bml0JTVDJTIyJTNBJTVCJTdCJTVDJTIycm93JTVDJTIyJTNBLTElMkMlNUMlMjJyb3dfcmFuZ2UlNUMlMjIlM0EtMSUyQyU1QyUyMmNvbHVtbiU1QyUyMiUzQS0xJTJDJTVDJTIyY29sdW1uX3JhbmdlJTVDJTIyJTNBLTElN0QlNUQlN0QlMkMlNUMlMjJzY29yZSU1QyUyMiUzQTAlN0QlNUQlMjIlMkMlMjJtYXRjaGVzJTIyJTNBJTVCJTVEJTJDJTIydHJhbnNsYXRlZEJ5JTIyJTNBJTdCJTIydHlwZSUyMiUzQSUyMnVzZXJfYWklMjIlMkMlMjJpZCUyMiUzQSUyMm11bHRpLTI1MDEtbGl0ZS1ub3RoaW5rJTIyJTJDJTIycmVhc29uJTIyJTNBJTIyJTIyJTdEJTJDJTIyYWRhcHRlZE1hdGNoZXMlMjIlM0ElN0IlMjJ0ZXJtcyUyMiUzQSU1QiU1RCUyQyUyMm1lbXMlMjIlM0ElNUIlNUQlN0QlMkMlMjJtZXRhRGF0YSUyMiUzQSU1QiU1RCUyQyUyMmJLVGVybURhdGElMjIlM0ElNUIlNUQlMkMlMjJ0ZXh0JTIyJTNBJTIyJTIwVGhpcyUyMGlubm92YXRpdmUlMjBzb2x1dGlvbiUyMGRlbW9uc3RyYXRlcyUyMHRoYXQlMjBjcml0aWNhbCUyMGluZnJhc3RydWN0dXJlJTIwY2FuJTIwZW5oYW5jZSUyQyUyMHJhdGhlciUyMHRoYW4lMjBpbnRydWRlJTIwdXBvbiUyQyUyMGNoZXJpc2hlZCUyMGxhbmRzY2FwZXMlMkMlMjBzZXR0aW5nJTIwYSUyMG5ldyUyMHN0YW5kYXJkJTIwZm9yJTIwcHJvdGVjdGl2ZSUyMGRlc2lnbiUyMGluJTIwZW52aXJvbm1lbnRhbGx5JTIwc2Vuc2l0aXZlJTIwYW5kJTIwcHVibGljJTIwYXJlYXMuJTIyJTdEJTVEJTdEJTVE\"><span data-slate-node=\"text\"><span class=\"hover-sent\" data-slate-leaf=\"true\" data-sent-id=\"PlWBw5V9OK\" data-para-id=\"2\">En conjunto, estos componentes forman una barrera robusta que protege eficazmente el parque p\u00fablico de las amenazas del agua, preservando al mismo tiempo su belleza natural y las vistas para los visitantes.<\/span><\/span><span data-slate-node=\"text\"><span class=\"hover-sent\" data-slate-leaf=\"true\" data-sent-id=\"PlWBw5V9OK\" data-para-id=\"2\"> Esta soluci\u00f3n innovadora demuestra que las infraestructuras cr\u00edticas pueden realzar, en lugar de invadir, paisajes preciados, estableciendo un nuevo est\u00e1ndar para el dise\u00f1o de protecci\u00f3n en \u00e1reas p\u00fablicas y ambientalmente sensibles.<\/span><\/span><\/div>\t\t\t\t\t\t\t\t<\/div>\n\t\t\t\t<\/div>\n\t\t<div class=\"elementor-element elementor-element-bbc3b68 e-con-full e-flex e-con e-child\" data-id=\"bbc3b68\" data-element_type=\"container\">\n\t\t\t\t<div class=\"elementor-element elementor-element-5efd27c elementor-arrows-position-inside elementor-pagination-position-outside elementor-widget elementor-widget-image-carousel\" data-id=\"5efd27c\" data-element_type=\"widget\" data-settings=\"{&quot;slides_to_show&quot;:&quot;1&quot;,&quot;navigation&quot;:&quot;both&quot;,&quot;autoplay&quot;:&quot;yes&quot;,&quot;pause_on_hover&quot;:&quot;yes&quot;,&quot;pause_on_interaction&quot;:&quot;yes&quot;,&quot;autoplay_speed&quot;:5000,&quot;infinite&quot;:&quot;yes&quot;,&quot;effect&quot;:&quot;slide&quot;,&quot;speed&quot;:500}\" data-widget_type=\"image-carousel.default\">\n\t\t\t\t\t\t\t<div class=\"elementor-image-carousel-wrapper swiper\" role=\"region\" aria-roledescription=\"carousel\" aria-label=\"\u56fe\u50cf\u8f6e\u64ad\" dir=\"ltr\">\n\t\t\t<div class=\"elementor-image-carousel swiper-wrapper\" aria-live=\"off\">\n\t\t\t\t\t\t\t\t<div class=\"swiper-slide\" role=\"group\" aria-roledescription=\"slide\" aria-label=\"1 van 2\" data-no-translation-aria-label=\"\"><figure class=\"swiper-slide-inner\"><img decoding=\"async\" class=\"swiper-slide-image\" src=\"https:\/\/fb.railmk.com\/\/wp-content\/uploads\/photo\/project_8_1.jpg\" alt=\"project 8 1\" \/><\/figure><\/div><div class=\"swiper-slide\" role=\"group\" aria-roledescription=\"slide\" aria-label=\"2 van 2\" data-no-translation-aria-label=\"\"><figure class=\"swiper-slide-inner\"><img decoding=\"async\" class=\"swiper-slide-image\" src=\"https:\/\/fb.railmk.com\/\/wp-content\/uploads\/photo\/project_8_2.jpg\" alt=\"project 8 2\" \/><\/figure><\/div>\t\t\t<\/div>\n\t\t\t\t\t\t\t\t\t\t\t\t<div class=\"elementor-swiper-button elementor-swiper-button-prev\" role=\"button\" tabindex=\"0\">\n\t\t\t\t\t\t<svg aria-hidden=\"true\" class=\"e-font-icon-svg e-eicon-chevron-left\" viewbox=\"0 0 1000 1000\" xmlns=\"http:\/\/www.w3.org\/2000\/svg\"><path d=\"M646 125C629 125 613 133 604 142L308 442C296 454 292 471 292 487 292 504 296 521 308 533L604 854C617 867 629 875 646 875 663 875 679 871 692 858 704 846 713 829 713 812 713 796 708 779 692 767L438 487 692 225C700 217 708 204 708 187 708 171 704 154 692 142 675 129 663 125 646 125Z\"><\/path><\/svg>\t\t\t\t\t<\/div>\n\t\t\t\t\t<div class=\"elementor-swiper-button elementor-swiper-button-next\" role=\"button\" tabindex=\"0\">\n\t\t\t\t\t\t<svg aria-hidden=\"true\" class=\"e-font-icon-svg e-eicon-chevron-right\" viewbox=\"0 0 1000 1000\" xmlns=\"http:\/\/www.w3.org\/2000\/svg\"><path d=\"M696 533C708 521 713 504 713 487 713 471 708 454 696 446L400 146C388 133 375 125 354 125 338 125 325 129 313 142 300 154 292 171 292 187 292 204 296 221 308 233L563 492 304 771C292 783 288 800 288 817 288 833 296 850 308 863 321 871 338 875 354 875 371 875 388 867 400 854L696 533Z\"><\/path><\/svg>\t\t\t\t\t<\/div>\n\t\t\t\t\n\t\t\t\t\t\t\t\t\t<div class=\"swiper-pagination\"><\/div>\n\t\t\t\t\t\t\t\t\t<\/div>\n\t\t\t\t\t\t<\/div>\n\t\t\t\t<\/div>\n\t\t\t\t\t<\/div>\n\t\t\t\t<\/div>\n\t\t\t\t<\/div>","protected":false},"excerpt":{"rendered":"<p>Return West Lake Jiuxi Wetland Park, Hangzhou Deployed at the scenic Jiuxi Wetland Park, this project redefines flood protection by [&hellip;]<\/p>","protected":false},"author":1,"featured_media":0,"parent":4103,"menu_order":0,"comment_status":"closed","ping_status":"closed","template":"","meta":{"site-sidebar-layout":"no-sidebar","site-content-layout":"","ast-site-content-layout":"full-width-container","site-content-style":"default","site-sidebar-style":"default","ast-global-header-display":"","ast-banner-title-visibility":"","ast-main-header-display":"","ast-hfb-above-header-display":"","ast-hfb-below-header-display":"","ast-hfb-mobile-header-display":"","site-post-title":"disabled","ast-breadcrumbs-content":"","ast-featured-img":"disabled","footer-sml-layout":"","theme-transparent-header-meta":"","adv-header-id-meta":"","stick-header-meta":"","header-above-stick-meta":"","header-main-stick-meta":"","header-below-stick-meta":"","astra-migrate-meta-layouts":"default","ast-page-background-enabled":"default","ast-page-background-meta":{"desktop":{"background-color":"var(--ast-global-color-4)","background-image":"","background-repeat":"repeat","background-position":"center center","background-size":"auto","background-attachment":"scroll","background-type":"","background-media":"","overlay-type":"","overlay-color":"","overlay-opacity":"","overlay-gradient":""},"tablet":{"background-color":"","background-image":"","background-repeat":"repeat","background-position":"center center","background-size":"auto","background-attachment":"scroll","background-type":"","background-media":"","overlay-type":"","overlay-color":"","overlay-opacity":"","overlay-gradient":""},"mobile":{"background-color":"","background-image":"","background-repeat":"repeat","background-position":"center center","background-size":"auto","background-attachment":"scroll","background-type":"","background-media":"","overlay-type":"","overlay-color":"","overlay-opacity":"","overlay-gradient":""}},"ast-content-background-meta":{"desktop":{"background-color":"var(--ast-global-color-5)","background-image":"","background-repeat":"repeat","background-position":"center center","background-size":"auto","background-attachment":"scroll","background-type":"","background-media":"","overlay-type":"","overlay-color":"","overlay-opacity":"","overlay-gradient":""},"tablet":{"background-color":"var(--ast-global-color-5)","background-image":"","background-repeat":"repeat","background-position":"center center","background-size":"auto","background-attachment":"scroll","background-type":"","background-media":"","overlay-type":"","overlay-color":"","overlay-opacity":"","overlay-gradient":""},"mobile":{"background-color":"var(--ast-global-color-5)","background-image":"","background-repeat":"repeat","background-position":"center center","background-size":"auto","background-attachment":"scroll","background-type":"","background-media":"","overlay-type":"","overlay-color":"","overlay-opacity":"","overlay-gradient":""}},"footnotes":""},"class_list":["post-4759","page","type-page","status-publish","hentry"],"_links":{"self":[{"href":"https:\/\/fb.railmk.com\/es\/wp-json\/wp\/v2\/pages\/4759","targetHints":{"allow":["GET"]}}],"collection":[{"href":"https:\/\/fb.railmk.com\/es\/wp-json\/wp\/v2\/pages"}],"about":[{"href":"https:\/\/fb.railmk.com\/es\/wp-json\/wp\/v2\/types\/page"}],"author":[{"embeddable":true,"href":"https:\/\/fb.railmk.com\/es\/wp-json\/wp\/v2\/users\/1"}],"replies":[{"embeddable":true,"href":"https:\/\/fb.railmk.com\/es\/wp-json\/wp\/v2\/comments?post=4759"}],"version-history":[{"count":7,"href":"https:\/\/fb.railmk.com\/es\/wp-json\/wp\/v2\/pages\/4759\/revisions"}],"predecessor-version":[{"id":4769,"href":"https:\/\/fb.railmk.com\/es\/wp-json\/wp\/v2\/pages\/4759\/revisions\/4769"}],"up":[{"embeddable":true,"href":"https:\/\/fb.railmk.com\/es\/wp-json\/wp\/v2\/pages\/4103"}],"wp:attachment":[{"href":"https:\/\/fb.railmk.com\/es\/wp-json\/wp\/v2\/media?parent=4759"}],"curies":[{"name":"wp","href":"https:\/\/api.w.org\/{rel}","templated":true}]}}