{"id":3,"date":"2025-09-17T08:41:51","date_gmt":"2025-09-17T00:41:51","guid":{"rendered":"http:\/\/fb.railmk.com\/?page_id=3"},"modified":"2025-10-15T08:53:31","modified_gmt":"2025-10-15T00:53:31","slug":"privacy-policy","status":"publish","type":"page","link":"https:\/\/fb.railmk.com\/es\/privacy-policy\/","title":{"rendered":"pol\u00edtica de privacidad"},"content":{"rendered":"<div data-elementor-type=\"wp-page\" data-elementor-id=\"3\" class=\"elementor elementor-3\" data-elementor-post-type=\"page\">\n\t\t\t\t<div class=\"elementor-element elementor-element-c11741c e-flex e-con-boxed e-con e-parent\" data-id=\"c11741c\" data-element_type=\"container\" data-settings=\"{&quot;background_background&quot;:&quot;classic&quot;}\">\n\t\t\t\t\t<div class=\"e-con-inner\">\n\t\t\t\t<div class=\"elementor-element elementor-element-0a97757 elementor-widget elementor-widget-heading\" data-id=\"0a97757\" data-element_type=\"widget\" data-widget_type=\"heading.default\">\n\t\t\t\t\t<h2 class=\"elementor-heading-title elementor-size-default\">pol\u00edtica de privacidad<\/h2>\t\t\t\t<\/div>\n\t\t\t\t<div class=\"elementor-element elementor-element-94e27a9 elementor-widget elementor-widget-text-editor\" data-id=\"94e27a9\" data-element_type=\"widget\" data-widget_type=\"text-editor.default\">\n\t\t\t\t\t\t\t\t\t<p><strong>\u3010<a href=\"https:\/\/fb.railmk.com\/es\/\">fb.railmk.com<\/a>\u3011 Pol\u00edtica de privacidad<\/strong><\/p>\t\t\t\t\t\t\t\t<\/div>\n\t\t\t\t<div class=\"elementor-element elementor-element-8a65eaa elementor-widget elementor-widget-text-editor\" data-id=\"8a65eaa\" data-element_type=\"widget\" data-widget_type=\"text-editor.default\">\n\t\t\t\t\t\t\t\t\t<p><strong>\u00daltima actualizaci\u00f3n: \u301014 de octubre de 2025\u3011<\/strong><\/p>\t\t\t\t\t\t\t\t<\/div>\n\t\t\t\t<div class=\"elementor-element elementor-element-1ee81ca elementor-widget elementor-widget-text-editor\" data-id=\"1ee81ca\" data-element_type=\"widget\" data-widget_type=\"text-editor.default\">\n\t\t\t\t\t\t\t\t\t<p>Bienvenido a \u3010<a href=\"https:\/\/fb.railmk.com\/es\/\">https:\/\/fb.railmk.com\/<\/a>\u3011 (en adelante, &quot;este sitio web&quot;). Nos centramos en ofrecer barreras contra inundaciones personalizadas de alta calidad. Entendemos la importancia de la privacidad y nos comprometemos a gestionar y proteger su informaci\u00f3n personal con transparencia. Esta pol\u00edtica explica c\u00f3mo recopilamos, usamos, divulgamos y protegemos su informaci\u00f3n cuando visita nuestro sitio web, utiliza nuestros servicios o se comunica con nosotros.<\/p>\t\t\t\t\t\t\t\t<\/div>\n\t\t\t\t\t<\/div>\n\t\t\t\t<\/div>\n\t\t<div class=\"elementor-element elementor-element-aee0740 e-flex e-con-boxed e-con e-parent\" data-id=\"aee0740\" data-element_type=\"container\" data-settings=\"{&quot;background_background&quot;:&quot;classic&quot;}\">\n\t\t\t\t\t<div class=\"e-con-inner\">\n\t\t<div class=\"elementor-element elementor-element-64a14bb e-con-full e-flex e-con e-child\" data-id=\"64a14bb\" data-element_type=\"container\">\n\t\t\t\t<div class=\"elementor-element elementor-element-5829800 elementor-widget elementor-widget-heading\" data-id=\"5829800\" data-element_type=\"widget\" data-widget_type=\"heading.default\">\n\t\t\t\t\t<h3 class=\"elementor-heading-title elementor-size-default\">1. Informaci\u00f3n que recopilamos\n<\/h3>\t\t\t\t<\/div>\n\t\t\t\t<div class=\"elementor-element elementor-element-28fff94 elementor-widget elementor-widget-text-editor\" data-id=\"28fff94\" data-element_type=\"widget\" data-widget_type=\"text-editor.default\">\n\t\t\t\t\t\t\t\t\t<p>La informaci\u00f3n que recopilamos tiene como objetivo brindarle mejor productos y servicios, y principalmente incluye:<\/p>\n<ul>\n<li style=\"list-style-type: none;\">\n<ul>\n<li class=\"ds-markdown-paragraph\"><strong>Informaci\u00f3n que usted proporciona directamente:<\/strong>\n<ul>\n<li>\n<p class=\"ds-markdown-paragraph\"><strong>Informaci\u00f3n del contacto:<\/strong>\u00a0Como su nombre, nombre de su empresa, direcci\u00f3n de correo electr\u00f3nico, n\u00famero de tel\u00e9fono, pa\u00eds\/regi\u00f3n.<\/p>\n<\/li>\n<li>\n<p class=\"ds-markdown-paragraph\"><strong>Informaci\u00f3n de negocios y proyectos:<\/strong>\u00a0Como los requisitos de su proyecto, las dimensiones de la barrera contra inundaciones requerida, las preferencias de materiales, el presupuesto, la direcci\u00f3n del proyecto, etc., se utilizan para brindar soluciones y cotizaciones personalizadas.<\/p>\n<\/li>\n<li>\n<p class=\"ds-markdown-paragraph\"><strong>Informaci\u00f3n del pedido:<\/strong>\u00a0Como la direcci\u00f3n de facturaci\u00f3n y la direcci\u00f3n de env\u00edo. Tenga en cuenta que la informaci\u00f3n de pago (por ejemplo, los n\u00fameros de tarjeta de cr\u00e9dito) es procesada directamente por procesadores de pago externos (como PayPal y Stripe), y no almacenamos dicha informaci\u00f3n confidencial.<\/p>\n<\/li>\n<\/ul>\n<\/li>\n<li>\n<p class=\"ds-markdown-paragraph\"><strong>Informaci\u00f3n recopilada autom\u00e1ticamente:<\/strong><\/p>\n<ul>\n<li>\n<p class=\"ds-markdown-paragraph\">Cuando navega por el sitio web, recopilamos autom\u00e1ticamente informaci\u00f3n a trav\u00e9s de cookies y tecnolog\u00edas similares, como su direcci\u00f3n IP, tipo de navegador, sistema operativo, tiempos de acceso, p\u00e1ginas visitadas y direcciones de sitios web de referencia.<\/p>\n<\/li>\n<\/ul>\n<\/li>\n<li>\n<p class=\"ds-markdown-paragraph\"><strong>Informaci\u00f3n de terceros:<\/strong><\/p>\n<ul>\n<li>\n<p class=\"ds-markdown-paragraph\">Obtenemos datos an\u00f3nimos sobre el uso del sitio web mediante herramientas de an\u00e1lisis como Google Analytics para ayudarnos a mejorar el sitio web.<\/p>\n<\/li>\n<li>\n<p class=\"ds-markdown-paragraph\">Obtenemos datos an\u00f3nimos sobre el rendimiento de campa\u00f1as publicitarias de plataformas publicitarias como Google Ads.<\/p>\n<\/li>\n<\/ul>\n<\/li>\n<\/ul>\n<\/li>\n<\/ul>\t\t\t\t\t\t\t\t<\/div>\n\t\t\t\t<\/div>\n\t\t<div class=\"elementor-element elementor-element-d98a8dd e-con-full e-flex e-con e-child\" data-id=\"d98a8dd\" data-element_type=\"container\">\n\t\t\t\t<div class=\"elementor-element elementor-element-24cfc1c elementor-widget elementor-widget-heading\" data-id=\"24cfc1c\" data-element_type=\"widget\" data-widget_type=\"heading.default\">\n\t\t\t\t\t<h3 class=\"elementor-heading-title elementor-size-default\">2. C\u00f3mo usamos su informaci\u00f3n<\/h3>\t\t\t\t<\/div>\n\t\t\t\t<div class=\"elementor-element elementor-element-137aa8a elementor-widget elementor-widget-text-editor\" data-id=\"137aa8a\" data-element_type=\"widget\" data-widget_type=\"text-editor.default\">\n\t\t\t\t\t\t\t\t\t<p>Utilizamos su informaci\u00f3n para los siguientes fines:<\/p>\n<ul>\n<li>\n<p class=\"ds-markdown-paragraph\">Para procesar sus consultas y solicitudes, y responder a sus preguntas sobre productos, personalizaci\u00f3n y precios.<\/p>\n<\/li>\n<li>\n<p class=\"ds-markdown-paragraph\">Para brindarle y personalizar servicios, preparar soluciones t\u00e9cnicas, dibujos y cotizaciones.<\/p>\n<\/li>\n<li>\n<p class=\"ds-markdown-paragraph\">Para procesar sus pedidos, organizar la producci\u00f3n, la log\u00edstica y la entrega.<\/p>\n<\/li>\n<li>\n<p class=\"ds-markdown-paragraph\">Para mejorar y optimizar nuestro sitio web, analizando el comportamiento del usuario para mejorar la experiencia del usuario.<\/p>\n<\/li>\n<li>\n<p class=\"ds-markdown-paragraph\">Para actividades de marketing y publicidad, lo que incluye mostrarle anuncios relevantes en plataformas como Google Ads (remarketing) y enviarle informaci\u00f3n sobre productos que podr\u00edan interesarle (sujeto a su consentimiento).<\/p>\n<\/li>\n<li>\n<p class=\"ds-markdown-paragraph\">Para cumplir con las obligaciones legales y garantizar la seguridad, cumpliendo con las leyes y regulaciones aplicables y protegiendo nuestro sitio web y nuestro negocio contra el fraude.<\/p>\n<\/li>\n<\/ul>\t\t\t\t\t\t\t\t<\/div>\n\t\t\t\t<\/div>\n\t\t<div class=\"elementor-element elementor-element-321d4eb e-con-full e-flex e-con e-child\" data-id=\"321d4eb\" data-element_type=\"container\">\n\t\t\t\t<div class=\"elementor-element elementor-element-31f6797 elementor-widget elementor-widget-heading\" data-id=\"31f6797\" data-element_type=\"widget\" data-widget_type=\"heading.default\">\n\t\t\t\t\t<h3 class=\"elementor-heading-title elementor-size-default\">3. Cookies y tecnolog\u00edas de seguimiento<\/h3>\t\t\t\t<\/div>\n\t\t\t\t<div class=\"elementor-element elementor-element-8841091 elementor-widget elementor-widget-text-editor\" data-id=\"8841091\" data-element_type=\"widget\" data-widget_type=\"text-editor.default\">\n\t\t\t\t\t\t\t\t\t<p class=\"ds-markdown-paragraph\">Nuestro sitio web utiliza cookies (peque\u00f1os archivos de texto) para mejorar su experiencia de navegaci\u00f3n.<\/p>\n<ul>\n<li>\n<p class=\"ds-markdown-paragraph\"><strong>Cookies esenciales:<\/strong>\u00a0Necesario para las funciones b\u00e1sicas del sitio web.<\/p>\n<\/li>\n<li>\n<p class=\"ds-markdown-paragraph\"><strong>Cookies de rendimiento:<\/strong>\u00a0Las cookies, como las de Google Analytics, nos ayudan a comprender c\u00f3mo los visitantes utilizan el sitio web.<\/p>\n<\/li>\n<li>\n<p class=\"ds-markdown-paragraph\"><strong>Cookies publicitarias:<\/strong>\u00a0Establecido por servicios como Google Ads, se utiliza para rastrear clics en anuncios y para remarketing.<\/p>\n<\/li>\n<\/ul>\n<p class=\"ds-markdown-paragraph\">Puede administrar o rechazar las cookies a trav\u00e9s de la configuraci\u00f3n de su navegador. En su primera visita, le solicitaremos su consentimiento para las cookies no esenciales mediante una ventana emergente. Deshabilitar ciertas cookies puede afectar la funcionalidad completa del sitio web.<\/p>\t\t\t\t\t\t\t\t<\/div>\n\t\t\t\t<\/div>\n\t\t<div class=\"elementor-element elementor-element-60e7437 e-con-full e-flex e-con e-child\" data-id=\"60e7437\" data-element_type=\"container\">\n\t\t\t\t<div class=\"elementor-element elementor-element-d7a4c1d elementor-widget elementor-widget-heading\" data-id=\"d7a4c1d\" data-element_type=\"widget\" data-widget_type=\"heading.default\">\n\t\t\t\t\t<h3 class=\"elementor-heading-title elementor-size-default\">4. C\u00f3mo compartimos su informaci\u00f3n<\/h3>\t\t\t\t<\/div>\n\t\t\t\t<div class=\"elementor-element elementor-element-c04682e elementor-widget elementor-widget-text-editor\" data-id=\"c04682e\" data-element_type=\"widget\" data-widget_type=\"text-editor.default\">\n\t\t\t\t\t\t\t\t\t<p class=\"ds-markdown-paragraph\">Nunca venderemos su informaci\u00f3n personal. Solo compartimos informaci\u00f3n con terceros en las siguientes circunstancias:<\/p>\n<ul>\n<li>\n<p class=\"ds-markdown-paragraph\"><strong>Proveedores de servicios:<\/strong>\u00a0Con terceros de confianza que nos prestan servicios, como alojamiento web, servicios de correo electr\u00f3nico, an\u00e1lisis de datos, procesadores de pagos y empresas de log\u00edstica. Estos terceros solo pueden procesar datos seg\u00fan nuestras instrucciones.<\/p>\n<\/li>\n<li>\n<p class=\"ds-markdown-paragraph\"><strong>Requisitos legales:<\/strong>\u00a0Para cumplir con obligaciones legales, regulaciones o responder a procesos legales v\u00e1lidos.<\/p>\n<\/li>\n<li>\n<p class=\"ds-markdown-paragraph\"><strong>Transferencias de Negocios:<\/strong>\u00a0En caso de una fusi\u00f3n, adquisici\u00f3n o venta de activos, su informaci\u00f3n puede ser transferida como parte de la transacci\u00f3n.<\/p>\n<\/li>\n<\/ul>\t\t\t\t\t\t\t\t<\/div>\n\t\t\t\t<\/div>\n\t\t<div class=\"elementor-element elementor-element-584d724 e-con-full e-flex e-con e-child\" data-id=\"584d724\" data-element_type=\"container\">\n\t\t\t\t<div class=\"elementor-element elementor-element-1cbe40f elementor-widget elementor-widget-heading\" data-id=\"1cbe40f\" data-element_type=\"widget\" data-widget_type=\"heading.default\">\n\t\t\t\t\t<h3 class=\"elementor-heading-title elementor-size-default\">5. Transferencias internacionales de datos<\/h3>\t\t\t\t<\/div>\n\t\t\t\t<div class=\"elementor-element elementor-element-2f0b0ed elementor-widget elementor-widget-text-editor\" data-id=\"2f0b0ed\" data-element_type=\"widget\" data-widget_type=\"text-editor.default\">\n\t\t\t\t\t\t\t\t\t<p>Nuestra empresa est\u00e1 ubicada en China. Esto significa que su informaci\u00f3n podr\u00eda procesarse fuera de su pa\u00eds o regi\u00f3n. Tomaremos todas las medidas razonables para garantizar que sus datos se gestionen de forma segura durante la transferencia y de acuerdo con los requisitos de esta pol\u00edtica.<\/p>\t\t\t\t\t\t\t\t<\/div>\n\t\t\t\t<\/div>\n\t\t<div class=\"elementor-element elementor-element-c78e566 e-con-full e-flex e-con e-child\" data-id=\"c78e566\" data-element_type=\"container\">\n\t\t\t\t<div class=\"elementor-element elementor-element-220dd13 elementor-widget elementor-widget-heading\" data-id=\"220dd13\" data-element_type=\"widget\" data-widget_type=\"heading.default\">\n\t\t\t\t\t<h3 class=\"elementor-heading-title elementor-size-default\">6. Retenci\u00f3n de datos<\/h3>\t\t\t\t<\/div>\n\t\t\t\t<div class=\"elementor-element elementor-element-f1a4d02 elementor-widget elementor-widget-text-editor\" data-id=\"f1a4d02\" data-element_type=\"widget\" data-widget_type=\"text-editor.default\">\n\t\t\t\t\t\t\t\t\t<p>Conservamos su informaci\u00f3n personal \u00fanicamente durante el tiempo necesario para cumplir con los fines descritos en esta pol\u00edtica, o durante periodos m\u00e1s largos si as\u00ed lo exige la ley (por ejemplo, para fines fiscales o contables). Por ejemplo, la informaci\u00f3n de consultas puede conservarse durante varios a\u00f1os para el seguimiento comercial, mientras que la informaci\u00f3n de pedidos se conservar\u00e1 durante el periodo legalmente establecido.<\/p>\t\t\t\t\t\t\t\t<\/div>\n\t\t\t\t<\/div>\n\t\t<div class=\"elementor-element elementor-element-c49f714 e-con-full e-flex e-con e-child\" data-id=\"c49f714\" data-element_type=\"container\">\n\t\t\t\t<div class=\"elementor-element elementor-element-9565948 elementor-widget elementor-widget-heading\" data-id=\"9565948\" data-element_type=\"widget\" data-widget_type=\"heading.default\">\n\t\t\t\t\t<h3 class=\"elementor-heading-title elementor-size-default\">7. Sus derechos<\/h3>\t\t\t\t<\/div>\n\t\t\t\t<div class=\"elementor-element elementor-element-8b5b9bb elementor-widget elementor-widget-text-editor\" data-id=\"8b5b9bb\" data-element_type=\"widget\" data-widget_type=\"text-editor.default\">\n\t\t\t\t\t\t\t\t\t<p class=\"ds-markdown-paragraph\">Dependiendo de las leyes de su ubicaci\u00f3n (como el RGPD en la UE o la CCPA en California), puede tener los siguientes derechos:<\/p>\n<ul>\n<li>\n<p class=\"ds-markdown-paragraph\"><strong>Acceso y correcci\u00f3n:<\/strong>\u00a0Solicitar acceso a la informaci\u00f3n personal que tenemos sobre usted y corregir cualquier inexactitud.<\/p>\n<\/li>\n<li>\n<p class=\"ds-markdown-paragraph\"><strong>Supresi\u00f3n:<\/strong>\u00a0Solicitar la eliminaci\u00f3n de su informaci\u00f3n personal.<\/p>\n<\/li>\n<li>\n<p class=\"ds-markdown-paragraph\"><strong>Restricci\u00f3n del procesamiento:<\/strong>\u00a0Solicitar que restrinjamos el procesamiento de su informaci\u00f3n.<\/p>\n<\/li>\n<li>\n<p class=\"ds-markdown-paragraph\"><strong>Portabilidad de datos:<\/strong>\u00a0Reciba la informaci\u00f3n que le proporcionamos en un formato estructurado y de uso com\u00fan.<\/p>\n<\/li>\n<li>\n<p class=\"ds-markdown-paragraph\"><strong>Objeto de Marketing:<\/strong>\u00a0Puede oponerse al uso de su informaci\u00f3n para fines de marketing directo en cualquier momento.<\/p>\n<\/li>\n<li>\n<p class=\"ds-markdown-paragraph\"><strong>Retirar el consentimiento:<\/strong>\u00a0Retirar cualquier consentimiento que haya otorgado previamente para el procesamiento de su informaci\u00f3n personal.<\/p>\n<\/li>\n<\/ul>\n<p class=\"ds-markdown-paragraph\">Para ejercer cualquiera de estos derechos, cont\u00e1ctenos utilizando los detalles proporcionados en la Secci\u00f3n 9.<\/p>\t\t\t\t\t\t\t\t<\/div>\n\t\t\t\t<\/div>\n\t\t<div class=\"elementor-element elementor-element-5a9aa41 e-con-full e-flex e-con e-child\" data-id=\"5a9aa41\" data-element_type=\"container\">\n\t\t\t\t<div class=\"elementor-element elementor-element-7592e78 elementor-widget elementor-widget-heading\" data-id=\"7592e78\" data-element_type=\"widget\" data-widget_type=\"heading.default\">\n\t\t\t\t\t<h3 class=\"elementor-heading-title elementor-size-default\">8. Privacidad de los ni\u00f1os<\/h3>\t\t\t\t<\/div>\n\t\t\t\t<div class=\"elementor-element elementor-element-7de496a elementor-widget elementor-widget-text-editor\" data-id=\"7de496a\" data-element_type=\"widget\" data-widget_type=\"text-editor.default\">\n\t\t\t\t\t\t\t\t\t<p>Nuestro sitio web no est\u00e1 dirigido a ni\u00f1os menores de 13 a\u00f1os. No recopilamos intencionalmente informaci\u00f3n personal de ni\u00f1os.<\/p>\t\t\t\t\t\t\t\t<\/div>\n\t\t\t\t<\/div>\n\t\t<div class=\"elementor-element elementor-element-056393d e-con-full e-flex e-con e-child\" data-id=\"056393d\" data-element_type=\"container\">\n\t\t\t\t<div class=\"elementor-element elementor-element-7feb628 elementor-widget elementor-widget-heading\" data-id=\"7feb628\" data-element_type=\"widget\" data-widget_type=\"heading.default\">\n\t\t\t\t\t<h3 class=\"elementor-heading-title elementor-size-default\">9. Cont\u00e1ctenos<\/h3>\t\t\t\t<\/div>\n\t\t\t\t<div class=\"elementor-element elementor-element-eee8e92 elementor-widget elementor-widget-text-editor\" data-id=\"eee8e92\" data-element_type=\"widget\" data-widget_type=\"text-editor.default\">\n\t\t\t\t\t\t\t\t\t<p class=\"ds-markdown-paragraph\">Si tiene alguna pregunta, comentario o solicitud con respecto a esta Pol\u00edtica de privacidad, su informaci\u00f3n personal o sus derechos, no dude en contactarnos:<\/p><ul><li><p class=\"ds-markdown-paragraph\"><strong>Correo electr\u00f3nico:<\/strong>\u00a0\u3010info@zxjtgc.com\u3011<\/p><\/li><li><p class=\"ds-markdown-paragraph\"><strong>Tel\u00e9fono:<\/strong>\u00a0\u3010+86 17367286921\u3011<\/p><\/li><li class=\"ds-markdown-paragraph\"><strong>Direcci\u00f3n de envio:\u00a0 \u00a0 <\/strong><ul><li>A la atenci\u00f3n del Sr. Ming<\/li><li>Compa\u00f1\u00eda Industrial Zhenxuan, Ltd.<\/li><li>No. 577 Fuqiang Road, distrito de Yinzhou<\/li><li>Ningbo, Zhejiang 315000<\/li><li>\u00a0Porcelana<\/li><\/ul><\/li><\/ul>\t\t\t\t\t\t\t\t<\/div>\n\t\t\t\t<\/div>\n\t\t<div class=\"elementor-element elementor-element-ce04a48 e-con-full e-flex e-con e-child\" data-id=\"ce04a48\" data-element_type=\"container\">\n\t\t\t\t<div class=\"elementor-element elementor-element-4e6de6e elementor-widget elementor-widget-heading\" data-id=\"4e6de6e\" data-element_type=\"widget\" data-widget_type=\"heading.default\">\n\t\t\t\t\t<h3 class=\"elementor-heading-title elementor-size-default\">10. Actualizaciones de pol\u00edticas<\/h3>\t\t\t\t<\/div>\n\t\t\t\t<div class=\"elementor-element elementor-element-1c345d3 elementor-widget elementor-widget-text-editor\" data-id=\"1c345d3\" data-element_type=\"widget\" data-widget_type=\"text-editor.default\">\n\t\t\t\t\t\t\t\t\t<p>Podemos actualizar esta Pol\u00edtica de Privacidad peri\u00f3dicamente. Cualquier cambio se publicar\u00e1 en esta p\u00e1gina con la versi\u00f3n actualizada y se revisar\u00e1 la fecha de &quot;\u00daltima actualizaci\u00f3n&quot; en la parte superior. Consulte esta p\u00e1gina peri\u00f3dicamente para saber c\u00f3mo protegemos su informaci\u00f3n.<\/p>\t\t\t\t\t\t\t\t<\/div>\n\t\t\t\t<\/div>\n\t\t\t\t\t<\/div>\n\t\t\t\t<\/div>\n\t\t\t\t<\/div>","protected":false},"excerpt":{"rendered":"<p>Privacy Policy \u3010fb.railmk.com\u3011\u00a0Privacy Policy Last Updated: \u3010October 14, 2025\u3011 Welcome to \u3010https:\/\/fb.railmk.com\/\u3011 (hereinafter referred to as &#8220;this Website&#8221;). We focus [&hellip;]<\/p>","protected":false},"author":1,"featured_media":0,"parent":0,"menu_order":0,"comment_status":"closed","ping_status":"open","template":"","meta":{"site-sidebar-layout":"default","site-content-layout":"","ast-site-content-layout":"default","site-content-style":"default","site-sidebar-style":"default","ast-global-header-display":"","ast-banner-title-visibility":"","ast-main-header-display":"","ast-hfb-above-header-display":"","ast-hfb-below-header-display":"","ast-hfb-mobile-header-display":"","site-post-title":"disabled","ast-breadcrumbs-content":"","ast-featured-img":"","footer-sml-layout":"","theme-transparent-header-meta":"","adv-header-id-meta":"","stick-header-meta":"","header-above-stick-meta":"","header-main-stick-meta":"","header-below-stick-meta":"","astra-migrate-meta-layouts":"default","ast-page-background-enabled":"default","ast-page-background-meta":{"desktop":{"background-color":"var(--ast-global-color-4)","background-image":"","background-repeat":"repeat","background-position":"center center","background-size":"auto","background-attachment":"scroll","background-type":"","background-media":"","overlay-type":"","overlay-color":"","overlay-opacity":"","overlay-gradient":""},"tablet":{"background-color":"","background-image":"","background-repeat":"repeat","background-position":"center center","background-size":"auto","background-attachment":"scroll","background-type":"","background-media":"","overlay-type":"","overlay-color":"","overlay-opacity":"","overlay-gradient":""},"mobile":{"background-color":"","background-image":"","background-repeat":"repeat","background-position":"center center","background-size":"auto","background-attachment":"scroll","background-type":"","background-media":"","overlay-type":"","overlay-color":"","overlay-opacity":"","overlay-gradient":""}},"ast-content-background-meta":{"desktop":{"background-color":"var(--ast-global-color-5)","background-image":"","background-repeat":"repeat","background-position":"center center","background-size":"auto","background-attachment":"scroll","background-type":"","background-media":"","overlay-type":"","overlay-color":"","overlay-opacity":"","overlay-gradient":""},"tablet":{"background-color":"var(--ast-global-color-5)","background-image":"","background-repeat":"repeat","background-position":"center center","background-size":"auto","background-attachment":"scroll","background-type":"","background-media":"","overlay-type":"","overlay-color":"","overlay-opacity":"","overlay-gradient":""},"mobile":{"background-color":"var(--ast-global-color-5)","background-image":"","background-repeat":"repeat","background-position":"center center","background-size":"auto","background-attachment":"scroll","background-type":"","background-media":"","overlay-type":"","overlay-color":"","overlay-opacity":"","overlay-gradient":""}},"footnotes":""},"class_list":["post-3","page","type-page","status-publish","hentry"],"_links":{"self":[{"href":"https:\/\/fb.railmk.com\/es\/wp-json\/wp\/v2\/pages\/3","targetHints":{"allow":["GET"]}}],"collection":[{"href":"https:\/\/fb.railmk.com\/es\/wp-json\/wp\/v2\/pages"}],"about":[{"href":"https:\/\/fb.railmk.com\/es\/wp-json\/wp\/v2\/types\/page"}],"author":[{"embeddable":true,"href":"https:\/\/fb.railmk.com\/es\/wp-json\/wp\/v2\/users\/1"}],"replies":[{"embeddable":true,"href":"https:\/\/fb.railmk.com\/es\/wp-json\/wp\/v2\/comments?post=3"}],"version-history":[{"count":19,"href":"https:\/\/fb.railmk.com\/es\/wp-json\/wp\/v2\/pages\/3\/revisions"}],"predecessor-version":[{"id":4097,"href":"https:\/\/fb.railmk.com\/es\/wp-json\/wp\/v2\/pages\/3\/revisions\/4097"}],"wp:attachment":[{"href":"https:\/\/fb.railmk.com\/es\/wp-json\/wp\/v2\/media?parent=3"}],"curies":[{"name":"wp","href":"https:\/\/api.w.org\/{rel}","templated":true}]}}