{"id":4841,"date":"2025-11-13T08:29:55","date_gmt":"2025-11-13T00:29:55","guid":{"rendered":"https:\/\/fb.railmk.com\/?page_id=4841"},"modified":"2025-11-13T08:37:24","modified_gmt":"2025-11-13T00:37:24","slug":"cases_12","status":"publish","type":"page","link":"https:\/\/fb.railmk.com\/de\/projects\/cases_12\/","title":{"rendered":"Spezielle F\u00e4lle_12"},"content":{"rendered":"<div data-elementor-type=\"wp-page\" data-elementor-id=\"4841\" class=\"elementor elementor-4841\" data-elementor-post-type=\"page\">\n\t\t\t\t<div class=\"elementor-element elementor-element-475f449 e-flex e-con-boxed e-con e-parent\" data-id=\"475f449\" data-element_type=\"container\">\n\t\t\t\t\t<div class=\"e-con-inner\">\n\t\t\t\t<div class=\"elementor-element elementor-element-af1891d elementor-widget elementor-widget-button\" data-id=\"af1891d\" data-element_type=\"widget\" data-widget_type=\"button.default\">\n\t\t\t\t\t\t\t\t\t\t<a class=\"elementor-button elementor-button-link elementor-size-sm\" href=\"\/de\/projects\/\">\n\t\t\t\t\t\t<span class=\"elementor-button-content-wrapper\">\n\t\t\t\t\t\t<span class=\"elementor-button-icon\">\n\t\t\t\t<svg aria-hidden=\"true\" class=\"e-font-icon-svg e-fas-arrow-left\" viewbox=\"0 0 448 512\" xmlns=\"http:\/\/www.w3.org\/2000\/svg\"><path d=\"M257.5 445.1l-22.2 22.2c-9.4 9.4-24.6 9.4-33.9 0L7 273c-9.4-9.4-9.4-24.6 0-33.9L201.4 44.7c9.4-9.4 24.6-9.4 33.9 0l22.2 22.2c9.5 9.5 9.3 25-.4 34.3L136.6 216H424c13.3 0 24 10.7 24 24v32c0 13.3-10.7 24-24 24H136.6l120.5 114.8c9.8 9.3 10 24.8.4 34.3z\"><\/path><\/svg>\t\t\t<\/span>\n\t\t\t\t\t\t\t\t\t<span class=\"elementor-button-text\">R\u00fcckkehr<\/span>\n\t\t\t\t\t<\/span>\n\t\t\t\t\t<\/a>\n\t\t\t\t\t\t\t\t<\/div>\n\t\t\t\t\t<\/div>\n\t\t\t\t<\/div>\n\t\t<div class=\"elementor-element elementor-element-1c07173 e-flex e-con-boxed e-con e-parent\" data-id=\"1c07173\" data-element_type=\"container\" data-settings=\"{&quot;background_background&quot;:&quot;classic&quot;}\">\n\t\t\t\t\t<div class=\"e-con-inner\">\n\t\t<div class=\"elementor-element elementor-element-82aec74 e-con-full e-flex e-con e-child\" data-id=\"82aec74\" data-element_type=\"container\">\n\t\t\t\t<div class=\"elementor-element elementor-element-eee4249 elementor-widget elementor-widget-heading\" data-id=\"eee4249\" data-element_type=\"widget\" data-widget_type=\"heading.default\">\n\t\t\t\t\t<h4 class=\"elementor-heading-title elementor-size-default\">Hochwasserschutz f\u00fcr Eing\u00e4nge der Pekinger U-Bahn-Stationen<\/h4>\t\t\t\t<\/div>\n\t\t\t\t<div class=\"elementor-element elementor-element-5b26c8f elementor-widget elementor-widget-text-editor\" data-id=\"5b26c8f\" data-element_type=\"widget\" data-widget_type=\"text-editor.default\">\n\t\t\t\t\t\t\t\t\t<p class=\"ds-markdown-paragraph\">Dieses Projekt umfasste die Entwicklung und Installation ma\u00dfgeschneiderter Hochwasserschutzsysteme f\u00fcr mehrere U-Bahn-Stationseing\u00e4nge in Peking. Die L\u00f6sung wurde so konzipiert, dass sie strenge Leistungsstandards erf\u00fcllt und gleichzeitig den unterschiedlichen Eingangsgr\u00f6\u00dfen gerecht wird.<\/p><p class=\"ds-markdown-paragraph\"><strong>Technische Spezifikationen<\/strong><\/p><ul><li><p class=\"ds-markdown-paragraph\"><strong>Material:<\/strong>\u00a0Aluminiumlegierung 6063-T5<\/p><ul><li><p class=\"ds-markdown-paragraph\">Zugfestigkeit: \u2265160 MPa<\/p><\/li><li><p class=\"ds-markdown-paragraph\">Streckgrenze: \u2265110 MPa<\/p><\/li><li><p class=\"ds-markdown-paragraph\">H\u00e4rte: \u22658,5 HW<\/p><\/li><li><p class=\"ds-markdown-paragraph\">Verl\u00e4ngerung: \u22658%<\/p><\/li><\/ul><\/li><li><p class=\"ds-markdown-paragraph\"><strong>Herstellungsprozess:<\/strong>\u00a0Hei\u00dfschmelz-Extrusionsformung<\/p><\/li><li><p class=\"ds-markdown-paragraph\"><strong>Schallwand:<\/strong><\/p><ul><li><p class=\"ds-markdown-paragraph\">Dicke: \u226540 mm<\/p><\/li><li><p class=\"ds-markdown-paragraph\">Wandst\u00e4rke: \u22652 mm<\/p><\/li><li><p class=\"ds-markdown-paragraph\">H\u00f6he eines einzelnen Paneels: 20 cm<\/p><\/li><\/ul><\/li><li><p class=\"ds-markdown-paragraph\"><strong>Abdichtung:<\/strong>\u00a0Gummidichtung (entspricht GB\/T24498-2009)<\/p><\/li><li><p class=\"ds-markdown-paragraph\"><strong>Beitr\u00e4ge:<\/strong><\/p><ul><li><p class=\"ds-markdown-paragraph\">Dicke: \u226590 mm<\/p><\/li><li><p class=\"ds-markdown-paragraph\">Breite: \u226560 mm<\/p><\/li><li><p class=\"ds-markdown-paragraph\">Wandst\u00e4rke: \u22654 mm<\/p><\/li><\/ul><\/li><li><p class=\"ds-markdown-paragraph\"><strong>Typische \u00d6ffnungsma\u00dfe:<\/strong>\u00a02,8 m breit \u00d7 1,0 m hoch<\/p><\/li><li><p class=\"ds-markdown-paragraph\"><strong>Gesamtmenge:<\/strong> 1000 Einheiten<\/p><\/li><\/ul><p class=\"ds-markdown-paragraph\">Das Hochwasserschutzsystem bietet einen zuverl\u00e4ssigen, standardisierten Schutz f\u00fcr das U-Bahn-Netz von Peking und kombiniert strenge Materialeigenschaften mit einer anpassungsf\u00e4higen Konstruktion, um den besonderen Herausforderungen des Schutzes st\u00e4dtischer Infrastruktur des \u00f6ffentlichen Nahverkehrs gerecht zu werden.<\/p>\t\t\t\t\t\t\t\t<\/div>\n\t\t\t\t<\/div>\n\t\t<div class=\"elementor-element elementor-element-f726885 e-con-full e-flex e-con e-child\" data-id=\"f726885\" data-element_type=\"container\">\n\t\t\t\t<div class=\"elementor-element elementor-element-ba305a3 elementor-arrows-position-inside elementor-pagination-position-outside elementor-widget elementor-widget-image-carousel\" data-id=\"ba305a3\" data-element_type=\"widget\" data-settings=\"{&quot;slides_to_show&quot;:&quot;1&quot;,&quot;navigation&quot;:&quot;both&quot;,&quot;autoplay&quot;:&quot;yes&quot;,&quot;pause_on_hover&quot;:&quot;yes&quot;,&quot;pause_on_interaction&quot;:&quot;yes&quot;,&quot;autoplay_speed&quot;:5000,&quot;infinite&quot;:&quot;yes&quot;,&quot;effect&quot;:&quot;slide&quot;,&quot;speed&quot;:500}\" data-widget_type=\"image-carousel.default\">\n\t\t\t\t\t\t\t<div class=\"elementor-image-carousel-wrapper swiper\" role=\"region\" aria-roledescription=\"carousel\" aria-label=\"\u56fe\u50cf\u8f6e\u64ad\" dir=\"ltr\">\n\t\t\t<div class=\"elementor-image-carousel swiper-wrapper\" aria-live=\"off\">\n\t\t\t\t\t\t\t\t<div class=\"swiper-slide\" role=\"group\" aria-roledescription=\"slide\" aria-label=\"1 van 2\" data-no-translation-aria-label=\"\"><figure class=\"swiper-slide-inner\"><img decoding=\"async\" class=\"swiper-slide-image\" src=\"https:\/\/fb.railmk.com\/\/wp-content\/uploads\/photo\/project_12_2.jpg\" alt=\"project 12 2\" \/><\/figure><\/div><div class=\"swiper-slide\" role=\"group\" aria-roledescription=\"slide\" aria-label=\"2 van 2\" data-no-translation-aria-label=\"\"><figure class=\"swiper-slide-inner\"><img decoding=\"async\" class=\"swiper-slide-image\" src=\"https:\/\/fb.railmk.com\/\/wp-content\/uploads\/photo\/project_12_1.jpg\" alt=\"project 12 1\" \/><\/figure><\/div>\t\t\t<\/div>\n\t\t\t\t\t\t\t\t\t\t\t\t<div class=\"elementor-swiper-button elementor-swiper-button-prev\" role=\"button\" tabindex=\"0\">\n\t\t\t\t\t\t<svg aria-hidden=\"true\" class=\"e-font-icon-svg e-eicon-chevron-left\" viewbox=\"0 0 1000 1000\" xmlns=\"http:\/\/www.w3.org\/2000\/svg\"><path d=\"M646 125C629 125 613 133 604 142L308 442C296 454 292 471 292 487 292 504 296 521 308 533L604 854C617 867 629 875 646 875 663 875 679 871 692 858 704 846 713 829 713 812 713 796 708 779 692 767L438 487 692 225C700 217 708 204 708 187 708 171 704 154 692 142 675 129 663 125 646 125Z\"><\/path><\/svg>\t\t\t\t\t<\/div>\n\t\t\t\t\t<div class=\"elementor-swiper-button elementor-swiper-button-next\" role=\"button\" tabindex=\"0\">\n\t\t\t\t\t\t<svg aria-hidden=\"true\" class=\"e-font-icon-svg e-eicon-chevron-right\" viewbox=\"0 0 1000 1000\" xmlns=\"http:\/\/www.w3.org\/2000\/svg\"><path d=\"M696 533C708 521 713 504 713 487 713 471 708 454 696 446L400 146C388 133 375 125 354 125 338 125 325 129 313 142 300 154 292 171 292 187 292 204 296 221 308 233L563 492 304 771C292 783 288 800 288 817 288 833 296 850 308 863 321 871 338 875 354 875 371 875 388 867 400 854L696 533Z\"><\/path><\/svg>\t\t\t\t\t<\/div>\n\t\t\t\t\n\t\t\t\t\t\t\t\t\t<div class=\"swiper-pagination\"><\/div>\n\t\t\t\t\t\t\t\t\t<\/div>\n\t\t\t\t\t\t<\/div>\n\t\t\t\t<\/div>\n\t\t\t\t\t<\/div>\n\t\t\t\t<\/div>\n\t\t\t\t<\/div>","protected":false},"excerpt":{"rendered":"<p>Return Flood Protection for Beijing Subway Station Entrances This project involved the design and installation of customized flood barrier systems [&hellip;]<\/p>","protected":false},"author":1,"featured_media":0,"parent":4103,"menu_order":0,"comment_status":"closed","ping_status":"closed","template":"","meta":{"site-sidebar-layout":"no-sidebar","site-content-layout":"","ast-site-content-layout":"full-width-container","site-content-style":"default","site-sidebar-style":"default","ast-global-header-display":"","ast-banner-title-visibility":"","ast-main-header-display":"","ast-hfb-above-header-display":"","ast-hfb-below-header-display":"","ast-hfb-mobile-header-display":"","site-post-title":"disabled","ast-breadcrumbs-content":"","ast-featured-img":"disabled","footer-sml-layout":"","theme-transparent-header-meta":"","adv-header-id-meta":"","stick-header-meta":"","header-above-stick-meta":"","header-main-stick-meta":"","header-below-stick-meta":"","astra-migrate-meta-layouts":"default","ast-page-background-enabled":"default","ast-page-background-meta":{"desktop":{"background-color":"var(--ast-global-color-4)","background-image":"","background-repeat":"repeat","background-position":"center center","background-size":"auto","background-attachment":"scroll","background-type":"","background-media":"","overlay-type":"","overlay-color":"","overlay-opacity":"","overlay-gradient":""},"tablet":{"background-color":"","background-image":"","background-repeat":"repeat","background-position":"center center","background-size":"auto","background-attachment":"scroll","background-type":"","background-media":"","overlay-type":"","overlay-color":"","overlay-opacity":"","overlay-gradient":""},"mobile":{"background-color":"","background-image":"","background-repeat":"repeat","background-position":"center center","background-size":"auto","background-attachment":"scroll","background-type":"","background-media":"","overlay-type":"","overlay-color":"","overlay-opacity":"","overlay-gradient":""}},"ast-content-background-meta":{"desktop":{"background-color":"var(--ast-global-color-5)","background-image":"","background-repeat":"repeat","background-position":"center center","background-size":"auto","background-attachment":"scroll","background-type":"","background-media":"","overlay-type":"","overlay-color":"","overlay-opacity":"","overlay-gradient":""},"tablet":{"background-color":"var(--ast-global-color-5)","background-image":"","background-repeat":"repeat","background-position":"center center","background-size":"auto","background-attachment":"scroll","background-type":"","background-media":"","overlay-type":"","overlay-color":"","overlay-opacity":"","overlay-gradient":""},"mobile":{"background-color":"var(--ast-global-color-5)","background-image":"","background-repeat":"repeat","background-position":"center center","background-size":"auto","background-attachment":"scroll","background-type":"","background-media":"","overlay-type":"","overlay-color":"","overlay-opacity":"","overlay-gradient":""}},"footnotes":""},"class_list":["post-4841","page","type-page","status-publish","hentry"],"_links":{"self":[{"href":"https:\/\/fb.railmk.com\/de\/wp-json\/wp\/v2\/pages\/4841","targetHints":{"allow":["GET"]}}],"collection":[{"href":"https:\/\/fb.railmk.com\/de\/wp-json\/wp\/v2\/pages"}],"about":[{"href":"https:\/\/fb.railmk.com\/de\/wp-json\/wp\/v2\/types\/page"}],"author":[{"embeddable":true,"href":"https:\/\/fb.railmk.com\/de\/wp-json\/wp\/v2\/users\/1"}],"replies":[{"embeddable":true,"href":"https:\/\/fb.railmk.com\/de\/wp-json\/wp\/v2\/comments?post=4841"}],"version-history":[{"count":7,"href":"https:\/\/fb.railmk.com\/de\/wp-json\/wp\/v2\/pages\/4841\/revisions"}],"predecessor-version":[{"id":4852,"href":"https:\/\/fb.railmk.com\/de\/wp-json\/wp\/v2\/pages\/4841\/revisions\/4852"}],"up":[{"embeddable":true,"href":"https:\/\/fb.railmk.com\/de\/wp-json\/wp\/v2\/pages\/4103"}],"wp:attachment":[{"href":"https:\/\/fb.railmk.com\/de\/wp-json\/wp\/v2\/media?parent=4841"}],"curies":[{"name":"wp","href":"https:\/\/api.w.org\/{rel}","templated":true}]}}