{"id":3,"date":"2025-09-17T08:41:51","date_gmt":"2025-09-17T00:41:51","guid":{"rendered":"http:\/\/fb.railmk.com\/?page_id=3"},"modified":"2025-10-15T08:53:31","modified_gmt":"2025-10-15T00:53:31","slug":"privacy-policy","status":"publish","type":"page","link":"https:\/\/fb.railmk.com\/de\/privacy-policy\/","title":{"rendered":"Datenschutzrichtlinie"},"content":{"rendered":"<div data-elementor-type=\"wp-page\" data-elementor-id=\"3\" class=\"elementor elementor-3\" data-elementor-post-type=\"page\">\n\t\t\t\t<div class=\"elementor-element elementor-element-c11741c e-flex e-con-boxed e-con e-parent\" data-id=\"c11741c\" data-element_type=\"container\" data-settings=\"{&quot;background_background&quot;:&quot;classic&quot;}\">\n\t\t\t\t\t<div class=\"e-con-inner\">\n\t\t\t\t<div class=\"elementor-element elementor-element-0a97757 elementor-widget elementor-widget-heading\" data-id=\"0a97757\" data-element_type=\"widget\" data-widget_type=\"heading.default\">\n\t\t\t\t\t<h2 class=\"elementor-heading-title elementor-size-default\">Datenschutzrichtlinie<\/h2>\t\t\t\t<\/div>\n\t\t\t\t<div class=\"elementor-element elementor-element-94e27a9 elementor-widget elementor-widget-text-editor\" data-id=\"94e27a9\" data-element_type=\"widget\" data-widget_type=\"text-editor.default\">\n\t\t\t\t\t\t\t\t\t<p><strong>\u3010<a href=\"https:\/\/fb.railmk.com\/de\/\">fb.railmk.com<\/a>\u3011 Datenschutzrichtlinie<\/strong><\/p>\t\t\t\t\t\t\t\t<\/div>\n\t\t\t\t<div class=\"elementor-element elementor-element-8a65eaa elementor-widget elementor-widget-text-editor\" data-id=\"8a65eaa\" data-element_type=\"widget\" data-widget_type=\"text-editor.default\">\n\t\t\t\t\t\t\t\t\t<p><strong>Zuletzt aktualisiert: \u301014. Oktober 2025\u3011<\/strong><\/p>\t\t\t\t\t\t\t\t<\/div>\n\t\t\t\t<div class=\"elementor-element elementor-element-1ee81ca elementor-widget elementor-widget-text-editor\" data-id=\"1ee81ca\" data-element_type=\"widget\" data-widget_type=\"text-editor.default\">\n\t\t\t\t\t\t\t\t\t<p>Willkommen bei \u3010<a href=\"https:\/\/fb.railmk.com\/de\/\">https:\/\/fb.railmk.com\/<\/a>\u3011 (nachfolgend \u201ediese Website\u201c genannt). Wir konzentrieren uns auf die Bereitstellung hochwertiger, ma\u00dfgeschneiderter Hochwasserschutzprodukte. Wir sind uns der Bedeutung des Datenschutzes bewusst und verpflichten uns, Ihre personenbezogenen Daten transparent zu behandeln und zu sch\u00fctzen. Diese Richtlinie erl\u00e4utert, wie wir Ihre Daten erheben, verwenden, weitergeben und sch\u00fctzen, wenn Sie unsere Website besuchen, unsere Dienste nutzen oder mit uns in Kontakt treten.<\/p>\t\t\t\t\t\t\t\t<\/div>\n\t\t\t\t\t<\/div>\n\t\t\t\t<\/div>\n\t\t<div class=\"elementor-element elementor-element-aee0740 e-flex e-con-boxed e-con e-parent\" data-id=\"aee0740\" data-element_type=\"container\" data-settings=\"{&quot;background_background&quot;:&quot;classic&quot;}\">\n\t\t\t\t\t<div class=\"e-con-inner\">\n\t\t<div class=\"elementor-element elementor-element-64a14bb e-con-full e-flex e-con e-child\" data-id=\"64a14bb\" data-element_type=\"container\">\n\t\t\t\t<div class=\"elementor-element elementor-element-5829800 elementor-widget elementor-widget-heading\" data-id=\"5829800\" data-element_type=\"widget\" data-widget_type=\"heading.default\">\n\t\t\t\t\t<h3 class=\"elementor-heading-title elementor-size-default\">1. Von uns erfasste Informationen\n<\/h3>\t\t\t\t<\/div>\n\t\t\t\t<div class=\"elementor-element elementor-element-28fff94 elementor-widget elementor-widget-text-editor\" data-id=\"28fff94\" data-element_type=\"widget\" data-widget_type=\"text-editor.default\">\n\t\t\t\t\t\t\t\t\t<p>Die von uns gesammelten Informationen dienen dazu, Ihnen bessere Produkte und Dienstleistungen anbieten zu k\u00f6nnen. Dazu geh\u00f6ren vor allem:<\/p>\n<ul>\n<li style=\"list-style-type: none;\">\n<ul>\n<li class=\"ds-markdown-paragraph\"><strong>Von Ihnen direkt bereitgestellte Informationen:<\/strong>\n<ul>\n<li>\n<p class=\"ds-markdown-paragraph\"><strong>Kontaktinformationen:<\/strong>\u00a0Wie beispielsweise Ihr Name, Firmenname, E-Mail-Adresse, Telefonnummer, Land\/Region.<\/p>\n<\/li>\n<li>\n<p class=\"ds-markdown-paragraph\"><strong>Gesch\u00e4fts- und Projektinformationen:<\/strong>\u00a0Wie etwa Ihre Projektanforderungen, die erforderlichen Abmessungen der Hochwasserschutzw\u00e4nde, Materialpr\u00e4ferenzen, Budget, Projektadresse usw., die verwendet werden, um kundenspezifische L\u00f6sungen und Angebote bereitzustellen.<\/p>\n<\/li>\n<li>\n<p class=\"ds-markdown-paragraph\"><strong>Bestellinformationen:<\/strong>\u00a0Wie Rechnungsadresse, Lieferadresse. Bitte beachten Sie, dass Zahlungsinformationen (z. B. Kreditkartennummern) direkt von externen Zahlungsabwicklern (wie PayPal, Stripe) verarbeitet werden und wir solche sensiblen Informationen nicht speichern.<\/p>\n<\/li>\n<\/ul>\n<\/li>\n<li>\n<p class=\"ds-markdown-paragraph\"><strong>Automatisch erfasste Informationen:<\/strong><\/p>\n<ul>\n<li>\n<p class=\"ds-markdown-paragraph\">Wenn Sie auf der Website surfen, erfassen wir mithilfe von Cookies und \u00e4hnlichen Technologien automatisch Informationen wie Ihre IP-Adresse, Ihren Browsertyp, Ihr Betriebssystem, Ihre Zugriffszeiten, die angezeigten Seiten und die Adressen der verweisenden Websites.<\/p>\n<\/li>\n<\/ul>\n<\/li>\n<li>\n<p class=\"ds-markdown-paragraph\"><strong>Informationen von Drittanbietern:<\/strong><\/p>\n<ul>\n<li>\n<p class=\"ds-markdown-paragraph\">Wir erhalten anonyme Daten zur Website-Nutzung von Analysetools wie Google Analytics, die uns bei der Verbesserung der Website helfen.<\/p>\n<\/li>\n<li>\n<p class=\"ds-markdown-paragraph\">Wir erhalten anonyme Leistungsdaten zu Werbekampagnen von Werbeplattformen wie Google Ads.<\/p>\n<\/li>\n<\/ul>\n<\/li>\n<\/ul>\n<\/li>\n<\/ul>\t\t\t\t\t\t\t\t<\/div>\n\t\t\t\t<\/div>\n\t\t<div class=\"elementor-element elementor-element-d98a8dd e-con-full e-flex e-con e-child\" data-id=\"d98a8dd\" data-element_type=\"container\">\n\t\t\t\t<div class=\"elementor-element elementor-element-24cfc1c elementor-widget elementor-widget-heading\" data-id=\"24cfc1c\" data-element_type=\"widget\" data-widget_type=\"heading.default\">\n\t\t\t\t\t<h3 class=\"elementor-heading-title elementor-size-default\">2. Wie wir Ihre Daten verwenden<\/h3>\t\t\t\t<\/div>\n\t\t\t\t<div class=\"elementor-element elementor-element-137aa8a elementor-widget elementor-widget-text-editor\" data-id=\"137aa8a\" data-element_type=\"widget\" data-widget_type=\"text-editor.default\">\n\t\t\t\t\t\t\t\t\t<p>Wir verwenden Ihre Daten f\u00fcr folgende Zwecke:<\/p>\n<ul>\n<li>\n<p class=\"ds-markdown-paragraph\">Um Ihre Anfragen und W\u00fcnsche zu bearbeiten und Ihre Fragen zu Produkten, Anpassungen und Preisen zu beantworten.<\/p>\n<\/li>\n<li>\n<p class=\"ds-markdown-paragraph\">Um Ihnen Dienstleistungen bereitzustellen und anzupassen, erstellen wir technische L\u00f6sungen, Zeichnungen und Angebote.<\/p>\n<\/li>\n<li>\n<p class=\"ds-markdown-paragraph\">Um Ihre Bestellungen abzuwickeln, Produktion, Logistik und Lieferung zu organisieren.<\/p>\n<\/li>\n<li>\n<p class=\"ds-markdown-paragraph\">Um unsere Website zu verbessern und zu optimieren, analysieren wir das Nutzerverhalten, um das Benutzererlebnis zu verbessern.<\/p>\n<\/li>\n<li>\n<p class=\"ds-markdown-paragraph\">F\u00fcr Marketing- und Werbeaktivit\u00e4ten, einschlie\u00dflich der Anzeige relevanter Anzeigen auf Plattformen wie Google Ads (Remarketing) und der Zusendung von Informationen \u00fcber Produkte, die Sie interessieren k\u00f6nnten (vorbehaltlich Ihrer Zustimmung).<\/p>\n<\/li>\n<li>\n<p class=\"ds-markdown-paragraph\">Zur Erf\u00fcllung gesetzlicher Verpflichtungen und Gew\u00e4hrleistung der Sicherheit, zur Einhaltung geltender Gesetze und Vorschriften und zum Schutz unserer Website und unseres Unternehmens vor Betrug.<\/p>\n<\/li>\n<\/ul>\t\t\t\t\t\t\t\t<\/div>\n\t\t\t\t<\/div>\n\t\t<div class=\"elementor-element elementor-element-321d4eb e-con-full e-flex e-con e-child\" data-id=\"321d4eb\" data-element_type=\"container\">\n\t\t\t\t<div class=\"elementor-element elementor-element-31f6797 elementor-widget elementor-widget-heading\" data-id=\"31f6797\" data-element_type=\"widget\" data-widget_type=\"heading.default\">\n\t\t\t\t\t<h3 class=\"elementor-heading-title elementor-size-default\">3. Cookies und Tracking-Technologien<\/h3>\t\t\t\t<\/div>\n\t\t\t\t<div class=\"elementor-element elementor-element-8841091 elementor-widget elementor-widget-text-editor\" data-id=\"8841091\" data-element_type=\"widget\" data-widget_type=\"text-editor.default\">\n\t\t\t\t\t\t\t\t\t<p class=\"ds-markdown-paragraph\">Unsere Website verwendet Cookies (kleine Textdateien), um Ihr Surferlebnis zu verbessern.<\/p>\n<ul>\n<li>\n<p class=\"ds-markdown-paragraph\"><strong>Notwendige Cookies:<\/strong>\u00a0Notwendig f\u00fcr die Grundfunktionen der Webseite.<\/p>\n<\/li>\n<li>\n<p class=\"ds-markdown-paragraph\"><strong>Leistungs-Cookies:<\/strong>\u00a0Beispielsweise helfen uns Cookies von Google Analytics dabei, zu verstehen, wie Besucher die Website nutzen.<\/p>\n<\/li>\n<li>\n<p class=\"ds-markdown-paragraph\"><strong>Werbe-Cookies:<\/strong>\u00a0Wird von Diensten wie Google Ads festgelegt und zum Verfolgen von Anzeigenklicks und f\u00fcr Remarketing verwendet.<\/p>\n<\/li>\n<\/ul>\n<p class=\"ds-markdown-paragraph\">Sie k\u00f6nnen Cookies \u00fcber Ihre Browsereinstellungen verwalten oder ablehnen. Bei Ihrem ersten Besuch werden wir Sie \u00fcber ein Popup um Ihre Zustimmung zu nicht unbedingt notwendigen Cookies bitten. Die Deaktivierung bestimmter Cookies kann die volle Funktionalit\u00e4t der Website beeintr\u00e4chtigen.<\/p>\t\t\t\t\t\t\t\t<\/div>\n\t\t\t\t<\/div>\n\t\t<div class=\"elementor-element elementor-element-60e7437 e-con-full e-flex e-con e-child\" data-id=\"60e7437\" data-element_type=\"container\">\n\t\t\t\t<div class=\"elementor-element elementor-element-d7a4c1d elementor-widget elementor-widget-heading\" data-id=\"d7a4c1d\" data-element_type=\"widget\" data-widget_type=\"heading.default\">\n\t\t\t\t\t<h3 class=\"elementor-heading-title elementor-size-default\">4. Wie wir Ihre Informationen weitergeben<\/h3>\t\t\t\t<\/div>\n\t\t\t\t<div class=\"elementor-element elementor-element-c04682e elementor-widget elementor-widget-text-editor\" data-id=\"c04682e\" data-element_type=\"widget\" data-widget_type=\"text-editor.default\">\n\t\t\t\t\t\t\t\t\t<p class=\"ds-markdown-paragraph\">Wir werden Ihre personenbezogenen Daten niemals verkaufen. Wir geben Informationen nur unter folgenden Umst\u00e4nden an Dritte weiter:<\/p>\n<ul>\n<li>\n<p class=\"ds-markdown-paragraph\"><strong>Dienstanbieter:<\/strong>\u00a0Mit vertrauensw\u00fcrdigen Drittanbietern, die Dienstleistungen f\u00fcr uns erbringen, wie z. B. Website-Hosting, E-Mail-Dienste, Datenanalysedienste, Zahlungsabwickler und Logistikunternehmen. Diese Drittanbieter d\u00fcrfen Daten nur gem\u00e4\u00df unseren Anweisungen verarbeiten.<\/p>\n<\/li>\n<li>\n<p class=\"ds-markdown-paragraph\"><strong>Gesetzliche Anforderungen:<\/strong>\u00a0Um gesetzlichen Verpflichtungen oder Vorschriften nachzukommen oder auf g\u00fcltige Rechtsverfahren zu reagieren.<\/p>\n<\/li>\n<li>\n<p class=\"ds-markdown-paragraph\"><strong>Gesch\u00e4fts\u00fcbertragungen:<\/strong>\u00a0Im Falle einer Fusion, \u00dcbernahme oder Ver\u00e4u\u00dferung von Verm\u00f6genswerten k\u00f6nnen Ihre Daten im Rahmen der Transaktion \u00fcbertragen werden.<\/p>\n<\/li>\n<\/ul>\t\t\t\t\t\t\t\t<\/div>\n\t\t\t\t<\/div>\n\t\t<div class=\"elementor-element elementor-element-584d724 e-con-full e-flex e-con e-child\" data-id=\"584d724\" data-element_type=\"container\">\n\t\t\t\t<div class=\"elementor-element elementor-element-1cbe40f elementor-widget elementor-widget-heading\" data-id=\"1cbe40f\" data-element_type=\"widget\" data-widget_type=\"heading.default\">\n\t\t\t\t\t<h3 class=\"elementor-heading-title elementor-size-default\">5. Internationale Daten\u00fcbertragungen<\/h3>\t\t\t\t<\/div>\n\t\t\t\t<div class=\"elementor-element elementor-element-2f0b0ed elementor-widget elementor-widget-text-editor\" data-id=\"2f0b0ed\" data-element_type=\"widget\" data-widget_type=\"text-editor.default\">\n\t\t\t\t\t\t\t\t\t<p>Unser Unternehmen hat seinen Sitz in China. Das bedeutet, dass Ihre Daten m\u00f6glicherweise au\u00dferhalb Ihres Landes\/Ihrer Region verarbeitet werden. Wir ergreifen alle angemessenen Ma\u00dfnahmen, um sicherzustellen, dass Ihre Daten w\u00e4hrend der \u00dcbertragung sicher und gem\u00e4\u00df den Anforderungen dieser Richtlinie behandelt werden.<\/p>\t\t\t\t\t\t\t\t<\/div>\n\t\t\t\t<\/div>\n\t\t<div class=\"elementor-element elementor-element-c78e566 e-con-full e-flex e-con e-child\" data-id=\"c78e566\" data-element_type=\"container\">\n\t\t\t\t<div class=\"elementor-element elementor-element-220dd13 elementor-widget elementor-widget-heading\" data-id=\"220dd13\" data-element_type=\"widget\" data-widget_type=\"heading.default\">\n\t\t\t\t\t<h3 class=\"elementor-heading-title elementor-size-default\">6. Datenspeicherung<\/h3>\t\t\t\t<\/div>\n\t\t\t\t<div class=\"elementor-element elementor-element-f1a4d02 elementor-widget elementor-widget-text-editor\" data-id=\"f1a4d02\" data-element_type=\"widget\" data-widget_type=\"text-editor.default\">\n\t\t\t\t\t\t\t\t\t<p>Wir speichern Ihre personenbezogenen Daten nur so lange, wie es zur Erf\u00fcllung der in dieser Richtlinie beschriebenen Zwecke erforderlich ist, oder l\u00e4nger, wenn dies gesetzlich vorgeschrieben ist (z. B. f\u00fcr Steuer- oder Buchhaltungszwecke). Beispielsweise k\u00f6nnen Anfragedaten f\u00fcr die Gesch\u00e4ftsabwicklung mehrere Jahre lang gespeichert werden, w\u00e4hrend Bestelldaten f\u00fcr den gesetzlich vorgeschriebenen Zeitraum gespeichert werden.<\/p>\t\t\t\t\t\t\t\t<\/div>\n\t\t\t\t<\/div>\n\t\t<div class=\"elementor-element elementor-element-c49f714 e-con-full e-flex e-con e-child\" data-id=\"c49f714\" data-element_type=\"container\">\n\t\t\t\t<div class=\"elementor-element elementor-element-9565948 elementor-widget elementor-widget-heading\" data-id=\"9565948\" data-element_type=\"widget\" data-widget_type=\"heading.default\">\n\t\t\t\t\t<h3 class=\"elementor-heading-title elementor-size-default\">7. Ihre Rechte<\/h3>\t\t\t\t<\/div>\n\t\t\t\t<div class=\"elementor-element elementor-element-8b5b9bb elementor-widget elementor-widget-text-editor\" data-id=\"8b5b9bb\" data-element_type=\"widget\" data-widget_type=\"text-editor.default\">\n\t\t\t\t\t\t\t\t\t<p class=\"ds-markdown-paragraph\">Abh\u00e4ngig von den Gesetzen Ihres Standorts (wie der DSGVO in der EU oder dem CCPA in Kalifornien) haben Sie m\u00f6glicherweise die folgenden Rechte:<\/p>\n<ul>\n<li>\n<p class=\"ds-markdown-paragraph\"><strong>Zugriff und Korrektur:<\/strong>\u00a0Fordern Sie Zugriff auf die pers\u00f6nlichen Daten an, die wir \u00fcber Sie gespeichert haben, und korrigieren Sie etwaige Ungenauigkeiten.<\/p>\n<\/li>\n<li>\n<p class=\"ds-markdown-paragraph\"><strong>Streichung:<\/strong>\u00a0Fordern Sie die L\u00f6schung Ihrer personenbezogenen Daten an.<\/p>\n<\/li>\n<li>\n<p class=\"ds-markdown-paragraph\"><strong>Einschr\u00e4nkung der Verarbeitung:<\/strong>\u00a0Fordern Sie, dass wir die Verarbeitung Ihrer Daten einschr\u00e4nken.<\/p>\n<\/li>\n<li>\n<p class=\"ds-markdown-paragraph\"><strong>Datenportabilit\u00e4t:<\/strong>\u00a0Erhalten Sie die von Ihnen bereitgestellten Informationen in einem strukturierten, allgemein verwendeten Format.<\/p>\n<\/li>\n<li>\n<p class=\"ds-markdown-paragraph\"><strong>Widerspruch gegen Marketing:<\/strong>\u00a0Sie k\u00f6nnen der Verwendung Ihrer Daten f\u00fcr Direktmarketingzwecke jederzeit widersprechen.<\/p>\n<\/li>\n<li>\n<p class=\"ds-markdown-paragraph\"><strong>Einwilligung widerrufen:<\/strong>\u00a0Widerrufen Sie Ihre zuvor erteilte Einwilligung zur Verarbeitung Ihrer personenbezogenen Daten.<\/p>\n<\/li>\n<\/ul>\n<p class=\"ds-markdown-paragraph\">Um eines dieser Rechte auszu\u00fcben, kontaktieren Sie uns bitte unter den in Abschnitt 9 angegebenen Kontaktdaten.<\/p>\t\t\t\t\t\t\t\t<\/div>\n\t\t\t\t<\/div>\n\t\t<div class=\"elementor-element elementor-element-5a9aa41 e-con-full e-flex e-con e-child\" data-id=\"5a9aa41\" data-element_type=\"container\">\n\t\t\t\t<div class=\"elementor-element elementor-element-7592e78 elementor-widget elementor-widget-heading\" data-id=\"7592e78\" data-element_type=\"widget\" data-widget_type=\"heading.default\">\n\t\t\t\t\t<h3 class=\"elementor-heading-title elementor-size-default\">8. Datenschutz f\u00fcr Kinder<\/h3>\t\t\t\t<\/div>\n\t\t\t\t<div class=\"elementor-element elementor-element-7de496a elementor-widget elementor-widget-text-editor\" data-id=\"7de496a\" data-element_type=\"widget\" data-widget_type=\"text-editor.default\">\n\t\t\t\t\t\t\t\t\t<p>Unsere Website richtet sich nicht an Kinder unter 13 Jahren. Wir erfassen wissentlich keine personenbezogenen Daten von Kindern.<\/p>\t\t\t\t\t\t\t\t<\/div>\n\t\t\t\t<\/div>\n\t\t<div class=\"elementor-element elementor-element-056393d e-con-full e-flex e-con e-child\" data-id=\"056393d\" data-element_type=\"container\">\n\t\t\t\t<div class=\"elementor-element elementor-element-7feb628 elementor-widget elementor-widget-heading\" data-id=\"7feb628\" data-element_type=\"widget\" data-widget_type=\"heading.default\">\n\t\t\t\t\t<h3 class=\"elementor-heading-title elementor-size-default\">9. Kontakt<\/h3>\t\t\t\t<\/div>\n\t\t\t\t<div class=\"elementor-element elementor-element-eee8e92 elementor-widget elementor-widget-text-editor\" data-id=\"eee8e92\" data-element_type=\"widget\" data-widget_type=\"text-editor.default\">\n\t\t\t\t\t\t\t\t\t<p class=\"ds-markdown-paragraph\">Wenn Sie Fragen, Kommentare oder Anfragen zu dieser Datenschutzrichtlinie, Ihren pers\u00f6nlichen Daten oder Ihren Rechten haben, k\u00f6nnen Sie sich gerne an uns wenden:<\/p><ul><li><p class=\"ds-markdown-paragraph\"><strong>E-Mail:<\/strong>\u00a0\u3010info@zxjtgc.com\u3011<\/p><\/li><li><p class=\"ds-markdown-paragraph\"><strong>Telefon:<\/strong>\u00a0\u3010+86 17367286921\u3011<\/p><\/li><li class=\"ds-markdown-paragraph\"><strong>Postanschrift:\u00a0 \u00a0 <\/strong><ul><li>Attn: Herr Ming<\/li><li>Zhenxuan Industrial Co., Ltd.<\/li><li>Nr. 577 Fuqiang Road, Bezirk Yinzhou<\/li><li>Ningbo, Zhejiang 315000<\/li><li>\u00a0China<\/li><\/ul><\/li><\/ul>\t\t\t\t\t\t\t\t<\/div>\n\t\t\t\t<\/div>\n\t\t<div class=\"elementor-element elementor-element-ce04a48 e-con-full e-flex e-con e-child\" data-id=\"ce04a48\" data-element_type=\"container\">\n\t\t\t\t<div class=\"elementor-element elementor-element-4e6de6e elementor-widget elementor-widget-heading\" data-id=\"4e6de6e\" data-element_type=\"widget\" data-widget_type=\"heading.default\">\n\t\t\t\t\t<h3 class=\"elementor-heading-title elementor-size-default\">10. Richtlinienaktualisierungen<\/h3>\t\t\t\t<\/div>\n\t\t\t\t<div class=\"elementor-element elementor-element-1c345d3 elementor-widget elementor-widget-text-editor\" data-id=\"1c345d3\" data-element_type=\"widget\" data-widget_type=\"text-editor.default\">\n\t\t\t\t\t\t\t\t\t<p>Wir behalten uns das Recht vor, diese Datenschutzrichtlinie von Zeit zu Zeit zu aktualisieren. \u00c4nderungen werden auf dieser Seite ver\u00f6ffentlicht, wobei auch das Datum der letzten Aktualisierung oben angezeigt wird. Bitte besuchen Sie diese Seite regelm\u00e4\u00dfig, um zu erfahren, wie wir Ihre Daten sch\u00fctzen.<\/p>\t\t\t\t\t\t\t\t<\/div>\n\t\t\t\t<\/div>\n\t\t\t\t\t<\/div>\n\t\t\t\t<\/div>\n\t\t\t\t<\/div>","protected":false},"excerpt":{"rendered":"<p>Privacy Policy \u3010fb.railmk.com\u3011\u00a0Privacy Policy Last Updated: \u3010October 14, 2025\u3011 Welcome to \u3010https:\/\/fb.railmk.com\/\u3011 (hereinafter referred to as &#8220;this Website&#8221;). We focus [&hellip;]<\/p>","protected":false},"author":1,"featured_media":0,"parent":0,"menu_order":0,"comment_status":"closed","ping_status":"open","template":"","meta":{"site-sidebar-layout":"default","site-content-layout":"","ast-site-content-layout":"default","site-content-style":"default","site-sidebar-style":"default","ast-global-header-display":"","ast-banner-title-visibility":"","ast-main-header-display":"","ast-hfb-above-header-display":"","ast-hfb-below-header-display":"","ast-hfb-mobile-header-display":"","site-post-title":"disabled","ast-breadcrumbs-content":"","ast-featured-img":"","footer-sml-layout":"","theme-transparent-header-meta":"","adv-header-id-meta":"","stick-header-meta":"","header-above-stick-meta":"","header-main-stick-meta":"","header-below-stick-meta":"","astra-migrate-meta-layouts":"default","ast-page-background-enabled":"default","ast-page-background-meta":{"desktop":{"background-color":"var(--ast-global-color-4)","background-image":"","background-repeat":"repeat","background-position":"center center","background-size":"auto","background-attachment":"scroll","background-type":"","background-media":"","overlay-type":"","overlay-color":"","overlay-opacity":"","overlay-gradient":""},"tablet":{"background-color":"","background-image":"","background-repeat":"repeat","background-position":"center center","background-size":"auto","background-attachment":"scroll","background-type":"","background-media":"","overlay-type":"","overlay-color":"","overlay-opacity":"","overlay-gradient":""},"mobile":{"background-color":"","background-image":"","background-repeat":"repeat","background-position":"center center","background-size":"auto","background-attachment":"scroll","background-type":"","background-media":"","overlay-type":"","overlay-color":"","overlay-opacity":"","overlay-gradient":""}},"ast-content-background-meta":{"desktop":{"background-color":"var(--ast-global-color-5)","background-image":"","background-repeat":"repeat","background-position":"center center","background-size":"auto","background-attachment":"scroll","background-type":"","background-media":"","overlay-type":"","overlay-color":"","overlay-opacity":"","overlay-gradient":""},"tablet":{"background-color":"var(--ast-global-color-5)","background-image":"","background-repeat":"repeat","background-position":"center center","background-size":"auto","background-attachment":"scroll","background-type":"","background-media":"","overlay-type":"","overlay-color":"","overlay-opacity":"","overlay-gradient":""},"mobile":{"background-color":"var(--ast-global-color-5)","background-image":"","background-repeat":"repeat","background-position":"center center","background-size":"auto","background-attachment":"scroll","background-type":"","background-media":"","overlay-type":"","overlay-color":"","overlay-opacity":"","overlay-gradient":""}},"footnotes":""},"class_list":["post-3","page","type-page","status-publish","hentry"],"_links":{"self":[{"href":"https:\/\/fb.railmk.com\/de\/wp-json\/wp\/v2\/pages\/3","targetHints":{"allow":["GET"]}}],"collection":[{"href":"https:\/\/fb.railmk.com\/de\/wp-json\/wp\/v2\/pages"}],"about":[{"href":"https:\/\/fb.railmk.com\/de\/wp-json\/wp\/v2\/types\/page"}],"author":[{"embeddable":true,"href":"https:\/\/fb.railmk.com\/de\/wp-json\/wp\/v2\/users\/1"}],"replies":[{"embeddable":true,"href":"https:\/\/fb.railmk.com\/de\/wp-json\/wp\/v2\/comments?post=3"}],"version-history":[{"count":19,"href":"https:\/\/fb.railmk.com\/de\/wp-json\/wp\/v2\/pages\/3\/revisions"}],"predecessor-version":[{"id":4097,"href":"https:\/\/fb.railmk.com\/de\/wp-json\/wp\/v2\/pages\/3\/revisions\/4097"}],"wp:attachment":[{"href":"https:\/\/fb.railmk.com\/de\/wp-json\/wp\/v2\/media?parent=3"}],"curies":[{"name":"wp","href":"https:\/\/api.w.org\/{rel}","templated":true}]}}